{"id":514912,"date":"2025-01-25T23:31:53","date_gmt":"2025-01-25T22:31:53","guid":{"rendered":"https:\/\/printwave.pl\/fr\/produkt\/organic-inspire-zipped-hood\/"},"modified":"2026-02-13T15:25:13","modified_gmt":"2026-02-13T14:25:13","slug":"organic-inspire-zipped-hood","status":"publish","type":"product","link":"https:\/\/printwave.pl\/fr\/produkt\/organic-inspire-zipped-hood\/","title":{"rendered":"Organic Inspire Zipped Hood"},"content":{"rendered":"<p>\u00b7280 g\/m\u00b2<br \/>\n\u00b780% coton (biologique et biologique en conversion, m\u00e9lange certifi\u00e9), 20% polyester (recycl\u00e9, certifi\u00e9 RCS)<br \/>\n\u00b7Heather Grey: 71% coton (biologique et biologique en conversion, m\u00e9lange certifi\u00e9), 25% polyester (recycl\u00e9, certifi\u00e9 RCS), 4% Viscose<br \/>\n\u00b7Super doux au toucher<br \/>\n\u00b7French Terry<br \/>\n\u00b7Surface lisse et uniforme pour des r\u00e9sultats d&rsquo;impression parfaits<br \/>\n\u00b7Capuche doubl\u00e9e en jersey avec cordon de serrage tendance<br \/>\n\u00b7Bande de propret\u00e9 \u00e0 chevrons<br \/>\n\u00b7Panneau demi-lune en jersey simple \u00e0 l&rsquo;arri\u00e8re<br \/>\n\u00b7Optimisation de la surface de d\u00e9coration gr\u00e2ce \u00e0 une poche d&rsquo;acc\u00e8s \u00e0 fermeture \u00e9clair recouverte<br \/>\n\u00b7Poches plaqu\u00e9es<br \/>\n\u00b7Pas d&rsquo;\u00e9tiquette<br \/>\n\u00b7Coutures lat\u00e9rales<br \/>\n\u00b7Unisexe<br \/>\n\u00b7Coupe droite<\/p>\n","protected":false},"excerpt":{"rendered":"<p>\u00b7280 g\/m\u00b2 \u00b780% coton (biologique et biologique en conversion, m\u00e9lange certifi\u00e9), 20% polyester (recycl\u00e9, certifi\u00e9 RCS) \u00b7Heather Grey: 71% coton<\/p>\n","protected":false},"featured_media":514906,"comment_status":"open","ping_status":"closed","template":"","meta":[],"product_brand":[],"product_cat":[154,354,162,60,1862],"product_tag":[],"class_list":{"0":"post-514912","1":"product","2":"type-product","3":"status-publish","4":"has-post-thumbnail","6":"product_cat-all-eco","7":"product_cat-eco-responsable","8":"product_cat-organic","9":"product_cat-recycled","10":"product_cat-sweats-a-capuche","11":"pa_certificats-bsci","12":"pa_certificats-fwf-fair-wear","13":"pa_certificats-ocs-blended-organic","14":"pa_certificats-oeko-tex-standard-100","15":"pa_couleur-asphalt","16":"pa_couleur-black-pure","17":"pa_couleur-heather-grey","18":"pa_couleur-navy","19":"pa_couleur-navy-blue","20":"pa_couleur-off-white","21":"pa_couleur-red","22":"pa_couleur-royal","23":"pa_couleur-sage","24":"pa_couleur-soft-rose","25":"pa_couleur-white","26":"pa_eco-organique","27":"pa_eco-recycle","28":"pa_groupe-de-produits-avec-capuche","29":"pa_groupe-de-produits-molleton","30":"pa_groupe-de-produits-sweatshirts","31":"pa_manche-set-in","32":"pa_marque-bc","33":"pa_numero-de-style-4486","34":"pa_poids-a-partir-de-220-g-m","35":"pa_sexe-hommes","36":"pa_taille-2xl","37":"pa_taille-3xl","38":"pa_taille-l","39":"pa_taille-m","40":"pa_taille-s","41":"pa_taille-xl","42":"pa_taille-xs","43":"pa_tissu-melange-de-tissu","45":"first","46":"instock","47":"taxable","48":"shipping-taxable","49":"purchasable","50":"product-type-variable"},"yoast_head":"<!-- This site is optimized with the Yoast SEO Premium plugin v20.9 (Yoast SEO v26.3) - https:\/\/yoast.com\/wordpress\/plugins\/seo\/ -->\n<title>Organic Inspire Zipped Hood | Printwave FR<\/title>\n<meta name=\"robots\" content=\"index, follow, max-snippet:-1, max-image-preview:large, max-video-preview:-1\" \/>\n<link rel=\"canonical\" href=\"https:\/\/printwave.pl\/fr\/produkt\/organic-inspire-zipped-hood\/\" \/>\n<meta property=\"og:locale\" content=\"fr_FR\" \/>\n<meta property=\"og:type\" content=\"article\" \/>\n<meta property=\"og:title\" content=\"Organic Inspire Zipped Hood\" \/>\n<meta property=\"og:description\" content=\"\u00b7280 g\/m\u00b2 \u00b780% coton (biologique et biologique en conversion, m\u00e9lange certifi\u00e9), 20% polyester (recycl\u00e9, certifi\u00e9 RCS) \u00b7Heather Grey: 71% coton\" \/>\n<meta property=\"og:url\" content=\"https:\/\/printwave.pl\/fr\/produkt\/organic-inspire-zipped-hood\/\" \/>\n<meta property=\"og:site_name\" content=\"Printwave FR\" \/>\n<meta property=\"article:modified_time\" content=\"2026-02-13T14:25:13+00:00\" \/>\n<meta property=\"og:image\" content=\"https:\/\/printwave.pl\/fr\/wp-content\/uploads\/sites\/4\/2025\/01\/232_42_108_m-2025_01.jpg\" \/>\n\t<meta property=\"og:image:width\" content=\"1024\" \/>\n\t<meta property=\"og:image:height\" content=\"1304\" \/>\n\t<meta property=\"og:image:type\" content=\"image\/jpeg\" \/>\n<meta name=\"twitter:card\" content=\"summary_large_image\" \/>\n<script type=\"application\/ld+json\" class=\"yoast-schema-graph\">{\"@context\":\"https:\/\/schema.org\",\"@graph\":[{\"@type\":\"WebPage\",\"@id\":\"https:\/\/printwave.pl\/fr\/produkt\/organic-inspire-zipped-hood\/\",\"url\":\"https:\/\/printwave.pl\/fr\/produkt\/organic-inspire-zipped-hood\/\",\"name\":\"Organic Inspire Zipped Hood | Printwave FR\",\"isPartOf\":{\"@id\":\"https:\/\/printwave.pl\/fr\/#website\"},\"primaryImageOfPage\":{\"@id\":\"https:\/\/printwave.pl\/fr\/produkt\/organic-inspire-zipped-hood\/#primaryimage\"},\"image\":{\"@id\":\"https:\/\/printwave.pl\/fr\/produkt\/organic-inspire-zipped-hood\/#primaryimage\"},\"thumbnailUrl\":\"https:\/\/printwave.pl\/fr\/wp-content\/uploads\/sites\/4\/2025\/01\/232_42_108_m-2025_01.jpg\",\"datePublished\":\"2025-01-25T22:31:53+00:00\",\"dateModified\":\"2026-02-13T14:25:13+00:00\",\"breadcrumb\":{\"@id\":\"https:\/\/printwave.pl\/fr\/produkt\/organic-inspire-zipped-hood\/#breadcrumb\"},\"inLanguage\":\"fr-FR\",\"potentialAction\":[{\"@type\":\"ReadAction\",\"target\":[\"https:\/\/printwave.pl\/fr\/produkt\/organic-inspire-zipped-hood\/\"]}]},{\"@type\":\"ImageObject\",\"inLanguage\":\"fr-FR\",\"@id\":\"https:\/\/printwave.pl\/fr\/produkt\/organic-inspire-zipped-hood\/#primaryimage\",\"url\":\"https:\/\/printwave.pl\/fr\/wp-content\/uploads\/sites\/4\/2025\/01\/232_42_108_m-2025_01.jpg\",\"contentUrl\":\"https:\/\/printwave.pl\/fr\/wp-content\/uploads\/sites\/4\/2025\/01\/232_42_108_m-2025_01.jpg\",\"width\":1024,\"height\":1304},{\"@type\":\"BreadcrumbList\",\"@id\":\"https:\/\/printwave.pl\/fr\/produkt\/organic-inspire-zipped-hood\/#breadcrumb\",\"itemListElement\":[{\"@type\":\"ListItem\",\"position\":1,\"name\":\"Accueil\",\"item\":\"https:\/\/printwave.pl\/fr\/\"},{\"@type\":\"ListItem\",\"position\":2,\"name\":\"Boutique\",\"item\":\"https:\/\/printwave.pl\/fr\/boutique\/\"},{\"@type\":\"ListItem\",\"position\":3,\"name\":\"Organic Inspire Zipped Hood\"}]},{\"@type\":\"WebSite\",\"@id\":\"https:\/\/printwave.pl\/fr\/#website\",\"url\":\"https:\/\/printwave.pl\/fr\/\",\"name\":\"Printwave\",\"description\":\"Votre fournisseur de v\u00eatements promotionnels et d&#039;entreprise en Pologne\",\"potentialAction\":[{\"@type\":\"SearchAction\",\"target\":{\"@type\":\"EntryPoint\",\"urlTemplate\":\"https:\/\/printwave.pl\/fr\/?s={search_term_string}\"},\"query-input\":{\"@type\":\"PropertyValueSpecification\",\"valueRequired\":true,\"valueName\":\"search_term_string\"}}],\"inLanguage\":\"fr-FR\"}]}<\/script>\n<!-- \/ Yoast SEO Premium plugin. -->","yoast_head_json":{"title":"Organic Inspire Zipped Hood | Printwave FR","robots":{"index":"index","follow":"follow","max-snippet":"max-snippet:-1","max-image-preview":"max-image-preview:large","max-video-preview":"max-video-preview:-1"},"canonical":"https:\/\/printwave.pl\/fr\/produkt\/organic-inspire-zipped-hood\/","og_locale":"fr_FR","og_type":"article","og_title":"Organic Inspire Zipped Hood","og_description":"\u00b7280 g\/m\u00b2 \u00b780% coton (biologique et biologique en conversion, m\u00e9lange certifi\u00e9), 20% polyester (recycl\u00e9, certifi\u00e9 RCS) \u00b7Heather Grey: 71% coton","og_url":"https:\/\/printwave.pl\/fr\/produkt\/organic-inspire-zipped-hood\/","og_site_name":"Printwave FR","article_modified_time":"2026-02-13T14:25:13+00:00","og_image":[{"width":1024,"height":1304,"url":"https:\/\/printwave.pl\/fr\/wp-content\/uploads\/sites\/4\/2025\/01\/232_42_108_m-2025_01.jpg","type":"image\/jpeg"}],"twitter_card":"summary_large_image","schema":{"@context":"https:\/\/schema.org","@graph":[{"@type":"WebPage","@id":"https:\/\/printwave.pl\/fr\/produkt\/organic-inspire-zipped-hood\/","url":"https:\/\/printwave.pl\/fr\/produkt\/organic-inspire-zipped-hood\/","name":"Organic Inspire Zipped Hood | Printwave FR","isPartOf":{"@id":"https:\/\/printwave.pl\/fr\/#website"},"primaryImageOfPage":{"@id":"https:\/\/printwave.pl\/fr\/produkt\/organic-inspire-zipped-hood\/#primaryimage"},"image":{"@id":"https:\/\/printwave.pl\/fr\/produkt\/organic-inspire-zipped-hood\/#primaryimage"},"thumbnailUrl":"https:\/\/printwave.pl\/fr\/wp-content\/uploads\/sites\/4\/2025\/01\/232_42_108_m-2025_01.jpg","datePublished":"2025-01-25T22:31:53+00:00","dateModified":"2026-02-13T14:25:13+00:00","breadcrumb":{"@id":"https:\/\/printwave.pl\/fr\/produkt\/organic-inspire-zipped-hood\/#breadcrumb"},"inLanguage":"fr-FR","potentialAction":[{"@type":"ReadAction","target":["https:\/\/printwave.pl\/fr\/produkt\/organic-inspire-zipped-hood\/"]}]},{"@type":"ImageObject","inLanguage":"fr-FR","@id":"https:\/\/printwave.pl\/fr\/produkt\/organic-inspire-zipped-hood\/#primaryimage","url":"https:\/\/printwave.pl\/fr\/wp-content\/uploads\/sites\/4\/2025\/01\/232_42_108_m-2025_01.jpg","contentUrl":"https:\/\/printwave.pl\/fr\/wp-content\/uploads\/sites\/4\/2025\/01\/232_42_108_m-2025_01.jpg","width":1024,"height":1304},{"@type":"BreadcrumbList","@id":"https:\/\/printwave.pl\/fr\/produkt\/organic-inspire-zipped-hood\/#breadcrumb","itemListElement":[{"@type":"ListItem","position":1,"name":"Accueil","item":"https:\/\/printwave.pl\/fr\/"},{"@type":"ListItem","position":2,"name":"Boutique","item":"https:\/\/printwave.pl\/fr\/boutique\/"},{"@type":"ListItem","position":3,"name":"Organic Inspire Zipped Hood"}]},{"@type":"WebSite","@id":"https:\/\/printwave.pl\/fr\/#website","url":"https:\/\/printwave.pl\/fr\/","name":"Printwave","description":"Votre fournisseur de v\u00eatements promotionnels et d&#039;entreprise en Pologne","potentialAction":[{"@type":"SearchAction","target":{"@type":"EntryPoint","urlTemplate":"https:\/\/printwave.pl\/fr\/?s={search_term_string}"},"query-input":{"@type":"PropertyValueSpecification","valueRequired":true,"valueName":"search_term_string"}}],"inLanguage":"fr-FR"}]}},"_links":{"self":[{"href":"https:\/\/printwave.pl\/fr\/wp-json\/wp\/v2\/product\/514912","targetHints":{"allow":["GET"]}}],"collection":[{"href":"https:\/\/printwave.pl\/fr\/wp-json\/wp\/v2\/product"}],"about":[{"href":"https:\/\/printwave.pl\/fr\/wp-json\/wp\/v2\/types\/product"}],"replies":[{"embeddable":true,"href":"https:\/\/printwave.pl\/fr\/wp-json\/wp\/v2\/comments?post=514912"}],"wp:featuredmedia":[{"embeddable":true,"href":"https:\/\/printwave.pl\/fr\/wp-json\/wp\/v2\/media\/514906"}],"wp:attachment":[{"href":"https:\/\/printwave.pl\/fr\/wp-json\/wp\/v2\/media?parent=514912"}],"wp:term":[{"taxonomy":"product_brand","embeddable":true,"href":"https:\/\/printwave.pl\/fr\/wp-json\/wp\/v2\/product_brand?post=514912"},{"taxonomy":"product_cat","embeddable":true,"href":"https:\/\/printwave.pl\/fr\/wp-json\/wp\/v2\/product_cat?post=514912"},{"taxonomy":"product_tag","embeddable":true,"href":"https:\/\/printwave.pl\/fr\/wp-json\/wp\/v2\/product_tag?post=514912"}],"curies":[{"name":"wp","href":"https:\/\/api.w.org\/{rel}","templated":true}]}}