{"id":512215,"date":"2025-01-25T22:13:48","date_gmt":"2025-01-25T21:13:48","guid":{"rendered":"https:\/\/printwave.pl\/fr\/produkt\/id-223-hoodie\/"},"modified":"2026-02-13T15:15:44","modified_gmt":"2026-02-13T14:15:44","slug":"id-223-hoodie","status":"publish","type":"product","link":"https:\/\/printwave.pl\/fr\/produkt\/id-223-hoodie\/","title":{"rendered":"ID.223 Hoodie"},"content":{"rendered":"<p>\u00b7280 g\/m\u00b2<br \/>\n\u00b750% coton (investissement dans le Better Cotton), 50% polyester (recycl\u00e9) &#8211; certifi\u00e9 RCS<br \/>\n\u00b7V\u00e9ritable style non genr\u00e9 avec coutures lat\u00e9rales<br \/>\n\u00b7Coupe classique, moderne et d\u00e9contract\u00e9e pour toutes les occasions<br \/>\n\u00b7Excellente imprimabilit\u00e9 et toucher agr\u00e9able<br \/>\n\u00b7Capuche doubl\u00e9e en jersey simple con\u00e7ue par des experts pour un ajustement parfait<br \/>\n\u00b7Les manches set-in avec une \u00e9paule l\u00e9g\u00e8rement tombante am\u00e9liorent la mobilit\u00e9<br \/>\n\u00b7Poche kangourou con\u00e7ue pour un positionnement confortable de la main et un rangement s\u00e9curis\u00e9<br \/>\n\u00b7Poignets et ourlet inf\u00e9rieur classiques en c\u00f4te 1&#215;1 avec \u00e9lasthanne<br \/>\n\u00b7Solution \u00ab B&amp;C No Label \u00bb pour un rebranding facile.<\/p>\n","protected":false},"excerpt":{"rendered":"<p>\u00b7280 g\/m\u00b2 \u00b750% coton (investissement dans le Better Cotton), 50% polyester (recycl\u00e9) &#8211; certifi\u00e9 RCS \u00b7V\u00e9ritable style non genr\u00e9 avec<\/p>\n","protected":false},"featured_media":512210,"comment_status":"open","ping_status":"closed","template":"","meta":[],"product_brand":[],"product_cat":[2597,1862],"product_tag":[],"class_list":{"0":"post-512215","1":"product","2":"type-product","3":"status-publish","4":"has-post-thumbnail","6":"product_cat-nouveautes-2025","7":"product_cat-sweats-a-capuche","8":"pa_couleur-acid-lime","9":"pa_couleur-black","10":"pa_couleur-burgundy","11":"pa_couleur-dark-grey","12":"pa_couleur-forest-green","13":"pa_couleur-lake-blue","14":"pa_couleur-navy","15":"pa_couleur-orange","16":"pa_couleur-red","17":"pa_couleur-royal-blue","18":"pa_couleur-sport-grey","19":"pa_couleur-white","20":"pa_eco-recycle","21":"pa_groupe-de-produits-sweatshirts","22":"pa_manche-manches-longues","23":"pa_marque-bc","24":"pa_numero-de-style-4467","25":"pa_poids-a-partir-de-220-g-m","26":"pa_sexe-unisexe","27":"pa_taille-2xl","28":"pa_taille-3xl","29":"pa_taille-4xl","30":"pa_taille-5xl","31":"pa_taille-l","32":"pa_taille-m","33":"pa_taille-s","34":"pa_taille-xl","35":"pa_taille-xs","36":"pa_tissu-melange-de-tissu","38":"first","39":"instock","40":"taxable","41":"shipping-taxable","42":"purchasable","43":"product-type-variable"},"yoast_head":"<!-- This site is optimized with the Yoast SEO Premium plugin v20.9 (Yoast SEO v26.3) - https:\/\/yoast.com\/wordpress\/plugins\/seo\/ -->\n<title>ID.223 Hoodie | Printwave FR<\/title>\n<meta name=\"robots\" content=\"index, follow, max-snippet:-1, max-image-preview:large, max-video-preview:-1\" \/>\n<link rel=\"canonical\" href=\"https:\/\/printwave.pl\/fr\/produkt\/id-223-hoodie\/\" \/>\n<meta property=\"og:locale\" content=\"fr_FR\" \/>\n<meta property=\"og:type\" content=\"article\" \/>\n<meta property=\"og:title\" content=\"ID.223 Hoodie\" \/>\n<meta property=\"og:description\" content=\"\u00b7280 g\/m\u00b2 \u00b750% coton (investissement dans le Better Cotton), 50% polyester (recycl\u00e9) &#8211; certifi\u00e9 RCS \u00b7V\u00e9ritable style non genr\u00e9 avec\" \/>\n<meta property=\"og:url\" content=\"https:\/\/printwave.pl\/fr\/produkt\/id-223-hoodie\/\" \/>\n<meta property=\"og:site_name\" content=\"Printwave FR\" \/>\n<meta property=\"article:modified_time\" content=\"2026-02-13T14:15:44+00:00\" \/>\n<meta property=\"og:image\" content=\"https:\/\/printwave.pl\/fr\/wp-content\/uploads\/sites\/4\/2025\/01\/240_42_448_m-2024_01.jpg\" \/>\n\t<meta property=\"og:image:width\" content=\"1024\" \/>\n\t<meta property=\"og:image:height\" content=\"1304\" \/>\n\t<meta property=\"og:image:type\" content=\"image\/jpeg\" \/>\n<meta name=\"twitter:card\" content=\"summary_large_image\" \/>\n<meta name=\"twitter:label1\" content=\"Dur\u00e9e de lecture estim\u00e9e\" \/>\n\t<meta name=\"twitter:data1\" content=\"1 minute\" \/>\n<script type=\"application\/ld+json\" class=\"yoast-schema-graph\">{\"@context\":\"https:\/\/schema.org\",\"@graph\":[{\"@type\":\"WebPage\",\"@id\":\"https:\/\/printwave.pl\/fr\/produkt\/id-223-hoodie\/\",\"url\":\"https:\/\/printwave.pl\/fr\/produkt\/id-223-hoodie\/\",\"name\":\"ID.223 Hoodie | Printwave FR\",\"isPartOf\":{\"@id\":\"https:\/\/printwave.pl\/fr\/#website\"},\"primaryImageOfPage\":{\"@id\":\"https:\/\/printwave.pl\/fr\/produkt\/id-223-hoodie\/#primaryimage\"},\"image\":{\"@id\":\"https:\/\/printwave.pl\/fr\/produkt\/id-223-hoodie\/#primaryimage\"},\"thumbnailUrl\":\"https:\/\/printwave.pl\/fr\/wp-content\/uploads\/sites\/4\/2025\/01\/240_42_448_m-2024_01.jpg\",\"datePublished\":\"2025-01-25T21:13:48+00:00\",\"dateModified\":\"2026-02-13T14:15:44+00:00\",\"breadcrumb\":{\"@id\":\"https:\/\/printwave.pl\/fr\/produkt\/id-223-hoodie\/#breadcrumb\"},\"inLanguage\":\"fr-FR\",\"potentialAction\":[{\"@type\":\"ReadAction\",\"target\":[\"https:\/\/printwave.pl\/fr\/produkt\/id-223-hoodie\/\"]}]},{\"@type\":\"ImageObject\",\"inLanguage\":\"fr-FR\",\"@id\":\"https:\/\/printwave.pl\/fr\/produkt\/id-223-hoodie\/#primaryimage\",\"url\":\"https:\/\/printwave.pl\/fr\/wp-content\/uploads\/sites\/4\/2025\/01\/240_42_448_m-2024_01.jpg\",\"contentUrl\":\"https:\/\/printwave.pl\/fr\/wp-content\/uploads\/sites\/4\/2025\/01\/240_42_448_m-2024_01.jpg\",\"width\":1024,\"height\":1304},{\"@type\":\"BreadcrumbList\",\"@id\":\"https:\/\/printwave.pl\/fr\/produkt\/id-223-hoodie\/#breadcrumb\",\"itemListElement\":[{\"@type\":\"ListItem\",\"position\":1,\"name\":\"Accueil\",\"item\":\"https:\/\/printwave.pl\/fr\/\"},{\"@type\":\"ListItem\",\"position\":2,\"name\":\"Boutique\",\"item\":\"https:\/\/printwave.pl\/fr\/boutique\/\"},{\"@type\":\"ListItem\",\"position\":3,\"name\":\"ID.223 Hoodie\"}]},{\"@type\":\"WebSite\",\"@id\":\"https:\/\/printwave.pl\/fr\/#website\",\"url\":\"https:\/\/printwave.pl\/fr\/\",\"name\":\"Printwave\",\"description\":\"Votre fournisseur de v\u00eatements promotionnels et d&#039;entreprise en Pologne\",\"potentialAction\":[{\"@type\":\"SearchAction\",\"target\":{\"@type\":\"EntryPoint\",\"urlTemplate\":\"https:\/\/printwave.pl\/fr\/?s={search_term_string}\"},\"query-input\":{\"@type\":\"PropertyValueSpecification\",\"valueRequired\":true,\"valueName\":\"search_term_string\"}}],\"inLanguage\":\"fr-FR\"}]}<\/script>\n<!-- \/ Yoast SEO Premium plugin. -->","yoast_head_json":{"title":"ID.223 Hoodie | Printwave FR","robots":{"index":"index","follow":"follow","max-snippet":"max-snippet:-1","max-image-preview":"max-image-preview:large","max-video-preview":"max-video-preview:-1"},"canonical":"https:\/\/printwave.pl\/fr\/produkt\/id-223-hoodie\/","og_locale":"fr_FR","og_type":"article","og_title":"ID.223 Hoodie","og_description":"\u00b7280 g\/m\u00b2 \u00b750% coton (investissement dans le Better Cotton), 50% polyester (recycl\u00e9) &#8211; certifi\u00e9 RCS \u00b7V\u00e9ritable style non genr\u00e9 avec","og_url":"https:\/\/printwave.pl\/fr\/produkt\/id-223-hoodie\/","og_site_name":"Printwave FR","article_modified_time":"2026-02-13T14:15:44+00:00","og_image":[{"width":1024,"height":1304,"url":"https:\/\/printwave.pl\/fr\/wp-content\/uploads\/sites\/4\/2025\/01\/240_42_448_m-2024_01.jpg","type":"image\/jpeg"}],"twitter_card":"summary_large_image","twitter_misc":{"Dur\u00e9e de lecture estim\u00e9e":"1 minute"},"schema":{"@context":"https:\/\/schema.org","@graph":[{"@type":"WebPage","@id":"https:\/\/printwave.pl\/fr\/produkt\/id-223-hoodie\/","url":"https:\/\/printwave.pl\/fr\/produkt\/id-223-hoodie\/","name":"ID.223 Hoodie | Printwave FR","isPartOf":{"@id":"https:\/\/printwave.pl\/fr\/#website"},"primaryImageOfPage":{"@id":"https:\/\/printwave.pl\/fr\/produkt\/id-223-hoodie\/#primaryimage"},"image":{"@id":"https:\/\/printwave.pl\/fr\/produkt\/id-223-hoodie\/#primaryimage"},"thumbnailUrl":"https:\/\/printwave.pl\/fr\/wp-content\/uploads\/sites\/4\/2025\/01\/240_42_448_m-2024_01.jpg","datePublished":"2025-01-25T21:13:48+00:00","dateModified":"2026-02-13T14:15:44+00:00","breadcrumb":{"@id":"https:\/\/printwave.pl\/fr\/produkt\/id-223-hoodie\/#breadcrumb"},"inLanguage":"fr-FR","potentialAction":[{"@type":"ReadAction","target":["https:\/\/printwave.pl\/fr\/produkt\/id-223-hoodie\/"]}]},{"@type":"ImageObject","inLanguage":"fr-FR","@id":"https:\/\/printwave.pl\/fr\/produkt\/id-223-hoodie\/#primaryimage","url":"https:\/\/printwave.pl\/fr\/wp-content\/uploads\/sites\/4\/2025\/01\/240_42_448_m-2024_01.jpg","contentUrl":"https:\/\/printwave.pl\/fr\/wp-content\/uploads\/sites\/4\/2025\/01\/240_42_448_m-2024_01.jpg","width":1024,"height":1304},{"@type":"BreadcrumbList","@id":"https:\/\/printwave.pl\/fr\/produkt\/id-223-hoodie\/#breadcrumb","itemListElement":[{"@type":"ListItem","position":1,"name":"Accueil","item":"https:\/\/printwave.pl\/fr\/"},{"@type":"ListItem","position":2,"name":"Boutique","item":"https:\/\/printwave.pl\/fr\/boutique\/"},{"@type":"ListItem","position":3,"name":"ID.223 Hoodie"}]},{"@type":"WebSite","@id":"https:\/\/printwave.pl\/fr\/#website","url":"https:\/\/printwave.pl\/fr\/","name":"Printwave","description":"Votre fournisseur de v\u00eatements promotionnels et d&#039;entreprise en Pologne","potentialAction":[{"@type":"SearchAction","target":{"@type":"EntryPoint","urlTemplate":"https:\/\/printwave.pl\/fr\/?s={search_term_string}"},"query-input":{"@type":"PropertyValueSpecification","valueRequired":true,"valueName":"search_term_string"}}],"inLanguage":"fr-FR"}]}},"_links":{"self":[{"href":"https:\/\/printwave.pl\/fr\/wp-json\/wp\/v2\/product\/512215","targetHints":{"allow":["GET"]}}],"collection":[{"href":"https:\/\/printwave.pl\/fr\/wp-json\/wp\/v2\/product"}],"about":[{"href":"https:\/\/printwave.pl\/fr\/wp-json\/wp\/v2\/types\/product"}],"replies":[{"embeddable":true,"href":"https:\/\/printwave.pl\/fr\/wp-json\/wp\/v2\/comments?post=512215"}],"wp:featuredmedia":[{"embeddable":true,"href":"https:\/\/printwave.pl\/fr\/wp-json\/wp\/v2\/media\/512210"}],"wp:attachment":[{"href":"https:\/\/printwave.pl\/fr\/wp-json\/wp\/v2\/media?parent=512215"}],"wp:term":[{"taxonomy":"product_brand","embeddable":true,"href":"https:\/\/printwave.pl\/fr\/wp-json\/wp\/v2\/product_brand?post=512215"},{"taxonomy":"product_cat","embeddable":true,"href":"https:\/\/printwave.pl\/fr\/wp-json\/wp\/v2\/product_cat?post=512215"},{"taxonomy":"product_tag","embeddable":true,"href":"https:\/\/printwave.pl\/fr\/wp-json\/wp\/v2\/product_tag?post=512215"}],"curies":[{"name":"wp","href":"https:\/\/api.w.org\/{rel}","templated":true}]}}