{"id":512179,"date":"2025-01-25T22:12:36","date_gmt":"2025-01-25T21:12:36","guid":{"rendered":"https:\/\/printwave.pl\/fr\/produkt\/mens-boxy-hoodie\/"},"modified":"2026-02-13T15:14:54","modified_gmt":"2026-02-13T14:14:54","slug":"mens-boxy-hoodie","status":"publish","type":"product","link":"https:\/\/printwave.pl\/fr\/produkt\/mens-boxy-hoodie\/","title":{"rendered":"Mens Boxy Hoodie"},"content":{"rendered":"<p>\u00b7370 g\/m\u00b2<br \/>\n\u00b787% coton, biologique, 13% polyester, recycl\u00e9<br \/>\n\u00b7Style du groupe H&amp;M<br \/>\n\u00b7Simple surpiq\u00fbre au niveau du cou<br \/>\n\u00b7Capuche<br \/>\n\u00b7Bord c\u00f4tes aux manches et \u00e0 l&rsquo;ourlet du bas<br \/>\n\u00b7Point chevauchant \u00e0 l&#8217;emmanchure, double surpiq\u00fbre \u00e0 la poche<br \/>\n\u00b7Coutures plates \u00e0 l&rsquo;ouverture de la poche et \u00e0 l&rsquo;arri\u00e8re de la capuche<br \/>\n\u00b7Couture d&rsquo;\u00e9paule rabattue en point de cha\u00eenette<br \/>\n\u00b7Bande de propret\u00e9 dans le cou<br \/>\n\u00b7C\u00f4te 1&#215;1<br \/>\n\u00b7Capuche en tissu double<br \/>\n\u00b7Poche kangourou<br \/>\n\u00b7Cordons de serrage ronds<br \/>\n\u00b7Patch arri\u00e8re en demi-lune<br \/>\n\u00b7Toucher : sec et lourd<\/p>\n","protected":false},"excerpt":{"rendered":"<p>\u00b7370 g\/m\u00b2 \u00b787% coton, biologique, 13% polyester, recycl\u00e9 \u00b7Style du groupe H&amp;M \u00b7Simple surpiq\u00fbre au niveau du cou \u00b7Capuche \u00b7Bord<\/p>\n","protected":false},"featured_media":512172,"comment_status":"open","ping_status":"closed","template":"","meta":[],"product_brand":[],"product_cat":[154,2597,162,1862],"product_tag":[],"class_list":{"0":"post-512179","1":"product","2":"type-product","3":"status-publish","4":"has-post-thumbnail","6":"product_cat-all-eco","7":"product_cat-nouveautes-2025","8":"product_cat-organic","9":"product_cat-sweats-a-capuche","10":"pa_couleur-grey-melange","11":"pa_couleur-off-black","12":"pa_couleur-toffee-brown","13":"pa_eco-organique","14":"pa_eco-recycle","15":"pa_encolure-crew-neck","16":"pa_groupe-de-produits-sweatshirts","17":"pa_manche-manches-longues","18":"pa_marque-true-blanks-by-hm-group","19":"pa_numero-de-style-4466","20":"pa_poids-a-partir-de-350-g-m","21":"pa_sexe-hommes","22":"pa_taille-2xl","23":"pa_taille-l","24":"pa_taille-m","25":"pa_taille-s","26":"pa_taille-xl","27":"pa_tissu-polyester","29":"first","30":"instock","31":"taxable","32":"shipping-taxable","33":"purchasable","34":"product-type-variable"},"yoast_head":"<!-- This site is optimized with the Yoast SEO Premium plugin v20.9 (Yoast SEO v26.3) - https:\/\/yoast.com\/wordpress\/plugins\/seo\/ -->\n<title>Mens Boxy Hoodie | Printwave FR<\/title>\n<meta name=\"robots\" content=\"index, follow, max-snippet:-1, max-image-preview:large, max-video-preview:-1\" \/>\n<link rel=\"canonical\" href=\"https:\/\/printwave.pl\/fr\/produkt\/mens-boxy-hoodie\/\" \/>\n<meta property=\"og:locale\" content=\"fr_FR\" \/>\n<meta property=\"og:type\" content=\"article\" \/>\n<meta property=\"og:title\" content=\"Mens Boxy Hoodie\" \/>\n<meta property=\"og:description\" content=\"\u00b7370 g\/m\u00b2 \u00b787% coton, biologique, 13% polyester, recycl\u00e9 \u00b7Style du groupe H&amp;M \u00b7Simple surpiq\u00fbre au niveau du cou \u00b7Capuche \u00b7Bord\" \/>\n<meta property=\"og:url\" content=\"https:\/\/printwave.pl\/fr\/produkt\/mens-boxy-hoodie\/\" \/>\n<meta property=\"og:site_name\" content=\"Printwave FR\" \/>\n<meta property=\"article:modified_time\" content=\"2026-02-13T14:14:54+00:00\" \/>\n<meta property=\"og:image\" content=\"https:\/\/printwave.pl\/fr\/wp-content\/uploads\/sites\/4\/2025\/01\/241_41_113_m-2024_01.jpg\" \/>\n\t<meta property=\"og:image:width\" content=\"1024\" \/>\n\t<meta property=\"og:image:height\" content=\"1304\" \/>\n\t<meta property=\"og:image:type\" content=\"image\/jpeg\" \/>\n<meta name=\"twitter:card\" content=\"summary_large_image\" \/>\n<script type=\"application\/ld+json\" class=\"yoast-schema-graph\">{\"@context\":\"https:\/\/schema.org\",\"@graph\":[{\"@type\":\"WebPage\",\"@id\":\"https:\/\/printwave.pl\/fr\/produkt\/mens-boxy-hoodie\/\",\"url\":\"https:\/\/printwave.pl\/fr\/produkt\/mens-boxy-hoodie\/\",\"name\":\"Mens Boxy Hoodie | Printwave FR\",\"isPartOf\":{\"@id\":\"https:\/\/printwave.pl\/fr\/#website\"},\"primaryImageOfPage\":{\"@id\":\"https:\/\/printwave.pl\/fr\/produkt\/mens-boxy-hoodie\/#primaryimage\"},\"image\":{\"@id\":\"https:\/\/printwave.pl\/fr\/produkt\/mens-boxy-hoodie\/#primaryimage\"},\"thumbnailUrl\":\"https:\/\/printwave.pl\/fr\/wp-content\/uploads\/sites\/4\/2025\/01\/241_41_113_m-2024_01.jpg\",\"datePublished\":\"2025-01-25T21:12:36+00:00\",\"dateModified\":\"2026-02-13T14:14:54+00:00\",\"breadcrumb\":{\"@id\":\"https:\/\/printwave.pl\/fr\/produkt\/mens-boxy-hoodie\/#breadcrumb\"},\"inLanguage\":\"fr-FR\",\"potentialAction\":[{\"@type\":\"ReadAction\",\"target\":[\"https:\/\/printwave.pl\/fr\/produkt\/mens-boxy-hoodie\/\"]}]},{\"@type\":\"ImageObject\",\"inLanguage\":\"fr-FR\",\"@id\":\"https:\/\/printwave.pl\/fr\/produkt\/mens-boxy-hoodie\/#primaryimage\",\"url\":\"https:\/\/printwave.pl\/fr\/wp-content\/uploads\/sites\/4\/2025\/01\/241_41_113_m-2024_01.jpg\",\"contentUrl\":\"https:\/\/printwave.pl\/fr\/wp-content\/uploads\/sites\/4\/2025\/01\/241_41_113_m-2024_01.jpg\",\"width\":1024,\"height\":1304},{\"@type\":\"BreadcrumbList\",\"@id\":\"https:\/\/printwave.pl\/fr\/produkt\/mens-boxy-hoodie\/#breadcrumb\",\"itemListElement\":[{\"@type\":\"ListItem\",\"position\":1,\"name\":\"Accueil\",\"item\":\"https:\/\/printwave.pl\/fr\/\"},{\"@type\":\"ListItem\",\"position\":2,\"name\":\"Boutique\",\"item\":\"https:\/\/printwave.pl\/fr\/boutique\/\"},{\"@type\":\"ListItem\",\"position\":3,\"name\":\"Mens Boxy Hoodie\"}]},{\"@type\":\"WebSite\",\"@id\":\"https:\/\/printwave.pl\/fr\/#website\",\"url\":\"https:\/\/printwave.pl\/fr\/\",\"name\":\"Printwave\",\"description\":\"Votre fournisseur de v\u00eatements promotionnels et d&#039;entreprise en Pologne\",\"potentialAction\":[{\"@type\":\"SearchAction\",\"target\":{\"@type\":\"EntryPoint\",\"urlTemplate\":\"https:\/\/printwave.pl\/fr\/?s={search_term_string}\"},\"query-input\":{\"@type\":\"PropertyValueSpecification\",\"valueRequired\":true,\"valueName\":\"search_term_string\"}}],\"inLanguage\":\"fr-FR\"}]}<\/script>\n<!-- \/ Yoast SEO Premium plugin. -->","yoast_head_json":{"title":"Mens Boxy Hoodie | Printwave FR","robots":{"index":"index","follow":"follow","max-snippet":"max-snippet:-1","max-image-preview":"max-image-preview:large","max-video-preview":"max-video-preview:-1"},"canonical":"https:\/\/printwave.pl\/fr\/produkt\/mens-boxy-hoodie\/","og_locale":"fr_FR","og_type":"article","og_title":"Mens Boxy Hoodie","og_description":"\u00b7370 g\/m\u00b2 \u00b787% coton, biologique, 13% polyester, recycl\u00e9 \u00b7Style du groupe H&amp;M \u00b7Simple surpiq\u00fbre au niveau du cou \u00b7Capuche \u00b7Bord","og_url":"https:\/\/printwave.pl\/fr\/produkt\/mens-boxy-hoodie\/","og_site_name":"Printwave FR","article_modified_time":"2026-02-13T14:14:54+00:00","og_image":[{"width":1024,"height":1304,"url":"https:\/\/printwave.pl\/fr\/wp-content\/uploads\/sites\/4\/2025\/01\/241_41_113_m-2024_01.jpg","type":"image\/jpeg"}],"twitter_card":"summary_large_image","schema":{"@context":"https:\/\/schema.org","@graph":[{"@type":"WebPage","@id":"https:\/\/printwave.pl\/fr\/produkt\/mens-boxy-hoodie\/","url":"https:\/\/printwave.pl\/fr\/produkt\/mens-boxy-hoodie\/","name":"Mens Boxy Hoodie | Printwave FR","isPartOf":{"@id":"https:\/\/printwave.pl\/fr\/#website"},"primaryImageOfPage":{"@id":"https:\/\/printwave.pl\/fr\/produkt\/mens-boxy-hoodie\/#primaryimage"},"image":{"@id":"https:\/\/printwave.pl\/fr\/produkt\/mens-boxy-hoodie\/#primaryimage"},"thumbnailUrl":"https:\/\/printwave.pl\/fr\/wp-content\/uploads\/sites\/4\/2025\/01\/241_41_113_m-2024_01.jpg","datePublished":"2025-01-25T21:12:36+00:00","dateModified":"2026-02-13T14:14:54+00:00","breadcrumb":{"@id":"https:\/\/printwave.pl\/fr\/produkt\/mens-boxy-hoodie\/#breadcrumb"},"inLanguage":"fr-FR","potentialAction":[{"@type":"ReadAction","target":["https:\/\/printwave.pl\/fr\/produkt\/mens-boxy-hoodie\/"]}]},{"@type":"ImageObject","inLanguage":"fr-FR","@id":"https:\/\/printwave.pl\/fr\/produkt\/mens-boxy-hoodie\/#primaryimage","url":"https:\/\/printwave.pl\/fr\/wp-content\/uploads\/sites\/4\/2025\/01\/241_41_113_m-2024_01.jpg","contentUrl":"https:\/\/printwave.pl\/fr\/wp-content\/uploads\/sites\/4\/2025\/01\/241_41_113_m-2024_01.jpg","width":1024,"height":1304},{"@type":"BreadcrumbList","@id":"https:\/\/printwave.pl\/fr\/produkt\/mens-boxy-hoodie\/#breadcrumb","itemListElement":[{"@type":"ListItem","position":1,"name":"Accueil","item":"https:\/\/printwave.pl\/fr\/"},{"@type":"ListItem","position":2,"name":"Boutique","item":"https:\/\/printwave.pl\/fr\/boutique\/"},{"@type":"ListItem","position":3,"name":"Mens Boxy Hoodie"}]},{"@type":"WebSite","@id":"https:\/\/printwave.pl\/fr\/#website","url":"https:\/\/printwave.pl\/fr\/","name":"Printwave","description":"Votre fournisseur de v\u00eatements promotionnels et d&#039;entreprise en Pologne","potentialAction":[{"@type":"SearchAction","target":{"@type":"EntryPoint","urlTemplate":"https:\/\/printwave.pl\/fr\/?s={search_term_string}"},"query-input":{"@type":"PropertyValueSpecification","valueRequired":true,"valueName":"search_term_string"}}],"inLanguage":"fr-FR"}]}},"_links":{"self":[{"href":"https:\/\/printwave.pl\/fr\/wp-json\/wp\/v2\/product\/512179","targetHints":{"allow":["GET"]}}],"collection":[{"href":"https:\/\/printwave.pl\/fr\/wp-json\/wp\/v2\/product"}],"about":[{"href":"https:\/\/printwave.pl\/fr\/wp-json\/wp\/v2\/types\/product"}],"replies":[{"embeddable":true,"href":"https:\/\/printwave.pl\/fr\/wp-json\/wp\/v2\/comments?post=512179"}],"wp:featuredmedia":[{"embeddable":true,"href":"https:\/\/printwave.pl\/fr\/wp-json\/wp\/v2\/media\/512172"}],"wp:attachment":[{"href":"https:\/\/printwave.pl\/fr\/wp-json\/wp\/v2\/media?parent=512179"}],"wp:term":[{"taxonomy":"product_brand","embeddable":true,"href":"https:\/\/printwave.pl\/fr\/wp-json\/wp\/v2\/product_brand?post=512179"},{"taxonomy":"product_cat","embeddable":true,"href":"https:\/\/printwave.pl\/fr\/wp-json\/wp\/v2\/product_cat?post=512179"},{"taxonomy":"product_tag","embeddable":true,"href":"https:\/\/printwave.pl\/fr\/wp-json\/wp\/v2\/product_tag?post=512179"}],"curies":[{"name":"wp","href":"https:\/\/api.w.org\/{rel}","templated":true}]}}