{"id":511863,"date":"2025-01-25T22:03:41","date_gmt":"2025-01-25T21:03:41","guid":{"rendered":"https:\/\/printwave.pl\/fr\/produkt\/king-crew-neck\/"},"modified":"2026-02-13T15:13:53","modified_gmt":"2026-02-13T14:13:53","slug":"king-crew-neck","status":"publish","type":"product","link":"https:\/\/printwave.pl\/fr\/produkt\/king-crew-neck\/","title":{"rendered":"KING Crew Neck"},"content":{"rendered":"<p>\u00b7280 g\/m\u00b2<br \/>\n\u00b780% coton, pr\u00e9-r\u00e9tr\u00e9ci, ringspun et peign\u00e9, 20% polyester<br \/>\n\u00b7Heather Grey: 75% coton, pr\u00e9-r\u00e9tr\u00e9ci, ringspun et peign\u00e9, 21% polyester, 4% viscose<br \/>\n\u00b7Heather Mid Grey: 60% coton, pr\u00e9-r\u00e9tr\u00e9ci, ringspun et peign\u00e9, 40% polyester<br \/>\n\u00b7Toucher peau de p\u00eache<br \/>\n\u00b7Surface d&rsquo;impression optimis\u00e9e<br \/>\n\u00b7Int\u00e9rieur bross\u00e9<br \/>\n\u00b7Bande de propret\u00e9<br \/>\n\u00b7Panneau demi-lune en jersey simple dans le dos<br \/>\n\u00b7Coutures lat\u00e9rales<br \/>\n\u00b7Unisexe<br \/>\n\u00b7Coupe droite<br \/>\n\u00b7Sans \u00e9tiquette pour faciliter le rebranding<\/p>\n","protected":false},"excerpt":{"rendered":"<p>\u00b7280 g\/m\u00b2 \u00b780% coton, pr\u00e9-r\u00e9tr\u00e9ci, ringspun et peign\u00e9, 20% polyester \u00b7Heather Grey: 75% coton, pr\u00e9-r\u00e9tr\u00e9ci, ringspun et peign\u00e9, 21% polyester,<\/p>\n","protected":false},"featured_media":511858,"comment_status":"open","ping_status":"closed","template":"","meta":[],"product_brand":[],"product_cat":[128,1503],"product_tag":[],"class_list":{"0":"post-511863","1":"product","2":"type-product","3":"status-publish","4":"has-post-thumbnail","6":"product_cat-meilleures-ventes","7":"product_cat-sweats","8":"pa_certificats-bsci","9":"pa_certificats-fwf-fair-wear","10":"pa_certificats-oeko-tex-standard-100","11":"pa_couleur-aqua-green","12":"pa_couleur-asphalt","13":"pa_couleur-black-pure","14":"pa_couleur-bottle-green","15":"pa_couleur-dark-cherry","16":"pa_couleur-grey-fog","17":"pa_couleur-heather-grey","18":"pa_couleur-heather-mid-grey","19":"pa_couleur-khaki","20":"pa_couleur-magenta-pink","21":"pa_couleur-navy","22":"pa_couleur-navy-blue","23":"pa_couleur-nordic-blue","24":"pa_couleur-pure-orange","25":"pa_couleur-pure-sky","26":"pa_couleur-radiant-purple","27":"pa_couleur-red","28":"pa_couleur-royal","29":"pa_couleur-soft-rose","30":"pa_couleur-white","31":"pa_couleur-yellow-fizz","32":"pa_groupe-de-produits-4xl-et-plus","33":"pa_groupe-de-produits-sweatshirts","34":"pa_manche-set-in","35":"pa_marque-bc","36":"pa_numero-de-style-4465","37":"pa_poids-a-partir-de-220-g-m","38":"pa_sexe-hommes","39":"pa_taille-2xl","40":"pa_taille-3xl","41":"pa_taille-4xl","42":"pa_taille-l","43":"pa_taille-m","44":"pa_taille-s","45":"pa_taille-xl","46":"pa_taille-xs","47":"pa_tissu-melange-de-tissu","49":"first","50":"instock","51":"taxable","52":"shipping-taxable","53":"purchasable","54":"product-type-variable"},"yoast_head":"<!-- This site is optimized with the Yoast SEO Premium plugin v20.9 (Yoast SEO v26.3) - https:\/\/yoast.com\/wordpress\/plugins\/seo\/ -->\n<title>KING Crew Neck | Printwave FR<\/title>\n<meta name=\"robots\" content=\"index, follow, max-snippet:-1, max-image-preview:large, max-video-preview:-1\" \/>\n<link rel=\"canonical\" href=\"https:\/\/printwave.pl\/fr\/produkt\/king-crew-neck\/\" \/>\n<meta property=\"og:locale\" content=\"fr_FR\" \/>\n<meta property=\"og:type\" content=\"article\" \/>\n<meta property=\"og:title\" content=\"KING Crew Neck\" \/>\n<meta property=\"og:description\" content=\"\u00b7280 g\/m\u00b2 \u00b780% coton, pr\u00e9-r\u00e9tr\u00e9ci, ringspun et peign\u00e9, 20% polyester \u00b7Heather Grey: 75% coton, pr\u00e9-r\u00e9tr\u00e9ci, ringspun et peign\u00e9, 21% polyester,\" \/>\n<meta property=\"og:url\" content=\"https:\/\/printwave.pl\/fr\/produkt\/king-crew-neck\/\" \/>\n<meta property=\"og:site_name\" content=\"Printwave FR\" \/>\n<meta property=\"article:modified_time\" content=\"2026-02-13T14:13:53+00:00\" \/>\n<meta property=\"og:image\" content=\"https:\/\/printwave.pl\/fr\/wp-content\/uploads\/sites\/4\/2025\/01\/242_42_214_m-2025_01.jpg\" \/>\n\t<meta property=\"og:image:width\" content=\"1024\" \/>\n\t<meta property=\"og:image:height\" content=\"1304\" \/>\n\t<meta property=\"og:image:type\" content=\"image\/jpeg\" \/>\n<meta name=\"twitter:card\" content=\"summary_large_image\" \/>\n<script type=\"application\/ld+json\" class=\"yoast-schema-graph\">{\"@context\":\"https:\/\/schema.org\",\"@graph\":[{\"@type\":\"WebPage\",\"@id\":\"https:\/\/printwave.pl\/fr\/produkt\/king-crew-neck\/\",\"url\":\"https:\/\/printwave.pl\/fr\/produkt\/king-crew-neck\/\",\"name\":\"KING Crew Neck | Printwave FR\",\"isPartOf\":{\"@id\":\"https:\/\/printwave.pl\/fr\/#website\"},\"primaryImageOfPage\":{\"@id\":\"https:\/\/printwave.pl\/fr\/produkt\/king-crew-neck\/#primaryimage\"},\"image\":{\"@id\":\"https:\/\/printwave.pl\/fr\/produkt\/king-crew-neck\/#primaryimage\"},\"thumbnailUrl\":\"https:\/\/printwave.pl\/fr\/wp-content\/uploads\/sites\/4\/2025\/01\/242_42_214_m-2025_01.jpg\",\"datePublished\":\"2025-01-25T21:03:41+00:00\",\"dateModified\":\"2026-02-13T14:13:53+00:00\",\"breadcrumb\":{\"@id\":\"https:\/\/printwave.pl\/fr\/produkt\/king-crew-neck\/#breadcrumb\"},\"inLanguage\":\"fr-FR\",\"potentialAction\":[{\"@type\":\"ReadAction\",\"target\":[\"https:\/\/printwave.pl\/fr\/produkt\/king-crew-neck\/\"]}]},{\"@type\":\"ImageObject\",\"inLanguage\":\"fr-FR\",\"@id\":\"https:\/\/printwave.pl\/fr\/produkt\/king-crew-neck\/#primaryimage\",\"url\":\"https:\/\/printwave.pl\/fr\/wp-content\/uploads\/sites\/4\/2025\/01\/242_42_214_m-2025_01.jpg\",\"contentUrl\":\"https:\/\/printwave.pl\/fr\/wp-content\/uploads\/sites\/4\/2025\/01\/242_42_214_m-2025_01.jpg\",\"width\":1024,\"height\":1304},{\"@type\":\"BreadcrumbList\",\"@id\":\"https:\/\/printwave.pl\/fr\/produkt\/king-crew-neck\/#breadcrumb\",\"itemListElement\":[{\"@type\":\"ListItem\",\"position\":1,\"name\":\"Accueil\",\"item\":\"https:\/\/printwave.pl\/fr\/\"},{\"@type\":\"ListItem\",\"position\":2,\"name\":\"Boutique\",\"item\":\"https:\/\/printwave.pl\/fr\/boutique\/\"},{\"@type\":\"ListItem\",\"position\":3,\"name\":\"KING Crew Neck\"}]},{\"@type\":\"WebSite\",\"@id\":\"https:\/\/printwave.pl\/fr\/#website\",\"url\":\"https:\/\/printwave.pl\/fr\/\",\"name\":\"Printwave\",\"description\":\"Votre fournisseur de v\u00eatements promotionnels et d&#039;entreprise en Pologne\",\"potentialAction\":[{\"@type\":\"SearchAction\",\"target\":{\"@type\":\"EntryPoint\",\"urlTemplate\":\"https:\/\/printwave.pl\/fr\/?s={search_term_string}\"},\"query-input\":{\"@type\":\"PropertyValueSpecification\",\"valueRequired\":true,\"valueName\":\"search_term_string\"}}],\"inLanguage\":\"fr-FR\"}]}<\/script>\n<!-- \/ Yoast SEO Premium plugin. -->","yoast_head_json":{"title":"KING Crew Neck | Printwave FR","robots":{"index":"index","follow":"follow","max-snippet":"max-snippet:-1","max-image-preview":"max-image-preview:large","max-video-preview":"max-video-preview:-1"},"canonical":"https:\/\/printwave.pl\/fr\/produkt\/king-crew-neck\/","og_locale":"fr_FR","og_type":"article","og_title":"KING Crew Neck","og_description":"\u00b7280 g\/m\u00b2 \u00b780% coton, pr\u00e9-r\u00e9tr\u00e9ci, ringspun et peign\u00e9, 20% polyester \u00b7Heather Grey: 75% coton, pr\u00e9-r\u00e9tr\u00e9ci, ringspun et peign\u00e9, 21% polyester,","og_url":"https:\/\/printwave.pl\/fr\/produkt\/king-crew-neck\/","og_site_name":"Printwave FR","article_modified_time":"2026-02-13T14:13:53+00:00","og_image":[{"width":1024,"height":1304,"url":"https:\/\/printwave.pl\/fr\/wp-content\/uploads\/sites\/4\/2025\/01\/242_42_214_m-2025_01.jpg","type":"image\/jpeg"}],"twitter_card":"summary_large_image","schema":{"@context":"https:\/\/schema.org","@graph":[{"@type":"WebPage","@id":"https:\/\/printwave.pl\/fr\/produkt\/king-crew-neck\/","url":"https:\/\/printwave.pl\/fr\/produkt\/king-crew-neck\/","name":"KING Crew Neck | Printwave FR","isPartOf":{"@id":"https:\/\/printwave.pl\/fr\/#website"},"primaryImageOfPage":{"@id":"https:\/\/printwave.pl\/fr\/produkt\/king-crew-neck\/#primaryimage"},"image":{"@id":"https:\/\/printwave.pl\/fr\/produkt\/king-crew-neck\/#primaryimage"},"thumbnailUrl":"https:\/\/printwave.pl\/fr\/wp-content\/uploads\/sites\/4\/2025\/01\/242_42_214_m-2025_01.jpg","datePublished":"2025-01-25T21:03:41+00:00","dateModified":"2026-02-13T14:13:53+00:00","breadcrumb":{"@id":"https:\/\/printwave.pl\/fr\/produkt\/king-crew-neck\/#breadcrumb"},"inLanguage":"fr-FR","potentialAction":[{"@type":"ReadAction","target":["https:\/\/printwave.pl\/fr\/produkt\/king-crew-neck\/"]}]},{"@type":"ImageObject","inLanguage":"fr-FR","@id":"https:\/\/printwave.pl\/fr\/produkt\/king-crew-neck\/#primaryimage","url":"https:\/\/printwave.pl\/fr\/wp-content\/uploads\/sites\/4\/2025\/01\/242_42_214_m-2025_01.jpg","contentUrl":"https:\/\/printwave.pl\/fr\/wp-content\/uploads\/sites\/4\/2025\/01\/242_42_214_m-2025_01.jpg","width":1024,"height":1304},{"@type":"BreadcrumbList","@id":"https:\/\/printwave.pl\/fr\/produkt\/king-crew-neck\/#breadcrumb","itemListElement":[{"@type":"ListItem","position":1,"name":"Accueil","item":"https:\/\/printwave.pl\/fr\/"},{"@type":"ListItem","position":2,"name":"Boutique","item":"https:\/\/printwave.pl\/fr\/boutique\/"},{"@type":"ListItem","position":3,"name":"KING Crew Neck"}]},{"@type":"WebSite","@id":"https:\/\/printwave.pl\/fr\/#website","url":"https:\/\/printwave.pl\/fr\/","name":"Printwave","description":"Votre fournisseur de v\u00eatements promotionnels et d&#039;entreprise en Pologne","potentialAction":[{"@type":"SearchAction","target":{"@type":"EntryPoint","urlTemplate":"https:\/\/printwave.pl\/fr\/?s={search_term_string}"},"query-input":{"@type":"PropertyValueSpecification","valueRequired":true,"valueName":"search_term_string"}}],"inLanguage":"fr-FR"}]}},"_links":{"self":[{"href":"https:\/\/printwave.pl\/fr\/wp-json\/wp\/v2\/product\/511863","targetHints":{"allow":["GET"]}}],"collection":[{"href":"https:\/\/printwave.pl\/fr\/wp-json\/wp\/v2\/product"}],"about":[{"href":"https:\/\/printwave.pl\/fr\/wp-json\/wp\/v2\/types\/product"}],"replies":[{"embeddable":true,"href":"https:\/\/printwave.pl\/fr\/wp-json\/wp\/v2\/comments?post=511863"}],"wp:featuredmedia":[{"embeddable":true,"href":"https:\/\/printwave.pl\/fr\/wp-json\/wp\/v2\/media\/511858"}],"wp:attachment":[{"href":"https:\/\/printwave.pl\/fr\/wp-json\/wp\/v2\/media?parent=511863"}],"wp:term":[{"taxonomy":"product_brand","embeddable":true,"href":"https:\/\/printwave.pl\/fr\/wp-json\/wp\/v2\/product_brand?post=511863"},{"taxonomy":"product_cat","embeddable":true,"href":"https:\/\/printwave.pl\/fr\/wp-json\/wp\/v2\/product_cat?post=511863"},{"taxonomy":"product_tag","embeddable":true,"href":"https:\/\/printwave.pl\/fr\/wp-json\/wp\/v2\/product_tag?post=511863"}],"curies":[{"name":"wp","href":"https:\/\/api.w.org\/{rel}","templated":true}]}}