{"id":510572,"date":"2025-01-25T21:27:34","date_gmt":"2025-01-25T20:27:34","guid":{"rendered":"https:\/\/printwave.pl\/fr\/produkt\/queen-zipped-hood\/"},"modified":"2026-02-13T15:08:41","modified_gmt":"2026-02-13T14:08:41","slug":"queen-zipped-hood","status":"publish","type":"product","link":"https:\/\/printwave.pl\/fr\/produkt\/queen-zipped-hood\/","title":{"rendered":"QUEEN Zipped Hood"},"content":{"rendered":"<p>\u00b7280 g\/m\u00b2<br \/>\n\u00b780% coton, pr\u00e9-r\u00e9tr\u00e9ci, ringspun et peign\u00e9, 20% polyester<br \/>\n\u00b7Heather Grey: 75% coton, pr\u00e9-r\u00e9tr\u00e9ci, ringspun et peign\u00e9, 21% polyester, 4% viscose<br \/>\n\u00b7Heather Mid Grey: 60% coton, pr\u00e9-r\u00e9tr\u00e9ci, ringspun et peign\u00e9, 40% polyester<br \/>\n\u00b7Tissu toucher peau de p\u00eache avec surface d&rsquo;impression optimis\u00e9e<br \/>\n\u00b7Int\u00e9rieur bross\u00e9<br \/>\n\u00b7Capuche doubl\u00e9e en jersey simple<br \/>\n\u00b7Cordons de serrage plats avec embouts m\u00e9talliques luxueux<br \/>\n\u00b7Bande de propret\u00e9<br \/>\n\u00b7Panneau demi-lune en jersey simple dans le dos<br \/>\n\u00b7Optimisation de la surface d&rsquo;impression gr\u00e2ce \u00e0 une poche d&rsquo;acc\u00e8s \u00e0 fermeture \u00e0 glissi\u00e8re recouverte<br \/>\n\u00b7Poches plaqu\u00e9es<br \/>\n\u00b7Coutures lat\u00e9rales<br \/>\n\u00b7Coupe droite<br \/>\n\u00b7Sans \u00e9tiquette pour faciliter le rebranding<\/p>\n","protected":false},"excerpt":{"rendered":"<p>\u00b7280 g\/m\u00b2 \u00b780% coton, pr\u00e9-r\u00e9tr\u00e9ci, ringspun et peign\u00e9, 20% polyester \u00b7Heather Grey: 75% coton, pr\u00e9-r\u00e9tr\u00e9ci, ringspun et peign\u00e9, 21% polyester,<\/p>\n","protected":false},"featured_media":510567,"comment_status":"open","ping_status":"closed","template":"","meta":[],"product_brand":[],"product_cat":[1862],"product_tag":[],"class_list":{"0":"post-510572","1":"product","2":"type-product","3":"status-publish","4":"has-post-thumbnail","6":"product_cat-sweats-a-capuche","7":"pa_certificats-bsci","8":"pa_certificats-fwf-fair-wear","9":"pa_certificats-oeko-tex-standard-100","10":"pa_couleur-asphalt","11":"pa_couleur-black-pure","12":"pa_couleur-dark-cherry","13":"pa_couleur-heather-grey","14":"pa_couleur-heather-mid-grey","15":"pa_couleur-khaki","16":"pa_couleur-navy","17":"pa_couleur-navy-blue","18":"pa_couleur-red","19":"pa_couleur-royal","20":"pa_couleur-white","21":"pa_groupe-de-produits-avec-capuche","22":"pa_groupe-de-produits-full-zip","23":"pa_groupe-de-produits-sweatshirts","24":"pa_manche-manches-longues","25":"pa_marque-bc","26":"pa_numero-de-style-4458","27":"pa_poids-a-partir-de-220-g-m","28":"pa_sexe-femmes","29":"pa_taille-2xl","30":"pa_taille-3xl","31":"pa_taille-l","32":"pa_taille-m","33":"pa_taille-s","34":"pa_taille-xl","35":"pa_taille-xs","36":"pa_tissu-melange-de-tissu","38":"first","39":"instock","40":"taxable","41":"shipping-taxable","42":"purchasable","43":"product-type-variable"},"yoast_head":"<!-- This site is optimized with the Yoast SEO Premium plugin v20.9 (Yoast SEO v26.3) - https:\/\/yoast.com\/wordpress\/plugins\/seo\/ -->\n<title>QUEEN Zipped Hood | Printwave FR<\/title>\n<meta name=\"robots\" content=\"index, follow, max-snippet:-1, max-image-preview:large, max-video-preview:-1\" \/>\n<link rel=\"canonical\" href=\"https:\/\/printwave.pl\/fr\/produkt\/queen-zipped-hood\/\" \/>\n<meta property=\"og:locale\" content=\"fr_FR\" \/>\n<meta property=\"og:type\" content=\"article\" \/>\n<meta property=\"og:title\" content=\"QUEEN Zipped Hood\" \/>\n<meta property=\"og:description\" content=\"\u00b7280 g\/m\u00b2 \u00b780% coton, pr\u00e9-r\u00e9tr\u00e9ci, ringspun et peign\u00e9, 20% polyester \u00b7Heather Grey: 75% coton, pr\u00e9-r\u00e9tr\u00e9ci, ringspun et peign\u00e9, 21% polyester,\" \/>\n<meta property=\"og:url\" content=\"https:\/\/printwave.pl\/fr\/produkt\/queen-zipped-hood\/\" \/>\n<meta property=\"og:site_name\" content=\"Printwave FR\" \/>\n<meta property=\"article:modified_time\" content=\"2026-02-13T14:08:41+00:00\" \/>\n<meta property=\"og:image\" content=\"https:\/\/printwave.pl\/fr\/wp-content\/uploads\/sites\/4\/2025\/01\/247_42_439_m-2025_01.jpg\" \/>\n\t<meta property=\"og:image:width\" content=\"1024\" \/>\n\t<meta property=\"og:image:height\" content=\"1304\" \/>\n\t<meta property=\"og:image:type\" content=\"image\/jpeg\" \/>\n<meta name=\"twitter:card\" content=\"summary_large_image\" \/>\n<meta name=\"twitter:label1\" content=\"Dur\u00e9e de lecture estim\u00e9e\" \/>\n\t<meta name=\"twitter:data1\" content=\"1 minute\" \/>\n<script type=\"application\/ld+json\" class=\"yoast-schema-graph\">{\"@context\":\"https:\/\/schema.org\",\"@graph\":[{\"@type\":\"WebPage\",\"@id\":\"https:\/\/printwave.pl\/fr\/produkt\/queen-zipped-hood\/\",\"url\":\"https:\/\/printwave.pl\/fr\/produkt\/queen-zipped-hood\/\",\"name\":\"QUEEN Zipped Hood | Printwave FR\",\"isPartOf\":{\"@id\":\"https:\/\/printwave.pl\/fr\/#website\"},\"primaryImageOfPage\":{\"@id\":\"https:\/\/printwave.pl\/fr\/produkt\/queen-zipped-hood\/#primaryimage\"},\"image\":{\"@id\":\"https:\/\/printwave.pl\/fr\/produkt\/queen-zipped-hood\/#primaryimage\"},\"thumbnailUrl\":\"https:\/\/printwave.pl\/fr\/wp-content\/uploads\/sites\/4\/2025\/01\/247_42_439_m-2025_01.jpg\",\"datePublished\":\"2025-01-25T20:27:34+00:00\",\"dateModified\":\"2026-02-13T14:08:41+00:00\",\"breadcrumb\":{\"@id\":\"https:\/\/printwave.pl\/fr\/produkt\/queen-zipped-hood\/#breadcrumb\"},\"inLanguage\":\"fr-FR\",\"potentialAction\":[{\"@type\":\"ReadAction\",\"target\":[\"https:\/\/printwave.pl\/fr\/produkt\/queen-zipped-hood\/\"]}]},{\"@type\":\"ImageObject\",\"inLanguage\":\"fr-FR\",\"@id\":\"https:\/\/printwave.pl\/fr\/produkt\/queen-zipped-hood\/#primaryimage\",\"url\":\"https:\/\/printwave.pl\/fr\/wp-content\/uploads\/sites\/4\/2025\/01\/247_42_439_m-2025_01.jpg\",\"contentUrl\":\"https:\/\/printwave.pl\/fr\/wp-content\/uploads\/sites\/4\/2025\/01\/247_42_439_m-2025_01.jpg\",\"width\":1024,\"height\":1304},{\"@type\":\"BreadcrumbList\",\"@id\":\"https:\/\/printwave.pl\/fr\/produkt\/queen-zipped-hood\/#breadcrumb\",\"itemListElement\":[{\"@type\":\"ListItem\",\"position\":1,\"name\":\"Accueil\",\"item\":\"https:\/\/printwave.pl\/fr\/\"},{\"@type\":\"ListItem\",\"position\":2,\"name\":\"Boutique\",\"item\":\"https:\/\/printwave.pl\/fr\/boutique\/\"},{\"@type\":\"ListItem\",\"position\":3,\"name\":\"QUEEN Zipped Hood\"}]},{\"@type\":\"WebSite\",\"@id\":\"https:\/\/printwave.pl\/fr\/#website\",\"url\":\"https:\/\/printwave.pl\/fr\/\",\"name\":\"Printwave\",\"description\":\"Votre fournisseur de v\u00eatements promotionnels et d&#039;entreprise en Pologne\",\"potentialAction\":[{\"@type\":\"SearchAction\",\"target\":{\"@type\":\"EntryPoint\",\"urlTemplate\":\"https:\/\/printwave.pl\/fr\/?s={search_term_string}\"},\"query-input\":{\"@type\":\"PropertyValueSpecification\",\"valueRequired\":true,\"valueName\":\"search_term_string\"}}],\"inLanguage\":\"fr-FR\"}]}<\/script>\n<!-- \/ Yoast SEO Premium plugin. -->","yoast_head_json":{"title":"QUEEN Zipped Hood | Printwave FR","robots":{"index":"index","follow":"follow","max-snippet":"max-snippet:-1","max-image-preview":"max-image-preview:large","max-video-preview":"max-video-preview:-1"},"canonical":"https:\/\/printwave.pl\/fr\/produkt\/queen-zipped-hood\/","og_locale":"fr_FR","og_type":"article","og_title":"QUEEN Zipped Hood","og_description":"\u00b7280 g\/m\u00b2 \u00b780% coton, pr\u00e9-r\u00e9tr\u00e9ci, ringspun et peign\u00e9, 20% polyester \u00b7Heather Grey: 75% coton, pr\u00e9-r\u00e9tr\u00e9ci, ringspun et peign\u00e9, 21% polyester,","og_url":"https:\/\/printwave.pl\/fr\/produkt\/queen-zipped-hood\/","og_site_name":"Printwave FR","article_modified_time":"2026-02-13T14:08:41+00:00","og_image":[{"width":1024,"height":1304,"url":"https:\/\/printwave.pl\/fr\/wp-content\/uploads\/sites\/4\/2025\/01\/247_42_439_m-2025_01.jpg","type":"image\/jpeg"}],"twitter_card":"summary_large_image","twitter_misc":{"Dur\u00e9e de lecture estim\u00e9e":"1 minute"},"schema":{"@context":"https:\/\/schema.org","@graph":[{"@type":"WebPage","@id":"https:\/\/printwave.pl\/fr\/produkt\/queen-zipped-hood\/","url":"https:\/\/printwave.pl\/fr\/produkt\/queen-zipped-hood\/","name":"QUEEN Zipped Hood | Printwave FR","isPartOf":{"@id":"https:\/\/printwave.pl\/fr\/#website"},"primaryImageOfPage":{"@id":"https:\/\/printwave.pl\/fr\/produkt\/queen-zipped-hood\/#primaryimage"},"image":{"@id":"https:\/\/printwave.pl\/fr\/produkt\/queen-zipped-hood\/#primaryimage"},"thumbnailUrl":"https:\/\/printwave.pl\/fr\/wp-content\/uploads\/sites\/4\/2025\/01\/247_42_439_m-2025_01.jpg","datePublished":"2025-01-25T20:27:34+00:00","dateModified":"2026-02-13T14:08:41+00:00","breadcrumb":{"@id":"https:\/\/printwave.pl\/fr\/produkt\/queen-zipped-hood\/#breadcrumb"},"inLanguage":"fr-FR","potentialAction":[{"@type":"ReadAction","target":["https:\/\/printwave.pl\/fr\/produkt\/queen-zipped-hood\/"]}]},{"@type":"ImageObject","inLanguage":"fr-FR","@id":"https:\/\/printwave.pl\/fr\/produkt\/queen-zipped-hood\/#primaryimage","url":"https:\/\/printwave.pl\/fr\/wp-content\/uploads\/sites\/4\/2025\/01\/247_42_439_m-2025_01.jpg","contentUrl":"https:\/\/printwave.pl\/fr\/wp-content\/uploads\/sites\/4\/2025\/01\/247_42_439_m-2025_01.jpg","width":1024,"height":1304},{"@type":"BreadcrumbList","@id":"https:\/\/printwave.pl\/fr\/produkt\/queen-zipped-hood\/#breadcrumb","itemListElement":[{"@type":"ListItem","position":1,"name":"Accueil","item":"https:\/\/printwave.pl\/fr\/"},{"@type":"ListItem","position":2,"name":"Boutique","item":"https:\/\/printwave.pl\/fr\/boutique\/"},{"@type":"ListItem","position":3,"name":"QUEEN Zipped Hood"}]},{"@type":"WebSite","@id":"https:\/\/printwave.pl\/fr\/#website","url":"https:\/\/printwave.pl\/fr\/","name":"Printwave","description":"Votre fournisseur de v\u00eatements promotionnels et d&#039;entreprise en Pologne","potentialAction":[{"@type":"SearchAction","target":{"@type":"EntryPoint","urlTemplate":"https:\/\/printwave.pl\/fr\/?s={search_term_string}"},"query-input":{"@type":"PropertyValueSpecification","valueRequired":true,"valueName":"search_term_string"}}],"inLanguage":"fr-FR"}]}},"_links":{"self":[{"href":"https:\/\/printwave.pl\/fr\/wp-json\/wp\/v2\/product\/510572","targetHints":{"allow":["GET"]}}],"collection":[{"href":"https:\/\/printwave.pl\/fr\/wp-json\/wp\/v2\/product"}],"about":[{"href":"https:\/\/printwave.pl\/fr\/wp-json\/wp\/v2\/types\/product"}],"replies":[{"embeddable":true,"href":"https:\/\/printwave.pl\/fr\/wp-json\/wp\/v2\/comments?post=510572"}],"wp:featuredmedia":[{"embeddable":true,"href":"https:\/\/printwave.pl\/fr\/wp-json\/wp\/v2\/media\/510567"}],"wp:attachment":[{"href":"https:\/\/printwave.pl\/fr\/wp-json\/wp\/v2\/media?parent=510572"}],"wp:term":[{"taxonomy":"product_brand","embeddable":true,"href":"https:\/\/printwave.pl\/fr\/wp-json\/wp\/v2\/product_brand?post=510572"},{"taxonomy":"product_cat","embeddable":true,"href":"https:\/\/printwave.pl\/fr\/wp-json\/wp\/v2\/product_cat?post=510572"},{"taxonomy":"product_tag","embeddable":true,"href":"https:\/\/printwave.pl\/fr\/wp-json\/wp\/v2\/product_tag?post=510572"}],"curies":[{"name":"wp","href":"https:\/\/api.w.org\/{rel}","templated":true}]}}