{"id":509828,"date":"2025-01-25T21:06:10","date_gmt":"2025-01-25T20:06:10","guid":{"rendered":"https:\/\/printwave.pl\/fr\/produkt\/ladies-hooded-sweat\/"},"modified":"2026-02-13T15:05:49","modified_gmt":"2026-02-13T14:05:49","slug":"ladies-hooded-sweat","status":"publish","type":"product","link":"https:\/\/printwave.pl\/fr\/produkt\/ladies-hooded-sweat\/","title":{"rendered":"Ladies Hooded Sweat"},"content":{"rendered":"<p>\u00b7310 g\/m\u00b2<br \/>\n\u00b770% coton ringspun, 30% polyester<br \/>\n\u00b7coton \u00e9gyptien \u00e0 longues fibres<br \/>\n\u00b7surface douce<br \/>\n\u00b7couleurs \u00e9clatantes gr\u00e2ce \u00e0 une double teinture<br \/>\n\u00b7int\u00e9rieur bross\u00e9<br \/>\n\u00b7bord c\u00f4te en lycra pour un meilleur maintien<br \/>\n\u00b7surpiq\u00fbres<\/p>\n","protected":false},"excerpt":{"rendered":"<p>\u00b7310 g\/m\u00b2 \u00b770% coton ringspun, 30% polyester \u00b7coton \u00e9gyptien \u00e0 longues fibres \u00b7surface douce \u00b7couleurs \u00e9clatantes gr\u00e2ce \u00e0 une double<\/p>\n","protected":false},"featured_media":509821,"comment_status":"open","ping_status":"closed","template":"","meta":[],"product_brand":[],"product_cat":[1862],"product_tag":[85,1863,83,84,1864,898,86],"class_list":{"0":"post-509828","1":"product","2":"type-product","3":"status-publish","4":"has-post-thumbnail","6":"product_cat-sweats-a-capuche","7":"product_tag-a-longue-manche","8":"product_tag-capuche","9":"product_tag-chapeau","10":"product_tag-longue-manche","11":"product_tag-poche-kangourou","12":"product_tag-sweatshirts","13":"product_tag-vetements-dexterieur","14":"pa_certificats-bsci","15":"pa_certificats-oeko-tex-standard-100","16":"pa_certificats-sedex","17":"pa_couleur-black","18":"pa_couleur-dark-grey","19":"pa_couleur-heather-grey","20":"pa_couleur-navy","21":"pa_details-raglan","22":"pa_groupe-de-produits-avec-capuche","23":"pa_groupe-de-produits-lavable-jusqua-60","24":"pa_groupe-de-produits-sweatshirts","25":"pa_manche-raglan","26":"pa_marque-tee-jays","27":"pa_numero-de-style-4452","28":"pa_poids-a-partir-de-220-g-m","29":"pa_sexe-femmes","30":"pa_taille-2xl","31":"pa_taille-l","32":"pa_taille-m","33":"pa_taille-s","34":"pa_taille-xl","35":"pa_tissu-melange-de-tissu","37":"first","38":"instock","39":"taxable","40":"shipping-taxable","41":"purchasable","42":"product-type-variable"},"yoast_head":"<!-- This site is optimized with the Yoast SEO Premium plugin v20.9 (Yoast SEO v26.3) - https:\/\/yoast.com\/wordpress\/plugins\/seo\/ -->\n<title>Ladies Hooded Sweat | Printwave FR<\/title>\n<meta name=\"robots\" content=\"index, follow, max-snippet:-1, max-image-preview:large, max-video-preview:-1\" \/>\n<link rel=\"canonical\" href=\"https:\/\/printwave.pl\/fr\/produkt\/ladies-hooded-sweat\/\" \/>\n<meta property=\"og:locale\" content=\"fr_FR\" \/>\n<meta property=\"og:type\" content=\"article\" \/>\n<meta property=\"og:title\" content=\"Ladies Hooded Sweat\" \/>\n<meta property=\"og:description\" content=\"\u00b7310 g\/m\u00b2 \u00b770% coton ringspun, 30% polyester \u00b7coton \u00e9gyptien \u00e0 longues fibres \u00b7surface douce \u00b7couleurs \u00e9clatantes gr\u00e2ce \u00e0 une double\" \/>\n<meta property=\"og:url\" content=\"https:\/\/printwave.pl\/fr\/produkt\/ladies-hooded-sweat\/\" \/>\n<meta property=\"og:site_name\" content=\"Printwave FR\" \/>\n<meta property=\"article:modified_time\" content=\"2026-02-13T14:05:49+00:00\" \/>\n<meta property=\"og:image\" content=\"https:\/\/printwave.pl\/fr\/wp-content\/uploads\/sites\/4\/2021\/07\/Print-Wave-logo-2025.png\" \/>\n\t<meta property=\"og:image:width\" content=\"1645\" \/>\n\t<meta property=\"og:image:height\" content=\"297\" \/>\n\t<meta property=\"og:image:type\" content=\"image\/png\" \/>\n<meta name=\"twitter:card\" content=\"summary_large_image\" \/>\n<script type=\"application\/ld+json\" class=\"yoast-schema-graph\">{\"@context\":\"https:\/\/schema.org\",\"@graph\":[{\"@type\":\"WebPage\",\"@id\":\"https:\/\/printwave.pl\/fr\/produkt\/ladies-hooded-sweat\/\",\"url\":\"https:\/\/printwave.pl\/fr\/produkt\/ladies-hooded-sweat\/\",\"name\":\"Ladies Hooded Sweat | Printwave FR\",\"isPartOf\":{\"@id\":\"https:\/\/printwave.pl\/fr\/#website\"},\"primaryImageOfPage\":{\"@id\":\"https:\/\/printwave.pl\/fr\/produkt\/ladies-hooded-sweat\/#primaryimage\"},\"image\":{\"@id\":\"https:\/\/printwave.pl\/fr\/produkt\/ladies-hooded-sweat\/#primaryimage\"},\"thumbnailUrl\":\"https:\/\/printwave.pl\/fr\/wp-content\/uploads\/sites\/4\/2025\/01\/249_54_123_m-2025_01.jpg\",\"datePublished\":\"2025-01-25T20:06:10+00:00\",\"dateModified\":\"2026-02-13T14:05:49+00:00\",\"breadcrumb\":{\"@id\":\"https:\/\/printwave.pl\/fr\/produkt\/ladies-hooded-sweat\/#breadcrumb\"},\"inLanguage\":\"fr-FR\",\"potentialAction\":[{\"@type\":\"ReadAction\",\"target\":[\"https:\/\/printwave.pl\/fr\/produkt\/ladies-hooded-sweat\/\"]}]},{\"@type\":\"ImageObject\",\"inLanguage\":\"fr-FR\",\"@id\":\"https:\/\/printwave.pl\/fr\/produkt\/ladies-hooded-sweat\/#primaryimage\",\"url\":\"https:\/\/printwave.pl\/fr\/wp-content\/uploads\/sites\/4\/2025\/01\/249_54_123_m-2025_01.jpg\",\"contentUrl\":\"https:\/\/printwave.pl\/fr\/wp-content\/uploads\/sites\/4\/2025\/01\/249_54_123_m-2025_01.jpg\",\"width\":1024,\"height\":1304},{\"@type\":\"BreadcrumbList\",\"@id\":\"https:\/\/printwave.pl\/fr\/produkt\/ladies-hooded-sweat\/#breadcrumb\",\"itemListElement\":[{\"@type\":\"ListItem\",\"position\":1,\"name\":\"Accueil\",\"item\":\"https:\/\/printwave.pl\/fr\/\"},{\"@type\":\"ListItem\",\"position\":2,\"name\":\"Boutique\",\"item\":\"https:\/\/printwave.pl\/fr\/boutique\/\"},{\"@type\":\"ListItem\",\"position\":3,\"name\":\"Ladies Hooded Sweat\"}]},{\"@type\":\"WebSite\",\"@id\":\"https:\/\/printwave.pl\/fr\/#website\",\"url\":\"https:\/\/printwave.pl\/fr\/\",\"name\":\"Printwave\",\"description\":\"Votre fournisseur de v\u00eatements promotionnels et d&#039;entreprise en Pologne\",\"potentialAction\":[{\"@type\":\"SearchAction\",\"target\":{\"@type\":\"EntryPoint\",\"urlTemplate\":\"https:\/\/printwave.pl\/fr\/?s={search_term_string}\"},\"query-input\":{\"@type\":\"PropertyValueSpecification\",\"valueRequired\":true,\"valueName\":\"search_term_string\"}}],\"inLanguage\":\"fr-FR\"}]}<\/script>\n<!-- \/ Yoast SEO Premium plugin. -->","yoast_head_json":{"title":"Ladies Hooded Sweat | Printwave FR","robots":{"index":"index","follow":"follow","max-snippet":"max-snippet:-1","max-image-preview":"max-image-preview:large","max-video-preview":"max-video-preview:-1"},"canonical":"https:\/\/printwave.pl\/fr\/produkt\/ladies-hooded-sweat\/","og_locale":"fr_FR","og_type":"article","og_title":"Ladies Hooded Sweat","og_description":"\u00b7310 g\/m\u00b2 \u00b770% coton ringspun, 30% polyester \u00b7coton \u00e9gyptien \u00e0 longues fibres \u00b7surface douce \u00b7couleurs \u00e9clatantes gr\u00e2ce \u00e0 une double","og_url":"https:\/\/printwave.pl\/fr\/produkt\/ladies-hooded-sweat\/","og_site_name":"Printwave FR","article_modified_time":"2026-02-13T14:05:49+00:00","og_image":[{"width":1645,"height":297,"url":"https:\/\/printwave.pl\/fr\/wp-content\/uploads\/sites\/4\/2021\/07\/Print-Wave-logo-2025.png","type":"image\/png"}],"twitter_card":"summary_large_image","schema":{"@context":"https:\/\/schema.org","@graph":[{"@type":"WebPage","@id":"https:\/\/printwave.pl\/fr\/produkt\/ladies-hooded-sweat\/","url":"https:\/\/printwave.pl\/fr\/produkt\/ladies-hooded-sweat\/","name":"Ladies Hooded Sweat | Printwave FR","isPartOf":{"@id":"https:\/\/printwave.pl\/fr\/#website"},"primaryImageOfPage":{"@id":"https:\/\/printwave.pl\/fr\/produkt\/ladies-hooded-sweat\/#primaryimage"},"image":{"@id":"https:\/\/printwave.pl\/fr\/produkt\/ladies-hooded-sweat\/#primaryimage"},"thumbnailUrl":"https:\/\/printwave.pl\/fr\/wp-content\/uploads\/sites\/4\/2025\/01\/249_54_123_m-2025_01.jpg","datePublished":"2025-01-25T20:06:10+00:00","dateModified":"2026-02-13T14:05:49+00:00","breadcrumb":{"@id":"https:\/\/printwave.pl\/fr\/produkt\/ladies-hooded-sweat\/#breadcrumb"},"inLanguage":"fr-FR","potentialAction":[{"@type":"ReadAction","target":["https:\/\/printwave.pl\/fr\/produkt\/ladies-hooded-sweat\/"]}]},{"@type":"ImageObject","inLanguage":"fr-FR","@id":"https:\/\/printwave.pl\/fr\/produkt\/ladies-hooded-sweat\/#primaryimage","url":"https:\/\/printwave.pl\/fr\/wp-content\/uploads\/sites\/4\/2025\/01\/249_54_123_m-2025_01.jpg","contentUrl":"https:\/\/printwave.pl\/fr\/wp-content\/uploads\/sites\/4\/2025\/01\/249_54_123_m-2025_01.jpg","width":1024,"height":1304},{"@type":"BreadcrumbList","@id":"https:\/\/printwave.pl\/fr\/produkt\/ladies-hooded-sweat\/#breadcrumb","itemListElement":[{"@type":"ListItem","position":1,"name":"Accueil","item":"https:\/\/printwave.pl\/fr\/"},{"@type":"ListItem","position":2,"name":"Boutique","item":"https:\/\/printwave.pl\/fr\/boutique\/"},{"@type":"ListItem","position":3,"name":"Ladies Hooded Sweat"}]},{"@type":"WebSite","@id":"https:\/\/printwave.pl\/fr\/#website","url":"https:\/\/printwave.pl\/fr\/","name":"Printwave","description":"Votre fournisseur de v\u00eatements promotionnels et d&#039;entreprise en Pologne","potentialAction":[{"@type":"SearchAction","target":{"@type":"EntryPoint","urlTemplate":"https:\/\/printwave.pl\/fr\/?s={search_term_string}"},"query-input":{"@type":"PropertyValueSpecification","valueRequired":true,"valueName":"search_term_string"}}],"inLanguage":"fr-FR"}]}},"_links":{"self":[{"href":"https:\/\/printwave.pl\/fr\/wp-json\/wp\/v2\/product\/509828","targetHints":{"allow":["GET"]}}],"collection":[{"href":"https:\/\/printwave.pl\/fr\/wp-json\/wp\/v2\/product"}],"about":[{"href":"https:\/\/printwave.pl\/fr\/wp-json\/wp\/v2\/types\/product"}],"replies":[{"embeddable":true,"href":"https:\/\/printwave.pl\/fr\/wp-json\/wp\/v2\/comments?post=509828"}],"wp:featuredmedia":[{"embeddable":true,"href":"https:\/\/printwave.pl\/fr\/wp-json\/wp\/v2\/media\/509821"}],"wp:attachment":[{"href":"https:\/\/printwave.pl\/fr\/wp-json\/wp\/v2\/media?parent=509828"}],"wp:term":[{"taxonomy":"product_brand","embeddable":true,"href":"https:\/\/printwave.pl\/fr\/wp-json\/wp\/v2\/product_brand?post=509828"},{"taxonomy":"product_cat","embeddable":true,"href":"https:\/\/printwave.pl\/fr\/wp-json\/wp\/v2\/product_cat?post=509828"},{"taxonomy":"product_tag","embeddable":true,"href":"https:\/\/printwave.pl\/fr\/wp-json\/wp\/v2\/product_tag?post=509828"}],"curies":[{"name":"wp","href":"https:\/\/api.w.org\/{rel}","templated":true}]}}