{"id":509299,"date":"2025-01-25T20:50:17","date_gmt":"2025-01-25T19:50:17","guid":{"rendered":"https:\/\/printwave.pl\/fr\/produkt\/id-334-zip-hood-kids\/"},"modified":"2026-02-13T15:01:16","modified_gmt":"2026-02-13T14:01:16","slug":"id-334-zip-hood-kids","status":"publish","type":"product","link":"https:\/\/printwave.pl\/fr\/produkt\/id-334-zip-hood-kids\/","title":{"rendered":"ID.334 Zip Hood \/kids"},"content":{"rendered":"<p>\u00b7280 g\/m\u00b2<br \/>\n\u00b780% coton (investissement dans le Better Cotton) \/ 20% polyester (recycl\u00e9) &#8211; certifi\u00e9 RCS<br \/>\n\u00b7Con\u00e7u pour les gar\u00e7ons et les filles (non genr\u00e9s), de l&rsquo;enfant \u00e0 l&rsquo;adolescent<br \/>\n\u00b7Coutures lat\u00e9rales<br \/>\n\u00b7Coupe classique, moderne et d\u00e9contract\u00e9e pour toutes les occasions<br \/>\n\u00b7Face 100% coton avec une excellente imprimabilit\u00e9 et un toucher doux<br \/>\n\u00b7Capuche doubl\u00e9e en jersey simple con\u00e7ue par des experts pour un ajustement parfait<br \/>\n\u00b7Pas de cordon de serrage pour plus de s\u00e9curit\u00e9<br \/>\n\u00b7Poche kangourou con\u00e7ue pour un positionnement confortable de la main<br \/>\n\u00b7Poignets et ourlet inf\u00e9rieur classiques en c\u00f4te 1&#215;1 avec \u00e9lasthanne<br \/>\n\u00b7Solution \u00ab B&amp;C No Label \u00bb pour un rebranding facile.<\/p>\n","protected":false},"excerpt":{"rendered":"<p>\u00b7280 g\/m\u00b2 \u00b780% coton (investissement dans le Better Cotton) \/ 20% polyester (recycl\u00e9) &#8211; certifi\u00e9 RCS \u00b7Con\u00e7u pour les gar\u00e7ons<\/p>\n","protected":false},"featured_media":509293,"comment_status":"open","ping_status":"closed","template":"","meta":[],"product_brand":[],"product_cat":[80,2597],"product_tag":[],"class_list":{"0":"post-509299","1":"product","2":"type-product","3":"status-publish","4":"has-post-thumbnail","6":"product_cat-enfants","7":"product_cat-nouveautes-2025","8":"pa_couleur-black","9":"pa_couleur-navy","10":"pa_couleur-sport-grey","11":"pa_eco-recycle","12":"pa_groupe-de-produits-sweatshirts","13":"pa_manche-manches-longues","14":"pa_marque-bc","15":"pa_numero-de-style-4443","16":"pa_poids-a-partir-de-220-g-m","17":"pa_sexe-enfants","18":"pa_taille-12-13-152-158","19":"pa_taille-5-6-110-116","20":"pa_taille-7-8-122-128","21":"pa_taille-9-11-134-146","22":"pa_tissu-melange-de-tissu","24":"first","25":"instock","26":"taxable","27":"shipping-taxable","28":"purchasable","29":"product-type-variable"},"yoast_head":"<!-- This site is optimized with the Yoast SEO Premium plugin v20.9 (Yoast SEO v26.3) - https:\/\/yoast.com\/wordpress\/plugins\/seo\/ -->\n<title>ID.334 Zip Hood \/kids | Printwave FR<\/title>\n<meta name=\"robots\" content=\"index, follow, max-snippet:-1, max-image-preview:large, max-video-preview:-1\" \/>\n<link rel=\"canonical\" href=\"https:\/\/printwave.pl\/fr\/produkt\/id-334-zip-hood-kids\/\" \/>\n<meta property=\"og:locale\" content=\"fr_FR\" \/>\n<meta property=\"og:type\" content=\"article\" \/>\n<meta property=\"og:title\" content=\"ID.334 Zip Hood \/kids\" \/>\n<meta property=\"og:description\" content=\"\u00b7280 g\/m\u00b2 \u00b780% coton (investissement dans le Better Cotton) \/ 20% polyester (recycl\u00e9) &#8211; certifi\u00e9 RCS \u00b7Con\u00e7u pour les gar\u00e7ons\" \/>\n<meta property=\"og:url\" content=\"https:\/\/printwave.pl\/fr\/produkt\/id-334-zip-hood-kids\/\" \/>\n<meta property=\"og:site_name\" content=\"Printwave FR\" \/>\n<meta property=\"article:modified_time\" content=\"2026-02-13T14:01:16+00:00\" \/>\n<meta property=\"og:image\" content=\"https:\/\/printwave.pl\/fr\/wp-content\/uploads\/sites\/4\/2025\/01\/253_42_125_m-2024_03.jpg\" \/>\n\t<meta property=\"og:image:width\" content=\"1024\" \/>\n\t<meta property=\"og:image:height\" content=\"1304\" \/>\n\t<meta property=\"og:image:type\" content=\"image\/jpeg\" \/>\n<meta name=\"twitter:card\" content=\"summary_large_image\" \/>\n<meta name=\"twitter:label1\" content=\"Dur\u00e9e de lecture estim\u00e9e\" \/>\n\t<meta name=\"twitter:data1\" content=\"1 minute\" \/>\n<script type=\"application\/ld+json\" class=\"yoast-schema-graph\">{\"@context\":\"https:\/\/schema.org\",\"@graph\":[{\"@type\":\"WebPage\",\"@id\":\"https:\/\/printwave.pl\/fr\/produkt\/id-334-zip-hood-kids\/\",\"url\":\"https:\/\/printwave.pl\/fr\/produkt\/id-334-zip-hood-kids\/\",\"name\":\"ID.334 Zip Hood \/kids | Printwave FR\",\"isPartOf\":{\"@id\":\"https:\/\/printwave.pl\/fr\/#website\"},\"primaryImageOfPage\":{\"@id\":\"https:\/\/printwave.pl\/fr\/produkt\/id-334-zip-hood-kids\/#primaryimage\"},\"image\":{\"@id\":\"https:\/\/printwave.pl\/fr\/produkt\/id-334-zip-hood-kids\/#primaryimage\"},\"thumbnailUrl\":\"https:\/\/printwave.pl\/fr\/wp-content\/uploads\/sites\/4\/2025\/01\/253_42_125_m-2024_03.jpg\",\"datePublished\":\"2025-01-25T19:50:17+00:00\",\"dateModified\":\"2026-02-13T14:01:16+00:00\",\"breadcrumb\":{\"@id\":\"https:\/\/printwave.pl\/fr\/produkt\/id-334-zip-hood-kids\/#breadcrumb\"},\"inLanguage\":\"fr-FR\",\"potentialAction\":[{\"@type\":\"ReadAction\",\"target\":[\"https:\/\/printwave.pl\/fr\/produkt\/id-334-zip-hood-kids\/\"]}]},{\"@type\":\"ImageObject\",\"inLanguage\":\"fr-FR\",\"@id\":\"https:\/\/printwave.pl\/fr\/produkt\/id-334-zip-hood-kids\/#primaryimage\",\"url\":\"https:\/\/printwave.pl\/fr\/wp-content\/uploads\/sites\/4\/2025\/01\/253_42_125_m-2024_03.jpg\",\"contentUrl\":\"https:\/\/printwave.pl\/fr\/wp-content\/uploads\/sites\/4\/2025\/01\/253_42_125_m-2024_03.jpg\",\"width\":1024,\"height\":1304},{\"@type\":\"BreadcrumbList\",\"@id\":\"https:\/\/printwave.pl\/fr\/produkt\/id-334-zip-hood-kids\/#breadcrumb\",\"itemListElement\":[{\"@type\":\"ListItem\",\"position\":1,\"name\":\"Accueil\",\"item\":\"https:\/\/printwave.pl\/fr\/\"},{\"@type\":\"ListItem\",\"position\":2,\"name\":\"Boutique\",\"item\":\"https:\/\/printwave.pl\/fr\/boutique\/\"},{\"@type\":\"ListItem\",\"position\":3,\"name\":\"ID.334 Zip Hood \/kids\"}]},{\"@type\":\"WebSite\",\"@id\":\"https:\/\/printwave.pl\/fr\/#website\",\"url\":\"https:\/\/printwave.pl\/fr\/\",\"name\":\"Printwave\",\"description\":\"Votre fournisseur de v\u00eatements promotionnels et d&#039;entreprise en Pologne\",\"potentialAction\":[{\"@type\":\"SearchAction\",\"target\":{\"@type\":\"EntryPoint\",\"urlTemplate\":\"https:\/\/printwave.pl\/fr\/?s={search_term_string}\"},\"query-input\":{\"@type\":\"PropertyValueSpecification\",\"valueRequired\":true,\"valueName\":\"search_term_string\"}}],\"inLanguage\":\"fr-FR\"}]}<\/script>\n<!-- \/ Yoast SEO Premium plugin. -->","yoast_head_json":{"title":"ID.334 Zip Hood \/kids | Printwave FR","robots":{"index":"index","follow":"follow","max-snippet":"max-snippet:-1","max-image-preview":"max-image-preview:large","max-video-preview":"max-video-preview:-1"},"canonical":"https:\/\/printwave.pl\/fr\/produkt\/id-334-zip-hood-kids\/","og_locale":"fr_FR","og_type":"article","og_title":"ID.334 Zip Hood \/kids","og_description":"\u00b7280 g\/m\u00b2 \u00b780% coton (investissement dans le Better Cotton) \/ 20% polyester (recycl\u00e9) &#8211; certifi\u00e9 RCS \u00b7Con\u00e7u pour les gar\u00e7ons","og_url":"https:\/\/printwave.pl\/fr\/produkt\/id-334-zip-hood-kids\/","og_site_name":"Printwave FR","article_modified_time":"2026-02-13T14:01:16+00:00","og_image":[{"width":1024,"height":1304,"url":"https:\/\/printwave.pl\/fr\/wp-content\/uploads\/sites\/4\/2025\/01\/253_42_125_m-2024_03.jpg","type":"image\/jpeg"}],"twitter_card":"summary_large_image","twitter_misc":{"Dur\u00e9e de lecture estim\u00e9e":"1 minute"},"schema":{"@context":"https:\/\/schema.org","@graph":[{"@type":"WebPage","@id":"https:\/\/printwave.pl\/fr\/produkt\/id-334-zip-hood-kids\/","url":"https:\/\/printwave.pl\/fr\/produkt\/id-334-zip-hood-kids\/","name":"ID.334 Zip Hood \/kids | Printwave FR","isPartOf":{"@id":"https:\/\/printwave.pl\/fr\/#website"},"primaryImageOfPage":{"@id":"https:\/\/printwave.pl\/fr\/produkt\/id-334-zip-hood-kids\/#primaryimage"},"image":{"@id":"https:\/\/printwave.pl\/fr\/produkt\/id-334-zip-hood-kids\/#primaryimage"},"thumbnailUrl":"https:\/\/printwave.pl\/fr\/wp-content\/uploads\/sites\/4\/2025\/01\/253_42_125_m-2024_03.jpg","datePublished":"2025-01-25T19:50:17+00:00","dateModified":"2026-02-13T14:01:16+00:00","breadcrumb":{"@id":"https:\/\/printwave.pl\/fr\/produkt\/id-334-zip-hood-kids\/#breadcrumb"},"inLanguage":"fr-FR","potentialAction":[{"@type":"ReadAction","target":["https:\/\/printwave.pl\/fr\/produkt\/id-334-zip-hood-kids\/"]}]},{"@type":"ImageObject","inLanguage":"fr-FR","@id":"https:\/\/printwave.pl\/fr\/produkt\/id-334-zip-hood-kids\/#primaryimage","url":"https:\/\/printwave.pl\/fr\/wp-content\/uploads\/sites\/4\/2025\/01\/253_42_125_m-2024_03.jpg","contentUrl":"https:\/\/printwave.pl\/fr\/wp-content\/uploads\/sites\/4\/2025\/01\/253_42_125_m-2024_03.jpg","width":1024,"height":1304},{"@type":"BreadcrumbList","@id":"https:\/\/printwave.pl\/fr\/produkt\/id-334-zip-hood-kids\/#breadcrumb","itemListElement":[{"@type":"ListItem","position":1,"name":"Accueil","item":"https:\/\/printwave.pl\/fr\/"},{"@type":"ListItem","position":2,"name":"Boutique","item":"https:\/\/printwave.pl\/fr\/boutique\/"},{"@type":"ListItem","position":3,"name":"ID.334 Zip Hood \/kids"}]},{"@type":"WebSite","@id":"https:\/\/printwave.pl\/fr\/#website","url":"https:\/\/printwave.pl\/fr\/","name":"Printwave","description":"Votre fournisseur de v\u00eatements promotionnels et d&#039;entreprise en Pologne","potentialAction":[{"@type":"SearchAction","target":{"@type":"EntryPoint","urlTemplate":"https:\/\/printwave.pl\/fr\/?s={search_term_string}"},"query-input":{"@type":"PropertyValueSpecification","valueRequired":true,"valueName":"search_term_string"}}],"inLanguage":"fr-FR"}]}},"_links":{"self":[{"href":"https:\/\/printwave.pl\/fr\/wp-json\/wp\/v2\/product\/509299","targetHints":{"allow":["GET"]}}],"collection":[{"href":"https:\/\/printwave.pl\/fr\/wp-json\/wp\/v2\/product"}],"about":[{"href":"https:\/\/printwave.pl\/fr\/wp-json\/wp\/v2\/types\/product"}],"replies":[{"embeddable":true,"href":"https:\/\/printwave.pl\/fr\/wp-json\/wp\/v2\/comments?post=509299"}],"wp:featuredmedia":[{"embeddable":true,"href":"https:\/\/printwave.pl\/fr\/wp-json\/wp\/v2\/media\/509293"}],"wp:attachment":[{"href":"https:\/\/printwave.pl\/fr\/wp-json\/wp\/v2\/media?parent=509299"}],"wp:term":[{"taxonomy":"product_brand","embeddable":true,"href":"https:\/\/printwave.pl\/fr\/wp-json\/wp\/v2\/product_brand?post=509299"},{"taxonomy":"product_cat","embeddable":true,"href":"https:\/\/printwave.pl\/fr\/wp-json\/wp\/v2\/product_cat?post=509299"},{"taxonomy":"product_tag","embeddable":true,"href":"https:\/\/printwave.pl\/fr\/wp-json\/wp\/v2\/product_tag?post=509299"}],"curies":[{"name":"wp","href":"https:\/\/api.w.org\/{rel}","templated":true}]}}