{"id":508360,"date":"2025-01-25T20:22:08","date_gmt":"2025-01-25T19:22:08","guid":{"rendered":"https:\/\/printwave.pl\/fr\/produkt\/team-zip-hoodie\/"},"modified":"2026-02-13T14:56:14","modified_gmt":"2026-02-13T13:56:14","slug":"team-zip-hoodie","status":"publish","type":"product","link":"https:\/\/printwave.pl\/fr\/produkt\/team-zip-hoodie\/","title":{"rendered":"Team Zip Hoodie"},"content":{"rendered":"<p>\u00b7280 g\/m\u00b2<br \/>\n\u00b750% Polyester, 50% Coton<br \/>\n\u00b7Sport Grey: 70% Coton, 30% Polyester; Charcoal: 60% Coton, 40% Polyester<br \/>\n\u00b7Mod\u00e8le unisexe<br \/>\n\u00b7Colorant r\u00e9actif<br \/>\n\u00b7Capuche doubl\u00e9e avec cordon blanc en polyester<br \/>\n\u00b7Bande de propret\u00e9 blanche<br \/>\n\u00b7Fermeture \u00e9clair YKK en m\u00e9tal avec biais blanc<br \/>\n\u00b7Manches set-in<br \/>\n\u00b7Poche \u00e0 l&rsquo;avant<br \/>\n\u00b7Double surpiq\u00fbre<br \/>\n\u00b7Bord c\u00f4te avec \u00e9lasthanne aux manches et \u00e0 la base<\/p>\n","protected":false},"excerpt":{"rendered":"<p>\u00b7280 g\/m\u00b2 \u00b750% Polyester, 50% Coton \u00b7Sport Grey: 70% Coton, 30% Polyester; Charcoal: 60% Coton, 40% Polyester \u00b7Mod\u00e8le unisexe \u00b7Colorant<\/p>\n","protected":false},"featured_media":508359,"comment_status":"open","ping_status":"closed","template":"","meta":[],"product_brand":[],"product_cat":[455,1862],"product_tag":[85,83,84,898,131,1504,1505,86],"class_list":{"0":"post-508360","1":"product","2":"type-product","3":"status-publish","4":"has-post-thumbnail","6":"product_cat-streetwear","7":"product_cat-sweats-a-capuche","8":"product_tag-a-longue-manche","9":"product_tag-chapeau","10":"product_tag-longue-manche","11":"product_tag-sweatshirts","12":"product_tag-unisexe","13":"product_tag-vestes-en-sweat","14":"product_tag-vestes-en-sweatshirt","15":"product_tag-vetements-dexterieur","16":"pa_certificats-oeko-tex-standard-100","17":"pa_certificats-sa8000","18":"pa_certificats-sedex","19":"pa_certificats-wrap","20":"pa_couleur-black","21":"pa_couleur-navy","22":"pa_couleur-sport-grey","23":"pa_details-fermeture-a-glissiere-complete","24":"pa_details-poches-de-cote","25":"pa_details-set-in","26":"pa_groupe-de-produits-avec-capuche","27":"pa_groupe-de-produits-full-zip","28":"pa_groupe-de-produits-sweatshirts","29":"pa_manche-manches-longues","30":"pa_marque-fdm","31":"pa_numero-de-style-4431","32":"pa_sexe-unisexe","33":"pa_taille-2xl","34":"pa_taille-3xl","35":"pa_taille-l","36":"pa_taille-m","37":"pa_taille-s","38":"pa_taille-xl","39":"pa_tissu-melange-de-tissu","41":"first","42":"instock","43":"taxable","44":"shipping-taxable","45":"purchasable","46":"product-type-variable"},"yoast_head":"<!-- This site is optimized with the Yoast SEO Premium plugin v20.9 (Yoast SEO v26.3) - https:\/\/yoast.com\/wordpress\/plugins\/seo\/ -->\n<title>Team Zip Hoodie | Printwave FR<\/title>\n<meta name=\"robots\" content=\"index, follow, max-snippet:-1, max-image-preview:large, max-video-preview:-1\" \/>\n<link rel=\"canonical\" href=\"https:\/\/printwave.pl\/fr\/produkt\/team-zip-hoodie\/\" \/>\n<meta property=\"og:locale\" content=\"fr_FR\" \/>\n<meta property=\"og:type\" content=\"article\" \/>\n<meta property=\"og:title\" content=\"Team Zip Hoodie\" \/>\n<meta property=\"og:description\" content=\"\u00b7280 g\/m\u00b2 \u00b750% Polyester, 50% Coton \u00b7Sport Grey: 70% Coton, 30% Polyester; Charcoal: 60% Coton, 40% Polyester \u00b7Mod\u00e8le unisexe \u00b7Colorant\" \/>\n<meta property=\"og:url\" content=\"https:\/\/printwave.pl\/fr\/produkt\/team-zip-hoodie\/\" \/>\n<meta property=\"og:site_name\" content=\"Printwave FR\" \/>\n<meta property=\"article:modified_time\" content=\"2026-02-13T13:56:14+00:00\" \/>\n<meta property=\"og:image\" content=\"https:\/\/printwave.pl\/fr\/wp-content\/uploads\/sites\/4\/2025\/01\/266_55_123_m-2022_01.jpg\" \/>\n\t<meta property=\"og:image:width\" content=\"1024\" \/>\n\t<meta property=\"og:image:height\" content=\"1304\" \/>\n\t<meta property=\"og:image:type\" content=\"image\/jpeg\" \/>\n<meta name=\"twitter:card\" content=\"summary_large_image\" \/>\n<script type=\"application\/ld+json\" class=\"yoast-schema-graph\">{\"@context\":\"https:\/\/schema.org\",\"@graph\":[{\"@type\":\"WebPage\",\"@id\":\"https:\/\/printwave.pl\/fr\/produkt\/team-zip-hoodie\/\",\"url\":\"https:\/\/printwave.pl\/fr\/produkt\/team-zip-hoodie\/\",\"name\":\"Team Zip Hoodie | Printwave FR\",\"isPartOf\":{\"@id\":\"https:\/\/printwave.pl\/fr\/#website\"},\"primaryImageOfPage\":{\"@id\":\"https:\/\/printwave.pl\/fr\/produkt\/team-zip-hoodie\/#primaryimage\"},\"image\":{\"@id\":\"https:\/\/printwave.pl\/fr\/produkt\/team-zip-hoodie\/#primaryimage\"},\"thumbnailUrl\":\"https:\/\/printwave.pl\/fr\/wp-content\/uploads\/sites\/4\/2025\/01\/266_55_123_m-2022_01.jpg\",\"datePublished\":\"2025-01-25T19:22:08+00:00\",\"dateModified\":\"2026-02-13T13:56:14+00:00\",\"breadcrumb\":{\"@id\":\"https:\/\/printwave.pl\/fr\/produkt\/team-zip-hoodie\/#breadcrumb\"},\"inLanguage\":\"fr-FR\",\"potentialAction\":[{\"@type\":\"ReadAction\",\"target\":[\"https:\/\/printwave.pl\/fr\/produkt\/team-zip-hoodie\/\"]}]},{\"@type\":\"ImageObject\",\"inLanguage\":\"fr-FR\",\"@id\":\"https:\/\/printwave.pl\/fr\/produkt\/team-zip-hoodie\/#primaryimage\",\"url\":\"https:\/\/printwave.pl\/fr\/wp-content\/uploads\/sites\/4\/2025\/01\/266_55_123_m-2022_01.jpg\",\"contentUrl\":\"https:\/\/printwave.pl\/fr\/wp-content\/uploads\/sites\/4\/2025\/01\/266_55_123_m-2022_01.jpg\",\"width\":1024,\"height\":1304},{\"@type\":\"BreadcrumbList\",\"@id\":\"https:\/\/printwave.pl\/fr\/produkt\/team-zip-hoodie\/#breadcrumb\",\"itemListElement\":[{\"@type\":\"ListItem\",\"position\":1,\"name\":\"Accueil\",\"item\":\"https:\/\/printwave.pl\/fr\/\"},{\"@type\":\"ListItem\",\"position\":2,\"name\":\"Boutique\",\"item\":\"https:\/\/printwave.pl\/fr\/boutique\/\"},{\"@type\":\"ListItem\",\"position\":3,\"name\":\"Team Zip Hoodie\"}]},{\"@type\":\"WebSite\",\"@id\":\"https:\/\/printwave.pl\/fr\/#website\",\"url\":\"https:\/\/printwave.pl\/fr\/\",\"name\":\"Printwave\",\"description\":\"Votre fournisseur de v\u00eatements promotionnels et d&#039;entreprise en Pologne\",\"potentialAction\":[{\"@type\":\"SearchAction\",\"target\":{\"@type\":\"EntryPoint\",\"urlTemplate\":\"https:\/\/printwave.pl\/fr\/?s={search_term_string}\"},\"query-input\":{\"@type\":\"PropertyValueSpecification\",\"valueRequired\":true,\"valueName\":\"search_term_string\"}}],\"inLanguage\":\"fr-FR\"}]}<\/script>\n<!-- \/ Yoast SEO Premium plugin. -->","yoast_head_json":{"title":"Team Zip Hoodie | Printwave FR","robots":{"index":"index","follow":"follow","max-snippet":"max-snippet:-1","max-image-preview":"max-image-preview:large","max-video-preview":"max-video-preview:-1"},"canonical":"https:\/\/printwave.pl\/fr\/produkt\/team-zip-hoodie\/","og_locale":"fr_FR","og_type":"article","og_title":"Team Zip Hoodie","og_description":"\u00b7280 g\/m\u00b2 \u00b750% Polyester, 50% Coton \u00b7Sport Grey: 70% Coton, 30% Polyester; Charcoal: 60% Coton, 40% Polyester \u00b7Mod\u00e8le unisexe \u00b7Colorant","og_url":"https:\/\/printwave.pl\/fr\/produkt\/team-zip-hoodie\/","og_site_name":"Printwave FR","article_modified_time":"2026-02-13T13:56:14+00:00","og_image":[{"width":1024,"height":1304,"url":"https:\/\/printwave.pl\/fr\/wp-content\/uploads\/sites\/4\/2025\/01\/266_55_123_m-2022_01.jpg","type":"image\/jpeg"}],"twitter_card":"summary_large_image","schema":{"@context":"https:\/\/schema.org","@graph":[{"@type":"WebPage","@id":"https:\/\/printwave.pl\/fr\/produkt\/team-zip-hoodie\/","url":"https:\/\/printwave.pl\/fr\/produkt\/team-zip-hoodie\/","name":"Team Zip Hoodie | Printwave FR","isPartOf":{"@id":"https:\/\/printwave.pl\/fr\/#website"},"primaryImageOfPage":{"@id":"https:\/\/printwave.pl\/fr\/produkt\/team-zip-hoodie\/#primaryimage"},"image":{"@id":"https:\/\/printwave.pl\/fr\/produkt\/team-zip-hoodie\/#primaryimage"},"thumbnailUrl":"https:\/\/printwave.pl\/fr\/wp-content\/uploads\/sites\/4\/2025\/01\/266_55_123_m-2022_01.jpg","datePublished":"2025-01-25T19:22:08+00:00","dateModified":"2026-02-13T13:56:14+00:00","breadcrumb":{"@id":"https:\/\/printwave.pl\/fr\/produkt\/team-zip-hoodie\/#breadcrumb"},"inLanguage":"fr-FR","potentialAction":[{"@type":"ReadAction","target":["https:\/\/printwave.pl\/fr\/produkt\/team-zip-hoodie\/"]}]},{"@type":"ImageObject","inLanguage":"fr-FR","@id":"https:\/\/printwave.pl\/fr\/produkt\/team-zip-hoodie\/#primaryimage","url":"https:\/\/printwave.pl\/fr\/wp-content\/uploads\/sites\/4\/2025\/01\/266_55_123_m-2022_01.jpg","contentUrl":"https:\/\/printwave.pl\/fr\/wp-content\/uploads\/sites\/4\/2025\/01\/266_55_123_m-2022_01.jpg","width":1024,"height":1304},{"@type":"BreadcrumbList","@id":"https:\/\/printwave.pl\/fr\/produkt\/team-zip-hoodie\/#breadcrumb","itemListElement":[{"@type":"ListItem","position":1,"name":"Accueil","item":"https:\/\/printwave.pl\/fr\/"},{"@type":"ListItem","position":2,"name":"Boutique","item":"https:\/\/printwave.pl\/fr\/boutique\/"},{"@type":"ListItem","position":3,"name":"Team Zip Hoodie"}]},{"@type":"WebSite","@id":"https:\/\/printwave.pl\/fr\/#website","url":"https:\/\/printwave.pl\/fr\/","name":"Printwave","description":"Votre fournisseur de v\u00eatements promotionnels et d&#039;entreprise en Pologne","potentialAction":[{"@type":"SearchAction","target":{"@type":"EntryPoint","urlTemplate":"https:\/\/printwave.pl\/fr\/?s={search_term_string}"},"query-input":{"@type":"PropertyValueSpecification","valueRequired":true,"valueName":"search_term_string"}}],"inLanguage":"fr-FR"}]}},"_links":{"self":[{"href":"https:\/\/printwave.pl\/fr\/wp-json\/wp\/v2\/product\/508360","targetHints":{"allow":["GET"]}}],"collection":[{"href":"https:\/\/printwave.pl\/fr\/wp-json\/wp\/v2\/product"}],"about":[{"href":"https:\/\/printwave.pl\/fr\/wp-json\/wp\/v2\/types\/product"}],"replies":[{"embeddable":true,"href":"https:\/\/printwave.pl\/fr\/wp-json\/wp\/v2\/comments?post=508360"}],"wp:featuredmedia":[{"embeddable":true,"href":"https:\/\/printwave.pl\/fr\/wp-json\/wp\/v2\/media\/508359"}],"wp:attachment":[{"href":"https:\/\/printwave.pl\/fr\/wp-json\/wp\/v2\/media?parent=508360"}],"wp:term":[{"taxonomy":"product_brand","embeddable":true,"href":"https:\/\/printwave.pl\/fr\/wp-json\/wp\/v2\/product_brand?post=508360"},{"taxonomy":"product_cat","embeddable":true,"href":"https:\/\/printwave.pl\/fr\/wp-json\/wp\/v2\/product_cat?post=508360"},{"taxonomy":"product_tag","embeddable":true,"href":"https:\/\/printwave.pl\/fr\/wp-json\/wp\/v2\/product_tag?post=508360"}],"curies":[{"name":"wp","href":"https:\/\/api.w.org\/{rel}","templated":true}]}}