{"id":504230,"date":"2025-01-25T18:22:08","date_gmt":"2025-01-25T17:22:08","guid":{"rendered":"https:\/\/printwave.pl\/fr\/produkt\/heavy-blend-adult-hooded-sweatshirt\/"},"modified":"2026-02-13T14:37:26","modified_gmt":"2026-02-13T13:37:26","slug":"heavy-blend-adult-hooded-sweatshirt","status":"publish","type":"product","link":"https:\/\/printwave.pl\/fr\/produkt\/heavy-blend-adult-hooded-sweatshirt\/","title":{"rendered":"Heavy Blend Adult Hooded Sweatshirt"},"content":{"rendered":"<p>\u00b7280 g\/m\u00b2 (White: 255 g\/m\u00b2)<br \/>\n\u00b750% coton, 50% polyester<br \/>\n\u00b7Heather Sport couleurs: 60% polyester, 40% coton<br \/>\n\u00b7fil open end<br \/>\n\u00b7capuche doubl\u00e9e avec lien coulissant de m\u00eame couleur<br \/>\n\u00b7manches set-in<br \/>\n\u00b7poche kangourou plaqu\u00e9e<br \/>\n\u00b7bord \u00e9lastiqu\u00e9 aux poignets et \u00e0 la base<br \/>\n\u00b7structure tubulaire<br \/>\n\u00b7coupe classique<\/p>\n","protected":false},"excerpt":{"rendered":"<p>\u00b7280 g\/m\u00b2 (White: 255 g\/m\u00b2) \u00b750% coton, 50% polyester \u00b7Heather Sport couleurs: 60% polyester, 40% coton \u00b7fil open end \u00b7capuche<\/p>\n","protected":false},"featured_media":504227,"comment_status":"open","ping_status":"closed","template":"","meta":[],"product_brand":[],"product_cat":[128,1862],"product_tag":[85,1863,83,84,1864,898,86],"class_list":{"0":"post-504230","1":"product","2":"type-product","3":"status-publish","4":"has-post-thumbnail","6":"product_cat-meilleures-ventes","7":"product_cat-sweats-a-capuche","8":"product_tag-a-longue-manche","9":"product_tag-capuche","10":"product_tag-chapeau","11":"product_tag-longue-manche","12":"product_tag-poche-kangourou","13":"product_tag-sweatshirts","14":"product_tag-vetements-dexterieur","15":"pa_certificats-oeko-tex-standard-100","16":"pa_certificats-sedex","17":"pa_certificats-wrap","18":"pa_couleur-antique-cherry-red","19":"pa_couleur-antique-sapphire","20":"pa_couleur-ash-grey","21":"pa_couleur-azalea","22":"pa_couleur-black","23":"pa_couleur-carolina-blue","24":"pa_couleur-charcoal","25":"pa_couleur-cherry-red","26":"pa_couleur-dark-chocolate","27":"pa_couleur-dark-heather","28":"pa_couleur-forest-green","29":"pa_couleur-garnet","30":"pa_couleur-gold","31":"pa_couleur-graphite-heather","32":"pa_couleur-heather-sport-royal","33":"pa_couleur-heliconia","34":"pa_couleur-indigo-blue","35":"pa_couleur-irish-green","36":"pa_couleur-light-blue","37":"pa_couleur-light-pink","38":"pa_couleur-maroon","39":"pa_couleur-military-green","40":"pa_couleur-mint-green","41":"pa_couleur-navy","42":"pa_couleur-old-gold","43":"pa_couleur-orange","44":"pa_couleur-orchid","45":"pa_couleur-paprika","46":"pa_couleur-purple","47":"pa_couleur-red","48":"pa_couleur-royal","49":"pa_couleur-s-orange","50":"pa_couleur-safety-green","51":"pa_couleur-sand","52":"pa_couleur-sapphire","53":"pa_couleur-sport-grey","54":"pa_couleur-violet","55":"pa_couleur-white","56":"pa_details-coutures-laterales","57":"pa_groupe-de-produits-4xl-et-plus","58":"pa_groupe-de-produits-avec-capuche","59":"pa_groupe-de-produits-construction-tubulaire","60":"pa_groupe-de-produits-sweatshirts","61":"pa_manche-set-in","62":"pa_marque-gildan","63":"pa_numero-de-style-4395","64":"pa_poids-a-partir-de-220-g-m","65":"pa_sexe-unisexe","66":"pa_taille-2xl","67":"pa_taille-3xl","68":"pa_taille-4xl","69":"pa_taille-5xl","70":"pa_taille-l","71":"pa_taille-m","72":"pa_taille-s","73":"pa_taille-xl","74":"pa_tissu-melange-de-tissu","76":"first","77":"instock","78":"taxable","79":"shipping-taxable","80":"purchasable","81":"product-type-variable"},"yoast_head":"<!-- This site is optimized with the Yoast SEO Premium plugin v20.9 (Yoast SEO v26.3) - https:\/\/yoast.com\/wordpress\/plugins\/seo\/ -->\n<title>Heavy Blend Adult Hooded Sweatshirt | Printwave FR<\/title>\n<meta name=\"robots\" content=\"index, follow, max-snippet:-1, max-image-preview:large, max-video-preview:-1\" \/>\n<link rel=\"canonical\" href=\"https:\/\/printwave.pl\/fr\/produkt\/heavy-blend-adult-hooded-sweatshirt\/\" \/>\n<meta property=\"og:locale\" content=\"fr_FR\" \/>\n<meta property=\"og:type\" content=\"article\" \/>\n<meta property=\"og:title\" content=\"Heavy Blend Adult Hooded Sweatshirt\" \/>\n<meta property=\"og:description\" content=\"\u00b7280 g\/m\u00b2 (White: 255 g\/m\u00b2) \u00b750% coton, 50% polyester \u00b7Heather Sport couleurs: 60% polyester, 40% coton \u00b7fil open end \u00b7capuche\" \/>\n<meta property=\"og:url\" content=\"https:\/\/printwave.pl\/fr\/produkt\/heavy-blend-adult-hooded-sweatshirt\/\" \/>\n<meta property=\"og:site_name\" content=\"Printwave FR\" \/>\n<meta property=\"article:modified_time\" content=\"2026-02-13T13:37:26+00:00\" \/>\n<meta property=\"og:image\" content=\"https:\/\/printwave.pl\/fr\/wp-content\/uploads\/sites\/4\/2025\/01\/290_09_514_m-2023_01.jpg\" \/>\n\t<meta property=\"og:image:width\" content=\"1024\" \/>\n\t<meta property=\"og:image:height\" content=\"1304\" \/>\n\t<meta property=\"og:image:type\" content=\"image\/jpeg\" \/>\n<meta name=\"twitter:card\" content=\"summary_large_image\" \/>\n<script type=\"application\/ld+json\" class=\"yoast-schema-graph\">{\"@context\":\"https:\/\/schema.org\",\"@graph\":[{\"@type\":\"WebPage\",\"@id\":\"https:\/\/printwave.pl\/fr\/produkt\/heavy-blend-adult-hooded-sweatshirt\/\",\"url\":\"https:\/\/printwave.pl\/fr\/produkt\/heavy-blend-adult-hooded-sweatshirt\/\",\"name\":\"Heavy Blend Adult Hooded Sweatshirt | Printwave FR\",\"isPartOf\":{\"@id\":\"https:\/\/printwave.pl\/fr\/#website\"},\"primaryImageOfPage\":{\"@id\":\"https:\/\/printwave.pl\/fr\/produkt\/heavy-blend-adult-hooded-sweatshirt\/#primaryimage\"},\"image\":{\"@id\":\"https:\/\/printwave.pl\/fr\/produkt\/heavy-blend-adult-hooded-sweatshirt\/#primaryimage\"},\"thumbnailUrl\":\"https:\/\/printwave.pl\/fr\/wp-content\/uploads\/sites\/4\/2025\/01\/290_09_514_m-2023_01.jpg\",\"datePublished\":\"2025-01-25T17:22:08+00:00\",\"dateModified\":\"2026-02-13T13:37:26+00:00\",\"breadcrumb\":{\"@id\":\"https:\/\/printwave.pl\/fr\/produkt\/heavy-blend-adult-hooded-sweatshirt\/#breadcrumb\"},\"inLanguage\":\"fr-FR\",\"potentialAction\":[{\"@type\":\"ReadAction\",\"target\":[\"https:\/\/printwave.pl\/fr\/produkt\/heavy-blend-adult-hooded-sweatshirt\/\"]}]},{\"@type\":\"ImageObject\",\"inLanguage\":\"fr-FR\",\"@id\":\"https:\/\/printwave.pl\/fr\/produkt\/heavy-blend-adult-hooded-sweatshirt\/#primaryimage\",\"url\":\"https:\/\/printwave.pl\/fr\/wp-content\/uploads\/sites\/4\/2025\/01\/290_09_514_m-2023_01.jpg\",\"contentUrl\":\"https:\/\/printwave.pl\/fr\/wp-content\/uploads\/sites\/4\/2025\/01\/290_09_514_m-2023_01.jpg\",\"width\":1024,\"height\":1304},{\"@type\":\"BreadcrumbList\",\"@id\":\"https:\/\/printwave.pl\/fr\/produkt\/heavy-blend-adult-hooded-sweatshirt\/#breadcrumb\",\"itemListElement\":[{\"@type\":\"ListItem\",\"position\":1,\"name\":\"Accueil\",\"item\":\"https:\/\/printwave.pl\/fr\/\"},{\"@type\":\"ListItem\",\"position\":2,\"name\":\"Boutique\",\"item\":\"https:\/\/printwave.pl\/fr\/boutique\/\"},{\"@type\":\"ListItem\",\"position\":3,\"name\":\"Heavy Blend Adult Hooded Sweatshirt\"}]},{\"@type\":\"WebSite\",\"@id\":\"https:\/\/printwave.pl\/fr\/#website\",\"url\":\"https:\/\/printwave.pl\/fr\/\",\"name\":\"Printwave\",\"description\":\"Votre fournisseur de v\u00eatements promotionnels et d&#039;entreprise en Pologne\",\"potentialAction\":[{\"@type\":\"SearchAction\",\"target\":{\"@type\":\"EntryPoint\",\"urlTemplate\":\"https:\/\/printwave.pl\/fr\/?s={search_term_string}\"},\"query-input\":{\"@type\":\"PropertyValueSpecification\",\"valueRequired\":true,\"valueName\":\"search_term_string\"}}],\"inLanguage\":\"fr-FR\"}]}<\/script>\n<!-- \/ Yoast SEO Premium plugin. -->","yoast_head_json":{"title":"Heavy Blend Adult Hooded Sweatshirt | Printwave FR","robots":{"index":"index","follow":"follow","max-snippet":"max-snippet:-1","max-image-preview":"max-image-preview:large","max-video-preview":"max-video-preview:-1"},"canonical":"https:\/\/printwave.pl\/fr\/produkt\/heavy-blend-adult-hooded-sweatshirt\/","og_locale":"fr_FR","og_type":"article","og_title":"Heavy Blend Adult Hooded Sweatshirt","og_description":"\u00b7280 g\/m\u00b2 (White: 255 g\/m\u00b2) \u00b750% coton, 50% polyester \u00b7Heather Sport couleurs: 60% polyester, 40% coton \u00b7fil open end \u00b7capuche","og_url":"https:\/\/printwave.pl\/fr\/produkt\/heavy-blend-adult-hooded-sweatshirt\/","og_site_name":"Printwave FR","article_modified_time":"2026-02-13T13:37:26+00:00","og_image":[{"width":1024,"height":1304,"url":"https:\/\/printwave.pl\/fr\/wp-content\/uploads\/sites\/4\/2025\/01\/290_09_514_m-2023_01.jpg","type":"image\/jpeg"}],"twitter_card":"summary_large_image","schema":{"@context":"https:\/\/schema.org","@graph":[{"@type":"WebPage","@id":"https:\/\/printwave.pl\/fr\/produkt\/heavy-blend-adult-hooded-sweatshirt\/","url":"https:\/\/printwave.pl\/fr\/produkt\/heavy-blend-adult-hooded-sweatshirt\/","name":"Heavy Blend Adult Hooded Sweatshirt | Printwave FR","isPartOf":{"@id":"https:\/\/printwave.pl\/fr\/#website"},"primaryImageOfPage":{"@id":"https:\/\/printwave.pl\/fr\/produkt\/heavy-blend-adult-hooded-sweatshirt\/#primaryimage"},"image":{"@id":"https:\/\/printwave.pl\/fr\/produkt\/heavy-blend-adult-hooded-sweatshirt\/#primaryimage"},"thumbnailUrl":"https:\/\/printwave.pl\/fr\/wp-content\/uploads\/sites\/4\/2025\/01\/290_09_514_m-2023_01.jpg","datePublished":"2025-01-25T17:22:08+00:00","dateModified":"2026-02-13T13:37:26+00:00","breadcrumb":{"@id":"https:\/\/printwave.pl\/fr\/produkt\/heavy-blend-adult-hooded-sweatshirt\/#breadcrumb"},"inLanguage":"fr-FR","potentialAction":[{"@type":"ReadAction","target":["https:\/\/printwave.pl\/fr\/produkt\/heavy-blend-adult-hooded-sweatshirt\/"]}]},{"@type":"ImageObject","inLanguage":"fr-FR","@id":"https:\/\/printwave.pl\/fr\/produkt\/heavy-blend-adult-hooded-sweatshirt\/#primaryimage","url":"https:\/\/printwave.pl\/fr\/wp-content\/uploads\/sites\/4\/2025\/01\/290_09_514_m-2023_01.jpg","contentUrl":"https:\/\/printwave.pl\/fr\/wp-content\/uploads\/sites\/4\/2025\/01\/290_09_514_m-2023_01.jpg","width":1024,"height":1304},{"@type":"BreadcrumbList","@id":"https:\/\/printwave.pl\/fr\/produkt\/heavy-blend-adult-hooded-sweatshirt\/#breadcrumb","itemListElement":[{"@type":"ListItem","position":1,"name":"Accueil","item":"https:\/\/printwave.pl\/fr\/"},{"@type":"ListItem","position":2,"name":"Boutique","item":"https:\/\/printwave.pl\/fr\/boutique\/"},{"@type":"ListItem","position":3,"name":"Heavy Blend Adult Hooded Sweatshirt"}]},{"@type":"WebSite","@id":"https:\/\/printwave.pl\/fr\/#website","url":"https:\/\/printwave.pl\/fr\/","name":"Printwave","description":"Votre fournisseur de v\u00eatements promotionnels et d&#039;entreprise en Pologne","potentialAction":[{"@type":"SearchAction","target":{"@type":"EntryPoint","urlTemplate":"https:\/\/printwave.pl\/fr\/?s={search_term_string}"},"query-input":{"@type":"PropertyValueSpecification","valueRequired":true,"valueName":"search_term_string"}}],"inLanguage":"fr-FR"}]}},"_links":{"self":[{"href":"https:\/\/printwave.pl\/fr\/wp-json\/wp\/v2\/product\/504230","targetHints":{"allow":["GET"]}}],"collection":[{"href":"https:\/\/printwave.pl\/fr\/wp-json\/wp\/v2\/product"}],"about":[{"href":"https:\/\/printwave.pl\/fr\/wp-json\/wp\/v2\/types\/product"}],"replies":[{"embeddable":true,"href":"https:\/\/printwave.pl\/fr\/wp-json\/wp\/v2\/comments?post=504230"}],"wp:featuredmedia":[{"embeddable":true,"href":"https:\/\/printwave.pl\/fr\/wp-json\/wp\/v2\/media\/504227"}],"wp:attachment":[{"href":"https:\/\/printwave.pl\/fr\/wp-json\/wp\/v2\/media?parent=504230"}],"wp:term":[{"taxonomy":"product_brand","embeddable":true,"href":"https:\/\/printwave.pl\/fr\/wp-json\/wp\/v2\/product_brand?post=504230"},{"taxonomy":"product_cat","embeddable":true,"href":"https:\/\/printwave.pl\/fr\/wp-json\/wp\/v2\/product_cat?post=504230"},{"taxonomy":"product_tag","embeddable":true,"href":"https:\/\/printwave.pl\/fr\/wp-json\/wp\/v2\/product_tag?post=504230"}],"curies":[{"name":"wp","href":"https:\/\/api.w.org\/{rel}","templated":true}]}}