{"id":504100,"date":"2025-01-25T18:18:21","date_gmt":"2025-01-25T17:18:21","guid":{"rendered":"https:\/\/printwave.pl\/fr\/produkt\/unisex-hoodie\/"},"modified":"2026-02-08T06:53:04","modified_gmt":"2026-02-08T05:53:04","slug":"unisex-hoodie","status":"publish","type":"product","link":"https:\/\/printwave.pl\/fr\/produkt\/unisex-hoodie\/","title":{"rendered":"Unisex Hoodie"},"content":{"rendered":"<p>\u00b7280 g\/m\u00b2<br \/>\n\u00b750% coton, 50% polyester<br \/>\n\u00b7Heather Grey: 78% coton, 22% polyester<br \/>\n\u00b7Int\u00e9rieur bross\u00e9<br \/>\n\u00b7Capuche \u00e0 2 panneaux avec doublure dans le m\u00eame tissu<br \/>\n\u00b7Cordon plat ton sur ton<br \/>\n\u00b7Bande de propret\u00e9 au niveau du cou<br \/>\n\u00b7Manches Set-In<br \/>\n\u00b7Ourlet et poignets c\u00f4tel\u00e9s<br \/>\n\u00b7Renforts sur l&rsquo;ouverture des poches en haut et en bas pour une meilleure r\u00e9sistance<br \/>\n\u00b7Coutures lat\u00e9rales<br \/>\n\u00b7Style sans \u00e9tiquette, \u00e9tiquette de taille d\u00e9centr\u00e9e dans le cou<br \/>\n\u00b7Lavable \u00e0 60\u00b0C<br \/>\n\u00b7La couleur CHARCOAL est renomm\u00e9e DARK GREY, la couleur NAVY est renomm\u00e9e DARK NAVY (seuls les noms changent, les nuances de couleurs restent les m\u00eames).<\/p>\n","protected":false},"excerpt":{"rendered":"<p>\u00b7280 g\/m\u00b2 \u00b750% coton, 50% polyester \u00b7Heather Grey: 78% coton, 22% polyester \u00b7Int\u00e9rieur bross\u00e9 \u00b7Capuche \u00e0 2 panneaux avec doublure<\/p>\n","protected":false},"featured_media":504092,"comment_status":"open","ping_status":"closed","template":"","meta":[],"product_brand":[],"product_cat":[41,128,112,1862,43],"product_tag":[],"class_list":{"0":"post-504100","1":"product","2":"type-product","3":"status-publish","4":"has-post-thumbnail","6":"product_cat-lavable-jusqua-60c","7":"product_cat-meilleures-ventes","8":"product_cat-sans-etiquette","9":"product_cat-sweats-a-capuche","10":"product_cat-vetements-de-travail","11":"pa_certificats-oeko-tex-standard-100","12":"pa_certificats-sedex","13":"pa_certificats-wrap","14":"pa_couleur-black","15":"pa_couleur-burgundy","16":"pa_couleur-dark-grey","17":"pa_couleur-dark-navy","18":"pa_couleur-heather-grey","19":"pa_couleur-red","20":"pa_couleur-white","21":"pa_details-coutures-laterales","22":"pa_groupe-de-produits-4xl-et-plus","23":"pa_groupe-de-produits-avec-capuche","24":"pa_groupe-de-produits-lavable-jusqua-60","25":"pa_groupe-de-produits-sweatshirts","26":"pa_manche-manches-longues","27":"pa_marque-sg-essentials","28":"pa_numero-de-style-4394","29":"pa_poids-a-partir-de-220-g-m","30":"pa_sexe-unisexe","31":"pa_taille-2xl","32":"pa_taille-3xl","33":"pa_taille-4xl","34":"pa_taille-5xl","35":"pa_taille-l","36":"pa_taille-m","37":"pa_taille-s","38":"pa_taille-xl","39":"pa_taille-xs","40":"pa_tissu-melange-de-tissu","42":"first","43":"instock","44":"taxable","45":"shipping-taxable","46":"purchasable","47":"product-type-variable"},"yoast_head":"<!-- This site is optimized with the Yoast SEO Premium plugin v20.9 (Yoast SEO v26.3) - https:\/\/yoast.com\/wordpress\/plugins\/seo\/ -->\n<title>Unisex Hoodie | Printwave FR<\/title>\n<meta name=\"robots\" content=\"index, follow, max-snippet:-1, max-image-preview:large, max-video-preview:-1\" \/>\n<link rel=\"canonical\" href=\"https:\/\/printwave.pl\/fr\/produkt\/unisex-hoodie\/\" \/>\n<meta property=\"og:locale\" content=\"fr_FR\" \/>\n<meta property=\"og:type\" content=\"article\" \/>\n<meta property=\"og:title\" content=\"Unisex Hoodie\" \/>\n<meta property=\"og:description\" content=\"\u00b7280 g\/m\u00b2 \u00b750% coton, 50% polyester \u00b7Heather Grey: 78% coton, 22% polyester \u00b7Int\u00e9rieur bross\u00e9 \u00b7Capuche \u00e0 2 panneaux avec doublure\" \/>\n<meta property=\"og:url\" content=\"https:\/\/printwave.pl\/fr\/produkt\/unisex-hoodie\/\" \/>\n<meta property=\"og:site_name\" content=\"Printwave FR\" \/>\n<meta property=\"article:modified_time\" content=\"2026-02-08T05:53:04+00:00\" \/>\n<meta property=\"og:image\" content=\"https:\/\/printwave.pl\/fr\/wp-content\/uploads\/sites\/4\/2025\/01\/290_52_m-2023_01.jpg\" \/>\n\t<meta property=\"og:image:width\" content=\"1024\" \/>\n\t<meta property=\"og:image:height\" content=\"1304\" \/>\n\t<meta property=\"og:image:type\" content=\"image\/jpeg\" \/>\n<meta name=\"twitter:card\" content=\"summary_large_image\" \/>\n<meta name=\"twitter:label1\" content=\"Dur\u00e9e de lecture estim\u00e9e\" \/>\n\t<meta name=\"twitter:data1\" content=\"1 minute\" \/>\n<script type=\"application\/ld+json\" class=\"yoast-schema-graph\">{\"@context\":\"https:\/\/schema.org\",\"@graph\":[{\"@type\":\"WebPage\",\"@id\":\"https:\/\/printwave.pl\/fr\/produkt\/unisex-hoodie\/\",\"url\":\"https:\/\/printwave.pl\/fr\/produkt\/unisex-hoodie\/\",\"name\":\"Unisex Hoodie | Printwave FR\",\"isPartOf\":{\"@id\":\"https:\/\/printwave.pl\/fr\/#website\"},\"primaryImageOfPage\":{\"@id\":\"https:\/\/printwave.pl\/fr\/produkt\/unisex-hoodie\/#primaryimage\"},\"image\":{\"@id\":\"https:\/\/printwave.pl\/fr\/produkt\/unisex-hoodie\/#primaryimage\"},\"thumbnailUrl\":\"https:\/\/printwave.pl\/fr\/wp-content\/uploads\/sites\/4\/2025\/01\/290_52_m-2023_01.jpg\",\"datePublished\":\"2025-01-25T17:18:21+00:00\",\"dateModified\":\"2026-02-08T05:53:04+00:00\",\"breadcrumb\":{\"@id\":\"https:\/\/printwave.pl\/fr\/produkt\/unisex-hoodie\/#breadcrumb\"},\"inLanguage\":\"fr-FR\",\"potentialAction\":[{\"@type\":\"ReadAction\",\"target\":[\"https:\/\/printwave.pl\/fr\/produkt\/unisex-hoodie\/\"]}]},{\"@type\":\"ImageObject\",\"inLanguage\":\"fr-FR\",\"@id\":\"https:\/\/printwave.pl\/fr\/produkt\/unisex-hoodie\/#primaryimage\",\"url\":\"https:\/\/printwave.pl\/fr\/wp-content\/uploads\/sites\/4\/2025\/01\/290_52_m-2023_01.jpg\",\"contentUrl\":\"https:\/\/printwave.pl\/fr\/wp-content\/uploads\/sites\/4\/2025\/01\/290_52_m-2023_01.jpg\",\"width\":1024,\"height\":1304},{\"@type\":\"BreadcrumbList\",\"@id\":\"https:\/\/printwave.pl\/fr\/produkt\/unisex-hoodie\/#breadcrumb\",\"itemListElement\":[{\"@type\":\"ListItem\",\"position\":1,\"name\":\"Accueil\",\"item\":\"https:\/\/printwave.pl\/fr\/\"},{\"@type\":\"ListItem\",\"position\":2,\"name\":\"Boutique\",\"item\":\"https:\/\/printwave.pl\/fr\/boutique\/\"},{\"@type\":\"ListItem\",\"position\":3,\"name\":\"Unisex Hoodie\"}]},{\"@type\":\"WebSite\",\"@id\":\"https:\/\/printwave.pl\/fr\/#website\",\"url\":\"https:\/\/printwave.pl\/fr\/\",\"name\":\"Printwave\",\"description\":\"Votre fournisseur de v\u00eatements promotionnels et d&#039;entreprise en Pologne\",\"potentialAction\":[{\"@type\":\"SearchAction\",\"target\":{\"@type\":\"EntryPoint\",\"urlTemplate\":\"https:\/\/printwave.pl\/fr\/?s={search_term_string}\"},\"query-input\":{\"@type\":\"PropertyValueSpecification\",\"valueRequired\":true,\"valueName\":\"search_term_string\"}}],\"inLanguage\":\"fr-FR\"}]}<\/script>\n<!-- \/ Yoast SEO Premium plugin. -->","yoast_head_json":{"title":"Unisex Hoodie | Printwave FR","robots":{"index":"index","follow":"follow","max-snippet":"max-snippet:-1","max-image-preview":"max-image-preview:large","max-video-preview":"max-video-preview:-1"},"canonical":"https:\/\/printwave.pl\/fr\/produkt\/unisex-hoodie\/","og_locale":"fr_FR","og_type":"article","og_title":"Unisex Hoodie","og_description":"\u00b7280 g\/m\u00b2 \u00b750% coton, 50% polyester \u00b7Heather Grey: 78% coton, 22% polyester \u00b7Int\u00e9rieur bross\u00e9 \u00b7Capuche \u00e0 2 panneaux avec doublure","og_url":"https:\/\/printwave.pl\/fr\/produkt\/unisex-hoodie\/","og_site_name":"Printwave FR","article_modified_time":"2026-02-08T05:53:04+00:00","og_image":[{"width":1024,"height":1304,"url":"https:\/\/printwave.pl\/fr\/wp-content\/uploads\/sites\/4\/2025\/01\/290_52_m-2023_01.jpg","type":"image\/jpeg"}],"twitter_card":"summary_large_image","twitter_misc":{"Dur\u00e9e de lecture estim\u00e9e":"1 minute"},"schema":{"@context":"https:\/\/schema.org","@graph":[{"@type":"WebPage","@id":"https:\/\/printwave.pl\/fr\/produkt\/unisex-hoodie\/","url":"https:\/\/printwave.pl\/fr\/produkt\/unisex-hoodie\/","name":"Unisex Hoodie | Printwave FR","isPartOf":{"@id":"https:\/\/printwave.pl\/fr\/#website"},"primaryImageOfPage":{"@id":"https:\/\/printwave.pl\/fr\/produkt\/unisex-hoodie\/#primaryimage"},"image":{"@id":"https:\/\/printwave.pl\/fr\/produkt\/unisex-hoodie\/#primaryimage"},"thumbnailUrl":"https:\/\/printwave.pl\/fr\/wp-content\/uploads\/sites\/4\/2025\/01\/290_52_m-2023_01.jpg","datePublished":"2025-01-25T17:18:21+00:00","dateModified":"2026-02-08T05:53:04+00:00","breadcrumb":{"@id":"https:\/\/printwave.pl\/fr\/produkt\/unisex-hoodie\/#breadcrumb"},"inLanguage":"fr-FR","potentialAction":[{"@type":"ReadAction","target":["https:\/\/printwave.pl\/fr\/produkt\/unisex-hoodie\/"]}]},{"@type":"ImageObject","inLanguage":"fr-FR","@id":"https:\/\/printwave.pl\/fr\/produkt\/unisex-hoodie\/#primaryimage","url":"https:\/\/printwave.pl\/fr\/wp-content\/uploads\/sites\/4\/2025\/01\/290_52_m-2023_01.jpg","contentUrl":"https:\/\/printwave.pl\/fr\/wp-content\/uploads\/sites\/4\/2025\/01\/290_52_m-2023_01.jpg","width":1024,"height":1304},{"@type":"BreadcrumbList","@id":"https:\/\/printwave.pl\/fr\/produkt\/unisex-hoodie\/#breadcrumb","itemListElement":[{"@type":"ListItem","position":1,"name":"Accueil","item":"https:\/\/printwave.pl\/fr\/"},{"@type":"ListItem","position":2,"name":"Boutique","item":"https:\/\/printwave.pl\/fr\/boutique\/"},{"@type":"ListItem","position":3,"name":"Unisex Hoodie"}]},{"@type":"WebSite","@id":"https:\/\/printwave.pl\/fr\/#website","url":"https:\/\/printwave.pl\/fr\/","name":"Printwave","description":"Votre fournisseur de v\u00eatements promotionnels et d&#039;entreprise en Pologne","potentialAction":[{"@type":"SearchAction","target":{"@type":"EntryPoint","urlTemplate":"https:\/\/printwave.pl\/fr\/?s={search_term_string}"},"query-input":{"@type":"PropertyValueSpecification","valueRequired":true,"valueName":"search_term_string"}}],"inLanguage":"fr-FR"}]}},"_links":{"self":[{"href":"https:\/\/printwave.pl\/fr\/wp-json\/wp\/v2\/product\/504100","targetHints":{"allow":["GET"]}}],"collection":[{"href":"https:\/\/printwave.pl\/fr\/wp-json\/wp\/v2\/product"}],"about":[{"href":"https:\/\/printwave.pl\/fr\/wp-json\/wp\/v2\/types\/product"}],"replies":[{"embeddable":true,"href":"https:\/\/printwave.pl\/fr\/wp-json\/wp\/v2\/comments?post=504100"}],"wp:featuredmedia":[{"embeddable":true,"href":"https:\/\/printwave.pl\/fr\/wp-json\/wp\/v2\/media\/504092"}],"wp:attachment":[{"href":"https:\/\/printwave.pl\/fr\/wp-json\/wp\/v2\/media?parent=504100"}],"wp:term":[{"taxonomy":"product_brand","embeddable":true,"href":"https:\/\/printwave.pl\/fr\/wp-json\/wp\/v2\/product_brand?post=504100"},{"taxonomy":"product_cat","embeddable":true,"href":"https:\/\/printwave.pl\/fr\/wp-json\/wp\/v2\/product_cat?post=504100"},{"taxonomy":"product_tag","embeddable":true,"href":"https:\/\/printwave.pl\/fr\/wp-json\/wp\/v2\/product_tag?post=504100"}],"curies":[{"name":"wp","href":"https:\/\/api.w.org\/{rel}","templated":true}]}}