{"id":503925,"date":"2025-01-25T18:13:08","date_gmt":"2025-01-25T17:13:08","guid":{"rendered":"https:\/\/printwave.pl\/fr\/produkt\/premium-hooded-zip-sweat\/"},"modified":"2026-02-13T14:36:25","modified_gmt":"2026-02-13T13:36:25","slug":"premium-hooded-zip-sweat","status":"publish","type":"product","link":"https:\/\/printwave.pl\/fr\/produkt\/premium-hooded-zip-sweat\/","title":{"rendered":"Premium Hooded Zip Sweat"},"content":{"rendered":"<p>\u00b7280 g\/m\u00b2<br \/>\n\u00b770% coton ringspun, 30% polyester<br \/>\n\u00b7manches set-in<br \/>\n\u00b7fermeture \u00e0 glissi\u00e8re int\u00e9grale YKK en m\u00e9tal non apparente<br \/>\n\u00b7capuche doubl\u00e9e avec bande de propret\u00e9 en jersey simple et lien de serrage<br \/>\n\u00b7cordon plat et ton sur ton<br \/>\n\u00b7poches plaqu\u00e9es<br \/>\n\u00b7finition bord c\u00f4te en coton\/\u00e9lasthanne aux poignets et \u00e0 la base pour plus de maintien<br \/>\n\u00b7coutures lat\u00e9rales<\/p>\n","protected":false},"excerpt":{"rendered":"<p>\u00b7280 g\/m\u00b2 \u00b770% coton ringspun, 30% polyester \u00b7manches set-in \u00b7fermeture \u00e0 glissi\u00e8re int\u00e9grale YKK en m\u00e9tal non apparente \u00b7capuche doubl\u00e9e<\/p>\n","protected":false},"featured_media":503920,"comment_status":"open","ping_status":"closed","template":"","meta":[],"product_brand":[],"product_cat":[128,1862],"product_tag":[85,1863,83,84,774,898,1865,1504,1505,86],"class_list":{"0":"post-503925","1":"product","2":"type-product","3":"status-publish","4":"has-post-thumbnail","6":"product_cat-meilleures-ventes","7":"product_cat-sweats-a-capuche","8":"product_tag-a-longue-manche","9":"product_tag-capuche","10":"product_tag-chapeau","11":"product_tag-longue-manche","12":"product_tag-pull-over-a-capuche-et-glissiere","13":"product_tag-sweatshirts","14":"product_tag-vestes-a-capuche-et-fermeture-a-glissiere","15":"product_tag-vestes-en-sweat","16":"product_tag-vestes-en-sweatshirt","17":"product_tag-vetements-dexterieur","18":"pa_certificats-bsci","19":"pa_certificats-oeko-tex-standard-100","20":"pa_certificats-wrap","21":"pa_couleur-black","22":"pa_couleur-burgundy","23":"pa_couleur-charcoal","24":"pa_couleur-classic-olive","25":"pa_couleur-deep-navy","26":"pa_couleur-heather-grey","27":"pa_couleur-red","28":"pa_couleur-royal","29":"pa_details-avec-capuche","30":"pa_details-coutures-laterales","31":"pa_details-fermeture-a-glissiere-complete","32":"pa_details-set-in","33":"pa_groupe-de-produits-4xl-et-plus","34":"pa_groupe-de-produits-avec-capuche","35":"pa_groupe-de-produits-full-zip","36":"pa_groupe-de-produits-sweatshirts","37":"pa_manche-set-in","38":"pa_marque-fruit-of-the-loom","39":"pa_numero-de-style-4392","40":"pa_poids-a-partir-de-220-g-m","41":"pa_sexe-hommes","42":"pa_taille-2xl","43":"pa_taille-3xl","44":"pa_taille-4xl","45":"pa_taille-l","46":"pa_taille-m","47":"pa_taille-s","48":"pa_taille-xl","49":"pa_tissu-melange-de-tissu","51":"first","52":"instock","53":"taxable","54":"shipping-taxable","55":"purchasable","56":"product-type-variable"},"yoast_head":"<!-- This site is optimized with the Yoast SEO Premium plugin v20.9 (Yoast SEO v26.3) - https:\/\/yoast.com\/wordpress\/plugins\/seo\/ -->\n<title>Premium Hooded Zip Sweat | Printwave FR<\/title>\n<meta name=\"robots\" content=\"index, follow, max-snippet:-1, max-image-preview:large, max-video-preview:-1\" \/>\n<link rel=\"canonical\" href=\"https:\/\/printwave.pl\/fr\/produkt\/premium-hooded-zip-sweat\/\" \/>\n<meta property=\"og:locale\" content=\"fr_FR\" \/>\n<meta property=\"og:type\" content=\"article\" \/>\n<meta property=\"og:title\" content=\"Premium Hooded Zip Sweat\" \/>\n<meta property=\"og:description\" content=\"\u00b7280 g\/m\u00b2 \u00b770% coton ringspun, 30% polyester \u00b7manches set-in \u00b7fermeture \u00e0 glissi\u00e8re int\u00e9grale YKK en m\u00e9tal non apparente \u00b7capuche doubl\u00e9e\" \/>\n<meta property=\"og:url\" content=\"https:\/\/printwave.pl\/fr\/produkt\/premium-hooded-zip-sweat\/\" \/>\n<meta property=\"og:site_name\" content=\"Printwave FR\" \/>\n<meta property=\"article:modified_time\" content=\"2026-02-13T13:36:25+00:00\" \/>\n<meta property=\"og:image\" content=\"https:\/\/printwave.pl\/fr\/wp-content\/uploads\/sites\/4\/2021\/07\/Print-Wave-logo-2025.png\" \/>\n\t<meta property=\"og:image:width\" content=\"1645\" \/>\n\t<meta property=\"og:image:height\" content=\"297\" \/>\n\t<meta property=\"og:image:type\" content=\"image\/png\" \/>\n<meta name=\"twitter:card\" content=\"summary_large_image\" \/>\n<script type=\"application\/ld+json\" class=\"yoast-schema-graph\">{\"@context\":\"https:\/\/schema.org\",\"@graph\":[{\"@type\":\"WebPage\",\"@id\":\"https:\/\/printwave.pl\/fr\/produkt\/premium-hooded-zip-sweat\/\",\"url\":\"https:\/\/printwave.pl\/fr\/produkt\/premium-hooded-zip-sweat\/\",\"name\":\"Premium Hooded Zip Sweat | Printwave FR\",\"isPartOf\":{\"@id\":\"https:\/\/printwave.pl\/fr\/#website\"},\"primaryImageOfPage\":{\"@id\":\"https:\/\/printwave.pl\/fr\/produkt\/premium-hooded-zip-sweat\/#primaryimage\"},\"image\":{\"@id\":\"https:\/\/printwave.pl\/fr\/produkt\/premium-hooded-zip-sweat\/#primaryimage\"},\"thumbnailUrl\":\"https:\/\/printwave.pl\/fr\/wp-content\/uploads\/sites\/4\/2025\/01\/293_01_123_m-2024_01.jpg\",\"datePublished\":\"2025-01-25T17:13:08+00:00\",\"dateModified\":\"2026-02-13T13:36:25+00:00\",\"breadcrumb\":{\"@id\":\"https:\/\/printwave.pl\/fr\/produkt\/premium-hooded-zip-sweat\/#breadcrumb\"},\"inLanguage\":\"fr-FR\",\"potentialAction\":[{\"@type\":\"ReadAction\",\"target\":[\"https:\/\/printwave.pl\/fr\/produkt\/premium-hooded-zip-sweat\/\"]}]},{\"@type\":\"ImageObject\",\"inLanguage\":\"fr-FR\",\"@id\":\"https:\/\/printwave.pl\/fr\/produkt\/premium-hooded-zip-sweat\/#primaryimage\",\"url\":\"https:\/\/printwave.pl\/fr\/wp-content\/uploads\/sites\/4\/2025\/01\/293_01_123_m-2024_01.jpg\",\"contentUrl\":\"https:\/\/printwave.pl\/fr\/wp-content\/uploads\/sites\/4\/2025\/01\/293_01_123_m-2024_01.jpg\",\"width\":1024,\"height\":1304},{\"@type\":\"BreadcrumbList\",\"@id\":\"https:\/\/printwave.pl\/fr\/produkt\/premium-hooded-zip-sweat\/#breadcrumb\",\"itemListElement\":[{\"@type\":\"ListItem\",\"position\":1,\"name\":\"Accueil\",\"item\":\"https:\/\/printwave.pl\/fr\/\"},{\"@type\":\"ListItem\",\"position\":2,\"name\":\"Boutique\",\"item\":\"https:\/\/printwave.pl\/fr\/boutique\/\"},{\"@type\":\"ListItem\",\"position\":3,\"name\":\"Premium Hooded Zip Sweat\"}]},{\"@type\":\"WebSite\",\"@id\":\"https:\/\/printwave.pl\/fr\/#website\",\"url\":\"https:\/\/printwave.pl\/fr\/\",\"name\":\"Printwave\",\"description\":\"Votre fournisseur de v\u00eatements promotionnels et d&#039;entreprise en Pologne\",\"potentialAction\":[{\"@type\":\"SearchAction\",\"target\":{\"@type\":\"EntryPoint\",\"urlTemplate\":\"https:\/\/printwave.pl\/fr\/?s={search_term_string}\"},\"query-input\":{\"@type\":\"PropertyValueSpecification\",\"valueRequired\":true,\"valueName\":\"search_term_string\"}}],\"inLanguage\":\"fr-FR\"}]}<\/script>\n<!-- \/ Yoast SEO Premium plugin. -->","yoast_head_json":{"title":"Premium Hooded Zip Sweat | Printwave FR","robots":{"index":"index","follow":"follow","max-snippet":"max-snippet:-1","max-image-preview":"max-image-preview:large","max-video-preview":"max-video-preview:-1"},"canonical":"https:\/\/printwave.pl\/fr\/produkt\/premium-hooded-zip-sweat\/","og_locale":"fr_FR","og_type":"article","og_title":"Premium Hooded Zip Sweat","og_description":"\u00b7280 g\/m\u00b2 \u00b770% coton ringspun, 30% polyester \u00b7manches set-in \u00b7fermeture \u00e0 glissi\u00e8re int\u00e9grale YKK en m\u00e9tal non apparente \u00b7capuche doubl\u00e9e","og_url":"https:\/\/printwave.pl\/fr\/produkt\/premium-hooded-zip-sweat\/","og_site_name":"Printwave FR","article_modified_time":"2026-02-13T13:36:25+00:00","og_image":[{"width":1645,"height":297,"url":"https:\/\/printwave.pl\/fr\/wp-content\/uploads\/sites\/4\/2021\/07\/Print-Wave-logo-2025.png","type":"image\/png"}],"twitter_card":"summary_large_image","schema":{"@context":"https:\/\/schema.org","@graph":[{"@type":"WebPage","@id":"https:\/\/printwave.pl\/fr\/produkt\/premium-hooded-zip-sweat\/","url":"https:\/\/printwave.pl\/fr\/produkt\/premium-hooded-zip-sweat\/","name":"Premium Hooded Zip Sweat | Printwave FR","isPartOf":{"@id":"https:\/\/printwave.pl\/fr\/#website"},"primaryImageOfPage":{"@id":"https:\/\/printwave.pl\/fr\/produkt\/premium-hooded-zip-sweat\/#primaryimage"},"image":{"@id":"https:\/\/printwave.pl\/fr\/produkt\/premium-hooded-zip-sweat\/#primaryimage"},"thumbnailUrl":"https:\/\/printwave.pl\/fr\/wp-content\/uploads\/sites\/4\/2025\/01\/293_01_123_m-2024_01.jpg","datePublished":"2025-01-25T17:13:08+00:00","dateModified":"2026-02-13T13:36:25+00:00","breadcrumb":{"@id":"https:\/\/printwave.pl\/fr\/produkt\/premium-hooded-zip-sweat\/#breadcrumb"},"inLanguage":"fr-FR","potentialAction":[{"@type":"ReadAction","target":["https:\/\/printwave.pl\/fr\/produkt\/premium-hooded-zip-sweat\/"]}]},{"@type":"ImageObject","inLanguage":"fr-FR","@id":"https:\/\/printwave.pl\/fr\/produkt\/premium-hooded-zip-sweat\/#primaryimage","url":"https:\/\/printwave.pl\/fr\/wp-content\/uploads\/sites\/4\/2025\/01\/293_01_123_m-2024_01.jpg","contentUrl":"https:\/\/printwave.pl\/fr\/wp-content\/uploads\/sites\/4\/2025\/01\/293_01_123_m-2024_01.jpg","width":1024,"height":1304},{"@type":"BreadcrumbList","@id":"https:\/\/printwave.pl\/fr\/produkt\/premium-hooded-zip-sweat\/#breadcrumb","itemListElement":[{"@type":"ListItem","position":1,"name":"Accueil","item":"https:\/\/printwave.pl\/fr\/"},{"@type":"ListItem","position":2,"name":"Boutique","item":"https:\/\/printwave.pl\/fr\/boutique\/"},{"@type":"ListItem","position":3,"name":"Premium Hooded Zip Sweat"}]},{"@type":"WebSite","@id":"https:\/\/printwave.pl\/fr\/#website","url":"https:\/\/printwave.pl\/fr\/","name":"Printwave","description":"Votre fournisseur de v\u00eatements promotionnels et d&#039;entreprise en Pologne","potentialAction":[{"@type":"SearchAction","target":{"@type":"EntryPoint","urlTemplate":"https:\/\/printwave.pl\/fr\/?s={search_term_string}"},"query-input":{"@type":"PropertyValueSpecification","valueRequired":true,"valueName":"search_term_string"}}],"inLanguage":"fr-FR"}]}},"_links":{"self":[{"href":"https:\/\/printwave.pl\/fr\/wp-json\/wp\/v2\/product\/503925","targetHints":{"allow":["GET"]}}],"collection":[{"href":"https:\/\/printwave.pl\/fr\/wp-json\/wp\/v2\/product"}],"about":[{"href":"https:\/\/printwave.pl\/fr\/wp-json\/wp\/v2\/types\/product"}],"replies":[{"embeddable":true,"href":"https:\/\/printwave.pl\/fr\/wp-json\/wp\/v2\/comments?post=503925"}],"wp:featuredmedia":[{"embeddable":true,"href":"https:\/\/printwave.pl\/fr\/wp-json\/wp\/v2\/media\/503920"}],"wp:attachment":[{"href":"https:\/\/printwave.pl\/fr\/wp-json\/wp\/v2\/media?parent=503925"}],"wp:term":[{"taxonomy":"product_brand","embeddable":true,"href":"https:\/\/printwave.pl\/fr\/wp-json\/wp\/v2\/product_brand?post=503925"},{"taxonomy":"product_cat","embeddable":true,"href":"https:\/\/printwave.pl\/fr\/wp-json\/wp\/v2\/product_cat?post=503925"},{"taxonomy":"product_tag","embeddable":true,"href":"https:\/\/printwave.pl\/fr\/wp-json\/wp\/v2\/product_tag?post=503925"}],"curies":[{"name":"wp","href":"https:\/\/api.w.org\/{rel}","templated":true}]}}