{"id":502540,"date":"2025-01-25T17:25:51","date_gmt":"2025-01-25T16:25:51","guid":{"rendered":"https:\/\/printwave.pl\/fr\/produkt\/classic-snapback-cap\/"},"modified":"2026-02-13T14:27:24","modified_gmt":"2026-02-13T13:27:24","slug":"classic-snapback-cap","status":"publish","type":"product","link":"https:\/\/printwave.pl\/fr\/produkt\/classic-snapback-cap\/","title":{"rendered":"Classic Snapback Cap"},"content":{"rendered":"<p>\u00b7382 g\/m\u00b2<br \/>\n\u00b780% acrylique, 20% laine<br \/>\n\u00b7Pour les tailles enfants, veuillez commander : 318.73<br \/>\n\u00b7M\u00e9lange de laine de premi\u00e8re qualit\u00e9<br \/>\n\u00b7Forme classique<br \/>\n\u00b76 panneaux<br \/>\n\u00b7Mat\u00e9rieu durable (buckram)<br \/>\n\u00b7Visi\u00e8re plate avec 8 rang\u00e9es de coutures<br \/>\n\u00b7Int\u00e9rieur visi\u00e8re vert (except\u00e9 dans 6 combinaisons de couleurs)<br \/>\n\u00b7Bouton pression en plastique assorti.<\/p>\n","protected":false},"excerpt":{"rendered":"<p>\u00b7382 g\/m\u00b2 \u00b780% acrylique, 20% laine \u00b7Pour les tailles enfants, veuillez commander : 318.73 \u00b7M\u00e9lange de laine de premi\u00e8re qualit\u00e9<\/p>\n","protected":false},"featured_media":502531,"comment_status":"open","ping_status":"closed","template":"","meta":[],"product_brand":[],"product_cat":[163,128,455],"product_tag":[1630,1617,1837],"class_list":{"0":"post-502540","1":"product","2":"type-product","3":"status-publish","4":"has-post-thumbnail","6":"product_cat-casquettes-chapeaux-bob-gants-echarpes","7":"product_cat-meilleures-ventes","8":"product_cat-streetwear","9":"product_tag-casquettes-a-6-panneaux","10":"product_tag-chapeaux","11":"product_tag-flexfit","12":"pa_couleur-black","13":"pa_couleur-black-black","14":"pa_couleur-brown","15":"pa_couleur-buck","16":"pa_couleur-dark-grey","17":"pa_couleur-dark-grey-dark-grey","18":"pa_couleur-dark-navy","19":"pa_couleur-dark-navy-dark-navy","20":"pa_couleur-deep-olive","21":"pa_couleur-heather","22":"pa_couleur-heather-grey-heather-grey","23":"pa_couleur-maroon","24":"pa_couleur-maroon-maroon","25":"pa_couleur-natural","26":"pa_couleur-navy","27":"pa_couleur-orange","28":"pa_couleur-pale-midnight-navy","29":"pa_couleur-purple","30":"pa_couleur-red","31":"pa_couleur-red-red","32":"pa_couleur-royal","33":"pa_couleur-silver","34":"pa_couleur-spruce","35":"pa_couleur-tan","36":"pa_couleur-white","37":"pa_groupe-de-produits-casquettes","38":"pa_marque-classics","39":"pa_numero-de-style-4366","40":"pa_sexe-unisexe","41":"pa_taille-one-size","42":"pa_tissu-polyacrylique","44":"first","45":"instock","46":"taxable","47":"shipping-taxable","48":"purchasable","49":"product-type-variable"},"yoast_head":"<!-- This site is optimized with the Yoast SEO Premium plugin v20.9 (Yoast SEO v26.3) - https:\/\/yoast.com\/wordpress\/plugins\/seo\/ -->\n<title>Classic Snapback Cap | Printwave FR<\/title>\n<meta name=\"robots\" content=\"index, follow, max-snippet:-1, max-image-preview:large, max-video-preview:-1\" \/>\n<link rel=\"canonical\" href=\"https:\/\/printwave.pl\/fr\/produkt\/classic-snapback-cap\/\" \/>\n<meta property=\"og:locale\" content=\"fr_FR\" \/>\n<meta property=\"og:type\" content=\"article\" \/>\n<meta property=\"og:title\" content=\"Classic Snapback Cap\" \/>\n<meta property=\"og:description\" content=\"\u00b7382 g\/m\u00b2 \u00b780% acrylique, 20% laine \u00b7Pour les tailles enfants, veuillez commander : 318.73 \u00b7M\u00e9lange de laine de premi\u00e8re qualit\u00e9\" \/>\n<meta property=\"og:url\" content=\"https:\/\/printwave.pl\/fr\/produkt\/classic-snapback-cap\/\" \/>\n<meta property=\"og:site_name\" content=\"Printwave FR\" \/>\n<meta property=\"article:modified_time\" content=\"2026-02-13T13:27:24+00:00\" \/>\n<meta property=\"og:image\" content=\"https:\/\/printwave.pl\/fr\/wp-content\/uploads\/sites\/4\/2025\/01\/300_73_123_m-2019_01.jpg\" \/>\n\t<meta property=\"og:image:width\" content=\"1024\" \/>\n\t<meta property=\"og:image:height\" content=\"1304\" \/>\n\t<meta property=\"og:image:type\" content=\"image\/jpeg\" \/>\n<meta name=\"twitter:card\" content=\"summary_large_image\" \/>\n<script type=\"application\/ld+json\" class=\"yoast-schema-graph\">{\"@context\":\"https:\/\/schema.org\",\"@graph\":[{\"@type\":\"WebPage\",\"@id\":\"https:\/\/printwave.pl\/fr\/produkt\/classic-snapback-cap\/\",\"url\":\"https:\/\/printwave.pl\/fr\/produkt\/classic-snapback-cap\/\",\"name\":\"Classic Snapback Cap | Printwave FR\",\"isPartOf\":{\"@id\":\"https:\/\/printwave.pl\/fr\/#website\"},\"primaryImageOfPage\":{\"@id\":\"https:\/\/printwave.pl\/fr\/produkt\/classic-snapback-cap\/#primaryimage\"},\"image\":{\"@id\":\"https:\/\/printwave.pl\/fr\/produkt\/classic-snapback-cap\/#primaryimage\"},\"thumbnailUrl\":\"https:\/\/printwave.pl\/fr\/wp-content\/uploads\/sites\/4\/2025\/01\/300_73_123_m-2019_01.jpg\",\"datePublished\":\"2025-01-25T16:25:51+00:00\",\"dateModified\":\"2026-02-13T13:27:24+00:00\",\"breadcrumb\":{\"@id\":\"https:\/\/printwave.pl\/fr\/produkt\/classic-snapback-cap\/#breadcrumb\"},\"inLanguage\":\"fr-FR\",\"potentialAction\":[{\"@type\":\"ReadAction\",\"target\":[\"https:\/\/printwave.pl\/fr\/produkt\/classic-snapback-cap\/\"]}]},{\"@type\":\"ImageObject\",\"inLanguage\":\"fr-FR\",\"@id\":\"https:\/\/printwave.pl\/fr\/produkt\/classic-snapback-cap\/#primaryimage\",\"url\":\"https:\/\/printwave.pl\/fr\/wp-content\/uploads\/sites\/4\/2025\/01\/300_73_123_m-2019_01.jpg\",\"contentUrl\":\"https:\/\/printwave.pl\/fr\/wp-content\/uploads\/sites\/4\/2025\/01\/300_73_123_m-2019_01.jpg\",\"width\":1024,\"height\":1304},{\"@type\":\"BreadcrumbList\",\"@id\":\"https:\/\/printwave.pl\/fr\/produkt\/classic-snapback-cap\/#breadcrumb\",\"itemListElement\":[{\"@type\":\"ListItem\",\"position\":1,\"name\":\"Accueil\",\"item\":\"https:\/\/printwave.pl\/fr\/\"},{\"@type\":\"ListItem\",\"position\":2,\"name\":\"Boutique\",\"item\":\"https:\/\/printwave.pl\/fr\/boutique\/\"},{\"@type\":\"ListItem\",\"position\":3,\"name\":\"Classic Snapback Cap\"}]},{\"@type\":\"WebSite\",\"@id\":\"https:\/\/printwave.pl\/fr\/#website\",\"url\":\"https:\/\/printwave.pl\/fr\/\",\"name\":\"Printwave\",\"description\":\"Votre fournisseur de v\u00eatements promotionnels et d&#039;entreprise en Pologne\",\"potentialAction\":[{\"@type\":\"SearchAction\",\"target\":{\"@type\":\"EntryPoint\",\"urlTemplate\":\"https:\/\/printwave.pl\/fr\/?s={search_term_string}\"},\"query-input\":{\"@type\":\"PropertyValueSpecification\",\"valueRequired\":true,\"valueName\":\"search_term_string\"}}],\"inLanguage\":\"fr-FR\"}]}<\/script>\n<!-- \/ Yoast SEO Premium plugin. -->","yoast_head_json":{"title":"Classic Snapback Cap | Printwave FR","robots":{"index":"index","follow":"follow","max-snippet":"max-snippet:-1","max-image-preview":"max-image-preview:large","max-video-preview":"max-video-preview:-1"},"canonical":"https:\/\/printwave.pl\/fr\/produkt\/classic-snapback-cap\/","og_locale":"fr_FR","og_type":"article","og_title":"Classic Snapback Cap","og_description":"\u00b7382 g\/m\u00b2 \u00b780% acrylique, 20% laine \u00b7Pour les tailles enfants, veuillez commander : 318.73 \u00b7M\u00e9lange de laine de premi\u00e8re qualit\u00e9","og_url":"https:\/\/printwave.pl\/fr\/produkt\/classic-snapback-cap\/","og_site_name":"Printwave FR","article_modified_time":"2026-02-13T13:27:24+00:00","og_image":[{"width":1024,"height":1304,"url":"https:\/\/printwave.pl\/fr\/wp-content\/uploads\/sites\/4\/2025\/01\/300_73_123_m-2019_01.jpg","type":"image\/jpeg"}],"twitter_card":"summary_large_image","schema":{"@context":"https:\/\/schema.org","@graph":[{"@type":"WebPage","@id":"https:\/\/printwave.pl\/fr\/produkt\/classic-snapback-cap\/","url":"https:\/\/printwave.pl\/fr\/produkt\/classic-snapback-cap\/","name":"Classic Snapback Cap | Printwave FR","isPartOf":{"@id":"https:\/\/printwave.pl\/fr\/#website"},"primaryImageOfPage":{"@id":"https:\/\/printwave.pl\/fr\/produkt\/classic-snapback-cap\/#primaryimage"},"image":{"@id":"https:\/\/printwave.pl\/fr\/produkt\/classic-snapback-cap\/#primaryimage"},"thumbnailUrl":"https:\/\/printwave.pl\/fr\/wp-content\/uploads\/sites\/4\/2025\/01\/300_73_123_m-2019_01.jpg","datePublished":"2025-01-25T16:25:51+00:00","dateModified":"2026-02-13T13:27:24+00:00","breadcrumb":{"@id":"https:\/\/printwave.pl\/fr\/produkt\/classic-snapback-cap\/#breadcrumb"},"inLanguage":"fr-FR","potentialAction":[{"@type":"ReadAction","target":["https:\/\/printwave.pl\/fr\/produkt\/classic-snapback-cap\/"]}]},{"@type":"ImageObject","inLanguage":"fr-FR","@id":"https:\/\/printwave.pl\/fr\/produkt\/classic-snapback-cap\/#primaryimage","url":"https:\/\/printwave.pl\/fr\/wp-content\/uploads\/sites\/4\/2025\/01\/300_73_123_m-2019_01.jpg","contentUrl":"https:\/\/printwave.pl\/fr\/wp-content\/uploads\/sites\/4\/2025\/01\/300_73_123_m-2019_01.jpg","width":1024,"height":1304},{"@type":"BreadcrumbList","@id":"https:\/\/printwave.pl\/fr\/produkt\/classic-snapback-cap\/#breadcrumb","itemListElement":[{"@type":"ListItem","position":1,"name":"Accueil","item":"https:\/\/printwave.pl\/fr\/"},{"@type":"ListItem","position":2,"name":"Boutique","item":"https:\/\/printwave.pl\/fr\/boutique\/"},{"@type":"ListItem","position":3,"name":"Classic Snapback Cap"}]},{"@type":"WebSite","@id":"https:\/\/printwave.pl\/fr\/#website","url":"https:\/\/printwave.pl\/fr\/","name":"Printwave","description":"Votre fournisseur de v\u00eatements promotionnels et d&#039;entreprise en Pologne","potentialAction":[{"@type":"SearchAction","target":{"@type":"EntryPoint","urlTemplate":"https:\/\/printwave.pl\/fr\/?s={search_term_string}"},"query-input":{"@type":"PropertyValueSpecification","valueRequired":true,"valueName":"search_term_string"}}],"inLanguage":"fr-FR"}]}},"_links":{"self":[{"href":"https:\/\/printwave.pl\/fr\/wp-json\/wp\/v2\/product\/502540","targetHints":{"allow":["GET"]}}],"collection":[{"href":"https:\/\/printwave.pl\/fr\/wp-json\/wp\/v2\/product"}],"about":[{"href":"https:\/\/printwave.pl\/fr\/wp-json\/wp\/v2\/types\/product"}],"replies":[{"embeddable":true,"href":"https:\/\/printwave.pl\/fr\/wp-json\/wp\/v2\/comments?post=502540"}],"wp:featuredmedia":[{"embeddable":true,"href":"https:\/\/printwave.pl\/fr\/wp-json\/wp\/v2\/media\/502531"}],"wp:attachment":[{"href":"https:\/\/printwave.pl\/fr\/wp-json\/wp\/v2\/media?parent=502540"}],"wp:term":[{"taxonomy":"product_brand","embeddable":true,"href":"https:\/\/printwave.pl\/fr\/wp-json\/wp\/v2\/product_brand?post=502540"},{"taxonomy":"product_cat","embeddable":true,"href":"https:\/\/printwave.pl\/fr\/wp-json\/wp\/v2\/product_cat?post=502540"},{"taxonomy":"product_tag","embeddable":true,"href":"https:\/\/printwave.pl\/fr\/wp-json\/wp\/v2\/product_tag?post=502540"}],"curies":[{"name":"wp","href":"https:\/\/api.w.org\/{rel}","templated":true}]}}