{"id":502516,"date":"2025-01-25T17:24:48","date_gmt":"2025-01-25T16:24:48","guid":{"rendered":"https:\/\/printwave.pl\/fr\/produkt\/simplicity-roll-top-backpack\/"},"modified":"2026-02-13T14:26:42","modified_gmt":"2026-02-13T13:26:42","slug":"simplicity-roll-top-backpack","status":"publish","type":"product","link":"https:\/\/printwave.pl\/fr\/produkt\/simplicity-roll-top-backpack\/","title":{"rendered":"Simplicity Roll-Top Backpack"},"content":{"rendered":"<p>\u00b7100% polyester (recycl\u00e9, 600D)<br \/>\n\u00b7Tissu hydrofuge<br \/>\n\u00b7Style minimaliste<br \/>\n\u00b7Bretelles rembourr\u00e9es en maille r\u00e9glable<br \/>\n\u00b7Fermeture magn\u00e9tique \u00e0 rouleau<br \/>\n\u00b7Panneau arri\u00e8re rembourr\u00e9 en maille a\u00e9r\u00e9e<br \/>\n\u00b7Sangle de bagage arri\u00e8re<br \/>\n\u00b7Compartiment rembourr\u00e9 pour ordinateur portable, compatible jusqu&rsquo;\u00e0 15,6&Prime;<br \/>\n\u00b7Poche externe pour un acc\u00e8s facile au compartiment interne pour ordinateur portable<br \/>\n\u00b7Poche avant pour une d\u00e9coration facile<br \/>\n\u00b7Poche lat\u00e9rale avec fermeture \u00e0 glissi\u00e8re pour bouteille\/parapluie<br \/>\n\u00b7Poche int\u00e9rieure plaqu\u00e9e<br \/>\n\u00b7\u00c9tiquette TearAway pour faciliter le changement de marque<br \/>\n\u00b7Disponible \u00e9galement en petit format (302.29 &#8211; BG871)<br \/>\n\u00b7Capacit\u00e9 : 15 litres<br \/>\n\u00b7Dimensions : 50 x 40 x 13 cm<br \/>\n\u00b7Zone d&rsquo;impression maximale : 27 x 34 cm<\/p>\n","protected":false},"excerpt":{"rendered":"<p>\u00b7100% polyester (recycl\u00e9, 600D) \u00b7Tissu hydrofuge \u00b7Style minimaliste \u00b7Bretelles rembourr\u00e9es en maille r\u00e9glable \u00b7Fermeture magn\u00e9tique \u00e0 rouleau \u00b7Panneau arri\u00e8re rembourr\u00e9<\/p>\n","protected":false},"featured_media":502514,"comment_status":"open","ping_status":"closed","template":"","meta":[],"product_brand":[],"product_cat":[61,60],"product_tag":[],"class_list":{"0":"post-502516","1":"product","2":"type-product","3":"status-publish","4":"has-post-thumbnail","6":"product_cat-bagagerie-accessoires","7":"product_cat-recycled","8":"pa_couleur-beige","9":"pa_couleur-black","10":"pa_couleur-hazelnut","11":"pa_couleur-pine-green","12":"pa_details-facile-a-relabelliser","13":"pa_details-sac-de-randonnee","14":"pa_eco-recycle","15":"pa_groupe-de-produits-sac-a-dos","16":"pa_marque-bagbase","17":"pa_numero-de-style-4364","18":"pa_sexe-unisexe","19":"pa_taille-one-size","20":"pa_tissu-polyester","22":"first","23":"instock","24":"taxable","25":"shipping-taxable","26":"purchasable","27":"product-type-variable"},"yoast_head":"<!-- This site is optimized with the Yoast SEO Premium plugin v20.9 (Yoast SEO v26.3) - https:\/\/yoast.com\/wordpress\/plugins\/seo\/ -->\n<title>Simplicity Roll-Top Backpack | Printwave FR<\/title>\n<meta name=\"robots\" content=\"index, follow, max-snippet:-1, max-image-preview:large, max-video-preview:-1\" \/>\n<link rel=\"canonical\" href=\"https:\/\/printwave.pl\/fr\/produkt\/simplicity-roll-top-backpack\/\" \/>\n<meta property=\"og:locale\" content=\"fr_FR\" \/>\n<meta property=\"og:type\" content=\"article\" \/>\n<meta property=\"og:title\" content=\"Simplicity Roll-Top Backpack\" \/>\n<meta property=\"og:description\" content=\"\u00b7100% polyester (recycl\u00e9, 600D) \u00b7Tissu hydrofuge \u00b7Style minimaliste \u00b7Bretelles rembourr\u00e9es en maille r\u00e9glable \u00b7Fermeture magn\u00e9tique \u00e0 rouleau \u00b7Panneau arri\u00e8re rembourr\u00e9\" \/>\n<meta property=\"og:url\" content=\"https:\/\/printwave.pl\/fr\/produkt\/simplicity-roll-top-backpack\/\" \/>\n<meta property=\"og:site_name\" content=\"Printwave FR\" \/>\n<meta property=\"article:modified_time\" content=\"2026-02-13T13:26:42+00:00\" \/>\n<meta property=\"og:image\" content=\"https:\/\/printwave.pl\/fr\/wp-content\/uploads\/sites\/4\/2025\/01\/301_29_606_m-2024_01.jpg\" \/>\n\t<meta property=\"og:image:width\" content=\"1024\" \/>\n\t<meta property=\"og:image:height\" content=\"1304\" \/>\n\t<meta property=\"og:image:type\" content=\"image\/jpeg\" \/>\n<meta name=\"twitter:card\" content=\"summary_large_image\" \/>\n<meta name=\"twitter:label1\" content=\"Dur\u00e9e de lecture estim\u00e9e\" \/>\n\t<meta name=\"twitter:data1\" content=\"1 minute\" \/>\n<script type=\"application\/ld+json\" class=\"yoast-schema-graph\">{\"@context\":\"https:\/\/schema.org\",\"@graph\":[{\"@type\":\"WebPage\",\"@id\":\"https:\/\/printwave.pl\/fr\/produkt\/simplicity-roll-top-backpack\/\",\"url\":\"https:\/\/printwave.pl\/fr\/produkt\/simplicity-roll-top-backpack\/\",\"name\":\"Simplicity Roll-Top Backpack | Printwave FR\",\"isPartOf\":{\"@id\":\"https:\/\/printwave.pl\/fr\/#website\"},\"primaryImageOfPage\":{\"@id\":\"https:\/\/printwave.pl\/fr\/produkt\/simplicity-roll-top-backpack\/#primaryimage\"},\"image\":{\"@id\":\"https:\/\/printwave.pl\/fr\/produkt\/simplicity-roll-top-backpack\/#primaryimage\"},\"thumbnailUrl\":\"https:\/\/printwave.pl\/fr\/wp-content\/uploads\/sites\/4\/2025\/01\/301_29_606_m-2024_01.jpg\",\"datePublished\":\"2025-01-25T16:24:48+00:00\",\"dateModified\":\"2026-02-13T13:26:42+00:00\",\"breadcrumb\":{\"@id\":\"https:\/\/printwave.pl\/fr\/produkt\/simplicity-roll-top-backpack\/#breadcrumb\"},\"inLanguage\":\"fr-FR\",\"potentialAction\":[{\"@type\":\"ReadAction\",\"target\":[\"https:\/\/printwave.pl\/fr\/produkt\/simplicity-roll-top-backpack\/\"]}]},{\"@type\":\"ImageObject\",\"inLanguage\":\"fr-FR\",\"@id\":\"https:\/\/printwave.pl\/fr\/produkt\/simplicity-roll-top-backpack\/#primaryimage\",\"url\":\"https:\/\/printwave.pl\/fr\/wp-content\/uploads\/sites\/4\/2025\/01\/301_29_606_m-2024_01.jpg\",\"contentUrl\":\"https:\/\/printwave.pl\/fr\/wp-content\/uploads\/sites\/4\/2025\/01\/301_29_606_m-2024_01.jpg\",\"width\":1024,\"height\":1304},{\"@type\":\"BreadcrumbList\",\"@id\":\"https:\/\/printwave.pl\/fr\/produkt\/simplicity-roll-top-backpack\/#breadcrumb\",\"itemListElement\":[{\"@type\":\"ListItem\",\"position\":1,\"name\":\"Accueil\",\"item\":\"https:\/\/printwave.pl\/fr\/\"},{\"@type\":\"ListItem\",\"position\":2,\"name\":\"Boutique\",\"item\":\"https:\/\/printwave.pl\/fr\/boutique\/\"},{\"@type\":\"ListItem\",\"position\":3,\"name\":\"Simplicity Roll-Top Backpack\"}]},{\"@type\":\"WebSite\",\"@id\":\"https:\/\/printwave.pl\/fr\/#website\",\"url\":\"https:\/\/printwave.pl\/fr\/\",\"name\":\"Printwave\",\"description\":\"Votre fournisseur de v\u00eatements promotionnels et d&#039;entreprise en Pologne\",\"potentialAction\":[{\"@type\":\"SearchAction\",\"target\":{\"@type\":\"EntryPoint\",\"urlTemplate\":\"https:\/\/printwave.pl\/fr\/?s={search_term_string}\"},\"query-input\":{\"@type\":\"PropertyValueSpecification\",\"valueRequired\":true,\"valueName\":\"search_term_string\"}}],\"inLanguage\":\"fr-FR\"}]}<\/script>\n<!-- \/ Yoast SEO Premium plugin. -->","yoast_head_json":{"title":"Simplicity Roll-Top Backpack | Printwave FR","robots":{"index":"index","follow":"follow","max-snippet":"max-snippet:-1","max-image-preview":"max-image-preview:large","max-video-preview":"max-video-preview:-1"},"canonical":"https:\/\/printwave.pl\/fr\/produkt\/simplicity-roll-top-backpack\/","og_locale":"fr_FR","og_type":"article","og_title":"Simplicity Roll-Top Backpack","og_description":"\u00b7100% polyester (recycl\u00e9, 600D) \u00b7Tissu hydrofuge \u00b7Style minimaliste \u00b7Bretelles rembourr\u00e9es en maille r\u00e9glable \u00b7Fermeture magn\u00e9tique \u00e0 rouleau \u00b7Panneau arri\u00e8re rembourr\u00e9","og_url":"https:\/\/printwave.pl\/fr\/produkt\/simplicity-roll-top-backpack\/","og_site_name":"Printwave FR","article_modified_time":"2026-02-13T13:26:42+00:00","og_image":[{"width":1024,"height":1304,"url":"https:\/\/printwave.pl\/fr\/wp-content\/uploads\/sites\/4\/2025\/01\/301_29_606_m-2024_01.jpg","type":"image\/jpeg"}],"twitter_card":"summary_large_image","twitter_misc":{"Dur\u00e9e de lecture estim\u00e9e":"1 minute"},"schema":{"@context":"https:\/\/schema.org","@graph":[{"@type":"WebPage","@id":"https:\/\/printwave.pl\/fr\/produkt\/simplicity-roll-top-backpack\/","url":"https:\/\/printwave.pl\/fr\/produkt\/simplicity-roll-top-backpack\/","name":"Simplicity Roll-Top Backpack | Printwave FR","isPartOf":{"@id":"https:\/\/printwave.pl\/fr\/#website"},"primaryImageOfPage":{"@id":"https:\/\/printwave.pl\/fr\/produkt\/simplicity-roll-top-backpack\/#primaryimage"},"image":{"@id":"https:\/\/printwave.pl\/fr\/produkt\/simplicity-roll-top-backpack\/#primaryimage"},"thumbnailUrl":"https:\/\/printwave.pl\/fr\/wp-content\/uploads\/sites\/4\/2025\/01\/301_29_606_m-2024_01.jpg","datePublished":"2025-01-25T16:24:48+00:00","dateModified":"2026-02-13T13:26:42+00:00","breadcrumb":{"@id":"https:\/\/printwave.pl\/fr\/produkt\/simplicity-roll-top-backpack\/#breadcrumb"},"inLanguage":"fr-FR","potentialAction":[{"@type":"ReadAction","target":["https:\/\/printwave.pl\/fr\/produkt\/simplicity-roll-top-backpack\/"]}]},{"@type":"ImageObject","inLanguage":"fr-FR","@id":"https:\/\/printwave.pl\/fr\/produkt\/simplicity-roll-top-backpack\/#primaryimage","url":"https:\/\/printwave.pl\/fr\/wp-content\/uploads\/sites\/4\/2025\/01\/301_29_606_m-2024_01.jpg","contentUrl":"https:\/\/printwave.pl\/fr\/wp-content\/uploads\/sites\/4\/2025\/01\/301_29_606_m-2024_01.jpg","width":1024,"height":1304},{"@type":"BreadcrumbList","@id":"https:\/\/printwave.pl\/fr\/produkt\/simplicity-roll-top-backpack\/#breadcrumb","itemListElement":[{"@type":"ListItem","position":1,"name":"Accueil","item":"https:\/\/printwave.pl\/fr\/"},{"@type":"ListItem","position":2,"name":"Boutique","item":"https:\/\/printwave.pl\/fr\/boutique\/"},{"@type":"ListItem","position":3,"name":"Simplicity Roll-Top Backpack"}]},{"@type":"WebSite","@id":"https:\/\/printwave.pl\/fr\/#website","url":"https:\/\/printwave.pl\/fr\/","name":"Printwave","description":"Votre fournisseur de v\u00eatements promotionnels et d&#039;entreprise en Pologne","potentialAction":[{"@type":"SearchAction","target":{"@type":"EntryPoint","urlTemplate":"https:\/\/printwave.pl\/fr\/?s={search_term_string}"},"query-input":{"@type":"PropertyValueSpecification","valueRequired":true,"valueName":"search_term_string"}}],"inLanguage":"fr-FR"}]}},"_links":{"self":[{"href":"https:\/\/printwave.pl\/fr\/wp-json\/wp\/v2\/product\/502516","targetHints":{"allow":["GET"]}}],"collection":[{"href":"https:\/\/printwave.pl\/fr\/wp-json\/wp\/v2\/product"}],"about":[{"href":"https:\/\/printwave.pl\/fr\/wp-json\/wp\/v2\/types\/product"}],"replies":[{"embeddable":true,"href":"https:\/\/printwave.pl\/fr\/wp-json\/wp\/v2\/comments?post=502516"}],"wp:featuredmedia":[{"embeddable":true,"href":"https:\/\/printwave.pl\/fr\/wp-json\/wp\/v2\/media\/502514"}],"wp:attachment":[{"href":"https:\/\/printwave.pl\/fr\/wp-json\/wp\/v2\/media?parent=502516"}],"wp:term":[{"taxonomy":"product_brand","embeddable":true,"href":"https:\/\/printwave.pl\/fr\/wp-json\/wp\/v2\/product_brand?post=502516"},{"taxonomy":"product_cat","embeddable":true,"href":"https:\/\/printwave.pl\/fr\/wp-json\/wp\/v2\/product_cat?post=502516"},{"taxonomy":"product_tag","embeddable":true,"href":"https:\/\/printwave.pl\/fr\/wp-json\/wp\/v2\/product_tag?post=502516"}],"curies":[{"name":"wp","href":"https:\/\/api.w.org\/{rel}","templated":true}]}}