{"id":500967,"date":"2025-01-25T16:30:19","date_gmt":"2025-01-25T15:30:19","guid":{"rendered":"https:\/\/printwave.pl\/fr\/produkt\/yp-classcis-realtree-camo-retro-trucker-cap\/"},"modified":"2026-02-13T14:05:11","modified_gmt":"2026-02-13T13:05:11","slug":"yp-classcis-realtree-camo-retro-trucker-cap","status":"publish","type":"product","link":"https:\/\/printwave.pl\/fr\/produkt\/yp-classcis-realtree-camo-retro-trucker-cap\/","title":{"rendered":"YP Classcis RealTree Camo Retro Trucker Cap"},"content":{"rendered":"<p>\u00b798% polyester, 2% \u00e9lasthanne (PU)<br \/>\n\u00b7Motifs de camouflage Realtree\u00ae hautement efficaces pour une exp\u00e9rience de camouflage am\u00e9lior\u00e9e<br \/>\n\u00b76 panneaux<br \/>\n\u00b7Visi\u00e8re avec 8 rangs de coutures<br \/>\n\u00b7Ajusteur de taille Snapback<br \/>\n\u00b7Oeillets<br \/>\n\u00b7Visi\u00e8re permacurve brevet\u00e9e.<\/p>\n","protected":false},"excerpt":{"rendered":"<p>\u00b798% polyester, 2% \u00e9lasthanne (PU) \u00b7Motifs de camouflage Realtree\u00ae hautement efficaces pour une exp\u00e9rience de camouflage am\u00e9lior\u00e9e \u00b76 panneaux \u00b7Visi\u00e8re<\/p>\n","protected":false},"featured_media":500966,"comment_status":"open","ping_status":"closed","template":"","meta":[],"product_brand":[],"product_cat":[163,2597],"product_tag":[],"class_list":{"0":"post-500967","1":"product","2":"type-product","3":"status-publish","4":"has-post-thumbnail","6":"product_cat-casquettes-chapeaux-bob-gants-echarpes","7":"product_cat-nouveautes-2025","8":"pa_couleur-edge","9":"pa_groupe-de-produits-casquettes","10":"pa_marque-classics","11":"pa_numero-de-style-4298","12":"pa_sexe-unisexe","13":"pa_taille-one-size","14":"pa_tissu-polyester","16":"first","17":"outofstock","18":"taxable","19":"shipping-taxable","20":"purchasable","21":"product-type-variable"},"yoast_head":"<!-- This site is optimized with the Yoast SEO Premium plugin v20.9 (Yoast SEO v26.3) - https:\/\/yoast.com\/wordpress\/plugins\/seo\/ -->\n<title>YP Classcis RealTree Camo Retro Trucker Cap | Printwave FR<\/title>\n<meta name=\"robots\" content=\"index, follow, max-snippet:-1, max-image-preview:large, max-video-preview:-1\" \/>\n<link rel=\"canonical\" href=\"https:\/\/printwave.pl\/fr\/produkt\/yp-classcis-realtree-camo-retro-trucker-cap\/\" \/>\n<meta property=\"og:locale\" content=\"fr_FR\" \/>\n<meta property=\"og:type\" content=\"article\" \/>\n<meta property=\"og:title\" content=\"YP Classcis RealTree Camo Retro Trucker Cap\" \/>\n<meta property=\"og:description\" content=\"\u00b798% polyester, 2% \u00e9lasthanne (PU) \u00b7Motifs de camouflage Realtree\u00ae hautement efficaces pour une exp\u00e9rience de camouflage am\u00e9lior\u00e9e \u00b76 panneaux \u00b7Visi\u00e8re\" \/>\n<meta property=\"og:url\" content=\"https:\/\/printwave.pl\/fr\/produkt\/yp-classcis-realtree-camo-retro-trucker-cap\/\" \/>\n<meta property=\"og:site_name\" content=\"Printwave FR\" \/>\n<meta property=\"article:modified_time\" content=\"2026-02-13T13:05:11+00:00\" \/>\n<meta property=\"og:image\" content=\"https:\/\/printwave.pl\/fr\/wp-content\/uploads\/sites\/4\/2021\/07\/Print-Wave-logo-2025.png\" \/>\n\t<meta property=\"og:image:width\" content=\"1645\" \/>\n\t<meta property=\"og:image:height\" content=\"297\" \/>\n\t<meta property=\"og:image:type\" content=\"image\/png\" \/>\n<meta name=\"twitter:card\" content=\"summary_large_image\" \/>\n<script type=\"application\/ld+json\" class=\"yoast-schema-graph\">{\"@context\":\"https:\/\/schema.org\",\"@graph\":[{\"@type\":\"WebPage\",\"@id\":\"https:\/\/printwave.pl\/fr\/produkt\/yp-classcis-realtree-camo-retro-trucker-cap\/\",\"url\":\"https:\/\/printwave.pl\/fr\/produkt\/yp-classcis-realtree-camo-retro-trucker-cap\/\",\"name\":\"YP Classcis RealTree Camo Retro Trucker Cap | Printwave FR\",\"isPartOf\":{\"@id\":\"https:\/\/printwave.pl\/fr\/#website\"},\"primaryImageOfPage\":{\"@id\":\"https:\/\/printwave.pl\/fr\/produkt\/yp-classcis-realtree-camo-retro-trucker-cap\/#primaryimage\"},\"image\":{\"@id\":\"https:\/\/printwave.pl\/fr\/produkt\/yp-classcis-realtree-camo-retro-trucker-cap\/#primaryimage\"},\"thumbnailUrl\":\"https:\/\/printwave.pl\/fr\/wp-content\/uploads\/sites\/4\/2025\/01\/314_73_712_f-2024_01.jpg\",\"datePublished\":\"2025-01-25T15:30:19+00:00\",\"dateModified\":\"2026-02-13T13:05:11+00:00\",\"breadcrumb\":{\"@id\":\"https:\/\/printwave.pl\/fr\/produkt\/yp-classcis-realtree-camo-retro-trucker-cap\/#breadcrumb\"},\"inLanguage\":\"fr-FR\",\"potentialAction\":[{\"@type\":\"ReadAction\",\"target\":[\"https:\/\/printwave.pl\/fr\/produkt\/yp-classcis-realtree-camo-retro-trucker-cap\/\"]}]},{\"@type\":\"ImageObject\",\"inLanguage\":\"fr-FR\",\"@id\":\"https:\/\/printwave.pl\/fr\/produkt\/yp-classcis-realtree-camo-retro-trucker-cap\/#primaryimage\",\"url\":\"https:\/\/printwave.pl\/fr\/wp-content\/uploads\/sites\/4\/2025\/01\/314_73_712_f-2024_01.jpg\",\"contentUrl\":\"https:\/\/printwave.pl\/fr\/wp-content\/uploads\/sites\/4\/2025\/01\/314_73_712_f-2024_01.jpg\",\"width\":1024,\"height\":1304},{\"@type\":\"BreadcrumbList\",\"@id\":\"https:\/\/printwave.pl\/fr\/produkt\/yp-classcis-realtree-camo-retro-trucker-cap\/#breadcrumb\",\"itemListElement\":[{\"@type\":\"ListItem\",\"position\":1,\"name\":\"Accueil\",\"item\":\"https:\/\/printwave.pl\/fr\/\"},{\"@type\":\"ListItem\",\"position\":2,\"name\":\"Boutique\",\"item\":\"https:\/\/printwave.pl\/fr\/boutique\/\"},{\"@type\":\"ListItem\",\"position\":3,\"name\":\"YP Classcis RealTree Camo Retro Trucker Cap\"}]},{\"@type\":\"WebSite\",\"@id\":\"https:\/\/printwave.pl\/fr\/#website\",\"url\":\"https:\/\/printwave.pl\/fr\/\",\"name\":\"Printwave\",\"description\":\"Votre fournisseur de v\u00eatements promotionnels et d&#039;entreprise en Pologne\",\"potentialAction\":[{\"@type\":\"SearchAction\",\"target\":{\"@type\":\"EntryPoint\",\"urlTemplate\":\"https:\/\/printwave.pl\/fr\/?s={search_term_string}\"},\"query-input\":{\"@type\":\"PropertyValueSpecification\",\"valueRequired\":true,\"valueName\":\"search_term_string\"}}],\"inLanguage\":\"fr-FR\"}]}<\/script>\n<!-- \/ Yoast SEO Premium plugin. -->","yoast_head_json":{"title":"YP Classcis RealTree Camo Retro Trucker Cap | Printwave FR","robots":{"index":"index","follow":"follow","max-snippet":"max-snippet:-1","max-image-preview":"max-image-preview:large","max-video-preview":"max-video-preview:-1"},"canonical":"https:\/\/printwave.pl\/fr\/produkt\/yp-classcis-realtree-camo-retro-trucker-cap\/","og_locale":"fr_FR","og_type":"article","og_title":"YP Classcis RealTree Camo Retro Trucker Cap","og_description":"\u00b798% polyester, 2% \u00e9lasthanne (PU) \u00b7Motifs de camouflage Realtree\u00ae hautement efficaces pour une exp\u00e9rience de camouflage am\u00e9lior\u00e9e \u00b76 panneaux \u00b7Visi\u00e8re","og_url":"https:\/\/printwave.pl\/fr\/produkt\/yp-classcis-realtree-camo-retro-trucker-cap\/","og_site_name":"Printwave FR","article_modified_time":"2026-02-13T13:05:11+00:00","og_image":[{"width":1645,"height":297,"url":"https:\/\/printwave.pl\/fr\/wp-content\/uploads\/sites\/4\/2021\/07\/Print-Wave-logo-2025.png","type":"image\/png"}],"twitter_card":"summary_large_image","schema":{"@context":"https:\/\/schema.org","@graph":[{"@type":"WebPage","@id":"https:\/\/printwave.pl\/fr\/produkt\/yp-classcis-realtree-camo-retro-trucker-cap\/","url":"https:\/\/printwave.pl\/fr\/produkt\/yp-classcis-realtree-camo-retro-trucker-cap\/","name":"YP Classcis RealTree Camo Retro Trucker Cap | Printwave FR","isPartOf":{"@id":"https:\/\/printwave.pl\/fr\/#website"},"primaryImageOfPage":{"@id":"https:\/\/printwave.pl\/fr\/produkt\/yp-classcis-realtree-camo-retro-trucker-cap\/#primaryimage"},"image":{"@id":"https:\/\/printwave.pl\/fr\/produkt\/yp-classcis-realtree-camo-retro-trucker-cap\/#primaryimage"},"thumbnailUrl":"https:\/\/printwave.pl\/fr\/wp-content\/uploads\/sites\/4\/2025\/01\/314_73_712_f-2024_01.jpg","datePublished":"2025-01-25T15:30:19+00:00","dateModified":"2026-02-13T13:05:11+00:00","breadcrumb":{"@id":"https:\/\/printwave.pl\/fr\/produkt\/yp-classcis-realtree-camo-retro-trucker-cap\/#breadcrumb"},"inLanguage":"fr-FR","potentialAction":[{"@type":"ReadAction","target":["https:\/\/printwave.pl\/fr\/produkt\/yp-classcis-realtree-camo-retro-trucker-cap\/"]}]},{"@type":"ImageObject","inLanguage":"fr-FR","@id":"https:\/\/printwave.pl\/fr\/produkt\/yp-classcis-realtree-camo-retro-trucker-cap\/#primaryimage","url":"https:\/\/printwave.pl\/fr\/wp-content\/uploads\/sites\/4\/2025\/01\/314_73_712_f-2024_01.jpg","contentUrl":"https:\/\/printwave.pl\/fr\/wp-content\/uploads\/sites\/4\/2025\/01\/314_73_712_f-2024_01.jpg","width":1024,"height":1304},{"@type":"BreadcrumbList","@id":"https:\/\/printwave.pl\/fr\/produkt\/yp-classcis-realtree-camo-retro-trucker-cap\/#breadcrumb","itemListElement":[{"@type":"ListItem","position":1,"name":"Accueil","item":"https:\/\/printwave.pl\/fr\/"},{"@type":"ListItem","position":2,"name":"Boutique","item":"https:\/\/printwave.pl\/fr\/boutique\/"},{"@type":"ListItem","position":3,"name":"YP Classcis RealTree Camo Retro Trucker Cap"}]},{"@type":"WebSite","@id":"https:\/\/printwave.pl\/fr\/#website","url":"https:\/\/printwave.pl\/fr\/","name":"Printwave","description":"Votre fournisseur de v\u00eatements promotionnels et d&#039;entreprise en Pologne","potentialAction":[{"@type":"SearchAction","target":{"@type":"EntryPoint","urlTemplate":"https:\/\/printwave.pl\/fr\/?s={search_term_string}"},"query-input":{"@type":"PropertyValueSpecification","valueRequired":true,"valueName":"search_term_string"}}],"inLanguage":"fr-FR"}]}},"_links":{"self":[{"href":"https:\/\/printwave.pl\/fr\/wp-json\/wp\/v2\/product\/500967","targetHints":{"allow":["GET"]}}],"collection":[{"href":"https:\/\/printwave.pl\/fr\/wp-json\/wp\/v2\/product"}],"about":[{"href":"https:\/\/printwave.pl\/fr\/wp-json\/wp\/v2\/types\/product"}],"replies":[{"embeddable":true,"href":"https:\/\/printwave.pl\/fr\/wp-json\/wp\/v2\/comments?post=500967"}],"wp:featuredmedia":[{"embeddable":true,"href":"https:\/\/printwave.pl\/fr\/wp-json\/wp\/v2\/media\/500966"}],"wp:attachment":[{"href":"https:\/\/printwave.pl\/fr\/wp-json\/wp\/v2\/media?parent=500967"}],"wp:term":[{"taxonomy":"product_brand","embeddable":true,"href":"https:\/\/printwave.pl\/fr\/wp-json\/wp\/v2\/product_brand?post=500967"},{"taxonomy":"product_cat","embeddable":true,"href":"https:\/\/printwave.pl\/fr\/wp-json\/wp\/v2\/product_cat?post=500967"},{"taxonomy":"product_tag","embeddable":true,"href":"https:\/\/printwave.pl\/fr\/wp-json\/wp\/v2\/product_tag?post=500967"}],"curies":[{"name":"wp","href":"https:\/\/api.w.org\/{rel}","templated":true}]}}