{"id":500763,"date":"2025-01-25T16:23:32","date_gmt":"2025-01-25T15:23:32","guid":{"rendered":"https:\/\/printwave.pl\/fr\/produkt\/classic-snapback-cap-kids\/"},"modified":"2026-02-13T14:00:58","modified_gmt":"2026-02-13T13:00:58","slug":"classic-snapback-cap-kids","status":"publish","type":"product","link":"https:\/\/printwave.pl\/fr\/produkt\/classic-snapback-cap-kids\/","title":{"rendered":"Classic Snapback Cap Kids"},"content":{"rendered":"<p>\u00b780% polyacrylique, 20% laine<br \/>\n\u00b7Pour les tailles adultes, veuillez commander : 300.73<br \/>\n\u00b7M\u00e9lange de laine de premi\u00e8re qualit\u00e9<br \/>\n\u00b7Forme classique<br \/>\n\u00b76 panneaux<br \/>\n\u00b7Mat\u00e9riau durable (buckram)<br \/>\n\u00b7Visi\u00e8re plate avec 8 rang\u00e9es de coutures<br \/>\n\u00b7Int\u00e9rieur visi\u00e8re vert<br \/>\n\u00b7Bouton pression en plastique assorti.<\/p>\n","protected":false},"excerpt":{"rendered":"<p>\u00b780% polyacrylique, 20% laine \u00b7Pour les tailles adultes, veuillez commander : 300.73 \u00b7M\u00e9lange de laine de premi\u00e8re qualit\u00e9 \u00b7Forme classique<\/p>\n","protected":false},"featured_media":500758,"comment_status":"open","ping_status":"closed","template":"","meta":[],"product_brand":[],"product_cat":[163,80],"product_tag":[],"class_list":{"0":"post-500763","1":"product","2":"type-product","3":"status-publish","4":"has-post-thumbnail","6":"product_cat-casquettes-chapeaux-bob-gants-echarpes","7":"product_cat-enfants","8":"pa_couleur-black","9":"pa_couleur-black-black","10":"pa_couleur-dark-navy","11":"pa_couleur-heather","12":"pa_couleur-maroon","13":"pa_groupe-de-produits-bonnets","14":"pa_groupe-de-produits-casquettes","15":"pa_marque-classics","16":"pa_numero-de-style-4281","17":"pa_sexe-enfants","18":"pa_taille-kids-52cm","19":"pa_taille-toddler-50cm","20":"pa_taille-youth-56cm","21":"pa_tissu-melange-de-tissu","23":"first","24":"instock","25":"taxable","26":"shipping-taxable","27":"purchasable","28":"product-type-variable"},"yoast_head":"<!-- This site is optimized with the Yoast SEO Premium plugin v20.9 (Yoast SEO v26.3) - https:\/\/yoast.com\/wordpress\/plugins\/seo\/ -->\n<title>Classic Snapback Cap Kids | Printwave FR<\/title>\n<meta name=\"robots\" content=\"index, follow, max-snippet:-1, max-image-preview:large, max-video-preview:-1\" \/>\n<link rel=\"canonical\" href=\"https:\/\/printwave.pl\/fr\/produkt\/classic-snapback-cap-kids\/\" \/>\n<meta property=\"og:locale\" content=\"fr_FR\" \/>\n<meta property=\"og:type\" content=\"article\" \/>\n<meta property=\"og:title\" content=\"Classic Snapback Cap Kids\" \/>\n<meta property=\"og:description\" content=\"\u00b780% polyacrylique, 20% laine \u00b7Pour les tailles adultes, veuillez commander : 300.73 \u00b7M\u00e9lange de laine de premi\u00e8re qualit\u00e9 \u00b7Forme classique\" \/>\n<meta property=\"og:url\" content=\"https:\/\/printwave.pl\/fr\/produkt\/classic-snapback-cap-kids\/\" \/>\n<meta property=\"og:site_name\" content=\"Printwave FR\" \/>\n<meta property=\"article:modified_time\" content=\"2026-02-13T13:00:58+00:00\" \/>\n<meta property=\"og:image\" content=\"https:\/\/printwave.pl\/fr\/wp-content\/uploads\/sites\/4\/2021\/07\/Print-Wave-logo-2025.png\" \/>\n\t<meta property=\"og:image:width\" content=\"1645\" \/>\n\t<meta property=\"og:image:height\" content=\"297\" \/>\n\t<meta property=\"og:image:type\" content=\"image\/png\" \/>\n<meta name=\"twitter:card\" content=\"summary_large_image\" \/>\n<script type=\"application\/ld+json\" class=\"yoast-schema-graph\">{\"@context\":\"https:\/\/schema.org\",\"@graph\":[{\"@type\":\"WebPage\",\"@id\":\"https:\/\/printwave.pl\/fr\/produkt\/classic-snapback-cap-kids\/\",\"url\":\"https:\/\/printwave.pl\/fr\/produkt\/classic-snapback-cap-kids\/\",\"name\":\"Classic Snapback Cap Kids | Printwave FR\",\"isPartOf\":{\"@id\":\"https:\/\/printwave.pl\/fr\/#website\"},\"primaryImageOfPage\":{\"@id\":\"https:\/\/printwave.pl\/fr\/produkt\/classic-snapback-cap-kids\/#primaryimage\"},\"image\":{\"@id\":\"https:\/\/printwave.pl\/fr\/produkt\/classic-snapback-cap-kids\/#primaryimage\"},\"thumbnailUrl\":\"https:\/\/printwave.pl\/fr\/wp-content\/uploads\/sites\/4\/2025\/01\/318_73_445_m-2023_02.jpg\",\"datePublished\":\"2025-01-25T15:23:32+00:00\",\"dateModified\":\"2026-02-13T13:00:58+00:00\",\"breadcrumb\":{\"@id\":\"https:\/\/printwave.pl\/fr\/produkt\/classic-snapback-cap-kids\/#breadcrumb\"},\"inLanguage\":\"fr-FR\",\"potentialAction\":[{\"@type\":\"ReadAction\",\"target\":[\"https:\/\/printwave.pl\/fr\/produkt\/classic-snapback-cap-kids\/\"]}]},{\"@type\":\"ImageObject\",\"inLanguage\":\"fr-FR\",\"@id\":\"https:\/\/printwave.pl\/fr\/produkt\/classic-snapback-cap-kids\/#primaryimage\",\"url\":\"https:\/\/printwave.pl\/fr\/wp-content\/uploads\/sites\/4\/2025\/01\/318_73_445_m-2023_02.jpg\",\"contentUrl\":\"https:\/\/printwave.pl\/fr\/wp-content\/uploads\/sites\/4\/2025\/01\/318_73_445_m-2023_02.jpg\",\"width\":1024,\"height\":1304},{\"@type\":\"BreadcrumbList\",\"@id\":\"https:\/\/printwave.pl\/fr\/produkt\/classic-snapback-cap-kids\/#breadcrumb\",\"itemListElement\":[{\"@type\":\"ListItem\",\"position\":1,\"name\":\"Accueil\",\"item\":\"https:\/\/printwave.pl\/fr\/\"},{\"@type\":\"ListItem\",\"position\":2,\"name\":\"Boutique\",\"item\":\"https:\/\/printwave.pl\/fr\/boutique\/\"},{\"@type\":\"ListItem\",\"position\":3,\"name\":\"Classic Snapback Cap Kids\"}]},{\"@type\":\"WebSite\",\"@id\":\"https:\/\/printwave.pl\/fr\/#website\",\"url\":\"https:\/\/printwave.pl\/fr\/\",\"name\":\"Printwave\",\"description\":\"Votre fournisseur de v\u00eatements promotionnels et d&#039;entreprise en Pologne\",\"potentialAction\":[{\"@type\":\"SearchAction\",\"target\":{\"@type\":\"EntryPoint\",\"urlTemplate\":\"https:\/\/printwave.pl\/fr\/?s={search_term_string}\"},\"query-input\":{\"@type\":\"PropertyValueSpecification\",\"valueRequired\":true,\"valueName\":\"search_term_string\"}}],\"inLanguage\":\"fr-FR\"}]}<\/script>\n<!-- \/ Yoast SEO Premium plugin. -->","yoast_head_json":{"title":"Classic Snapback Cap Kids | Printwave FR","robots":{"index":"index","follow":"follow","max-snippet":"max-snippet:-1","max-image-preview":"max-image-preview:large","max-video-preview":"max-video-preview:-1"},"canonical":"https:\/\/printwave.pl\/fr\/produkt\/classic-snapback-cap-kids\/","og_locale":"fr_FR","og_type":"article","og_title":"Classic Snapback Cap Kids","og_description":"\u00b780% polyacrylique, 20% laine \u00b7Pour les tailles adultes, veuillez commander : 300.73 \u00b7M\u00e9lange de laine de premi\u00e8re qualit\u00e9 \u00b7Forme classique","og_url":"https:\/\/printwave.pl\/fr\/produkt\/classic-snapback-cap-kids\/","og_site_name":"Printwave FR","article_modified_time":"2026-02-13T13:00:58+00:00","og_image":[{"width":1645,"height":297,"url":"https:\/\/printwave.pl\/fr\/wp-content\/uploads\/sites\/4\/2021\/07\/Print-Wave-logo-2025.png","type":"image\/png"}],"twitter_card":"summary_large_image","schema":{"@context":"https:\/\/schema.org","@graph":[{"@type":"WebPage","@id":"https:\/\/printwave.pl\/fr\/produkt\/classic-snapback-cap-kids\/","url":"https:\/\/printwave.pl\/fr\/produkt\/classic-snapback-cap-kids\/","name":"Classic Snapback Cap Kids | Printwave FR","isPartOf":{"@id":"https:\/\/printwave.pl\/fr\/#website"},"primaryImageOfPage":{"@id":"https:\/\/printwave.pl\/fr\/produkt\/classic-snapback-cap-kids\/#primaryimage"},"image":{"@id":"https:\/\/printwave.pl\/fr\/produkt\/classic-snapback-cap-kids\/#primaryimage"},"thumbnailUrl":"https:\/\/printwave.pl\/fr\/wp-content\/uploads\/sites\/4\/2025\/01\/318_73_445_m-2023_02.jpg","datePublished":"2025-01-25T15:23:32+00:00","dateModified":"2026-02-13T13:00:58+00:00","breadcrumb":{"@id":"https:\/\/printwave.pl\/fr\/produkt\/classic-snapback-cap-kids\/#breadcrumb"},"inLanguage":"fr-FR","potentialAction":[{"@type":"ReadAction","target":["https:\/\/printwave.pl\/fr\/produkt\/classic-snapback-cap-kids\/"]}]},{"@type":"ImageObject","inLanguage":"fr-FR","@id":"https:\/\/printwave.pl\/fr\/produkt\/classic-snapback-cap-kids\/#primaryimage","url":"https:\/\/printwave.pl\/fr\/wp-content\/uploads\/sites\/4\/2025\/01\/318_73_445_m-2023_02.jpg","contentUrl":"https:\/\/printwave.pl\/fr\/wp-content\/uploads\/sites\/4\/2025\/01\/318_73_445_m-2023_02.jpg","width":1024,"height":1304},{"@type":"BreadcrumbList","@id":"https:\/\/printwave.pl\/fr\/produkt\/classic-snapback-cap-kids\/#breadcrumb","itemListElement":[{"@type":"ListItem","position":1,"name":"Accueil","item":"https:\/\/printwave.pl\/fr\/"},{"@type":"ListItem","position":2,"name":"Boutique","item":"https:\/\/printwave.pl\/fr\/boutique\/"},{"@type":"ListItem","position":3,"name":"Classic Snapback Cap Kids"}]},{"@type":"WebSite","@id":"https:\/\/printwave.pl\/fr\/#website","url":"https:\/\/printwave.pl\/fr\/","name":"Printwave","description":"Votre fournisseur de v\u00eatements promotionnels et d&#039;entreprise en Pologne","potentialAction":[{"@type":"SearchAction","target":{"@type":"EntryPoint","urlTemplate":"https:\/\/printwave.pl\/fr\/?s={search_term_string}"},"query-input":{"@type":"PropertyValueSpecification","valueRequired":true,"valueName":"search_term_string"}}],"inLanguage":"fr-FR"}]}},"_links":{"self":[{"href":"https:\/\/printwave.pl\/fr\/wp-json\/wp\/v2\/product\/500763","targetHints":{"allow":["GET"]}}],"collection":[{"href":"https:\/\/printwave.pl\/fr\/wp-json\/wp\/v2\/product"}],"about":[{"href":"https:\/\/printwave.pl\/fr\/wp-json\/wp\/v2\/types\/product"}],"replies":[{"embeddable":true,"href":"https:\/\/printwave.pl\/fr\/wp-json\/wp\/v2\/comments?post=500763"}],"wp:featuredmedia":[{"embeddable":true,"href":"https:\/\/printwave.pl\/fr\/wp-json\/wp\/v2\/media\/500758"}],"wp:attachment":[{"href":"https:\/\/printwave.pl\/fr\/wp-json\/wp\/v2\/media?parent=500763"}],"wp:term":[{"taxonomy":"product_brand","embeddable":true,"href":"https:\/\/printwave.pl\/fr\/wp-json\/wp\/v2\/product_brand?post=500763"},{"taxonomy":"product_cat","embeddable":true,"href":"https:\/\/printwave.pl\/fr\/wp-json\/wp\/v2\/product_cat?post=500763"},{"taxonomy":"product_tag","embeddable":true,"href":"https:\/\/printwave.pl\/fr\/wp-json\/wp\/v2\/product_tag?post=500763"}],"curies":[{"name":"wp","href":"https:\/\/api.w.org\/{rel}","templated":true}]}}