{"id":499170,"date":"2025-01-25T15:25:31","date_gmt":"2025-01-25T14:25:31","guid":{"rendered":"https:\/\/printwave.pl\/fr\/produkt\/110-mesh-cap\/"},"modified":"2026-02-15T06:37:25","modified_gmt":"2026-02-15T05:37:25","slug":"110-mesh-cap","status":"publish","type":"product","link":"https:\/\/printwave.pl\/fr\/produkt\/110-mesh-cap\/","title":{"rendered":"110 Mesh Cap"},"content":{"rendered":"<p>\u00b7100% coton<br \/>\n\u00b7Panneaux en maille : 100% polyester<br \/>\n\u00b76 panneaux<br \/>\n\u00b7Mat\u00e9rieu durable (buckram)<br \/>\n\u00b7Visi\u00e8re avec 8 rang\u00e9es de coutures<br \/>\n\u00b7Int\u00e9rieur visi\u00e8re de couleur contrast\u00e9e (Blanc)<br \/>\n\u00b7Visi\u00e8re courb\u00e9e<br \/>\n\u00b7Ajusteur de taille Snapback.<\/p>\n","protected":false},"excerpt":{"rendered":"<p>\u00b7100% coton \u00b7Panneaux en maille : 100% polyester \u00b76 panneaux \u00b7Mat\u00e9rieu durable (buckram) \u00b7Visi\u00e8re avec 8 rang\u00e9es de coutures \u00b7Int\u00e9rieur<\/p>\n","protected":false},"featured_media":499166,"comment_status":"open","ping_status":"closed","template":"","meta":[],"product_brand":[],"product_cat":[163,455],"product_tag":[],"class_list":{"0":"post-499170","1":"product","2":"type-product","3":"status-publish","4":"has-post-thumbnail","6":"product_cat-casquettes-chapeaux-bob-gants-echarpes","7":"product_cat-streetwear","8":"pa_couleur-black","9":"pa_couleur-charcoal","10":"pa_couleur-navy","11":"pa_couleur-red","12":"pa_groupe-de-produits-casquettes","13":"pa_marque-flexfit","14":"pa_numero-de-style-4185","15":"pa_sexe-hommes","16":"pa_taille-one-size","17":"pa_tissu-coton","19":"first","20":"instock","21":"taxable","22":"shipping-taxable","23":"purchasable","24":"product-type-variable"},"yoast_head":"<!-- This site is optimized with the Yoast SEO Premium plugin v20.9 (Yoast SEO v26.3) - https:\/\/yoast.com\/wordpress\/plugins\/seo\/ -->\n<title>110 Mesh Cap | Printwave FR<\/title>\n<meta name=\"robots\" content=\"index, follow, max-snippet:-1, max-image-preview:large, max-video-preview:-1\" \/>\n<link rel=\"canonical\" href=\"https:\/\/printwave.pl\/fr\/produkt\/110-mesh-cap\/\" \/>\n<meta property=\"og:locale\" content=\"fr_FR\" \/>\n<meta property=\"og:type\" content=\"article\" \/>\n<meta property=\"og:title\" content=\"110 Mesh Cap\" \/>\n<meta property=\"og:description\" content=\"\u00b7100% coton \u00b7Panneaux en maille : 100% polyester \u00b76 panneaux \u00b7Mat\u00e9rieu durable (buckram) \u00b7Visi\u00e8re avec 8 rang\u00e9es de coutures \u00b7Int\u00e9rieur\" \/>\n<meta property=\"og:url\" content=\"https:\/\/printwave.pl\/fr\/produkt\/110-mesh-cap\/\" \/>\n<meta property=\"og:site_name\" content=\"Printwave FR\" \/>\n<meta property=\"article:modified_time\" content=\"2026-02-15T05:37:25+00:00\" \/>\n<meta property=\"og:image\" content=\"https:\/\/printwave.pl\/fr\/wp-content\/uploads\/sites\/4\/2021\/07\/Print-Wave-logo-2025.png\" \/>\n\t<meta property=\"og:image:width\" content=\"1645\" \/>\n\t<meta property=\"og:image:height\" content=\"297\" \/>\n\t<meta property=\"og:image:type\" content=\"image\/png\" \/>\n<meta name=\"twitter:card\" content=\"summary_large_image\" \/>\n<script type=\"application\/ld+json\" class=\"yoast-schema-graph\">{\"@context\":\"https:\/\/schema.org\",\"@graph\":[{\"@type\":\"WebPage\",\"@id\":\"https:\/\/printwave.pl\/fr\/produkt\/110-mesh-cap\/\",\"url\":\"https:\/\/printwave.pl\/fr\/produkt\/110-mesh-cap\/\",\"name\":\"110 Mesh Cap | Printwave FR\",\"isPartOf\":{\"@id\":\"https:\/\/printwave.pl\/fr\/#website\"},\"primaryImageOfPage\":{\"@id\":\"https:\/\/printwave.pl\/fr\/produkt\/110-mesh-cap\/#primaryimage\"},\"image\":{\"@id\":\"https:\/\/printwave.pl\/fr\/produkt\/110-mesh-cap\/#primaryimage\"},\"thumbnailUrl\":\"https:\/\/printwave.pl\/fr\/wp-content\/uploads\/sites\/4\/2025\/01\/361_68_400_m-2023_01.jpg\",\"datePublished\":\"2025-01-25T14:25:31+00:00\",\"dateModified\":\"2026-02-15T05:37:25+00:00\",\"breadcrumb\":{\"@id\":\"https:\/\/printwave.pl\/fr\/produkt\/110-mesh-cap\/#breadcrumb\"},\"inLanguage\":\"fr-FR\",\"potentialAction\":[{\"@type\":\"ReadAction\",\"target\":[\"https:\/\/printwave.pl\/fr\/produkt\/110-mesh-cap\/\"]}]},{\"@type\":\"ImageObject\",\"inLanguage\":\"fr-FR\",\"@id\":\"https:\/\/printwave.pl\/fr\/produkt\/110-mesh-cap\/#primaryimage\",\"url\":\"https:\/\/printwave.pl\/fr\/wp-content\/uploads\/sites\/4\/2025\/01\/361_68_400_m-2023_01.jpg\",\"contentUrl\":\"https:\/\/printwave.pl\/fr\/wp-content\/uploads\/sites\/4\/2025\/01\/361_68_400_m-2023_01.jpg\",\"width\":1024,\"height\":1304},{\"@type\":\"BreadcrumbList\",\"@id\":\"https:\/\/printwave.pl\/fr\/produkt\/110-mesh-cap\/#breadcrumb\",\"itemListElement\":[{\"@type\":\"ListItem\",\"position\":1,\"name\":\"Accueil\",\"item\":\"https:\/\/printwave.pl\/fr\/\"},{\"@type\":\"ListItem\",\"position\":2,\"name\":\"Boutique\",\"item\":\"https:\/\/printwave.pl\/fr\/boutique\/\"},{\"@type\":\"ListItem\",\"position\":3,\"name\":\"110 Mesh Cap\"}]},{\"@type\":\"WebSite\",\"@id\":\"https:\/\/printwave.pl\/fr\/#website\",\"url\":\"https:\/\/printwave.pl\/fr\/\",\"name\":\"Printwave\",\"description\":\"Votre fournisseur de v\u00eatements promotionnels et d&#039;entreprise en Pologne\",\"potentialAction\":[{\"@type\":\"SearchAction\",\"target\":{\"@type\":\"EntryPoint\",\"urlTemplate\":\"https:\/\/printwave.pl\/fr\/?s={search_term_string}\"},\"query-input\":{\"@type\":\"PropertyValueSpecification\",\"valueRequired\":true,\"valueName\":\"search_term_string\"}}],\"inLanguage\":\"fr-FR\"}]}<\/script>\n<!-- \/ Yoast SEO Premium plugin. -->","yoast_head_json":{"title":"110 Mesh Cap | Printwave FR","robots":{"index":"index","follow":"follow","max-snippet":"max-snippet:-1","max-image-preview":"max-image-preview:large","max-video-preview":"max-video-preview:-1"},"canonical":"https:\/\/printwave.pl\/fr\/produkt\/110-mesh-cap\/","og_locale":"fr_FR","og_type":"article","og_title":"110 Mesh Cap","og_description":"\u00b7100% coton \u00b7Panneaux en maille : 100% polyester \u00b76 panneaux \u00b7Mat\u00e9rieu durable (buckram) \u00b7Visi\u00e8re avec 8 rang\u00e9es de coutures \u00b7Int\u00e9rieur","og_url":"https:\/\/printwave.pl\/fr\/produkt\/110-mesh-cap\/","og_site_name":"Printwave FR","article_modified_time":"2026-02-15T05:37:25+00:00","og_image":[{"width":1645,"height":297,"url":"https:\/\/printwave.pl\/fr\/wp-content\/uploads\/sites\/4\/2021\/07\/Print-Wave-logo-2025.png","type":"image\/png"}],"twitter_card":"summary_large_image","schema":{"@context":"https:\/\/schema.org","@graph":[{"@type":"WebPage","@id":"https:\/\/printwave.pl\/fr\/produkt\/110-mesh-cap\/","url":"https:\/\/printwave.pl\/fr\/produkt\/110-mesh-cap\/","name":"110 Mesh Cap | Printwave FR","isPartOf":{"@id":"https:\/\/printwave.pl\/fr\/#website"},"primaryImageOfPage":{"@id":"https:\/\/printwave.pl\/fr\/produkt\/110-mesh-cap\/#primaryimage"},"image":{"@id":"https:\/\/printwave.pl\/fr\/produkt\/110-mesh-cap\/#primaryimage"},"thumbnailUrl":"https:\/\/printwave.pl\/fr\/wp-content\/uploads\/sites\/4\/2025\/01\/361_68_400_m-2023_01.jpg","datePublished":"2025-01-25T14:25:31+00:00","dateModified":"2026-02-15T05:37:25+00:00","breadcrumb":{"@id":"https:\/\/printwave.pl\/fr\/produkt\/110-mesh-cap\/#breadcrumb"},"inLanguage":"fr-FR","potentialAction":[{"@type":"ReadAction","target":["https:\/\/printwave.pl\/fr\/produkt\/110-mesh-cap\/"]}]},{"@type":"ImageObject","inLanguage":"fr-FR","@id":"https:\/\/printwave.pl\/fr\/produkt\/110-mesh-cap\/#primaryimage","url":"https:\/\/printwave.pl\/fr\/wp-content\/uploads\/sites\/4\/2025\/01\/361_68_400_m-2023_01.jpg","contentUrl":"https:\/\/printwave.pl\/fr\/wp-content\/uploads\/sites\/4\/2025\/01\/361_68_400_m-2023_01.jpg","width":1024,"height":1304},{"@type":"BreadcrumbList","@id":"https:\/\/printwave.pl\/fr\/produkt\/110-mesh-cap\/#breadcrumb","itemListElement":[{"@type":"ListItem","position":1,"name":"Accueil","item":"https:\/\/printwave.pl\/fr\/"},{"@type":"ListItem","position":2,"name":"Boutique","item":"https:\/\/printwave.pl\/fr\/boutique\/"},{"@type":"ListItem","position":3,"name":"110 Mesh Cap"}]},{"@type":"WebSite","@id":"https:\/\/printwave.pl\/fr\/#website","url":"https:\/\/printwave.pl\/fr\/","name":"Printwave","description":"Votre fournisseur de v\u00eatements promotionnels et d&#039;entreprise en Pologne","potentialAction":[{"@type":"SearchAction","target":{"@type":"EntryPoint","urlTemplate":"https:\/\/printwave.pl\/fr\/?s={search_term_string}"},"query-input":{"@type":"PropertyValueSpecification","valueRequired":true,"valueName":"search_term_string"}}],"inLanguage":"fr-FR"}]}},"_links":{"self":[{"href":"https:\/\/printwave.pl\/fr\/wp-json\/wp\/v2\/product\/499170","targetHints":{"allow":["GET"]}}],"collection":[{"href":"https:\/\/printwave.pl\/fr\/wp-json\/wp\/v2\/product"}],"about":[{"href":"https:\/\/printwave.pl\/fr\/wp-json\/wp\/v2\/types\/product"}],"replies":[{"embeddable":true,"href":"https:\/\/printwave.pl\/fr\/wp-json\/wp\/v2\/comments?post=499170"}],"wp:featuredmedia":[{"embeddable":true,"href":"https:\/\/printwave.pl\/fr\/wp-json\/wp\/v2\/media\/499166"}],"wp:attachment":[{"href":"https:\/\/printwave.pl\/fr\/wp-json\/wp\/v2\/media?parent=499170"}],"wp:term":[{"taxonomy":"product_brand","embeddable":true,"href":"https:\/\/printwave.pl\/fr\/wp-json\/wp\/v2\/product_brand?post=499170"},{"taxonomy":"product_cat","embeddable":true,"href":"https:\/\/printwave.pl\/fr\/wp-json\/wp\/v2\/product_cat?post=499170"},{"taxonomy":"product_tag","embeddable":true,"href":"https:\/\/printwave.pl\/fr\/wp-json\/wp\/v2\/product_tag?post=499170"}],"curies":[{"name":"wp","href":"https:\/\/api.w.org\/{rel}","templated":true}]}}