{"id":498607,"date":"2025-01-25T15:02:21","date_gmt":"2025-01-25T14:02:21","guid":{"rendered":"https:\/\/printwave.pl\/fr\/produkt\/spiro-sport-cap\/"},"modified":"2026-02-15T06:34:35","modified_gmt":"2026-02-15T05:34:35","slug":"spiro-sport-cap","status":"publish","type":"product","link":"https:\/\/printwave.pl\/fr\/produkt\/spiro-sport-cap\/","title":{"rendered":"Spiro Sport Cap"},"content":{"rendered":"<p>\u00b7100 g\/m\u00b2<br \/>\n\u00b7100% polyester<br \/>\n\u00b72 panneaux filet sur le c\u00f4t\u00e9<br \/>\n\u00b7s\u00e9chage rapide<br \/>\n\u00b7r\u00e9siste au vent et respirant<br \/>\n\u00b7style jockey<br \/>\n\u00b7visi\u00e8re courb\u00e9e<br \/>\n\u00b7d\u00e9tails r\u00e9fl\u00e9chissants<br \/>\n\u00b7ajusteur<br \/>\n\u00b7\u00e9tiquette d\u00e9tachable<br \/>\n\u00b7convient \u00e0 la broderie et au transfert.<\/p>\n","protected":false},"excerpt":{"rendered":"<p>\u00b7100 g\/m\u00b2 \u00b7100% polyester \u00b72 panneaux filet sur le c\u00f4t\u00e9 \u00b7s\u00e9chage rapide \u00b7r\u00e9siste au vent et respirant \u00b7style jockey \u00b7visi\u00e8re<\/p>\n","protected":false},"featured_media":498602,"comment_status":"open","ping_status":"closed","template":"","meta":[],"product_brand":[],"product_cat":[163],"product_tag":[460,465,1617,95,1065,1124,131,86],"class_list":{"0":"post-498607","1":"product","2":"type-product","3":"status-publish","4":"has-post-thumbnail","6":"product_cat-casquettes-chapeaux-bob-gants-echarpes","7":"product_tag-2-couleurs","8":"product_tag-2-tons","9":"product_tag-chapeaux","10":"product_tag-coupe-vent","11":"product_tag-facilement-personnalisable","12":"product_tag-fermeture-auto-agrippante","13":"product_tag-unisexe","14":"product_tag-vetements-dexterieur","15":"pa_couleur-aqua-black","16":"pa_couleur-black-white","17":"pa_couleur-lime-black","18":"pa_couleur-navy-white","19":"pa_couleur-orange-black","20":"pa_couleur-red-black","21":"pa_couleur-royal-white","22":"pa_couleur-white-black","23":"pa_groupe-de-produits-casquettes","24":"pa_marque-result-headwear","25":"pa_numero-de-style-4140","26":"pa_poids-100-139-g-m","27":"pa_sexe-unisexe","28":"pa_taille-one-size","29":"pa_tissu-polyester","31":"first","32":"instock","33":"taxable","34":"shipping-taxable","35":"purchasable","36":"product-type-variable"},"yoast_head":"<!-- This site is optimized with the Yoast SEO Premium plugin v20.9 (Yoast SEO v26.3) - https:\/\/yoast.com\/wordpress\/plugins\/seo\/ -->\n<title>Spiro Sport Cap | Printwave FR<\/title>\n<meta name=\"robots\" content=\"index, follow, max-snippet:-1, max-image-preview:large, max-video-preview:-1\" \/>\n<link rel=\"canonical\" href=\"https:\/\/printwave.pl\/fr\/produkt\/spiro-sport-cap\/\" \/>\n<meta property=\"og:locale\" content=\"fr_FR\" \/>\n<meta property=\"og:type\" content=\"article\" \/>\n<meta property=\"og:title\" content=\"Spiro Sport Cap\" \/>\n<meta property=\"og:description\" content=\"\u00b7100 g\/m\u00b2 \u00b7100% polyester \u00b72 panneaux filet sur le c\u00f4t\u00e9 \u00b7s\u00e9chage rapide \u00b7r\u00e9siste au vent et respirant \u00b7style jockey \u00b7visi\u00e8re\" \/>\n<meta property=\"og:url\" content=\"https:\/\/printwave.pl\/fr\/produkt\/spiro-sport-cap\/\" \/>\n<meta property=\"og:site_name\" content=\"Printwave FR\" \/>\n<meta property=\"article:modified_time\" content=\"2026-02-15T05:34:35+00:00\" \/>\n<meta property=\"og:image\" content=\"https:\/\/printwave.pl\/fr\/wp-content\/uploads\/sites\/4\/2021\/07\/Print-Wave-logo-2025.png\" \/>\n\t<meta property=\"og:image:width\" content=\"1645\" \/>\n\t<meta property=\"og:image:height\" content=\"297\" \/>\n\t<meta property=\"og:image:type\" content=\"image\/png\" \/>\n<meta name=\"twitter:card\" content=\"summary_large_image\" \/>\n<script type=\"application\/ld+json\" class=\"yoast-schema-graph\">{\"@context\":\"https:\/\/schema.org\",\"@graph\":[{\"@type\":\"WebPage\",\"@id\":\"https:\/\/printwave.pl\/fr\/produkt\/spiro-sport-cap\/\",\"url\":\"https:\/\/printwave.pl\/fr\/produkt\/spiro-sport-cap\/\",\"name\":\"Spiro Sport Cap | Printwave FR\",\"isPartOf\":{\"@id\":\"https:\/\/printwave.pl\/fr\/#website\"},\"primaryImageOfPage\":{\"@id\":\"https:\/\/printwave.pl\/fr\/produkt\/spiro-sport-cap\/#primaryimage\"},\"image\":{\"@id\":\"https:\/\/printwave.pl\/fr\/produkt\/spiro-sport-cap\/#primaryimage\"},\"thumbnailUrl\":\"https:\/\/printwave.pl\/fr\/wp-content\/uploads\/sites\/4\/2025\/01\/386_34_361_m-2018_01.jpg\",\"datePublished\":\"2025-01-25T14:02:21+00:00\",\"dateModified\":\"2026-02-15T05:34:35+00:00\",\"breadcrumb\":{\"@id\":\"https:\/\/printwave.pl\/fr\/produkt\/spiro-sport-cap\/#breadcrumb\"},\"inLanguage\":\"fr-FR\",\"potentialAction\":[{\"@type\":\"ReadAction\",\"target\":[\"https:\/\/printwave.pl\/fr\/produkt\/spiro-sport-cap\/\"]}]},{\"@type\":\"ImageObject\",\"inLanguage\":\"fr-FR\",\"@id\":\"https:\/\/printwave.pl\/fr\/produkt\/spiro-sport-cap\/#primaryimage\",\"url\":\"https:\/\/printwave.pl\/fr\/wp-content\/uploads\/sites\/4\/2025\/01\/386_34_361_m-2018_01.jpg\",\"contentUrl\":\"https:\/\/printwave.pl\/fr\/wp-content\/uploads\/sites\/4\/2025\/01\/386_34_361_m-2018_01.jpg\",\"width\":1024,\"height\":1304},{\"@type\":\"BreadcrumbList\",\"@id\":\"https:\/\/printwave.pl\/fr\/produkt\/spiro-sport-cap\/#breadcrumb\",\"itemListElement\":[{\"@type\":\"ListItem\",\"position\":1,\"name\":\"Accueil\",\"item\":\"https:\/\/printwave.pl\/fr\/\"},{\"@type\":\"ListItem\",\"position\":2,\"name\":\"Boutique\",\"item\":\"https:\/\/printwave.pl\/fr\/boutique\/\"},{\"@type\":\"ListItem\",\"position\":3,\"name\":\"Spiro Sport Cap\"}]},{\"@type\":\"WebSite\",\"@id\":\"https:\/\/printwave.pl\/fr\/#website\",\"url\":\"https:\/\/printwave.pl\/fr\/\",\"name\":\"Printwave\",\"description\":\"Votre fournisseur de v\u00eatements promotionnels et d&#039;entreprise en Pologne\",\"potentialAction\":[{\"@type\":\"SearchAction\",\"target\":{\"@type\":\"EntryPoint\",\"urlTemplate\":\"https:\/\/printwave.pl\/fr\/?s={search_term_string}\"},\"query-input\":{\"@type\":\"PropertyValueSpecification\",\"valueRequired\":true,\"valueName\":\"search_term_string\"}}],\"inLanguage\":\"fr-FR\"}]}<\/script>\n<!-- \/ Yoast SEO Premium plugin. -->","yoast_head_json":{"title":"Spiro Sport Cap | Printwave FR","robots":{"index":"index","follow":"follow","max-snippet":"max-snippet:-1","max-image-preview":"max-image-preview:large","max-video-preview":"max-video-preview:-1"},"canonical":"https:\/\/printwave.pl\/fr\/produkt\/spiro-sport-cap\/","og_locale":"fr_FR","og_type":"article","og_title":"Spiro Sport Cap","og_description":"\u00b7100 g\/m\u00b2 \u00b7100% polyester \u00b72 panneaux filet sur le c\u00f4t\u00e9 \u00b7s\u00e9chage rapide \u00b7r\u00e9siste au vent et respirant \u00b7style jockey \u00b7visi\u00e8re","og_url":"https:\/\/printwave.pl\/fr\/produkt\/spiro-sport-cap\/","og_site_name":"Printwave FR","article_modified_time":"2026-02-15T05:34:35+00:00","og_image":[{"width":1645,"height":297,"url":"https:\/\/printwave.pl\/fr\/wp-content\/uploads\/sites\/4\/2021\/07\/Print-Wave-logo-2025.png","type":"image\/png"}],"twitter_card":"summary_large_image","schema":{"@context":"https:\/\/schema.org","@graph":[{"@type":"WebPage","@id":"https:\/\/printwave.pl\/fr\/produkt\/spiro-sport-cap\/","url":"https:\/\/printwave.pl\/fr\/produkt\/spiro-sport-cap\/","name":"Spiro Sport Cap | Printwave FR","isPartOf":{"@id":"https:\/\/printwave.pl\/fr\/#website"},"primaryImageOfPage":{"@id":"https:\/\/printwave.pl\/fr\/produkt\/spiro-sport-cap\/#primaryimage"},"image":{"@id":"https:\/\/printwave.pl\/fr\/produkt\/spiro-sport-cap\/#primaryimage"},"thumbnailUrl":"https:\/\/printwave.pl\/fr\/wp-content\/uploads\/sites\/4\/2025\/01\/386_34_361_m-2018_01.jpg","datePublished":"2025-01-25T14:02:21+00:00","dateModified":"2026-02-15T05:34:35+00:00","breadcrumb":{"@id":"https:\/\/printwave.pl\/fr\/produkt\/spiro-sport-cap\/#breadcrumb"},"inLanguage":"fr-FR","potentialAction":[{"@type":"ReadAction","target":["https:\/\/printwave.pl\/fr\/produkt\/spiro-sport-cap\/"]}]},{"@type":"ImageObject","inLanguage":"fr-FR","@id":"https:\/\/printwave.pl\/fr\/produkt\/spiro-sport-cap\/#primaryimage","url":"https:\/\/printwave.pl\/fr\/wp-content\/uploads\/sites\/4\/2025\/01\/386_34_361_m-2018_01.jpg","contentUrl":"https:\/\/printwave.pl\/fr\/wp-content\/uploads\/sites\/4\/2025\/01\/386_34_361_m-2018_01.jpg","width":1024,"height":1304},{"@type":"BreadcrumbList","@id":"https:\/\/printwave.pl\/fr\/produkt\/spiro-sport-cap\/#breadcrumb","itemListElement":[{"@type":"ListItem","position":1,"name":"Accueil","item":"https:\/\/printwave.pl\/fr\/"},{"@type":"ListItem","position":2,"name":"Boutique","item":"https:\/\/printwave.pl\/fr\/boutique\/"},{"@type":"ListItem","position":3,"name":"Spiro Sport Cap"}]},{"@type":"WebSite","@id":"https:\/\/printwave.pl\/fr\/#website","url":"https:\/\/printwave.pl\/fr\/","name":"Printwave","description":"Votre fournisseur de v\u00eatements promotionnels et d&#039;entreprise en Pologne","potentialAction":[{"@type":"SearchAction","target":{"@type":"EntryPoint","urlTemplate":"https:\/\/printwave.pl\/fr\/?s={search_term_string}"},"query-input":{"@type":"PropertyValueSpecification","valueRequired":true,"valueName":"search_term_string"}}],"inLanguage":"fr-FR"}]}},"_links":{"self":[{"href":"https:\/\/printwave.pl\/fr\/wp-json\/wp\/v2\/product\/498607","targetHints":{"allow":["GET"]}}],"collection":[{"href":"https:\/\/printwave.pl\/fr\/wp-json\/wp\/v2\/product"}],"about":[{"href":"https:\/\/printwave.pl\/fr\/wp-json\/wp\/v2\/types\/product"}],"replies":[{"embeddable":true,"href":"https:\/\/printwave.pl\/fr\/wp-json\/wp\/v2\/comments?post=498607"}],"wp:featuredmedia":[{"embeddable":true,"href":"https:\/\/printwave.pl\/fr\/wp-json\/wp\/v2\/media\/498602"}],"wp:attachment":[{"href":"https:\/\/printwave.pl\/fr\/wp-json\/wp\/v2\/media?parent=498607"}],"wp:term":[{"taxonomy":"product_brand","embeddable":true,"href":"https:\/\/printwave.pl\/fr\/wp-json\/wp\/v2\/product_brand?post=498607"},{"taxonomy":"product_cat","embeddable":true,"href":"https:\/\/printwave.pl\/fr\/wp-json\/wp\/v2\/product_cat?post=498607"},{"taxonomy":"product_tag","embeddable":true,"href":"https:\/\/printwave.pl\/fr\/wp-json\/wp\/v2\/product_tag?post=498607"}],"curies":[{"name":"wp","href":"https:\/\/api.w.org\/{rel}","templated":true}]}}