{"id":498249,"date":"2025-01-25T14:46:25","date_gmt":"2025-01-25T13:46:25","guid":{"rendered":"https:\/\/printwave.pl\/fr\/produkt\/hammer-ladies-softshell-jacket\/"},"modified":"2026-02-15T06:32:38","modified_gmt":"2026-02-15T05:32:38","slug":"hammer-ladies-softshell-jacket","status":"publish","type":"product","link":"https:\/\/printwave.pl\/fr\/produkt\/hammer-ladies-softshell-jacket\/","title":{"rendered":"Hammer\u2122 Ladies&rsquo; Softshell Jacket"},"content":{"rendered":"<p>\u00b7300 g\/m\u00b2<br \/>\n\u00b798% Polyester, 2% Elasthanne (tissu \u00e9lastique)<br \/>\n\u00b7Membrane imperm\u00e9able (6000 mm) et respirante<br \/>\n\u00b7Couche int\u00e9rieure en micropolaire<br \/>\n\u00b7D\u00e9perlant et coupe-vent<br \/>\n\u00b7Fermeture \u00e9clair invers\u00e9e avec rabat temp\u00eate et prot\u00e8ge menton<br \/>\n\u00b7Poches avant avec fermeture \u00e9clair invers\u00e9e<br \/>\n\u00b7Ourlet droptail (descend plus bas dans le dos)<br \/>\n\u00b7\u00c9tiquette d\u00e9tachable<br \/>\n\u00b7Convient au transfert, \u00e0 la s\u00e9rigraphie et \u00e0 la broderie<br \/>\n\u00b7Coupe cintr\u00e9e<\/p>\n","protected":false},"excerpt":{"rendered":"<p>\u00b7300 g\/m\u00b2 \u00b798% Polyester, 2% Elasthanne (tissu \u00e9lastique) \u00b7Membrane imperm\u00e9able (6000 mm) et respirante \u00b7Couche int\u00e9rieure en micropolaire \u00b7D\u00e9perlant et<\/p>\n","protected":false},"featured_media":498248,"comment_status":"open","ping_status":"closed","template":"","meta":[],"product_brand":[],"product_cat":[114],"product_tag":[],"class_list":{"0":"post-498249","1":"product","2":"type-product","3":"status-publish","4":"has-post-thumbnail","6":"product_cat-softshell","7":"pa_couleur-orange","8":"pa_couleur-safety-green","9":"pa_details-vestes-legeres","10":"pa_groupe-de-produits-coupe-vent","11":"pa_groupe-de-produits-deperlant","12":"pa_groupe-de-produits-softshell","13":"pa_groupe-de-produits-vestes","14":"pa_manche-manches-longues","15":"pa_marque-gildan-hammer","16":"pa_numero-de-style-4109","17":"pa_sexe-femmes","18":"pa_taille-2xl","19":"pa_taille-3xl","20":"pa_taille-4xl","21":"pa_taille-l","22":"pa_taille-s","23":"pa_taille-xl","24":"pa_tissu-polyester","26":"first","27":"instock","28":"taxable","29":"shipping-taxable","30":"purchasable","31":"product-type-variable"},"yoast_head":"<!-- This site is optimized with the Yoast SEO Premium plugin v20.9 (Yoast SEO v26.3) - https:\/\/yoast.com\/wordpress\/plugins\/seo\/ -->\n<title>Hammer\u2122 Ladies&#039; Softshell Jacket | Printwave FR<\/title>\n<meta name=\"robots\" content=\"index, follow, max-snippet:-1, max-image-preview:large, max-video-preview:-1\" \/>\n<link rel=\"canonical\" href=\"https:\/\/printwave.pl\/fr\/produkt\/hammer-ladies-softshell-jacket\/\" \/>\n<meta property=\"og:locale\" content=\"fr_FR\" \/>\n<meta property=\"og:type\" content=\"article\" \/>\n<meta property=\"og:title\" content=\"Hammer\u2122 Ladies&#039; Softshell Jacket\" \/>\n<meta property=\"og:description\" content=\"\u00b7300 g\/m\u00b2 \u00b798% Polyester, 2% Elasthanne (tissu \u00e9lastique) \u00b7Membrane imperm\u00e9able (6000 mm) et respirante \u00b7Couche int\u00e9rieure en micropolaire \u00b7D\u00e9perlant et\" \/>\n<meta property=\"og:url\" content=\"https:\/\/printwave.pl\/fr\/produkt\/hammer-ladies-softshell-jacket\/\" \/>\n<meta property=\"og:site_name\" content=\"Printwave FR\" \/>\n<meta property=\"article:modified_time\" content=\"2026-02-15T05:32:38+00:00\" \/>\n<meta property=\"og:image\" content=\"https:\/\/printwave.pl\/fr\/wp-content\/uploads\/sites\/4\/2021\/07\/Print-Wave-logo-2025.png\" \/>\n\t<meta property=\"og:image:width\" content=\"1645\" \/>\n\t<meta property=\"og:image:height\" content=\"297\" \/>\n\t<meta property=\"og:image:type\" content=\"image\/png\" \/>\n<meta name=\"twitter:card\" content=\"summary_large_image\" \/>\n<script type=\"application\/ld+json\" class=\"yoast-schema-graph\">{\"@context\":\"https:\/\/schema.org\",\"@graph\":[{\"@type\":\"WebPage\",\"@id\":\"https:\/\/printwave.pl\/fr\/produkt\/hammer-ladies-softshell-jacket\/\",\"url\":\"https:\/\/printwave.pl\/fr\/produkt\/hammer-ladies-softshell-jacket\/\",\"name\":\"Hammer\u2122 Ladies' Softshell Jacket | Printwave FR\",\"isPartOf\":{\"@id\":\"https:\/\/printwave.pl\/fr\/#website\"},\"primaryImageOfPage\":{\"@id\":\"https:\/\/printwave.pl\/fr\/produkt\/hammer-ladies-softshell-jacket\/#primaryimage\"},\"image\":{\"@id\":\"https:\/\/printwave.pl\/fr\/produkt\/hammer-ladies-softshell-jacket\/#primaryimage\"},\"thumbnailUrl\":\"https:\/\/printwave.pl\/fr\/wp-content\/uploads\/sites\/4\/2025\/01\/401_09_511_f-2020_01.jpg\",\"datePublished\":\"2025-01-25T13:46:25+00:00\",\"dateModified\":\"2026-02-15T05:32:38+00:00\",\"breadcrumb\":{\"@id\":\"https:\/\/printwave.pl\/fr\/produkt\/hammer-ladies-softshell-jacket\/#breadcrumb\"},\"inLanguage\":\"fr-FR\",\"potentialAction\":[{\"@type\":\"ReadAction\",\"target\":[\"https:\/\/printwave.pl\/fr\/produkt\/hammer-ladies-softshell-jacket\/\"]}]},{\"@type\":\"ImageObject\",\"inLanguage\":\"fr-FR\",\"@id\":\"https:\/\/printwave.pl\/fr\/produkt\/hammer-ladies-softshell-jacket\/#primaryimage\",\"url\":\"https:\/\/printwave.pl\/fr\/wp-content\/uploads\/sites\/4\/2025\/01\/401_09_511_f-2020_01.jpg\",\"contentUrl\":\"https:\/\/printwave.pl\/fr\/wp-content\/uploads\/sites\/4\/2025\/01\/401_09_511_f-2020_01.jpg\",\"width\":1024,\"height\":1346},{\"@type\":\"BreadcrumbList\",\"@id\":\"https:\/\/printwave.pl\/fr\/produkt\/hammer-ladies-softshell-jacket\/#breadcrumb\",\"itemListElement\":[{\"@type\":\"ListItem\",\"position\":1,\"name\":\"Accueil\",\"item\":\"https:\/\/printwave.pl\/fr\/\"},{\"@type\":\"ListItem\",\"position\":2,\"name\":\"Boutique\",\"item\":\"https:\/\/printwave.pl\/fr\/boutique\/\"},{\"@type\":\"ListItem\",\"position\":3,\"name\":\"Hammer\u2122 Ladies&rsquo; Softshell Jacket\"}]},{\"@type\":\"WebSite\",\"@id\":\"https:\/\/printwave.pl\/fr\/#website\",\"url\":\"https:\/\/printwave.pl\/fr\/\",\"name\":\"Printwave\",\"description\":\"Votre fournisseur de v\u00eatements promotionnels et d&#039;entreprise en Pologne\",\"potentialAction\":[{\"@type\":\"SearchAction\",\"target\":{\"@type\":\"EntryPoint\",\"urlTemplate\":\"https:\/\/printwave.pl\/fr\/?s={search_term_string}\"},\"query-input\":{\"@type\":\"PropertyValueSpecification\",\"valueRequired\":true,\"valueName\":\"search_term_string\"}}],\"inLanguage\":\"fr-FR\"}]}<\/script>\n<!-- \/ Yoast SEO Premium plugin. -->","yoast_head_json":{"title":"Hammer\u2122 Ladies' Softshell Jacket | Printwave FR","robots":{"index":"index","follow":"follow","max-snippet":"max-snippet:-1","max-image-preview":"max-image-preview:large","max-video-preview":"max-video-preview:-1"},"canonical":"https:\/\/printwave.pl\/fr\/produkt\/hammer-ladies-softshell-jacket\/","og_locale":"fr_FR","og_type":"article","og_title":"Hammer\u2122 Ladies' Softshell Jacket","og_description":"\u00b7300 g\/m\u00b2 \u00b798% Polyester, 2% Elasthanne (tissu \u00e9lastique) \u00b7Membrane imperm\u00e9able (6000 mm) et respirante \u00b7Couche int\u00e9rieure en micropolaire \u00b7D\u00e9perlant et","og_url":"https:\/\/printwave.pl\/fr\/produkt\/hammer-ladies-softshell-jacket\/","og_site_name":"Printwave FR","article_modified_time":"2026-02-15T05:32:38+00:00","og_image":[{"width":1645,"height":297,"url":"https:\/\/printwave.pl\/fr\/wp-content\/uploads\/sites\/4\/2021\/07\/Print-Wave-logo-2025.png","type":"image\/png"}],"twitter_card":"summary_large_image","schema":{"@context":"https:\/\/schema.org","@graph":[{"@type":"WebPage","@id":"https:\/\/printwave.pl\/fr\/produkt\/hammer-ladies-softshell-jacket\/","url":"https:\/\/printwave.pl\/fr\/produkt\/hammer-ladies-softshell-jacket\/","name":"Hammer\u2122 Ladies' Softshell Jacket | Printwave FR","isPartOf":{"@id":"https:\/\/printwave.pl\/fr\/#website"},"primaryImageOfPage":{"@id":"https:\/\/printwave.pl\/fr\/produkt\/hammer-ladies-softshell-jacket\/#primaryimage"},"image":{"@id":"https:\/\/printwave.pl\/fr\/produkt\/hammer-ladies-softshell-jacket\/#primaryimage"},"thumbnailUrl":"https:\/\/printwave.pl\/fr\/wp-content\/uploads\/sites\/4\/2025\/01\/401_09_511_f-2020_01.jpg","datePublished":"2025-01-25T13:46:25+00:00","dateModified":"2026-02-15T05:32:38+00:00","breadcrumb":{"@id":"https:\/\/printwave.pl\/fr\/produkt\/hammer-ladies-softshell-jacket\/#breadcrumb"},"inLanguage":"fr-FR","potentialAction":[{"@type":"ReadAction","target":["https:\/\/printwave.pl\/fr\/produkt\/hammer-ladies-softshell-jacket\/"]}]},{"@type":"ImageObject","inLanguage":"fr-FR","@id":"https:\/\/printwave.pl\/fr\/produkt\/hammer-ladies-softshell-jacket\/#primaryimage","url":"https:\/\/printwave.pl\/fr\/wp-content\/uploads\/sites\/4\/2025\/01\/401_09_511_f-2020_01.jpg","contentUrl":"https:\/\/printwave.pl\/fr\/wp-content\/uploads\/sites\/4\/2025\/01\/401_09_511_f-2020_01.jpg","width":1024,"height":1346},{"@type":"BreadcrumbList","@id":"https:\/\/printwave.pl\/fr\/produkt\/hammer-ladies-softshell-jacket\/#breadcrumb","itemListElement":[{"@type":"ListItem","position":1,"name":"Accueil","item":"https:\/\/printwave.pl\/fr\/"},{"@type":"ListItem","position":2,"name":"Boutique","item":"https:\/\/printwave.pl\/fr\/boutique\/"},{"@type":"ListItem","position":3,"name":"Hammer\u2122 Ladies&rsquo; Softshell Jacket"}]},{"@type":"WebSite","@id":"https:\/\/printwave.pl\/fr\/#website","url":"https:\/\/printwave.pl\/fr\/","name":"Printwave","description":"Votre fournisseur de v\u00eatements promotionnels et d&#039;entreprise en Pologne","potentialAction":[{"@type":"SearchAction","target":{"@type":"EntryPoint","urlTemplate":"https:\/\/printwave.pl\/fr\/?s={search_term_string}"},"query-input":{"@type":"PropertyValueSpecification","valueRequired":true,"valueName":"search_term_string"}}],"inLanguage":"fr-FR"}]}},"_links":{"self":[{"href":"https:\/\/printwave.pl\/fr\/wp-json\/wp\/v2\/product\/498249","targetHints":{"allow":["GET"]}}],"collection":[{"href":"https:\/\/printwave.pl\/fr\/wp-json\/wp\/v2\/product"}],"about":[{"href":"https:\/\/printwave.pl\/fr\/wp-json\/wp\/v2\/types\/product"}],"replies":[{"embeddable":true,"href":"https:\/\/printwave.pl\/fr\/wp-json\/wp\/v2\/comments?post=498249"}],"wp:featuredmedia":[{"embeddable":true,"href":"https:\/\/printwave.pl\/fr\/wp-json\/wp\/v2\/media\/498248"}],"wp:attachment":[{"href":"https:\/\/printwave.pl\/fr\/wp-json\/wp\/v2\/media?parent=498249"}],"wp:term":[{"taxonomy":"product_brand","embeddable":true,"href":"https:\/\/printwave.pl\/fr\/wp-json\/wp\/v2\/product_brand?post=498249"},{"taxonomy":"product_cat","embeddable":true,"href":"https:\/\/printwave.pl\/fr\/wp-json\/wp\/v2\/product_cat?post=498249"},{"taxonomy":"product_tag","embeddable":true,"href":"https:\/\/printwave.pl\/fr\/wp-json\/wp\/v2\/product_tag?post=498249"}],"curies":[{"name":"wp","href":"https:\/\/api.w.org\/{rel}","templated":true}]}}