{"id":497432,"date":"2025-01-25T14:23:44","date_gmt":"2025-01-25T13:23:44","guid":{"rendered":"https:\/\/printwave.pl\/fr\/produkt\/adult-windcheater\/"},"modified":"2026-02-15T06:31:40","modified_gmt":"2026-02-15T05:31:40","slug":"adult-windcheater","status":"publish","type":"product","link":"https:\/\/printwave.pl\/fr\/produkt\/adult-windcheater\/","title":{"rendered":"Adult Windcheater"},"content":{"rendered":"<p>\u00b756 g\/m\u00b2<br \/>\n\u00b7100% polyester (190T) avec enduit AC<br \/>\n\u00b7capuche invisible dans le col avec ajusteur<br \/>\n\u00b7ventilation gr\u00e2ce aux panneaux avant fendus sur la poitrine<br \/>\n\u00b7fermeture \u00e0 glissi\u00e8re compl\u00e8te sur le devant<br \/>\n\u00b7poche droite avec fermeture \u00e0 glissi\u00e8re<br \/>\n\u00b72 poches avant<br \/>\n\u00b7oeillet pour c\u00e2bles MP3 dans la poche droite<br \/>\n\u00b7poignets \u00e9lastiqu\u00e9s<br \/>\n\u00b7poids plume<br \/>\n\u00b7windproof<br \/>\n\u00b7panneaux ventil\u00e9s<br \/>\n\u00b7convient pour le sport, la marche, le loisir, les voyages et le promotionnel<\/p>\n","protected":false},"excerpt":{"rendered":"<p>\u00b756 g\/m\u00b2 \u00b7100% polyester (190T) avec enduit AC \u00b7capuche invisible dans le col avec ajusteur \u00b7ventilation gr\u00e2ce aux panneaux avant<\/p>\n","protected":false},"featured_media":497429,"comment_status":"open","ping_status":"closed","template":"","meta":[],"product_brand":[],"product_cat":[81],"product_tag":[85,88,83,92,84,131,90,1567,130,86,91,294,295,1602],"class_list":{"0":"post-497432","1":"product","2":"type-product","3":"status-publish","4":"has-post-thumbnail","6":"product_cat-vestes","7":"product_tag-a-longue-manche","8":"product_tag-affaires-de-pluie","9":"product_tag-chapeau","10":"product_tag-col-montant","11":"product_tag-longue-manche","12":"product_tag-unisexe","13":"product_tag-vestes-de-pluie","14":"product_tag-vestes-de-training","15":"product_tag-vestes-legeres","16":"product_tag-vetements-dexterieur","17":"product_tag-vetements-de-pluie","18":"product_tag-vetements-de-sport","19":"product_tag-vetements-de-sports","20":"product_tag-waterresis","21":"pa_couleur-black","22":"pa_couleur-bottle-green","23":"pa_couleur-hot-pink","24":"pa_couleur-navy","25":"pa_couleur-red","26":"pa_couleur-royal","27":"pa_details-poches-de-cote-avec-fermeture-a-glissiere","28":"pa_details-vestes-protegeant-du-vent-pluie","29":"pa_groupe-de-produits-full-zip","30":"pa_groupe-de-produits-vestes","31":"pa_marque-result-core","32":"pa_numero-de-style-4101","33":"pa_poids-170-199-g-m","34":"pa_sexe-hommes","35":"pa_taille-2xl","36":"pa_taille-l","37":"pa_taille-m","38":"pa_taille-s","39":"pa_taille-xl","40":"pa_tissu-polyester","42":"first","43":"instock","44":"taxable","45":"shipping-taxable","46":"purchasable","47":"product-type-variable"},"yoast_head":"<!-- This site is optimized with the Yoast SEO Premium plugin v20.9 (Yoast SEO v26.3) - https:\/\/yoast.com\/wordpress\/plugins\/seo\/ -->\n<title>Adult Windcheater | Printwave FR<\/title>\n<meta name=\"robots\" content=\"index, follow, max-snippet:-1, max-image-preview:large, max-video-preview:-1\" \/>\n<link rel=\"canonical\" href=\"https:\/\/printwave.pl\/fr\/produkt\/adult-windcheater\/\" \/>\n<meta property=\"og:locale\" content=\"fr_FR\" \/>\n<meta property=\"og:type\" content=\"article\" \/>\n<meta property=\"og:title\" content=\"Adult Windcheater\" \/>\n<meta property=\"og:description\" content=\"\u00b756 g\/m\u00b2 \u00b7100% polyester (190T) avec enduit AC \u00b7capuche invisible dans le col avec ajusteur \u00b7ventilation gr\u00e2ce aux panneaux avant\" \/>\n<meta property=\"og:url\" content=\"https:\/\/printwave.pl\/fr\/produkt\/adult-windcheater\/\" \/>\n<meta property=\"og:site_name\" content=\"Printwave FR\" \/>\n<meta property=\"article:modified_time\" content=\"2026-02-15T05:31:40+00:00\" \/>\n<meta property=\"og:image\" content=\"https:\/\/printwave.pl\/fr\/wp-content\/uploads\/sites\/4\/2025\/01\/404_33_m-2013_01.jpg\" \/>\n\t<meta property=\"og:image:width\" content=\"1024\" \/>\n\t<meta property=\"og:image:height\" content=\"1304\" \/>\n\t<meta property=\"og:image:type\" content=\"image\/jpeg\" \/>\n<meta name=\"twitter:card\" content=\"summary_large_image\" \/>\n<script type=\"application\/ld+json\" class=\"yoast-schema-graph\">{\"@context\":\"https:\/\/schema.org\",\"@graph\":[{\"@type\":\"WebPage\",\"@id\":\"https:\/\/printwave.pl\/fr\/produkt\/adult-windcheater\/\",\"url\":\"https:\/\/printwave.pl\/fr\/produkt\/adult-windcheater\/\",\"name\":\"Adult Windcheater | Printwave FR\",\"isPartOf\":{\"@id\":\"https:\/\/printwave.pl\/fr\/#website\"},\"primaryImageOfPage\":{\"@id\":\"https:\/\/printwave.pl\/fr\/produkt\/adult-windcheater\/#primaryimage\"},\"image\":{\"@id\":\"https:\/\/printwave.pl\/fr\/produkt\/adult-windcheater\/#primaryimage\"},\"thumbnailUrl\":\"https:\/\/printwave.pl\/fr\/wp-content\/uploads\/sites\/4\/2025\/01\/404_33_m-2013_01.jpg\",\"datePublished\":\"2025-01-25T13:23:44+00:00\",\"dateModified\":\"2026-02-15T05:31:40+00:00\",\"breadcrumb\":{\"@id\":\"https:\/\/printwave.pl\/fr\/produkt\/adult-windcheater\/#breadcrumb\"},\"inLanguage\":\"fr-FR\",\"potentialAction\":[{\"@type\":\"ReadAction\",\"target\":[\"https:\/\/printwave.pl\/fr\/produkt\/adult-windcheater\/\"]}]},{\"@type\":\"ImageObject\",\"inLanguage\":\"fr-FR\",\"@id\":\"https:\/\/printwave.pl\/fr\/produkt\/adult-windcheater\/#primaryimage\",\"url\":\"https:\/\/printwave.pl\/fr\/wp-content\/uploads\/sites\/4\/2025\/01\/404_33_m-2013_01.jpg\",\"contentUrl\":\"https:\/\/printwave.pl\/fr\/wp-content\/uploads\/sites\/4\/2025\/01\/404_33_m-2013_01.jpg\",\"width\":1024,\"height\":1304},{\"@type\":\"BreadcrumbList\",\"@id\":\"https:\/\/printwave.pl\/fr\/produkt\/adult-windcheater\/#breadcrumb\",\"itemListElement\":[{\"@type\":\"ListItem\",\"position\":1,\"name\":\"Accueil\",\"item\":\"https:\/\/printwave.pl\/fr\/\"},{\"@type\":\"ListItem\",\"position\":2,\"name\":\"Boutique\",\"item\":\"https:\/\/printwave.pl\/fr\/boutique\/\"},{\"@type\":\"ListItem\",\"position\":3,\"name\":\"Adult Windcheater\"}]},{\"@type\":\"WebSite\",\"@id\":\"https:\/\/printwave.pl\/fr\/#website\",\"url\":\"https:\/\/printwave.pl\/fr\/\",\"name\":\"Printwave\",\"description\":\"Votre fournisseur de v\u00eatements promotionnels et d&#039;entreprise en Pologne\",\"potentialAction\":[{\"@type\":\"SearchAction\",\"target\":{\"@type\":\"EntryPoint\",\"urlTemplate\":\"https:\/\/printwave.pl\/fr\/?s={search_term_string}\"},\"query-input\":{\"@type\":\"PropertyValueSpecification\",\"valueRequired\":true,\"valueName\":\"search_term_string\"}}],\"inLanguage\":\"fr-FR\"}]}<\/script>\n<!-- \/ Yoast SEO Premium plugin. -->","yoast_head_json":{"title":"Adult Windcheater | Printwave FR","robots":{"index":"index","follow":"follow","max-snippet":"max-snippet:-1","max-image-preview":"max-image-preview:large","max-video-preview":"max-video-preview:-1"},"canonical":"https:\/\/printwave.pl\/fr\/produkt\/adult-windcheater\/","og_locale":"fr_FR","og_type":"article","og_title":"Adult Windcheater","og_description":"\u00b756 g\/m\u00b2 \u00b7100% polyester (190T) avec enduit AC \u00b7capuche invisible dans le col avec ajusteur \u00b7ventilation gr\u00e2ce aux panneaux avant","og_url":"https:\/\/printwave.pl\/fr\/produkt\/adult-windcheater\/","og_site_name":"Printwave FR","article_modified_time":"2026-02-15T05:31:40+00:00","og_image":[{"width":1024,"height":1304,"url":"https:\/\/printwave.pl\/fr\/wp-content\/uploads\/sites\/4\/2025\/01\/404_33_m-2013_01.jpg","type":"image\/jpeg"}],"twitter_card":"summary_large_image","schema":{"@context":"https:\/\/schema.org","@graph":[{"@type":"WebPage","@id":"https:\/\/printwave.pl\/fr\/produkt\/adult-windcheater\/","url":"https:\/\/printwave.pl\/fr\/produkt\/adult-windcheater\/","name":"Adult Windcheater | Printwave FR","isPartOf":{"@id":"https:\/\/printwave.pl\/fr\/#website"},"primaryImageOfPage":{"@id":"https:\/\/printwave.pl\/fr\/produkt\/adult-windcheater\/#primaryimage"},"image":{"@id":"https:\/\/printwave.pl\/fr\/produkt\/adult-windcheater\/#primaryimage"},"thumbnailUrl":"https:\/\/printwave.pl\/fr\/wp-content\/uploads\/sites\/4\/2025\/01\/404_33_m-2013_01.jpg","datePublished":"2025-01-25T13:23:44+00:00","dateModified":"2026-02-15T05:31:40+00:00","breadcrumb":{"@id":"https:\/\/printwave.pl\/fr\/produkt\/adult-windcheater\/#breadcrumb"},"inLanguage":"fr-FR","potentialAction":[{"@type":"ReadAction","target":["https:\/\/printwave.pl\/fr\/produkt\/adult-windcheater\/"]}]},{"@type":"ImageObject","inLanguage":"fr-FR","@id":"https:\/\/printwave.pl\/fr\/produkt\/adult-windcheater\/#primaryimage","url":"https:\/\/printwave.pl\/fr\/wp-content\/uploads\/sites\/4\/2025\/01\/404_33_m-2013_01.jpg","contentUrl":"https:\/\/printwave.pl\/fr\/wp-content\/uploads\/sites\/4\/2025\/01\/404_33_m-2013_01.jpg","width":1024,"height":1304},{"@type":"BreadcrumbList","@id":"https:\/\/printwave.pl\/fr\/produkt\/adult-windcheater\/#breadcrumb","itemListElement":[{"@type":"ListItem","position":1,"name":"Accueil","item":"https:\/\/printwave.pl\/fr\/"},{"@type":"ListItem","position":2,"name":"Boutique","item":"https:\/\/printwave.pl\/fr\/boutique\/"},{"@type":"ListItem","position":3,"name":"Adult Windcheater"}]},{"@type":"WebSite","@id":"https:\/\/printwave.pl\/fr\/#website","url":"https:\/\/printwave.pl\/fr\/","name":"Printwave","description":"Votre fournisseur de v\u00eatements promotionnels et d&#039;entreprise en Pologne","potentialAction":[{"@type":"SearchAction","target":{"@type":"EntryPoint","urlTemplate":"https:\/\/printwave.pl\/fr\/?s={search_term_string}"},"query-input":{"@type":"PropertyValueSpecification","valueRequired":true,"valueName":"search_term_string"}}],"inLanguage":"fr-FR"}]}},"_links":{"self":[{"href":"https:\/\/printwave.pl\/fr\/wp-json\/wp\/v2\/product\/497432","targetHints":{"allow":["GET"]}}],"collection":[{"href":"https:\/\/printwave.pl\/fr\/wp-json\/wp\/v2\/product"}],"about":[{"href":"https:\/\/printwave.pl\/fr\/wp-json\/wp\/v2\/types\/product"}],"replies":[{"embeddable":true,"href":"https:\/\/printwave.pl\/fr\/wp-json\/wp\/v2\/comments?post=497432"}],"wp:featuredmedia":[{"embeddable":true,"href":"https:\/\/printwave.pl\/fr\/wp-json\/wp\/v2\/media\/497429"}],"wp:attachment":[{"href":"https:\/\/printwave.pl\/fr\/wp-json\/wp\/v2\/media?parent=497432"}],"wp:term":[{"taxonomy":"product_brand","embeddable":true,"href":"https:\/\/printwave.pl\/fr\/wp-json\/wp\/v2\/product_brand?post=497432"},{"taxonomy":"product_cat","embeddable":true,"href":"https:\/\/printwave.pl\/fr\/wp-json\/wp\/v2\/product_cat?post=497432"},{"taxonomy":"product_tag","embeddable":true,"href":"https:\/\/printwave.pl\/fr\/wp-json\/wp\/v2\/product_tag?post=497432"}],"curies":[{"name":"wp","href":"https:\/\/api.w.org\/{rel}","templated":true}]}}