{"id":496706,"date":"2025-01-25T14:01:38","date_gmt":"2025-01-25T13:01:38","guid":{"rendered":"https:\/\/printwave.pl\/fr\/produkt\/lightweight-jacket\/"},"modified":"2026-02-15T06:29:44","modified_gmt":"2026-02-15T05:29:44","slug":"lightweight-jacket","status":"publish","type":"product","link":"https:\/\/printwave.pl\/fr\/produkt\/lightweight-jacket\/","title":{"rendered":"Lightweight Jacket"},"content":{"rendered":"<p>\u00b7ext: 100% polyester (190T Polyester StormDri 2000 enduit PU)<br \/>\n\u00b7doublure: 70g\/m\u00b2, 100% polyester (corps: filet, manches: polyester)<br \/>\n\u00b7extr\u00eamement l\u00e9ger<br \/>\n\u00b7capuche invisible dans le col avec ajusteur<br \/>\n\u00b7fermeture \u00e0 glissi\u00e8re compl\u00e8te \u00e0 l&rsquo;avant<br \/>\n\u00b72 poches avant avec fermeture \u00e0 glissi\u00e8re<br \/>\n\u00b7se plie et se met dans une poche<br \/>\n\u00b7poignets \u00e9lastiqu\u00e9s<br \/>\n\u00b7base avec cordon ajustable<br \/>\n\u00b7ventilation optimis\u00e9e<br \/>\n\u00b7r\u00e9siste au vent et waterproof (2.000 mm)<br \/>\n\u00b7coutures soud\u00e9es<br \/>\n\u00b7acc\u00e8s ais\u00e9 pour le personnalisation<br \/>\n\u00b7convient \u00e0 la broderie, l impression et le transfert<\/p>\n","protected":false},"excerpt":{"rendered":"<p>\u00b7ext: 100% polyester (190T Polyester StormDri 2000 enduit PU) \u00b7doublure: 70g\/m\u00b2, 100% polyester (corps: filet, manches: polyester) \u00b7extr\u00eamement l\u00e9ger \u00b7capuche<\/p>\n","protected":false},"featured_media":496703,"comment_status":"open","ping_status":"closed","template":"","meta":[],"product_brand":[],"product_cat":[81],"product_tag":[85,88,83,92,95,94,84,131,90,130,86,91,93],"class_list":{"0":"post-496706","1":"product","2":"type-product","3":"status-publish","4":"has-post-thumbnail","6":"product_cat-vestes","7":"product_tag-a-longue-manche","8":"product_tag-affaires-de-pluie","9":"product_tag-chapeau","10":"product_tag-col-montant","11":"product_tag-coupe-vent","12":"product_tag-impermeable","13":"product_tag-longue-manche","14":"product_tag-unisexe","15":"product_tag-vestes-de-pluie","16":"product_tag-vestes-legeres","17":"product_tag-vetements-dexterieur","18":"product_tag-vetements-de-pluie","19":"product_tag-waterresistant","20":"pa_couleur-black","21":"pa_couleur-navy","22":"pa_couleur-red","23":"pa_details-xs","24":"pa_details-fermeture-a-glissiere-complete","25":"pa_details-poches-de-cote","26":"pa_groupe-de-produits-acces-pour-la-decoration","27":"pa_groupe-de-produits-full-zip","28":"pa_groupe-de-produits-vestes","29":"pa_marque-result-core","30":"pa_numero-de-style-4086","31":"pa_poids-a-partir-de-220-g-m","32":"pa_sexe-hommes","33":"pa_taille-2xl","34":"pa_taille-l","35":"pa_taille-m","36":"pa_taille-s","37":"pa_taille-xl","38":"pa_taille-xs","39":"pa_tissu-polyester","41":"first","42":"instock","43":"taxable","44":"shipping-taxable","45":"purchasable","46":"product-type-variable"},"yoast_head":"<!-- This site is optimized with the Yoast SEO Premium plugin v20.9 (Yoast SEO v26.3) - https:\/\/yoast.com\/wordpress\/plugins\/seo\/ -->\n<title>Lightweight Jacket | Printwave FR<\/title>\n<meta name=\"robots\" content=\"index, follow, max-snippet:-1, max-image-preview:large, max-video-preview:-1\" \/>\n<link rel=\"canonical\" href=\"https:\/\/printwave.pl\/fr\/produkt\/lightweight-jacket\/\" \/>\n<meta property=\"og:locale\" content=\"fr_FR\" \/>\n<meta property=\"og:type\" content=\"article\" \/>\n<meta property=\"og:title\" content=\"Lightweight Jacket\" \/>\n<meta property=\"og:description\" content=\"\u00b7ext: 100% polyester (190T Polyester StormDri 2000 enduit PU) \u00b7doublure: 70g\/m\u00b2, 100% polyester (corps: filet, manches: polyester) \u00b7extr\u00eamement l\u00e9ger \u00b7capuche\" \/>\n<meta property=\"og:url\" content=\"https:\/\/printwave.pl\/fr\/produkt\/lightweight-jacket\/\" \/>\n<meta property=\"og:site_name\" content=\"Printwave FR\" \/>\n<meta property=\"article:modified_time\" content=\"2026-02-15T05:29:44+00:00\" \/>\n<meta property=\"og:image\" content=\"https:\/\/printwave.pl\/fr\/wp-content\/uploads\/sites\/4\/2025\/01\/409_33_m-2015_01.jpg\" \/>\n\t<meta property=\"og:image:width\" content=\"1024\" \/>\n\t<meta property=\"og:image:height\" content=\"1304\" \/>\n\t<meta property=\"og:image:type\" content=\"image\/jpeg\" \/>\n<meta name=\"twitter:card\" content=\"summary_large_image\" \/>\n<script type=\"application\/ld+json\" class=\"yoast-schema-graph\">{\"@context\":\"https:\/\/schema.org\",\"@graph\":[{\"@type\":\"WebPage\",\"@id\":\"https:\/\/printwave.pl\/fr\/produkt\/lightweight-jacket\/\",\"url\":\"https:\/\/printwave.pl\/fr\/produkt\/lightweight-jacket\/\",\"name\":\"Lightweight Jacket | Printwave FR\",\"isPartOf\":{\"@id\":\"https:\/\/printwave.pl\/fr\/#website\"},\"primaryImageOfPage\":{\"@id\":\"https:\/\/printwave.pl\/fr\/produkt\/lightweight-jacket\/#primaryimage\"},\"image\":{\"@id\":\"https:\/\/printwave.pl\/fr\/produkt\/lightweight-jacket\/#primaryimage\"},\"thumbnailUrl\":\"https:\/\/printwave.pl\/fr\/wp-content\/uploads\/sites\/4\/2025\/01\/409_33_m-2015_01.jpg\",\"datePublished\":\"2025-01-25T13:01:38+00:00\",\"dateModified\":\"2026-02-15T05:29:44+00:00\",\"breadcrumb\":{\"@id\":\"https:\/\/printwave.pl\/fr\/produkt\/lightweight-jacket\/#breadcrumb\"},\"inLanguage\":\"fr-FR\",\"potentialAction\":[{\"@type\":\"ReadAction\",\"target\":[\"https:\/\/printwave.pl\/fr\/produkt\/lightweight-jacket\/\"]}]},{\"@type\":\"ImageObject\",\"inLanguage\":\"fr-FR\",\"@id\":\"https:\/\/printwave.pl\/fr\/produkt\/lightweight-jacket\/#primaryimage\",\"url\":\"https:\/\/printwave.pl\/fr\/wp-content\/uploads\/sites\/4\/2025\/01\/409_33_m-2015_01.jpg\",\"contentUrl\":\"https:\/\/printwave.pl\/fr\/wp-content\/uploads\/sites\/4\/2025\/01\/409_33_m-2015_01.jpg\",\"width\":1024,\"height\":1304},{\"@type\":\"BreadcrumbList\",\"@id\":\"https:\/\/printwave.pl\/fr\/produkt\/lightweight-jacket\/#breadcrumb\",\"itemListElement\":[{\"@type\":\"ListItem\",\"position\":1,\"name\":\"Accueil\",\"item\":\"https:\/\/printwave.pl\/fr\/\"},{\"@type\":\"ListItem\",\"position\":2,\"name\":\"Boutique\",\"item\":\"https:\/\/printwave.pl\/fr\/boutique\/\"},{\"@type\":\"ListItem\",\"position\":3,\"name\":\"Lightweight Jacket\"}]},{\"@type\":\"WebSite\",\"@id\":\"https:\/\/printwave.pl\/fr\/#website\",\"url\":\"https:\/\/printwave.pl\/fr\/\",\"name\":\"Printwave\",\"description\":\"Votre fournisseur de v\u00eatements promotionnels et d&#039;entreprise en Pologne\",\"potentialAction\":[{\"@type\":\"SearchAction\",\"target\":{\"@type\":\"EntryPoint\",\"urlTemplate\":\"https:\/\/printwave.pl\/fr\/?s={search_term_string}\"},\"query-input\":{\"@type\":\"PropertyValueSpecification\",\"valueRequired\":true,\"valueName\":\"search_term_string\"}}],\"inLanguage\":\"fr-FR\"}]}<\/script>\n<!-- \/ Yoast SEO Premium plugin. -->","yoast_head_json":{"title":"Lightweight Jacket | Printwave FR","robots":{"index":"index","follow":"follow","max-snippet":"max-snippet:-1","max-image-preview":"max-image-preview:large","max-video-preview":"max-video-preview:-1"},"canonical":"https:\/\/printwave.pl\/fr\/produkt\/lightweight-jacket\/","og_locale":"fr_FR","og_type":"article","og_title":"Lightweight Jacket","og_description":"\u00b7ext: 100% polyester (190T Polyester StormDri 2000 enduit PU) \u00b7doublure: 70g\/m\u00b2, 100% polyester (corps: filet, manches: polyester) \u00b7extr\u00eamement l\u00e9ger \u00b7capuche","og_url":"https:\/\/printwave.pl\/fr\/produkt\/lightweight-jacket\/","og_site_name":"Printwave FR","article_modified_time":"2026-02-15T05:29:44+00:00","og_image":[{"width":1024,"height":1304,"url":"https:\/\/printwave.pl\/fr\/wp-content\/uploads\/sites\/4\/2025\/01\/409_33_m-2015_01.jpg","type":"image\/jpeg"}],"twitter_card":"summary_large_image","schema":{"@context":"https:\/\/schema.org","@graph":[{"@type":"WebPage","@id":"https:\/\/printwave.pl\/fr\/produkt\/lightweight-jacket\/","url":"https:\/\/printwave.pl\/fr\/produkt\/lightweight-jacket\/","name":"Lightweight Jacket | Printwave FR","isPartOf":{"@id":"https:\/\/printwave.pl\/fr\/#website"},"primaryImageOfPage":{"@id":"https:\/\/printwave.pl\/fr\/produkt\/lightweight-jacket\/#primaryimage"},"image":{"@id":"https:\/\/printwave.pl\/fr\/produkt\/lightweight-jacket\/#primaryimage"},"thumbnailUrl":"https:\/\/printwave.pl\/fr\/wp-content\/uploads\/sites\/4\/2025\/01\/409_33_m-2015_01.jpg","datePublished":"2025-01-25T13:01:38+00:00","dateModified":"2026-02-15T05:29:44+00:00","breadcrumb":{"@id":"https:\/\/printwave.pl\/fr\/produkt\/lightweight-jacket\/#breadcrumb"},"inLanguage":"fr-FR","potentialAction":[{"@type":"ReadAction","target":["https:\/\/printwave.pl\/fr\/produkt\/lightweight-jacket\/"]}]},{"@type":"ImageObject","inLanguage":"fr-FR","@id":"https:\/\/printwave.pl\/fr\/produkt\/lightweight-jacket\/#primaryimage","url":"https:\/\/printwave.pl\/fr\/wp-content\/uploads\/sites\/4\/2025\/01\/409_33_m-2015_01.jpg","contentUrl":"https:\/\/printwave.pl\/fr\/wp-content\/uploads\/sites\/4\/2025\/01\/409_33_m-2015_01.jpg","width":1024,"height":1304},{"@type":"BreadcrumbList","@id":"https:\/\/printwave.pl\/fr\/produkt\/lightweight-jacket\/#breadcrumb","itemListElement":[{"@type":"ListItem","position":1,"name":"Accueil","item":"https:\/\/printwave.pl\/fr\/"},{"@type":"ListItem","position":2,"name":"Boutique","item":"https:\/\/printwave.pl\/fr\/boutique\/"},{"@type":"ListItem","position":3,"name":"Lightweight Jacket"}]},{"@type":"WebSite","@id":"https:\/\/printwave.pl\/fr\/#website","url":"https:\/\/printwave.pl\/fr\/","name":"Printwave","description":"Votre fournisseur de v\u00eatements promotionnels et d&#039;entreprise en Pologne","potentialAction":[{"@type":"SearchAction","target":{"@type":"EntryPoint","urlTemplate":"https:\/\/printwave.pl\/fr\/?s={search_term_string}"},"query-input":{"@type":"PropertyValueSpecification","valueRequired":true,"valueName":"search_term_string"}}],"inLanguage":"fr-FR"}]}},"_links":{"self":[{"href":"https:\/\/printwave.pl\/fr\/wp-json\/wp\/v2\/product\/496706","targetHints":{"allow":["GET"]}}],"collection":[{"href":"https:\/\/printwave.pl\/fr\/wp-json\/wp\/v2\/product"}],"about":[{"href":"https:\/\/printwave.pl\/fr\/wp-json\/wp\/v2\/types\/product"}],"replies":[{"embeddable":true,"href":"https:\/\/printwave.pl\/fr\/wp-json\/wp\/v2\/comments?post=496706"}],"wp:featuredmedia":[{"embeddable":true,"href":"https:\/\/printwave.pl\/fr\/wp-json\/wp\/v2\/media\/496703"}],"wp:attachment":[{"href":"https:\/\/printwave.pl\/fr\/wp-json\/wp\/v2\/media?parent=496706"}],"wp:term":[{"taxonomy":"product_brand","embeddable":true,"href":"https:\/\/printwave.pl\/fr\/wp-json\/wp\/v2\/product_brand?post=496706"},{"taxonomy":"product_cat","embeddable":true,"href":"https:\/\/printwave.pl\/fr\/wp-json\/wp\/v2\/product_cat?post=496706"},{"taxonomy":"product_tag","embeddable":true,"href":"https:\/\/printwave.pl\/fr\/wp-json\/wp\/v2\/product_tag?post=496706"}],"curies":[{"name":"wp","href":"https:\/\/api.w.org\/{rel}","templated":true}]}}