{"id":496482,"date":"2025-01-25T13:53:13","date_gmt":"2025-01-25T12:53:13","guid":{"rendered":"https:\/\/printwave.pl\/fr\/produkt\/fluo-2-tone-motorway-jacket\/"},"modified":"2026-02-15T06:28:56","modified_gmt":"2026-02-15T05:28:56","slug":"fluo-2-tone-motorway-jacket","status":"publish","type":"product","link":"https:\/\/printwave.pl\/fr\/produkt\/fluo-2-tone-motorway-jacket\/","title":{"rendered":"Fluo 2 Tone Motorway Jacket"},"content":{"rendered":"<p>\u00b7190 g\/m\u00b2<br \/>\n\u00b7100% polyester<br \/>\n\u00b7veste de s\u00e9curit\u00e9 avec bandes verticales et horizontales 3M devant et dos<br \/>\n\u00b7Doublure en nylon avec rembourrage en polyester<br \/>\n\u00b7capuche int\u00e9gr\u00e9e dans le col<br \/>\n\u00b7fermeture \u00e0 glissi\u00e8re et rabat<br \/>\n\u00b7poche int\u00e9rieure, poches de c\u00f4t\u00e9<br \/>\n\u00b7coutures soud\u00e9es.<\/p>\n","protected":false},"excerpt":{"rendered":"<p>\u00b7190 g\/m\u00b2 \u00b7100% polyester \u00b7veste de s\u00e9curit\u00e9 avec bandes verticales et horizontales 3M devant et dos \u00b7Doublure en nylon avec<\/p>\n","protected":false},"featured_media":496480,"comment_status":"open","ping_status":"closed","template":"","meta":[],"product_brand":[],"product_cat":[128,43,282],"product_tag":[460,465,82,85,87,83,92,84,625,131,576,844,86,212,627,215],"class_list":{"0":"post-496482","1":"product","2":"type-product","3":"status-publish","4":"has-post-thumbnail","6":"product_cat-meilleures-ventes","7":"product_cat-vetements-de-travail","8":"product_cat-vetements-haute-visibilite","9":"product_tag-2-couleurs","10":"product_tag-2-tons","11":"product_tag-3m","12":"product_tag-a-longue-manche","13":"product_tag-biais-reflechissants","14":"product_tag-chapeau","15":"product_tag-col-montant","16":"product_tag-longue-manche","17":"product_tag-textiles-fluorescents","18":"product_tag-unisexe","19":"product_tag-veste-de-travail","20":"product_tag-vestes-fluorescentes","21":"product_tag-vetements-dexterieur","22":"product_tag-vetements-de-travail","23":"product_tag-vetements-fluorescents","24":"product_tag-workwear","25":"pa_couleur-fluo-orange-navy","26":"pa_couleur-fluo-yellow-navy","27":"pa_details-poches-de-cote","28":"pa_groupe-de-produits-vestes","29":"pa_groupe-de-produits-vetements-de-travail","30":"pa_groupe-de-produits-vetements-fluorescents","31":"pa_marque-yoko","32":"pa_numero-de-style-4080","33":"pa_sexe-femmes","34":"pa_taille-2xl","35":"pa_taille-3xl","36":"pa_taille-l","37":"pa_taille-m","38":"pa_taille-s","39":"pa_taille-xl","40":"pa_tissu-polyester","42":"first","43":"instock","44":"taxable","45":"shipping-taxable","46":"purchasable","47":"product-type-variable"},"yoast_head":"<!-- This site is optimized with the Yoast SEO Premium plugin v20.9 (Yoast SEO v26.3) - https:\/\/yoast.com\/wordpress\/plugins\/seo\/ -->\n<title>Fluo 2 Tone Motorway Jacket | Printwave FR<\/title>\n<meta name=\"robots\" content=\"index, follow, max-snippet:-1, max-image-preview:large, max-video-preview:-1\" \/>\n<link rel=\"canonical\" href=\"https:\/\/printwave.pl\/fr\/produkt\/fluo-2-tone-motorway-jacket\/\" \/>\n<meta property=\"og:locale\" content=\"fr_FR\" \/>\n<meta property=\"og:type\" content=\"article\" \/>\n<meta property=\"og:title\" content=\"Fluo 2 Tone Motorway Jacket\" \/>\n<meta property=\"og:description\" content=\"\u00b7190 g\/m\u00b2 \u00b7100% polyester \u00b7veste de s\u00e9curit\u00e9 avec bandes verticales et horizontales 3M devant et dos \u00b7Doublure en nylon avec\" \/>\n<meta property=\"og:url\" content=\"https:\/\/printwave.pl\/fr\/produkt\/fluo-2-tone-motorway-jacket\/\" \/>\n<meta property=\"og:site_name\" content=\"Printwave FR\" \/>\n<meta property=\"article:modified_time\" content=\"2026-02-15T05:28:56+00:00\" \/>\n<meta property=\"og:image\" content=\"https:\/\/printwave.pl\/fr\/wp-content\/uploads\/sites\/4\/2021\/07\/Print-Wave-logo-2025.png\" \/>\n\t<meta property=\"og:image:width\" content=\"1645\" \/>\n\t<meta property=\"og:image:height\" content=\"297\" \/>\n\t<meta property=\"og:image:type\" content=\"image\/png\" \/>\n<meta name=\"twitter:card\" content=\"summary_large_image\" \/>\n<script type=\"application\/ld+json\" class=\"yoast-schema-graph\">{\"@context\":\"https:\/\/schema.org\",\"@graph\":[{\"@type\":\"WebPage\",\"@id\":\"https:\/\/printwave.pl\/fr\/produkt\/fluo-2-tone-motorway-jacket\/\",\"url\":\"https:\/\/printwave.pl\/fr\/produkt\/fluo-2-tone-motorway-jacket\/\",\"name\":\"Fluo 2 Tone Motorway Jacket | Printwave FR\",\"isPartOf\":{\"@id\":\"https:\/\/printwave.pl\/fr\/#website\"},\"primaryImageOfPage\":{\"@id\":\"https:\/\/printwave.pl\/fr\/produkt\/fluo-2-tone-motorway-jacket\/#primaryimage\"},\"image\":{\"@id\":\"https:\/\/printwave.pl\/fr\/produkt\/fluo-2-tone-motorway-jacket\/#primaryimage\"},\"thumbnailUrl\":\"https:\/\/printwave.pl\/fr\/wp-content\/uploads\/sites\/4\/2025\/01\/410_77_652_m-2015_01.jpg\",\"datePublished\":\"2025-01-25T12:53:13+00:00\",\"dateModified\":\"2026-02-15T05:28:56+00:00\",\"breadcrumb\":{\"@id\":\"https:\/\/printwave.pl\/fr\/produkt\/fluo-2-tone-motorway-jacket\/#breadcrumb\"},\"inLanguage\":\"fr-FR\",\"potentialAction\":[{\"@type\":\"ReadAction\",\"target\":[\"https:\/\/printwave.pl\/fr\/produkt\/fluo-2-tone-motorway-jacket\/\"]}]},{\"@type\":\"ImageObject\",\"inLanguage\":\"fr-FR\",\"@id\":\"https:\/\/printwave.pl\/fr\/produkt\/fluo-2-tone-motorway-jacket\/#primaryimage\",\"url\":\"https:\/\/printwave.pl\/fr\/wp-content\/uploads\/sites\/4\/2025\/01\/410_77_652_m-2015_01.jpg\",\"contentUrl\":\"https:\/\/printwave.pl\/fr\/wp-content\/uploads\/sites\/4\/2025\/01\/410_77_652_m-2015_01.jpg\",\"width\":1024,\"height\":1304},{\"@type\":\"BreadcrumbList\",\"@id\":\"https:\/\/printwave.pl\/fr\/produkt\/fluo-2-tone-motorway-jacket\/#breadcrumb\",\"itemListElement\":[{\"@type\":\"ListItem\",\"position\":1,\"name\":\"Accueil\",\"item\":\"https:\/\/printwave.pl\/fr\/\"},{\"@type\":\"ListItem\",\"position\":2,\"name\":\"Boutique\",\"item\":\"https:\/\/printwave.pl\/fr\/boutique\/\"},{\"@type\":\"ListItem\",\"position\":3,\"name\":\"Fluo 2 Tone Motorway Jacket\"}]},{\"@type\":\"WebSite\",\"@id\":\"https:\/\/printwave.pl\/fr\/#website\",\"url\":\"https:\/\/printwave.pl\/fr\/\",\"name\":\"Printwave\",\"description\":\"Votre fournisseur de v\u00eatements promotionnels et d&#039;entreprise en Pologne\",\"potentialAction\":[{\"@type\":\"SearchAction\",\"target\":{\"@type\":\"EntryPoint\",\"urlTemplate\":\"https:\/\/printwave.pl\/fr\/?s={search_term_string}\"},\"query-input\":{\"@type\":\"PropertyValueSpecification\",\"valueRequired\":true,\"valueName\":\"search_term_string\"}}],\"inLanguage\":\"fr-FR\"}]}<\/script>\n<!-- \/ Yoast SEO Premium plugin. -->","yoast_head_json":{"title":"Fluo 2 Tone Motorway Jacket | Printwave FR","robots":{"index":"index","follow":"follow","max-snippet":"max-snippet:-1","max-image-preview":"max-image-preview:large","max-video-preview":"max-video-preview:-1"},"canonical":"https:\/\/printwave.pl\/fr\/produkt\/fluo-2-tone-motorway-jacket\/","og_locale":"fr_FR","og_type":"article","og_title":"Fluo 2 Tone Motorway Jacket","og_description":"\u00b7190 g\/m\u00b2 \u00b7100% polyester \u00b7veste de s\u00e9curit\u00e9 avec bandes verticales et horizontales 3M devant et dos \u00b7Doublure en nylon avec","og_url":"https:\/\/printwave.pl\/fr\/produkt\/fluo-2-tone-motorway-jacket\/","og_site_name":"Printwave FR","article_modified_time":"2026-02-15T05:28:56+00:00","og_image":[{"width":1645,"height":297,"url":"https:\/\/printwave.pl\/fr\/wp-content\/uploads\/sites\/4\/2021\/07\/Print-Wave-logo-2025.png","type":"image\/png"}],"twitter_card":"summary_large_image","schema":{"@context":"https:\/\/schema.org","@graph":[{"@type":"WebPage","@id":"https:\/\/printwave.pl\/fr\/produkt\/fluo-2-tone-motorway-jacket\/","url":"https:\/\/printwave.pl\/fr\/produkt\/fluo-2-tone-motorway-jacket\/","name":"Fluo 2 Tone Motorway Jacket | Printwave FR","isPartOf":{"@id":"https:\/\/printwave.pl\/fr\/#website"},"primaryImageOfPage":{"@id":"https:\/\/printwave.pl\/fr\/produkt\/fluo-2-tone-motorway-jacket\/#primaryimage"},"image":{"@id":"https:\/\/printwave.pl\/fr\/produkt\/fluo-2-tone-motorway-jacket\/#primaryimage"},"thumbnailUrl":"https:\/\/printwave.pl\/fr\/wp-content\/uploads\/sites\/4\/2025\/01\/410_77_652_m-2015_01.jpg","datePublished":"2025-01-25T12:53:13+00:00","dateModified":"2026-02-15T05:28:56+00:00","breadcrumb":{"@id":"https:\/\/printwave.pl\/fr\/produkt\/fluo-2-tone-motorway-jacket\/#breadcrumb"},"inLanguage":"fr-FR","potentialAction":[{"@type":"ReadAction","target":["https:\/\/printwave.pl\/fr\/produkt\/fluo-2-tone-motorway-jacket\/"]}]},{"@type":"ImageObject","inLanguage":"fr-FR","@id":"https:\/\/printwave.pl\/fr\/produkt\/fluo-2-tone-motorway-jacket\/#primaryimage","url":"https:\/\/printwave.pl\/fr\/wp-content\/uploads\/sites\/4\/2025\/01\/410_77_652_m-2015_01.jpg","contentUrl":"https:\/\/printwave.pl\/fr\/wp-content\/uploads\/sites\/4\/2025\/01\/410_77_652_m-2015_01.jpg","width":1024,"height":1304},{"@type":"BreadcrumbList","@id":"https:\/\/printwave.pl\/fr\/produkt\/fluo-2-tone-motorway-jacket\/#breadcrumb","itemListElement":[{"@type":"ListItem","position":1,"name":"Accueil","item":"https:\/\/printwave.pl\/fr\/"},{"@type":"ListItem","position":2,"name":"Boutique","item":"https:\/\/printwave.pl\/fr\/boutique\/"},{"@type":"ListItem","position":3,"name":"Fluo 2 Tone Motorway Jacket"}]},{"@type":"WebSite","@id":"https:\/\/printwave.pl\/fr\/#website","url":"https:\/\/printwave.pl\/fr\/","name":"Printwave","description":"Votre fournisseur de v\u00eatements promotionnels et d&#039;entreprise en Pologne","potentialAction":[{"@type":"SearchAction","target":{"@type":"EntryPoint","urlTemplate":"https:\/\/printwave.pl\/fr\/?s={search_term_string}"},"query-input":{"@type":"PropertyValueSpecification","valueRequired":true,"valueName":"search_term_string"}}],"inLanguage":"fr-FR"}]}},"_links":{"self":[{"href":"https:\/\/printwave.pl\/fr\/wp-json\/wp\/v2\/product\/496482","targetHints":{"allow":["GET"]}}],"collection":[{"href":"https:\/\/printwave.pl\/fr\/wp-json\/wp\/v2\/product"}],"about":[{"href":"https:\/\/printwave.pl\/fr\/wp-json\/wp\/v2\/types\/product"}],"replies":[{"embeddable":true,"href":"https:\/\/printwave.pl\/fr\/wp-json\/wp\/v2\/comments?post=496482"}],"wp:featuredmedia":[{"embeddable":true,"href":"https:\/\/printwave.pl\/fr\/wp-json\/wp\/v2\/media\/496480"}],"wp:attachment":[{"href":"https:\/\/printwave.pl\/fr\/wp-json\/wp\/v2\/media?parent=496482"}],"wp:term":[{"taxonomy":"product_brand","embeddable":true,"href":"https:\/\/printwave.pl\/fr\/wp-json\/wp\/v2\/product_brand?post=496482"},{"taxonomy":"product_cat","embeddable":true,"href":"https:\/\/printwave.pl\/fr\/wp-json\/wp\/v2\/product_cat?post=496482"},{"taxonomy":"product_tag","embeddable":true,"href":"https:\/\/printwave.pl\/fr\/wp-json\/wp\/v2\/product_tag?post=496482"}],"curies":[{"name":"wp","href":"https:\/\/api.w.org\/{rel}","templated":true}]}}