{"id":495442,"date":"2025-01-25T13:20:51","date_gmt":"2025-01-25T12:20:51","guid":{"rendered":"https:\/\/printwave.pl\/fr\/produkt\/ladies-richmond-jacket\/"},"modified":"2026-02-15T06:26:32","modified_gmt":"2026-02-15T05:26:32","slug":"ladies-richmond-jacket","status":"publish","type":"product","link":"https:\/\/printwave.pl\/fr\/produkt\/ladies-richmond-jacket\/","title":{"rendered":"Ladies Richmond Jacket"},"content":{"rendered":"<p>\u00b7245 g\/m\u00b2<br \/>\n\u00b7Ext: 100% nylon (310T)<br \/>\n\u00b7Rembourrage: 100 % polyester<br \/>\n\u00b7Fermeture \u00e0 glissi\u00e8re pleine longueur<br \/>\n\u00b72 larges poches \u00e0 l&rsquo;avant, poche \u00e0 l&rsquo;int\u00e9rieur<br \/>\n\u00b7Fermeture \u00e0 glissi\u00e8re et boutons m\u00e9talliques<br \/>\n\u00b7Con\u00e7u pour la personnalisation<br \/>\n\u00b7Coupe ajust\u00e9e<\/p>\n","protected":false},"excerpt":{"rendered":"<p>\u00b7245 g\/m\u00b2 \u00b7Ext: 100% nylon (310T) \u00b7Rembourrage: 100 % polyester \u00b7Fermeture \u00e0 glissi\u00e8re pleine longueur \u00b72 larges poches \u00e0 l&rsquo;avant,<\/p>\n","protected":false},"featured_media":495437,"comment_status":"open","ping_status":"closed","template":"","meta":[],"product_brand":[],"product_cat":[81],"product_tag":[85,84,737,130,86],"class_list":{"0":"post-495442","1":"product","2":"type-product","3":"status-publish","4":"has-post-thumbnail","6":"product_cat-vestes","7":"product_tag-a-longue-manche","8":"product_tag-longue-manche","9":"product_tag-vestes-entre-saisons","10":"product_tag-vestes-legeres","11":"product_tag-vetements-dexterieur","12":"pa_certificats-bsci","13":"pa_certificats-oeko-tex-standard-100","14":"pa_certificats-sedex","15":"pa_couleur-deep-navy","16":"pa_details-fermeture-a-glissiere-complete","17":"pa_details-poches-de-cote","18":"pa_groupe-de-produits-impermeable","19":"pa_groupe-de-produits-vestes","20":"pa_manche-manches-longues","21":"pa_marque-tee-jays","22":"pa_numero-de-style-4055","23":"pa_sexe-produits-correspondants","24":"pa_taille-2xl","25":"pa_taille-3xl","26":"pa_taille-l","27":"pa_taille-m","28":"pa_taille-s","29":"pa_taille-xl","30":"pa_tissu-nylon","32":"first","33":"instock","34":"taxable","35":"shipping-taxable","36":"purchasable","37":"product-type-variable"},"yoast_head":"<!-- This site is optimized with the Yoast SEO Premium plugin v20.9 (Yoast SEO v26.3) - https:\/\/yoast.com\/wordpress\/plugins\/seo\/ -->\n<title>Ladies Richmond Jacket | Printwave FR<\/title>\n<meta name=\"robots\" content=\"index, follow, max-snippet:-1, max-image-preview:large, max-video-preview:-1\" \/>\n<link rel=\"canonical\" href=\"https:\/\/printwave.pl\/fr\/produkt\/ladies-richmond-jacket\/\" \/>\n<meta property=\"og:locale\" content=\"fr_FR\" \/>\n<meta property=\"og:type\" content=\"article\" \/>\n<meta property=\"og:title\" content=\"Ladies Richmond Jacket\" \/>\n<meta property=\"og:description\" content=\"\u00b7245 g\/m\u00b2 \u00b7Ext: 100% nylon (310T) \u00b7Rembourrage: 100 % polyester \u00b7Fermeture \u00e0 glissi\u00e8re pleine longueur \u00b72 larges poches \u00e0 l&rsquo;avant,\" \/>\n<meta property=\"og:url\" content=\"https:\/\/printwave.pl\/fr\/produkt\/ladies-richmond-jacket\/\" \/>\n<meta property=\"og:site_name\" content=\"Printwave FR\" \/>\n<meta property=\"article:modified_time\" content=\"2026-02-15T05:26:32+00:00\" \/>\n<meta property=\"og:image\" content=\"https:\/\/printwave.pl\/fr\/wp-content\/uploads\/sites\/4\/2025\/01\/417_54_202_m-2025_01.jpg\" \/>\n\t<meta property=\"og:image:width\" content=\"1024\" \/>\n\t<meta property=\"og:image:height\" content=\"1304\" \/>\n\t<meta property=\"og:image:type\" content=\"image\/jpeg\" \/>\n<meta name=\"twitter:card\" content=\"summary_large_image\" \/>\n<script type=\"application\/ld+json\" class=\"yoast-schema-graph\">{\"@context\":\"https:\/\/schema.org\",\"@graph\":[{\"@type\":\"WebPage\",\"@id\":\"https:\/\/printwave.pl\/fr\/produkt\/ladies-richmond-jacket\/\",\"url\":\"https:\/\/printwave.pl\/fr\/produkt\/ladies-richmond-jacket\/\",\"name\":\"Ladies Richmond Jacket | Printwave FR\",\"isPartOf\":{\"@id\":\"https:\/\/printwave.pl\/fr\/#website\"},\"primaryImageOfPage\":{\"@id\":\"https:\/\/printwave.pl\/fr\/produkt\/ladies-richmond-jacket\/#primaryimage\"},\"image\":{\"@id\":\"https:\/\/printwave.pl\/fr\/produkt\/ladies-richmond-jacket\/#primaryimage\"},\"thumbnailUrl\":\"https:\/\/printwave.pl\/fr\/wp-content\/uploads\/sites\/4\/2025\/01\/417_54_202_m-2025_01.jpg\",\"datePublished\":\"2025-01-25T12:20:51+00:00\",\"dateModified\":\"2026-02-15T05:26:32+00:00\",\"breadcrumb\":{\"@id\":\"https:\/\/printwave.pl\/fr\/produkt\/ladies-richmond-jacket\/#breadcrumb\"},\"inLanguage\":\"fr-FR\",\"potentialAction\":[{\"@type\":\"ReadAction\",\"target\":[\"https:\/\/printwave.pl\/fr\/produkt\/ladies-richmond-jacket\/\"]}]},{\"@type\":\"ImageObject\",\"inLanguage\":\"fr-FR\",\"@id\":\"https:\/\/printwave.pl\/fr\/produkt\/ladies-richmond-jacket\/#primaryimage\",\"url\":\"https:\/\/printwave.pl\/fr\/wp-content\/uploads\/sites\/4\/2025\/01\/417_54_202_m-2025_01.jpg\",\"contentUrl\":\"https:\/\/printwave.pl\/fr\/wp-content\/uploads\/sites\/4\/2025\/01\/417_54_202_m-2025_01.jpg\",\"width\":1024,\"height\":1304},{\"@type\":\"BreadcrumbList\",\"@id\":\"https:\/\/printwave.pl\/fr\/produkt\/ladies-richmond-jacket\/#breadcrumb\",\"itemListElement\":[{\"@type\":\"ListItem\",\"position\":1,\"name\":\"Accueil\",\"item\":\"https:\/\/printwave.pl\/fr\/\"},{\"@type\":\"ListItem\",\"position\":2,\"name\":\"Boutique\",\"item\":\"https:\/\/printwave.pl\/fr\/boutique\/\"},{\"@type\":\"ListItem\",\"position\":3,\"name\":\"Ladies Richmond Jacket\"}]},{\"@type\":\"WebSite\",\"@id\":\"https:\/\/printwave.pl\/fr\/#website\",\"url\":\"https:\/\/printwave.pl\/fr\/\",\"name\":\"Printwave\",\"description\":\"Votre fournisseur de v\u00eatements promotionnels et d&#039;entreprise en Pologne\",\"potentialAction\":[{\"@type\":\"SearchAction\",\"target\":{\"@type\":\"EntryPoint\",\"urlTemplate\":\"https:\/\/printwave.pl\/fr\/?s={search_term_string}\"},\"query-input\":{\"@type\":\"PropertyValueSpecification\",\"valueRequired\":true,\"valueName\":\"search_term_string\"}}],\"inLanguage\":\"fr-FR\"}]}<\/script>\n<!-- \/ Yoast SEO Premium plugin. -->","yoast_head_json":{"title":"Ladies Richmond Jacket | Printwave FR","robots":{"index":"index","follow":"follow","max-snippet":"max-snippet:-1","max-image-preview":"max-image-preview:large","max-video-preview":"max-video-preview:-1"},"canonical":"https:\/\/printwave.pl\/fr\/produkt\/ladies-richmond-jacket\/","og_locale":"fr_FR","og_type":"article","og_title":"Ladies Richmond Jacket","og_description":"\u00b7245 g\/m\u00b2 \u00b7Ext: 100% nylon (310T) \u00b7Rembourrage: 100 % polyester \u00b7Fermeture \u00e0 glissi\u00e8re pleine longueur \u00b72 larges poches \u00e0 l&rsquo;avant,","og_url":"https:\/\/printwave.pl\/fr\/produkt\/ladies-richmond-jacket\/","og_site_name":"Printwave FR","article_modified_time":"2026-02-15T05:26:32+00:00","og_image":[{"width":1024,"height":1304,"url":"https:\/\/printwave.pl\/fr\/wp-content\/uploads\/sites\/4\/2025\/01\/417_54_202_m-2025_01.jpg","type":"image\/jpeg"}],"twitter_card":"summary_large_image","schema":{"@context":"https:\/\/schema.org","@graph":[{"@type":"WebPage","@id":"https:\/\/printwave.pl\/fr\/produkt\/ladies-richmond-jacket\/","url":"https:\/\/printwave.pl\/fr\/produkt\/ladies-richmond-jacket\/","name":"Ladies Richmond Jacket | Printwave FR","isPartOf":{"@id":"https:\/\/printwave.pl\/fr\/#website"},"primaryImageOfPage":{"@id":"https:\/\/printwave.pl\/fr\/produkt\/ladies-richmond-jacket\/#primaryimage"},"image":{"@id":"https:\/\/printwave.pl\/fr\/produkt\/ladies-richmond-jacket\/#primaryimage"},"thumbnailUrl":"https:\/\/printwave.pl\/fr\/wp-content\/uploads\/sites\/4\/2025\/01\/417_54_202_m-2025_01.jpg","datePublished":"2025-01-25T12:20:51+00:00","dateModified":"2026-02-15T05:26:32+00:00","breadcrumb":{"@id":"https:\/\/printwave.pl\/fr\/produkt\/ladies-richmond-jacket\/#breadcrumb"},"inLanguage":"fr-FR","potentialAction":[{"@type":"ReadAction","target":["https:\/\/printwave.pl\/fr\/produkt\/ladies-richmond-jacket\/"]}]},{"@type":"ImageObject","inLanguage":"fr-FR","@id":"https:\/\/printwave.pl\/fr\/produkt\/ladies-richmond-jacket\/#primaryimage","url":"https:\/\/printwave.pl\/fr\/wp-content\/uploads\/sites\/4\/2025\/01\/417_54_202_m-2025_01.jpg","contentUrl":"https:\/\/printwave.pl\/fr\/wp-content\/uploads\/sites\/4\/2025\/01\/417_54_202_m-2025_01.jpg","width":1024,"height":1304},{"@type":"BreadcrumbList","@id":"https:\/\/printwave.pl\/fr\/produkt\/ladies-richmond-jacket\/#breadcrumb","itemListElement":[{"@type":"ListItem","position":1,"name":"Accueil","item":"https:\/\/printwave.pl\/fr\/"},{"@type":"ListItem","position":2,"name":"Boutique","item":"https:\/\/printwave.pl\/fr\/boutique\/"},{"@type":"ListItem","position":3,"name":"Ladies Richmond Jacket"}]},{"@type":"WebSite","@id":"https:\/\/printwave.pl\/fr\/#website","url":"https:\/\/printwave.pl\/fr\/","name":"Printwave","description":"Votre fournisseur de v\u00eatements promotionnels et d&#039;entreprise en Pologne","potentialAction":[{"@type":"SearchAction","target":{"@type":"EntryPoint","urlTemplate":"https:\/\/printwave.pl\/fr\/?s={search_term_string}"},"query-input":{"@type":"PropertyValueSpecification","valueRequired":true,"valueName":"search_term_string"}}],"inLanguage":"fr-FR"}]}},"_links":{"self":[{"href":"https:\/\/printwave.pl\/fr\/wp-json\/wp\/v2\/product\/495442","targetHints":{"allow":["GET"]}}],"collection":[{"href":"https:\/\/printwave.pl\/fr\/wp-json\/wp\/v2\/product"}],"about":[{"href":"https:\/\/printwave.pl\/fr\/wp-json\/wp\/v2\/types\/product"}],"replies":[{"embeddable":true,"href":"https:\/\/printwave.pl\/fr\/wp-json\/wp\/v2\/comments?post=495442"}],"wp:featuredmedia":[{"embeddable":true,"href":"https:\/\/printwave.pl\/fr\/wp-json\/wp\/v2\/media\/495437"}],"wp:attachment":[{"href":"https:\/\/printwave.pl\/fr\/wp-json\/wp\/v2\/media?parent=495442"}],"wp:term":[{"taxonomy":"product_brand","embeddable":true,"href":"https:\/\/printwave.pl\/fr\/wp-json\/wp\/v2\/product_brand?post=495442"},{"taxonomy":"product_cat","embeddable":true,"href":"https:\/\/printwave.pl\/fr\/wp-json\/wp\/v2\/product_cat?post=495442"},{"taxonomy":"product_tag","embeddable":true,"href":"https:\/\/printwave.pl\/fr\/wp-json\/wp\/v2\/product_tag?post=495442"}],"curies":[{"name":"wp","href":"https:\/\/api.w.org\/{rel}","templated":true}]}}