{"id":495360,"date":"2025-01-25T13:18:06","date_gmt":"2025-01-25T12:18:06","guid":{"rendered":"https:\/\/printwave.pl\/fr\/produkt\/corporate-3-in-1-jacket\/"},"modified":"2026-02-15T06:26:19","modified_gmt":"2026-02-15T05:26:19","slug":"corporate-3-in-1-jacket","status":"publish","type":"product","link":"https:\/\/printwave.pl\/fr\/produkt\/corporate-3-in-1-jacket\/","title":{"rendered":"Corporate 3-in-1 Jacket"},"content":{"rendered":"<p>\u00b7Ext\u00e9rieur: 190 g\/m\u00b2<br \/>\n\u00b7100% polyester<br \/>\n\u00b7Doublure: 100% polyester (filet), manches: 100% polyester (190T, taffetas)<br \/>\n\u00b7R\u00e9siste au vent et waterproof (5000 mm), coutures \u00e9tanches aux points critiques<br \/>\n\u00b7Capuche int\u00e9gr\u00e9e dans le col<br \/>\n\u00b7Fermeture \u00e0 glissi\u00e8re compl\u00e8te avec rabat temp\u00eate \u00e0 bouton pression<br \/>\n\u00b72 poches avec fermeture \u00e0 glissi\u00e8re et rabat temp\u00eate<br \/>\n\u00b7Poche poitrine avec fermeture \u00e0 glissi\u00e8re<br \/>\n\u00b7Poignets avec fermeture auto-agrippante<br \/>\n\u00b7Taille ajustable avec cordon de serrage<br \/>\n\u00b7Acc\u00e8s pour la d\u00e9coration: fermeture \u00e0 glissi\u00e8re au bas du dos<br \/>\n\u00b7Int\u00e9rieur de la veste: 180 g\/m\u00b2<br \/>\n\u00b7100% polyester (anti-boulochage micropolaire)<br \/>\n\u00b72 poches \u00e0 l avant<\/p>\n","protected":false},"excerpt":{"rendered":"<p>\u00b7Ext\u00e9rieur: 190 g\/m\u00b2 \u00b7100% polyester \u00b7Doublure: 100% polyester (filet), manches: 100% polyester (190T, taffetas) \u00b7R\u00e9siste au vent et waterproof (5000<\/p>\n","protected":false},"featured_media":495357,"comment_status":"open","ping_status":"closed","template":"","meta":[],"product_brand":[],"product_cat":[128,81],"product_tag":[85,95,94,84,808,86,93],"class_list":{"0":"post-495360","1":"product","2":"type-product","3":"status-publish","4":"has-post-thumbnail","6":"product_cat-meilleures-ventes","7":"product_cat-vestes","8":"product_tag-a-longue-manche","9":"product_tag-coupe-vent","10":"product_tag-impermeable","11":"product_tag-longue-manche","12":"product_tag-vestes-3-en-1","13":"product_tag-vetements-dexterieur","14":"product_tag-waterresistant","15":"pa_couleur-black","16":"pa_couleur-dark-grey","17":"pa_couleur-navy","18":"pa_details-xs","19":"pa_details-avec-capuche","20":"pa_details-fermeture-a-glissiere-complete","21":"pa_details-poche-poitrine","22":"pa_details-poches-de-cote-avec-fermeture-a-glissiere","23":"pa_details-vestes-protegeant-du-vent-pluie","24":"pa_groupe-de-produits-acces-pour-la-decoration","25":"pa_groupe-de-produits-avec-capuche","26":"pa_groupe-de-produits-full-zip","27":"pa_groupe-de-produits-vestes","28":"pa_manche-manches-longues","29":"pa_marque-bc-outerwear","30":"pa_numero-de-style-4051","31":"pa_poids-170-199-g-m","32":"pa_sexe-hommes","33":"pa_taille-2xl","34":"pa_taille-3xl","35":"pa_taille-l","36":"pa_taille-m","37":"pa_taille-s","38":"pa_taille-xl","39":"pa_taille-xs","40":"pa_tissu-polyester","42":"first","43":"instock","44":"taxable","45":"shipping-taxable","46":"purchasable","47":"product-type-variable"},"yoast_head":"<!-- This site is optimized with the Yoast SEO Premium plugin v20.9 (Yoast SEO v26.3) - https:\/\/yoast.com\/wordpress\/plugins\/seo\/ -->\n<title>Corporate 3-in-1 Jacket | Printwave FR<\/title>\n<meta name=\"robots\" content=\"index, follow, max-snippet:-1, max-image-preview:large, max-video-preview:-1\" \/>\n<link rel=\"canonical\" href=\"https:\/\/printwave.pl\/fr\/produkt\/corporate-3-in-1-jacket\/\" \/>\n<meta property=\"og:locale\" content=\"fr_FR\" \/>\n<meta property=\"og:type\" content=\"article\" \/>\n<meta property=\"og:title\" content=\"Corporate 3-in-1 Jacket\" \/>\n<meta property=\"og:description\" content=\"\u00b7Ext\u00e9rieur: 190 g\/m\u00b2 \u00b7100% polyester \u00b7Doublure: 100% polyester (filet), manches: 100% polyester (190T, taffetas) \u00b7R\u00e9siste au vent et waterproof (5000\" \/>\n<meta property=\"og:url\" content=\"https:\/\/printwave.pl\/fr\/produkt\/corporate-3-in-1-jacket\/\" \/>\n<meta property=\"og:site_name\" content=\"Printwave FR\" \/>\n<meta property=\"article:modified_time\" content=\"2026-02-15T05:26:19+00:00\" \/>\n<meta property=\"og:image\" content=\"https:\/\/printwave.pl\/fr\/wp-content\/uploads\/sites\/4\/2021\/07\/Print-Wave-logo-2025.png\" \/>\n\t<meta property=\"og:image:width\" content=\"1645\" \/>\n\t<meta property=\"og:image:height\" content=\"297\" \/>\n\t<meta property=\"og:image:type\" content=\"image\/png\" \/>\n<meta name=\"twitter:card\" content=\"summary_large_image\" \/>\n<script type=\"application\/ld+json\" class=\"yoast-schema-graph\">{\"@context\":\"https:\/\/schema.org\",\"@graph\":[{\"@type\":\"WebPage\",\"@id\":\"https:\/\/printwave.pl\/fr\/produkt\/corporate-3-in-1-jacket\/\",\"url\":\"https:\/\/printwave.pl\/fr\/produkt\/corporate-3-in-1-jacket\/\",\"name\":\"Corporate 3-in-1 Jacket | Printwave FR\",\"isPartOf\":{\"@id\":\"https:\/\/printwave.pl\/fr\/#website\"},\"primaryImageOfPage\":{\"@id\":\"https:\/\/printwave.pl\/fr\/produkt\/corporate-3-in-1-jacket\/#primaryimage\"},\"image\":{\"@id\":\"https:\/\/printwave.pl\/fr\/produkt\/corporate-3-in-1-jacket\/#primaryimage\"},\"thumbnailUrl\":\"https:\/\/printwave.pl\/fr\/wp-content\/uploads\/sites\/4\/2025\/01\/418_42_200_m-2023_01.jpg\",\"datePublished\":\"2025-01-25T12:18:06+00:00\",\"dateModified\":\"2026-02-15T05:26:19+00:00\",\"breadcrumb\":{\"@id\":\"https:\/\/printwave.pl\/fr\/produkt\/corporate-3-in-1-jacket\/#breadcrumb\"},\"inLanguage\":\"fr-FR\",\"potentialAction\":[{\"@type\":\"ReadAction\",\"target\":[\"https:\/\/printwave.pl\/fr\/produkt\/corporate-3-in-1-jacket\/\"]}]},{\"@type\":\"ImageObject\",\"inLanguage\":\"fr-FR\",\"@id\":\"https:\/\/printwave.pl\/fr\/produkt\/corporate-3-in-1-jacket\/#primaryimage\",\"url\":\"https:\/\/printwave.pl\/fr\/wp-content\/uploads\/sites\/4\/2025\/01\/418_42_200_m-2023_01.jpg\",\"contentUrl\":\"https:\/\/printwave.pl\/fr\/wp-content\/uploads\/sites\/4\/2025\/01\/418_42_200_m-2023_01.jpg\",\"width\":1024,\"height\":1304},{\"@type\":\"BreadcrumbList\",\"@id\":\"https:\/\/printwave.pl\/fr\/produkt\/corporate-3-in-1-jacket\/#breadcrumb\",\"itemListElement\":[{\"@type\":\"ListItem\",\"position\":1,\"name\":\"Accueil\",\"item\":\"https:\/\/printwave.pl\/fr\/\"},{\"@type\":\"ListItem\",\"position\":2,\"name\":\"Boutique\",\"item\":\"https:\/\/printwave.pl\/fr\/boutique\/\"},{\"@type\":\"ListItem\",\"position\":3,\"name\":\"Corporate 3-in-1 Jacket\"}]},{\"@type\":\"WebSite\",\"@id\":\"https:\/\/printwave.pl\/fr\/#website\",\"url\":\"https:\/\/printwave.pl\/fr\/\",\"name\":\"Printwave\",\"description\":\"Votre fournisseur de v\u00eatements promotionnels et d&#039;entreprise en Pologne\",\"potentialAction\":[{\"@type\":\"SearchAction\",\"target\":{\"@type\":\"EntryPoint\",\"urlTemplate\":\"https:\/\/printwave.pl\/fr\/?s={search_term_string}\"},\"query-input\":{\"@type\":\"PropertyValueSpecification\",\"valueRequired\":true,\"valueName\":\"search_term_string\"}}],\"inLanguage\":\"fr-FR\"}]}<\/script>\n<!-- \/ Yoast SEO Premium plugin. -->","yoast_head_json":{"title":"Corporate 3-in-1 Jacket | Printwave FR","robots":{"index":"index","follow":"follow","max-snippet":"max-snippet:-1","max-image-preview":"max-image-preview:large","max-video-preview":"max-video-preview:-1"},"canonical":"https:\/\/printwave.pl\/fr\/produkt\/corporate-3-in-1-jacket\/","og_locale":"fr_FR","og_type":"article","og_title":"Corporate 3-in-1 Jacket","og_description":"\u00b7Ext\u00e9rieur: 190 g\/m\u00b2 \u00b7100% polyester \u00b7Doublure: 100% polyester (filet), manches: 100% polyester (190T, taffetas) \u00b7R\u00e9siste au vent et waterproof (5000","og_url":"https:\/\/printwave.pl\/fr\/produkt\/corporate-3-in-1-jacket\/","og_site_name":"Printwave FR","article_modified_time":"2026-02-15T05:26:19+00:00","og_image":[{"width":1645,"height":297,"url":"https:\/\/printwave.pl\/fr\/wp-content\/uploads\/sites\/4\/2021\/07\/Print-Wave-logo-2025.png","type":"image\/png"}],"twitter_card":"summary_large_image","schema":{"@context":"https:\/\/schema.org","@graph":[{"@type":"WebPage","@id":"https:\/\/printwave.pl\/fr\/produkt\/corporate-3-in-1-jacket\/","url":"https:\/\/printwave.pl\/fr\/produkt\/corporate-3-in-1-jacket\/","name":"Corporate 3-in-1 Jacket | Printwave FR","isPartOf":{"@id":"https:\/\/printwave.pl\/fr\/#website"},"primaryImageOfPage":{"@id":"https:\/\/printwave.pl\/fr\/produkt\/corporate-3-in-1-jacket\/#primaryimage"},"image":{"@id":"https:\/\/printwave.pl\/fr\/produkt\/corporate-3-in-1-jacket\/#primaryimage"},"thumbnailUrl":"https:\/\/printwave.pl\/fr\/wp-content\/uploads\/sites\/4\/2025\/01\/418_42_200_m-2023_01.jpg","datePublished":"2025-01-25T12:18:06+00:00","dateModified":"2026-02-15T05:26:19+00:00","breadcrumb":{"@id":"https:\/\/printwave.pl\/fr\/produkt\/corporate-3-in-1-jacket\/#breadcrumb"},"inLanguage":"fr-FR","potentialAction":[{"@type":"ReadAction","target":["https:\/\/printwave.pl\/fr\/produkt\/corporate-3-in-1-jacket\/"]}]},{"@type":"ImageObject","inLanguage":"fr-FR","@id":"https:\/\/printwave.pl\/fr\/produkt\/corporate-3-in-1-jacket\/#primaryimage","url":"https:\/\/printwave.pl\/fr\/wp-content\/uploads\/sites\/4\/2025\/01\/418_42_200_m-2023_01.jpg","contentUrl":"https:\/\/printwave.pl\/fr\/wp-content\/uploads\/sites\/4\/2025\/01\/418_42_200_m-2023_01.jpg","width":1024,"height":1304},{"@type":"BreadcrumbList","@id":"https:\/\/printwave.pl\/fr\/produkt\/corporate-3-in-1-jacket\/#breadcrumb","itemListElement":[{"@type":"ListItem","position":1,"name":"Accueil","item":"https:\/\/printwave.pl\/fr\/"},{"@type":"ListItem","position":2,"name":"Boutique","item":"https:\/\/printwave.pl\/fr\/boutique\/"},{"@type":"ListItem","position":3,"name":"Corporate 3-in-1 Jacket"}]},{"@type":"WebSite","@id":"https:\/\/printwave.pl\/fr\/#website","url":"https:\/\/printwave.pl\/fr\/","name":"Printwave","description":"Votre fournisseur de v\u00eatements promotionnels et d&#039;entreprise en Pologne","potentialAction":[{"@type":"SearchAction","target":{"@type":"EntryPoint","urlTemplate":"https:\/\/printwave.pl\/fr\/?s={search_term_string}"},"query-input":{"@type":"PropertyValueSpecification","valueRequired":true,"valueName":"search_term_string"}}],"inLanguage":"fr-FR"}]}},"_links":{"self":[{"href":"https:\/\/printwave.pl\/fr\/wp-json\/wp\/v2\/product\/495360","targetHints":{"allow":["GET"]}}],"collection":[{"href":"https:\/\/printwave.pl\/fr\/wp-json\/wp\/v2\/product"}],"about":[{"href":"https:\/\/printwave.pl\/fr\/wp-json\/wp\/v2\/types\/product"}],"replies":[{"embeddable":true,"href":"https:\/\/printwave.pl\/fr\/wp-json\/wp\/v2\/comments?post=495360"}],"wp:featuredmedia":[{"embeddable":true,"href":"https:\/\/printwave.pl\/fr\/wp-json\/wp\/v2\/media\/495357"}],"wp:attachment":[{"href":"https:\/\/printwave.pl\/fr\/wp-json\/wp\/v2\/media?parent=495360"}],"wp:term":[{"taxonomy":"product_brand","embeddable":true,"href":"https:\/\/printwave.pl\/fr\/wp-json\/wp\/v2\/product_brand?post=495360"},{"taxonomy":"product_cat","embeddable":true,"href":"https:\/\/printwave.pl\/fr\/wp-json\/wp\/v2\/product_cat?post=495360"},{"taxonomy":"product_tag","embeddable":true,"href":"https:\/\/printwave.pl\/fr\/wp-json\/wp\/v2\/product_tag?post=495360"}],"curies":[{"name":"wp","href":"https:\/\/api.w.org\/{rel}","templated":true}]}}