{"id":494898,"date":"2025-01-25T13:04:02","date_gmt":"2025-01-25T12:04:02","guid":{"rendered":"https:\/\/printwave.pl\/fr\/produkt\/mens-sportshell-5000-jacket\/"},"modified":"2026-02-15T06:25:07","modified_gmt":"2026-02-15T05:25:07","slug":"mens-sportshell-5000-jacket","status":"publish","type":"product","link":"https:\/\/printwave.pl\/fr\/produkt\/mens-sportshell-5000-jacket\/","title":{"rendered":"Men&rsquo;s Sportshell 5000 Jacket"},"content":{"rendered":"<p>\u00b7250 g\/m\u00b2<br \/>\n\u00b7ext: 100% polyester (rev\u00eatement DWR) \u00e9tanche<br \/>\n\u00b7int: doublure polyester<br \/>\n\u00b7membrane r\u00e9sistante \u00e0 l eau jusque 5.000 mm<br \/>\n\u00b7respirant (5000 g\/m\u00b2 par 24h), mati\u00e8re Soft Shell tricot\u00e9e 3 \u00e9paisseurs<br \/>\n\u00b7fermeture \u00e0 glissi\u00e8re YKK avec prot\u00e8ge-menton et bord int\u00e9rieur de protection<br \/>\n\u00b7poche poitrine et sur la manche d\u00e9coup\u00e9es au laser avec fermeture \u00e0 glissi\u00e8re imperm\u00e9able<br \/>\n\u00b7poches de c\u00f4t\u00e9 avec fermeture \u00e0 glissi\u00e8re<br \/>\n\u00b7poche int\u00e9rieure pour MP3<br \/>\n\u00b7poignets ajustables<br \/>\n\u00b7cordon \u00e9lastiqu\u00e9 \u00e0 la base avec taquets<br \/>\n\u00b7coupe ajust\u00e9e<\/p>\n","protected":false},"excerpt":{"rendered":"<p>\u00b7250 g\/m\u00b2 \u00b7ext: 100% polyester (rev\u00eatement DWR) \u00e9tanche \u00b7int: doublure polyester \u00b7membrane r\u00e9sistante \u00e0 l eau jusque 5.000 mm \u00b7respirant<\/p>\n","protected":false},"featured_media":494890,"comment_status":"open","ping_status":"closed","template":"","meta":[],"product_brand":[],"product_cat":[114],"product_tag":[85,92,95,727,728,84,726,86,93],"class_list":{"0":"post-494898","1":"product","2":"type-product","3":"status-publish","4":"has-post-thumbnail","6":"product_cat-softshell","7":"product_tag-a-longue-manche","8":"product_tag-col-montant","9":"product_tag-coupe-vent","10":"product_tag-gestes-soft-shell","11":"product_tag-gilets-softshell","12":"product_tag-longue-manche","13":"product_tag-softshells-respirantes","14":"product_tag-vetements-dexterieur","15":"product_tag-waterresistant","16":"pa_certificats-bsci","17":"pa_certificats-oeko-tex-standard-100","18":"pa_certificats-wrap","19":"pa_couleur-azure","20":"pa_couleur-black","21":"pa_couleur-cactus","22":"pa_couleur-classic-red","23":"pa_couleur-french-navy","24":"pa_couleur-titanium","25":"pa_details-xs","26":"pa_details-cintre","27":"pa_details-fermeture-a-glissiere-complete","28":"pa_details-poches-de-cote-avec-fermeture-a-glissiere","29":"pa_details-vestes-legeres","30":"pa_groupe-de-produits-full-zip","31":"pa_groupe-de-produits-softshell","32":"pa_groupe-de-produits-vestes","33":"pa_marque-russell","34":"pa_numero-de-style-4040","35":"pa_poids-a-partir-de-220-g-m","36":"pa_sexe-hommes","37":"pa_taille-2xl","38":"pa_taille-l","39":"pa_taille-m","40":"pa_taille-s","41":"pa_taille-xl","42":"pa_taille-xs","43":"pa_tissu-3-layers","45":"first","46":"instock","47":"taxable","48":"shipping-taxable","49":"purchasable","50":"product-type-variable"},"yoast_head":"<!-- This site is optimized with the Yoast SEO Premium plugin v20.9 (Yoast SEO v26.3) - https:\/\/yoast.com\/wordpress\/plugins\/seo\/ -->\n<title>Men&#039;s Sportshell 5000 Jacket | Printwave FR<\/title>\n<meta name=\"robots\" content=\"index, follow, max-snippet:-1, max-image-preview:large, max-video-preview:-1\" \/>\n<link rel=\"canonical\" href=\"https:\/\/printwave.pl\/fr\/produkt\/mens-sportshell-5000-jacket\/\" \/>\n<meta property=\"og:locale\" content=\"fr_FR\" \/>\n<meta property=\"og:type\" content=\"article\" \/>\n<meta property=\"og:title\" content=\"Men&#039;s Sportshell 5000 Jacket\" \/>\n<meta property=\"og:description\" content=\"\u00b7250 g\/m\u00b2 \u00b7ext: 100% polyester (rev\u00eatement DWR) \u00e9tanche \u00b7int: doublure polyester \u00b7membrane r\u00e9sistante \u00e0 l eau jusque 5.000 mm \u00b7respirant\" \/>\n<meta property=\"og:url\" content=\"https:\/\/printwave.pl\/fr\/produkt\/mens-sportshell-5000-jacket\/\" \/>\n<meta property=\"og:site_name\" content=\"Printwave FR\" \/>\n<meta property=\"article:modified_time\" content=\"2026-02-15T05:25:07+00:00\" \/>\n<meta property=\"og:image\" content=\"https:\/\/printwave.pl\/fr\/wp-content\/uploads\/sites\/4\/2021\/07\/Print-Wave-logo-2025.png\" \/>\n\t<meta property=\"og:image:width\" content=\"1645\" \/>\n\t<meta property=\"og:image:height\" content=\"297\" \/>\n\t<meta property=\"og:image:type\" content=\"image\/png\" \/>\n<meta name=\"twitter:card\" content=\"summary_large_image\" \/>\n<script type=\"application\/ld+json\" class=\"yoast-schema-graph\">{\"@context\":\"https:\/\/schema.org\",\"@graph\":[{\"@type\":\"WebPage\",\"@id\":\"https:\/\/printwave.pl\/fr\/produkt\/mens-sportshell-5000-jacket\/\",\"url\":\"https:\/\/printwave.pl\/fr\/produkt\/mens-sportshell-5000-jacket\/\",\"name\":\"Men's Sportshell 5000 Jacket | Printwave FR\",\"isPartOf\":{\"@id\":\"https:\/\/printwave.pl\/fr\/#website\"},\"primaryImageOfPage\":{\"@id\":\"https:\/\/printwave.pl\/fr\/produkt\/mens-sportshell-5000-jacket\/#primaryimage\"},\"image\":{\"@id\":\"https:\/\/printwave.pl\/fr\/produkt\/mens-sportshell-5000-jacket\/#primaryimage\"},\"thumbnailUrl\":\"https:\/\/printwave.pl\/fr\/wp-content\/uploads\/sites\/4\/2025\/01\/421_00_316_m-2023_01.jpg\",\"datePublished\":\"2025-01-25T12:04:02+00:00\",\"dateModified\":\"2026-02-15T05:25:07+00:00\",\"breadcrumb\":{\"@id\":\"https:\/\/printwave.pl\/fr\/produkt\/mens-sportshell-5000-jacket\/#breadcrumb\"},\"inLanguage\":\"fr-FR\",\"potentialAction\":[{\"@type\":\"ReadAction\",\"target\":[\"https:\/\/printwave.pl\/fr\/produkt\/mens-sportshell-5000-jacket\/\"]}]},{\"@type\":\"ImageObject\",\"inLanguage\":\"fr-FR\",\"@id\":\"https:\/\/printwave.pl\/fr\/produkt\/mens-sportshell-5000-jacket\/#primaryimage\",\"url\":\"https:\/\/printwave.pl\/fr\/wp-content\/uploads\/sites\/4\/2025\/01\/421_00_316_m-2023_01.jpg\",\"contentUrl\":\"https:\/\/printwave.pl\/fr\/wp-content\/uploads\/sites\/4\/2025\/01\/421_00_316_m-2023_01.jpg\",\"width\":1024,\"height\":1304},{\"@type\":\"BreadcrumbList\",\"@id\":\"https:\/\/printwave.pl\/fr\/produkt\/mens-sportshell-5000-jacket\/#breadcrumb\",\"itemListElement\":[{\"@type\":\"ListItem\",\"position\":1,\"name\":\"Accueil\",\"item\":\"https:\/\/printwave.pl\/fr\/\"},{\"@type\":\"ListItem\",\"position\":2,\"name\":\"Boutique\",\"item\":\"https:\/\/printwave.pl\/fr\/boutique\/\"},{\"@type\":\"ListItem\",\"position\":3,\"name\":\"Men&rsquo;s Sportshell 5000 Jacket\"}]},{\"@type\":\"WebSite\",\"@id\":\"https:\/\/printwave.pl\/fr\/#website\",\"url\":\"https:\/\/printwave.pl\/fr\/\",\"name\":\"Printwave\",\"description\":\"Votre fournisseur de v\u00eatements promotionnels et d&#039;entreprise en Pologne\",\"potentialAction\":[{\"@type\":\"SearchAction\",\"target\":{\"@type\":\"EntryPoint\",\"urlTemplate\":\"https:\/\/printwave.pl\/fr\/?s={search_term_string}\"},\"query-input\":{\"@type\":\"PropertyValueSpecification\",\"valueRequired\":true,\"valueName\":\"search_term_string\"}}],\"inLanguage\":\"fr-FR\"}]}<\/script>\n<!-- \/ Yoast SEO Premium plugin. -->","yoast_head_json":{"title":"Men's Sportshell 5000 Jacket | Printwave FR","robots":{"index":"index","follow":"follow","max-snippet":"max-snippet:-1","max-image-preview":"max-image-preview:large","max-video-preview":"max-video-preview:-1"},"canonical":"https:\/\/printwave.pl\/fr\/produkt\/mens-sportshell-5000-jacket\/","og_locale":"fr_FR","og_type":"article","og_title":"Men's Sportshell 5000 Jacket","og_description":"\u00b7250 g\/m\u00b2 \u00b7ext: 100% polyester (rev\u00eatement DWR) \u00e9tanche \u00b7int: doublure polyester \u00b7membrane r\u00e9sistante \u00e0 l eau jusque 5.000 mm \u00b7respirant","og_url":"https:\/\/printwave.pl\/fr\/produkt\/mens-sportshell-5000-jacket\/","og_site_name":"Printwave FR","article_modified_time":"2026-02-15T05:25:07+00:00","og_image":[{"width":1645,"height":297,"url":"https:\/\/printwave.pl\/fr\/wp-content\/uploads\/sites\/4\/2021\/07\/Print-Wave-logo-2025.png","type":"image\/png"}],"twitter_card":"summary_large_image","schema":{"@context":"https:\/\/schema.org","@graph":[{"@type":"WebPage","@id":"https:\/\/printwave.pl\/fr\/produkt\/mens-sportshell-5000-jacket\/","url":"https:\/\/printwave.pl\/fr\/produkt\/mens-sportshell-5000-jacket\/","name":"Men's Sportshell 5000 Jacket | Printwave FR","isPartOf":{"@id":"https:\/\/printwave.pl\/fr\/#website"},"primaryImageOfPage":{"@id":"https:\/\/printwave.pl\/fr\/produkt\/mens-sportshell-5000-jacket\/#primaryimage"},"image":{"@id":"https:\/\/printwave.pl\/fr\/produkt\/mens-sportshell-5000-jacket\/#primaryimage"},"thumbnailUrl":"https:\/\/printwave.pl\/fr\/wp-content\/uploads\/sites\/4\/2025\/01\/421_00_316_m-2023_01.jpg","datePublished":"2025-01-25T12:04:02+00:00","dateModified":"2026-02-15T05:25:07+00:00","breadcrumb":{"@id":"https:\/\/printwave.pl\/fr\/produkt\/mens-sportshell-5000-jacket\/#breadcrumb"},"inLanguage":"fr-FR","potentialAction":[{"@type":"ReadAction","target":["https:\/\/printwave.pl\/fr\/produkt\/mens-sportshell-5000-jacket\/"]}]},{"@type":"ImageObject","inLanguage":"fr-FR","@id":"https:\/\/printwave.pl\/fr\/produkt\/mens-sportshell-5000-jacket\/#primaryimage","url":"https:\/\/printwave.pl\/fr\/wp-content\/uploads\/sites\/4\/2025\/01\/421_00_316_m-2023_01.jpg","contentUrl":"https:\/\/printwave.pl\/fr\/wp-content\/uploads\/sites\/4\/2025\/01\/421_00_316_m-2023_01.jpg","width":1024,"height":1304},{"@type":"BreadcrumbList","@id":"https:\/\/printwave.pl\/fr\/produkt\/mens-sportshell-5000-jacket\/#breadcrumb","itemListElement":[{"@type":"ListItem","position":1,"name":"Accueil","item":"https:\/\/printwave.pl\/fr\/"},{"@type":"ListItem","position":2,"name":"Boutique","item":"https:\/\/printwave.pl\/fr\/boutique\/"},{"@type":"ListItem","position":3,"name":"Men&rsquo;s Sportshell 5000 Jacket"}]},{"@type":"WebSite","@id":"https:\/\/printwave.pl\/fr\/#website","url":"https:\/\/printwave.pl\/fr\/","name":"Printwave","description":"Votre fournisseur de v\u00eatements promotionnels et d&#039;entreprise en Pologne","potentialAction":[{"@type":"SearchAction","target":{"@type":"EntryPoint","urlTemplate":"https:\/\/printwave.pl\/fr\/?s={search_term_string}"},"query-input":{"@type":"PropertyValueSpecification","valueRequired":true,"valueName":"search_term_string"}}],"inLanguage":"fr-FR"}]}},"_links":{"self":[{"href":"https:\/\/printwave.pl\/fr\/wp-json\/wp\/v2\/product\/494898","targetHints":{"allow":["GET"]}}],"collection":[{"href":"https:\/\/printwave.pl\/fr\/wp-json\/wp\/v2\/product"}],"about":[{"href":"https:\/\/printwave.pl\/fr\/wp-json\/wp\/v2\/types\/product"}],"replies":[{"embeddable":true,"href":"https:\/\/printwave.pl\/fr\/wp-json\/wp\/v2\/comments?post=494898"}],"wp:featuredmedia":[{"embeddable":true,"href":"https:\/\/printwave.pl\/fr\/wp-json\/wp\/v2\/media\/494890"}],"wp:attachment":[{"href":"https:\/\/printwave.pl\/fr\/wp-json\/wp\/v2\/media?parent=494898"}],"wp:term":[{"taxonomy":"product_brand","embeddable":true,"href":"https:\/\/printwave.pl\/fr\/wp-json\/wp\/v2\/product_brand?post=494898"},{"taxonomy":"product_cat","embeddable":true,"href":"https:\/\/printwave.pl\/fr\/wp-json\/wp\/v2\/product_cat?post=494898"},{"taxonomy":"product_tag","embeddable":true,"href":"https:\/\/printwave.pl\/fr\/wp-json\/wp\/v2\/product_tag?post=494898"}],"curies":[{"name":"wp","href":"https:\/\/api.w.org\/{rel}","templated":true}]}}