{"id":493776,"date":"2025-01-25T12:32:30","date_gmt":"2025-01-25T11:32:30","guid":{"rendered":"https:\/\/printwave.pl\/fr\/produkt\/shield-softshell-pro\/"},"modified":"2026-02-15T06:23:03","modified_gmt":"2026-02-15T05:23:03","slug":"shield-softshell-pro","status":"publish","type":"product","link":"https:\/\/printwave.pl\/fr\/produkt\/shield-softshell-pro\/","title":{"rendered":"Shield Softshell PRO"},"content":{"rendered":"<p>\u00b7Ext\u00e9rieur: 96% polyester, 4% \u00e9lasthanne (mini rip-stop)<br \/>\n\u00b7Milieu: membrane TPU respirante (1.000 g\/m\u00b2 par 24h), coupe-vent et waterproof (2000 mm)<br \/>\n\u00b7Doublure: 100% polyester (microfleece)<br \/>\n\u00b7Fermeture \u00e0 glissi\u00e8re compl\u00e8te avec rabat temp\u00eate et protection du menton<br \/>\n\u00b7Passepoil r\u00e9fl\u00e9chissant aux \u00e9paules et bas du dos pour une meilleure visibilit\u00e9<br \/>\n\u00b7Plusieurs poches fonctionnelles<br \/>\n\u00b7Doubles coutures surpiqu\u00e9es<br \/>\n\u00b7Taille r\u00e9glable avec cordon de serrage et stoppeurs<br \/>\n\u00b7Arri\u00e8re plus long<\/p>\n","protected":false},"excerpt":{"rendered":"<p>\u00b7Ext\u00e9rieur: 96% polyester, 4% \u00e9lasthanne (mini rip-stop) \u00b7Milieu: membrane TPU respirante (1.000 g\/m\u00b2 par 24h), coupe-vent et waterproof (2000 mm)<\/p>\n","protected":false},"featured_media":493775,"comment_status":"open","ping_status":"closed","template":"","meta":[],"product_brand":[],"product_cat":[114,43],"product_tag":[],"class_list":{"0":"post-493776","1":"product","2":"type-product","3":"status-publish","4":"has-post-thumbnail","6":"product_cat-softshell","7":"product_cat-vetements-de-travail","8":"pa_couleur-black","9":"pa_couleur-dark-grey","10":"pa_couleur-navy","11":"pa_details-details-reflechissants","12":"pa_details-fermeture-a-glissiere-complete","13":"pa_details-set-in","14":"pa_groupe-de-produits-4xl-et-plus","15":"pa_groupe-de-produits-full-zip","16":"pa_groupe-de-produits-vestes","17":"pa_groupe-de-produits-vetements-de-travail","18":"pa_manche-manches-longues","19":"pa_marque-bc-pro","20":"pa_numero-de-style-4020","21":"pa_sexe-hommes","22":"pa_taille-2xl","23":"pa_taille-3xl","24":"pa_taille-4xl","25":"pa_taille-l","26":"pa_taille-m","27":"pa_taille-s","28":"pa_taille-xl","29":"pa_tissu-polyester","31":"first","32":"instock","33":"taxable","34":"shipping-taxable","35":"purchasable","36":"product-type-variable"},"yoast_head":"<!-- This site is optimized with the Yoast SEO Premium plugin v20.9 (Yoast SEO v26.3) - https:\/\/yoast.com\/wordpress\/plugins\/seo\/ -->\n<title>Shield Softshell PRO | Printwave FR<\/title>\n<meta name=\"robots\" content=\"index, follow, max-snippet:-1, max-image-preview:large, max-video-preview:-1\" \/>\n<link rel=\"canonical\" href=\"https:\/\/printwave.pl\/fr\/produkt\/shield-softshell-pro\/\" \/>\n<meta property=\"og:locale\" content=\"fr_FR\" \/>\n<meta property=\"og:type\" content=\"article\" \/>\n<meta property=\"og:title\" content=\"Shield Softshell PRO\" \/>\n<meta property=\"og:description\" content=\"\u00b7Ext\u00e9rieur: 96% polyester, 4% \u00e9lasthanne (mini rip-stop) \u00b7Milieu: membrane TPU respirante (1.000 g\/m\u00b2 par 24h), coupe-vent et waterproof (2000 mm)\" \/>\n<meta property=\"og:url\" content=\"https:\/\/printwave.pl\/fr\/produkt\/shield-softshell-pro\/\" \/>\n<meta property=\"og:site_name\" content=\"Printwave FR\" \/>\n<meta property=\"article:modified_time\" content=\"2026-02-15T05:23:03+00:00\" \/>\n<meta property=\"og:image\" content=\"https:\/\/printwave.pl\/fr\/wp-content\/uploads\/sites\/4\/2021\/07\/Print-Wave-logo-2025.png\" \/>\n\t<meta property=\"og:image:width\" content=\"1645\" \/>\n\t<meta property=\"og:image:height\" content=\"297\" \/>\n\t<meta property=\"og:image:type\" content=\"image\/png\" \/>\n<meta name=\"twitter:card\" content=\"summary_large_image\" \/>\n<script type=\"application\/ld+json\" class=\"yoast-schema-graph\">{\"@context\":\"https:\/\/schema.org\",\"@graph\":[{\"@type\":\"WebPage\",\"@id\":\"https:\/\/printwave.pl\/fr\/produkt\/shield-softshell-pro\/\",\"url\":\"https:\/\/printwave.pl\/fr\/produkt\/shield-softshell-pro\/\",\"name\":\"Shield Softshell PRO | Printwave FR\",\"isPartOf\":{\"@id\":\"https:\/\/printwave.pl\/fr\/#website\"},\"primaryImageOfPage\":{\"@id\":\"https:\/\/printwave.pl\/fr\/produkt\/shield-softshell-pro\/#primaryimage\"},\"image\":{\"@id\":\"https:\/\/printwave.pl\/fr\/produkt\/shield-softshell-pro\/#primaryimage\"},\"thumbnailUrl\":\"https:\/\/printwave.pl\/fr\/wp-content\/uploads\/sites\/4\/2025\/01\/425_42_200_m-2018_01.jpg\",\"datePublished\":\"2025-01-25T11:32:30+00:00\",\"dateModified\":\"2026-02-15T05:23:03+00:00\",\"breadcrumb\":{\"@id\":\"https:\/\/printwave.pl\/fr\/produkt\/shield-softshell-pro\/#breadcrumb\"},\"inLanguage\":\"fr-FR\",\"potentialAction\":[{\"@type\":\"ReadAction\",\"target\":[\"https:\/\/printwave.pl\/fr\/produkt\/shield-softshell-pro\/\"]}]},{\"@type\":\"ImageObject\",\"inLanguage\":\"fr-FR\",\"@id\":\"https:\/\/printwave.pl\/fr\/produkt\/shield-softshell-pro\/#primaryimage\",\"url\":\"https:\/\/printwave.pl\/fr\/wp-content\/uploads\/sites\/4\/2025\/01\/425_42_200_m-2018_01.jpg\",\"contentUrl\":\"https:\/\/printwave.pl\/fr\/wp-content\/uploads\/sites\/4\/2025\/01\/425_42_200_m-2018_01.jpg\",\"width\":1024,\"height\":1304},{\"@type\":\"BreadcrumbList\",\"@id\":\"https:\/\/printwave.pl\/fr\/produkt\/shield-softshell-pro\/#breadcrumb\",\"itemListElement\":[{\"@type\":\"ListItem\",\"position\":1,\"name\":\"Accueil\",\"item\":\"https:\/\/printwave.pl\/fr\/\"},{\"@type\":\"ListItem\",\"position\":2,\"name\":\"Boutique\",\"item\":\"https:\/\/printwave.pl\/fr\/boutique\/\"},{\"@type\":\"ListItem\",\"position\":3,\"name\":\"Shield Softshell PRO\"}]},{\"@type\":\"WebSite\",\"@id\":\"https:\/\/printwave.pl\/fr\/#website\",\"url\":\"https:\/\/printwave.pl\/fr\/\",\"name\":\"Printwave\",\"description\":\"Votre fournisseur de v\u00eatements promotionnels et d&#039;entreprise en Pologne\",\"potentialAction\":[{\"@type\":\"SearchAction\",\"target\":{\"@type\":\"EntryPoint\",\"urlTemplate\":\"https:\/\/printwave.pl\/fr\/?s={search_term_string}\"},\"query-input\":{\"@type\":\"PropertyValueSpecification\",\"valueRequired\":true,\"valueName\":\"search_term_string\"}}],\"inLanguage\":\"fr-FR\"}]}<\/script>\n<!-- \/ Yoast SEO Premium plugin. -->","yoast_head_json":{"title":"Shield Softshell PRO | Printwave FR","robots":{"index":"index","follow":"follow","max-snippet":"max-snippet:-1","max-image-preview":"max-image-preview:large","max-video-preview":"max-video-preview:-1"},"canonical":"https:\/\/printwave.pl\/fr\/produkt\/shield-softshell-pro\/","og_locale":"fr_FR","og_type":"article","og_title":"Shield Softshell PRO","og_description":"\u00b7Ext\u00e9rieur: 96% polyester, 4% \u00e9lasthanne (mini rip-stop) \u00b7Milieu: membrane TPU respirante (1.000 g\/m\u00b2 par 24h), coupe-vent et waterproof (2000 mm)","og_url":"https:\/\/printwave.pl\/fr\/produkt\/shield-softshell-pro\/","og_site_name":"Printwave FR","article_modified_time":"2026-02-15T05:23:03+00:00","og_image":[{"width":1645,"height":297,"url":"https:\/\/printwave.pl\/fr\/wp-content\/uploads\/sites\/4\/2021\/07\/Print-Wave-logo-2025.png","type":"image\/png"}],"twitter_card":"summary_large_image","schema":{"@context":"https:\/\/schema.org","@graph":[{"@type":"WebPage","@id":"https:\/\/printwave.pl\/fr\/produkt\/shield-softshell-pro\/","url":"https:\/\/printwave.pl\/fr\/produkt\/shield-softshell-pro\/","name":"Shield Softshell PRO | Printwave FR","isPartOf":{"@id":"https:\/\/printwave.pl\/fr\/#website"},"primaryImageOfPage":{"@id":"https:\/\/printwave.pl\/fr\/produkt\/shield-softshell-pro\/#primaryimage"},"image":{"@id":"https:\/\/printwave.pl\/fr\/produkt\/shield-softshell-pro\/#primaryimage"},"thumbnailUrl":"https:\/\/printwave.pl\/fr\/wp-content\/uploads\/sites\/4\/2025\/01\/425_42_200_m-2018_01.jpg","datePublished":"2025-01-25T11:32:30+00:00","dateModified":"2026-02-15T05:23:03+00:00","breadcrumb":{"@id":"https:\/\/printwave.pl\/fr\/produkt\/shield-softshell-pro\/#breadcrumb"},"inLanguage":"fr-FR","potentialAction":[{"@type":"ReadAction","target":["https:\/\/printwave.pl\/fr\/produkt\/shield-softshell-pro\/"]}]},{"@type":"ImageObject","inLanguage":"fr-FR","@id":"https:\/\/printwave.pl\/fr\/produkt\/shield-softshell-pro\/#primaryimage","url":"https:\/\/printwave.pl\/fr\/wp-content\/uploads\/sites\/4\/2025\/01\/425_42_200_m-2018_01.jpg","contentUrl":"https:\/\/printwave.pl\/fr\/wp-content\/uploads\/sites\/4\/2025\/01\/425_42_200_m-2018_01.jpg","width":1024,"height":1304},{"@type":"BreadcrumbList","@id":"https:\/\/printwave.pl\/fr\/produkt\/shield-softshell-pro\/#breadcrumb","itemListElement":[{"@type":"ListItem","position":1,"name":"Accueil","item":"https:\/\/printwave.pl\/fr\/"},{"@type":"ListItem","position":2,"name":"Boutique","item":"https:\/\/printwave.pl\/fr\/boutique\/"},{"@type":"ListItem","position":3,"name":"Shield Softshell PRO"}]},{"@type":"WebSite","@id":"https:\/\/printwave.pl\/fr\/#website","url":"https:\/\/printwave.pl\/fr\/","name":"Printwave","description":"Votre fournisseur de v\u00eatements promotionnels et d&#039;entreprise en Pologne","potentialAction":[{"@type":"SearchAction","target":{"@type":"EntryPoint","urlTemplate":"https:\/\/printwave.pl\/fr\/?s={search_term_string}"},"query-input":{"@type":"PropertyValueSpecification","valueRequired":true,"valueName":"search_term_string"}}],"inLanguage":"fr-FR"}]}},"_links":{"self":[{"href":"https:\/\/printwave.pl\/fr\/wp-json\/wp\/v2\/product\/493776","targetHints":{"allow":["GET"]}}],"collection":[{"href":"https:\/\/printwave.pl\/fr\/wp-json\/wp\/v2\/product"}],"about":[{"href":"https:\/\/printwave.pl\/fr\/wp-json\/wp\/v2\/types\/product"}],"replies":[{"embeddable":true,"href":"https:\/\/printwave.pl\/fr\/wp-json\/wp\/v2\/comments?post=493776"}],"wp:featuredmedia":[{"embeddable":true,"href":"https:\/\/printwave.pl\/fr\/wp-json\/wp\/v2\/media\/493775"}],"wp:attachment":[{"href":"https:\/\/printwave.pl\/fr\/wp-json\/wp\/v2\/media?parent=493776"}],"wp:term":[{"taxonomy":"product_brand","embeddable":true,"href":"https:\/\/printwave.pl\/fr\/wp-json\/wp\/v2\/product_brand?post=493776"},{"taxonomy":"product_cat","embeddable":true,"href":"https:\/\/printwave.pl\/fr\/wp-json\/wp\/v2\/product_cat?post=493776"},{"taxonomy":"product_tag","embeddable":true,"href":"https:\/\/printwave.pl\/fr\/wp-json\/wp\/v2\/product_tag?post=493776"}],"curies":[{"name":"wp","href":"https:\/\/api.w.org\/{rel}","templated":true}]}}