{"id":493380,"date":"2025-01-25T12:20:13","date_gmt":"2025-01-25T11:20:13","guid":{"rendered":"https:\/\/printwave.pl\/fr\/produkt\/fluo-softshell-jacket\/"},"modified":"2026-02-15T06:21:47","modified_gmt":"2026-02-15T05:21:47","slug":"fluo-softshell-jacket","status":"publish","type":"product","link":"https:\/\/printwave.pl\/fr\/produkt\/fluo-softshell-jacket\/","title":{"rendered":"Fluo Softshell Jacket"},"content":{"rendered":"<p>\u00b7345 g\/m\u00b2<br \/>\n\u00b7couche ext: 345 g\/m\u00b2, 100% polyester<br \/>\n\u00b7couche moyenne: TPU membrane<br \/>\n\u00b7couche int: 100% polyester (microfleece, 140D)<br \/>\n\u00b7les 3 couches de softshell assurent une respirabilit\u00e9 de 8000 mm et une perm\u00e9abilit\u00e9 de 3000 mvp<br \/>\n\u00b7fermeture \u00e0 glissi\u00e8re 100% waterproof et taquets sur le devant et la poche poitrine<br \/>\n\u00b72 poches profondes chauffe-mains avec fermeture \u00e0 glissi\u00e8re<br \/>\n\u00b7poignets \u00e9lastiqu\u00e9s et taille r\u00e9glable par cordon<br \/>\n\u00b7dos l\u00e9g\u00e8rement plus long pour le style<br \/>\n\u00b7une bande de 5 cm r\u00e9fl\u00e9chissante entoure le corps, les bras et les \u00e9paules<br \/>\n\u00b7Navy augmente la visibilit\u00e9.<br \/>\n\u00b7En raison des changements de douane BREXIT, nous subissons de s\u00e9rieux retards dans les livraisons de YOKO. Veuillez contacter le service client pour plus d&rsquo;informations sur les styles alternatifs.<\/p>\n","protected":false},"excerpt":{"rendered":"<p>\u00b7345 g\/m\u00b2 \u00b7couche ext: 345 g\/m\u00b2, 100% polyester \u00b7couche moyenne: TPU membrane \u00b7couche int: 100% polyester (microfleece, 140D) \u00b7les 3<\/p>\n","protected":false},"featured_media":493378,"comment_status":"open","ping_status":"closed","template":"","meta":[],"product_brand":[],"product_cat":[43,282],"product_tag":[460,85,87,1568,84,577,726,625,576,844,86,212,627],"class_list":{"0":"post-493380","1":"product","2":"type-product","3":"status-publish","4":"has-post-thumbnail","6":"product_cat-vetements-de-travail","7":"product_cat-vetements-haute-visibilite","8":"product_tag-2-couleurs","9":"product_tag-a-longue-manche","10":"product_tag-biais-reflechissants","11":"product_tag-gestes-s","12":"product_tag-longue-manche","13":"product_tag-poche-poitrine","14":"product_tag-softshells-respirantes","15":"product_tag-textiles-fluorescents","16":"product_tag-veste-de-travail","17":"product_tag-vestes-fluorescentes","18":"product_tag-vetements-dexterieur","19":"product_tag-vetements-de-travail","20":"product_tag-vetements-fluorescents","21":"pa_couleur-fluo-orange","22":"pa_couleur-fluo-yellow","23":"pa_couleur-fluo-yellow-navy","24":"pa_couleur-navy","25":"pa_details-fermeture-a-glissiere-complete","26":"pa_details-poches-de-cote-avec-fermeture-a-glissiere","27":"pa_groupe-de-produits-softshell","28":"pa_groupe-de-produits-vestes","29":"pa_groupe-de-produits-vetements-de-travail","30":"pa_groupe-de-produits-vetements-fluorescents","31":"pa_marque-yoko","32":"pa_numero-de-style-4009","33":"pa_poids-a-partir-de-220-g-m","34":"pa_sexe-hommes","35":"pa_taille-2xl","36":"pa_taille-3xl","37":"pa_taille-4xl","38":"pa_taille-l","39":"pa_taille-m","40":"pa_taille-s","41":"pa_taille-xl","42":"pa_tissu-polyester","44":"first","45":"instock","46":"taxable","47":"shipping-taxable","48":"purchasable","49":"product-type-variable"},"yoast_head":"<!-- This site is optimized with the Yoast SEO Premium plugin v20.9 (Yoast SEO v26.3) - https:\/\/yoast.com\/wordpress\/plugins\/seo\/ -->\n<title>Fluo Softshell Jacket | Printwave FR<\/title>\n<meta name=\"robots\" content=\"index, follow, max-snippet:-1, max-image-preview:large, max-video-preview:-1\" \/>\n<link rel=\"canonical\" href=\"https:\/\/printwave.pl\/fr\/produkt\/fluo-softshell-jacket\/\" \/>\n<meta property=\"og:locale\" content=\"fr_FR\" \/>\n<meta property=\"og:type\" content=\"article\" \/>\n<meta property=\"og:title\" content=\"Fluo Softshell Jacket\" \/>\n<meta property=\"og:description\" content=\"\u00b7345 g\/m\u00b2 \u00b7couche ext: 345 g\/m\u00b2, 100% polyester \u00b7couche moyenne: TPU membrane \u00b7couche int: 100% polyester (microfleece, 140D) \u00b7les 3\" \/>\n<meta property=\"og:url\" content=\"https:\/\/printwave.pl\/fr\/produkt\/fluo-softshell-jacket\/\" \/>\n<meta property=\"og:site_name\" content=\"Printwave FR\" \/>\n<meta property=\"article:modified_time\" content=\"2026-02-15T05:21:47+00:00\" \/>\n<meta property=\"og:image\" content=\"https:\/\/printwave.pl\/fr\/wp-content\/uploads\/sites\/4\/2025\/01\/427_77_200_m-2015_01.jpg\" \/>\n\t<meta property=\"og:image:width\" content=\"1024\" \/>\n\t<meta property=\"og:image:height\" content=\"1304\" \/>\n\t<meta property=\"og:image:type\" content=\"image\/jpeg\" \/>\n<meta name=\"twitter:card\" content=\"summary_large_image\" \/>\n<meta name=\"twitter:label1\" content=\"Dur\u00e9e de lecture estim\u00e9e\" \/>\n\t<meta name=\"twitter:data1\" content=\"1 minute\" \/>\n<script type=\"application\/ld+json\" class=\"yoast-schema-graph\">{\"@context\":\"https:\/\/schema.org\",\"@graph\":[{\"@type\":\"WebPage\",\"@id\":\"https:\/\/printwave.pl\/fr\/produkt\/fluo-softshell-jacket\/\",\"url\":\"https:\/\/printwave.pl\/fr\/produkt\/fluo-softshell-jacket\/\",\"name\":\"Fluo Softshell Jacket | Printwave FR\",\"isPartOf\":{\"@id\":\"https:\/\/printwave.pl\/fr\/#website\"},\"primaryImageOfPage\":{\"@id\":\"https:\/\/printwave.pl\/fr\/produkt\/fluo-softshell-jacket\/#primaryimage\"},\"image\":{\"@id\":\"https:\/\/printwave.pl\/fr\/produkt\/fluo-softshell-jacket\/#primaryimage\"},\"thumbnailUrl\":\"https:\/\/printwave.pl\/fr\/wp-content\/uploads\/sites\/4\/2025\/01\/427_77_200_m-2015_01.jpg\",\"datePublished\":\"2025-01-25T11:20:13+00:00\",\"dateModified\":\"2026-02-15T05:21:47+00:00\",\"breadcrumb\":{\"@id\":\"https:\/\/printwave.pl\/fr\/produkt\/fluo-softshell-jacket\/#breadcrumb\"},\"inLanguage\":\"fr-FR\",\"potentialAction\":[{\"@type\":\"ReadAction\",\"target\":[\"https:\/\/printwave.pl\/fr\/produkt\/fluo-softshell-jacket\/\"]}]},{\"@type\":\"ImageObject\",\"inLanguage\":\"fr-FR\",\"@id\":\"https:\/\/printwave.pl\/fr\/produkt\/fluo-softshell-jacket\/#primaryimage\",\"url\":\"https:\/\/printwave.pl\/fr\/wp-content\/uploads\/sites\/4\/2025\/01\/427_77_200_m-2015_01.jpg\",\"contentUrl\":\"https:\/\/printwave.pl\/fr\/wp-content\/uploads\/sites\/4\/2025\/01\/427_77_200_m-2015_01.jpg\",\"width\":1024,\"height\":1304},{\"@type\":\"BreadcrumbList\",\"@id\":\"https:\/\/printwave.pl\/fr\/produkt\/fluo-softshell-jacket\/#breadcrumb\",\"itemListElement\":[{\"@type\":\"ListItem\",\"position\":1,\"name\":\"Accueil\",\"item\":\"https:\/\/printwave.pl\/fr\/\"},{\"@type\":\"ListItem\",\"position\":2,\"name\":\"Boutique\",\"item\":\"https:\/\/printwave.pl\/fr\/boutique\/\"},{\"@type\":\"ListItem\",\"position\":3,\"name\":\"Fluo Softshell Jacket\"}]},{\"@type\":\"WebSite\",\"@id\":\"https:\/\/printwave.pl\/fr\/#website\",\"url\":\"https:\/\/printwave.pl\/fr\/\",\"name\":\"Printwave\",\"description\":\"Votre fournisseur de v\u00eatements promotionnels et d&#039;entreprise en Pologne\",\"potentialAction\":[{\"@type\":\"SearchAction\",\"target\":{\"@type\":\"EntryPoint\",\"urlTemplate\":\"https:\/\/printwave.pl\/fr\/?s={search_term_string}\"},\"query-input\":{\"@type\":\"PropertyValueSpecification\",\"valueRequired\":true,\"valueName\":\"search_term_string\"}}],\"inLanguage\":\"fr-FR\"}]}<\/script>\n<!-- \/ Yoast SEO Premium plugin. -->","yoast_head_json":{"title":"Fluo Softshell Jacket | Printwave FR","robots":{"index":"index","follow":"follow","max-snippet":"max-snippet:-1","max-image-preview":"max-image-preview:large","max-video-preview":"max-video-preview:-1"},"canonical":"https:\/\/printwave.pl\/fr\/produkt\/fluo-softshell-jacket\/","og_locale":"fr_FR","og_type":"article","og_title":"Fluo Softshell Jacket","og_description":"\u00b7345 g\/m\u00b2 \u00b7couche ext: 345 g\/m\u00b2, 100% polyester \u00b7couche moyenne: TPU membrane \u00b7couche int: 100% polyester (microfleece, 140D) \u00b7les 3","og_url":"https:\/\/printwave.pl\/fr\/produkt\/fluo-softshell-jacket\/","og_site_name":"Printwave FR","article_modified_time":"2026-02-15T05:21:47+00:00","og_image":[{"width":1024,"height":1304,"url":"https:\/\/printwave.pl\/fr\/wp-content\/uploads\/sites\/4\/2025\/01\/427_77_200_m-2015_01.jpg","type":"image\/jpeg"}],"twitter_card":"summary_large_image","twitter_misc":{"Dur\u00e9e de lecture estim\u00e9e":"1 minute"},"schema":{"@context":"https:\/\/schema.org","@graph":[{"@type":"WebPage","@id":"https:\/\/printwave.pl\/fr\/produkt\/fluo-softshell-jacket\/","url":"https:\/\/printwave.pl\/fr\/produkt\/fluo-softshell-jacket\/","name":"Fluo Softshell Jacket | Printwave FR","isPartOf":{"@id":"https:\/\/printwave.pl\/fr\/#website"},"primaryImageOfPage":{"@id":"https:\/\/printwave.pl\/fr\/produkt\/fluo-softshell-jacket\/#primaryimage"},"image":{"@id":"https:\/\/printwave.pl\/fr\/produkt\/fluo-softshell-jacket\/#primaryimage"},"thumbnailUrl":"https:\/\/printwave.pl\/fr\/wp-content\/uploads\/sites\/4\/2025\/01\/427_77_200_m-2015_01.jpg","datePublished":"2025-01-25T11:20:13+00:00","dateModified":"2026-02-15T05:21:47+00:00","breadcrumb":{"@id":"https:\/\/printwave.pl\/fr\/produkt\/fluo-softshell-jacket\/#breadcrumb"},"inLanguage":"fr-FR","potentialAction":[{"@type":"ReadAction","target":["https:\/\/printwave.pl\/fr\/produkt\/fluo-softshell-jacket\/"]}]},{"@type":"ImageObject","inLanguage":"fr-FR","@id":"https:\/\/printwave.pl\/fr\/produkt\/fluo-softshell-jacket\/#primaryimage","url":"https:\/\/printwave.pl\/fr\/wp-content\/uploads\/sites\/4\/2025\/01\/427_77_200_m-2015_01.jpg","contentUrl":"https:\/\/printwave.pl\/fr\/wp-content\/uploads\/sites\/4\/2025\/01\/427_77_200_m-2015_01.jpg","width":1024,"height":1304},{"@type":"BreadcrumbList","@id":"https:\/\/printwave.pl\/fr\/produkt\/fluo-softshell-jacket\/#breadcrumb","itemListElement":[{"@type":"ListItem","position":1,"name":"Accueil","item":"https:\/\/printwave.pl\/fr\/"},{"@type":"ListItem","position":2,"name":"Boutique","item":"https:\/\/printwave.pl\/fr\/boutique\/"},{"@type":"ListItem","position":3,"name":"Fluo Softshell Jacket"}]},{"@type":"WebSite","@id":"https:\/\/printwave.pl\/fr\/#website","url":"https:\/\/printwave.pl\/fr\/","name":"Printwave","description":"Votre fournisseur de v\u00eatements promotionnels et d&#039;entreprise en Pologne","potentialAction":[{"@type":"SearchAction","target":{"@type":"EntryPoint","urlTemplate":"https:\/\/printwave.pl\/fr\/?s={search_term_string}"},"query-input":{"@type":"PropertyValueSpecification","valueRequired":true,"valueName":"search_term_string"}}],"inLanguage":"fr-FR"}]}},"_links":{"self":[{"href":"https:\/\/printwave.pl\/fr\/wp-json\/wp\/v2\/product\/493380","targetHints":{"allow":["GET"]}}],"collection":[{"href":"https:\/\/printwave.pl\/fr\/wp-json\/wp\/v2\/product"}],"about":[{"href":"https:\/\/printwave.pl\/fr\/wp-json\/wp\/v2\/types\/product"}],"replies":[{"embeddable":true,"href":"https:\/\/printwave.pl\/fr\/wp-json\/wp\/v2\/comments?post=493380"}],"wp:featuredmedia":[{"embeddable":true,"href":"https:\/\/printwave.pl\/fr\/wp-json\/wp\/v2\/media\/493378"}],"wp:attachment":[{"href":"https:\/\/printwave.pl\/fr\/wp-json\/wp\/v2\/media?parent=493380"}],"wp:term":[{"taxonomy":"product_brand","embeddable":true,"href":"https:\/\/printwave.pl\/fr\/wp-json\/wp\/v2\/product_brand?post=493380"},{"taxonomy":"product_cat","embeddable":true,"href":"https:\/\/printwave.pl\/fr\/wp-json\/wp\/v2\/product_cat?post=493380"},{"taxonomy":"product_tag","embeddable":true,"href":"https:\/\/printwave.pl\/fr\/wp-json\/wp\/v2\/product_tag?post=493380"}],"curies":[{"name":"wp","href":"https:\/\/api.w.org\/{rel}","templated":true}]}}