{"id":493053,"date":"2025-01-25T12:10:45","date_gmt":"2025-01-25T11:10:45","guid":{"rendered":"https:\/\/printwave.pl\/fr\/produkt\/reset-puffer\/"},"modified":"2026-02-15T06:21:07","modified_gmt":"2026-02-15T05:21:07","slug":"reset-puffer","status":"publish","type":"product","link":"https:\/\/printwave.pl\/fr\/produkt\/reset-puffer\/","title":{"rendered":"Reset Puffer"},"content":{"rendered":"<p>\u00b7Ext\u00e9rieur : 100% nylon (certifi\u00e9 RCS), recycl\u00e9<br \/>\n\u00b7Rembourrage : 100% polyester imitation duvet (certifi\u00e9 RCS), recycl\u00e9<br \/>\n\u00b7Doublure : 100% nylon (certifi\u00e9 RCS), recycl\u00e9<br \/>\n\u00b7Rev\u00eatement d\u00e9perlant durable (DWR)<br \/>\n\u00b7Sans PFAS\/Fluor &#8211; conforme \u00e0 la norme OEKO-TEX\u00ae STANDARD 100 (janvier 2024)<br \/>\n\u00b7Finition d\u00e9perlante DWR (Durable Water Repellent)<br \/>\n\u00b7Rembourrage en duvet synth\u00e9tique durable, l\u00e9ger et chaud<br \/>\n\u00b7Capuche amovible r\u00e9glable avec col montant rembourr\u00e9, pour une protection personnalis\u00e9e<br \/>\n\u00b7Le rabat-temp\u00eate interne sur toute la longueur am\u00e9liore la protection contre le vent<br \/>\n\u00b7Poignets c\u00f4tel\u00e9s 1&#215;1 avec \u00e9lasthanne pour une isolation suppl\u00e9mentaire<br \/>\n\u00b72 poches avant zipp\u00e9es<br \/>\n\u00b7Test\u00e9 et approuv\u00e9 pour toutes les principales techniques de d\u00e9coration<br \/>\n\u00b7Solution \u00ab B&amp;C No Label \u00bb pour un rebranding facile.<\/p>\n","protected":false},"excerpt":{"rendered":"<p>\u00b7Ext\u00e9rieur : 100% nylon (certifi\u00e9 RCS), recycl\u00e9 \u00b7Rembourrage : 100% polyester imitation duvet (certifi\u00e9 RCS), recycl\u00e9 \u00b7Doublure : 100% nylon<\/p>\n","protected":false},"featured_media":493047,"comment_status":"open","ping_status":"closed","template":"","meta":[],"product_brand":[],"product_cat":[2597,81],"product_tag":[],"class_list":{"0":"post-493053","1":"product","2":"type-product","3":"status-publish","4":"has-post-thumbnail","6":"product_cat-nouveautes-2025","7":"product_cat-vestes","8":"pa_couleur-black","9":"pa_couleur-navy","10":"pa_couleur-red","11":"pa_couleur-royal-blue","12":"pa_eco-recycle","13":"pa_groupe-de-produits-vestes","14":"pa_manche-manches-longues","15":"pa_marque-bc","16":"pa_numero-de-style-4002","17":"pa_sexe-unisexe","18":"pa_taille-2xl","19":"pa_taille-3xl","20":"pa_taille-4xl","21":"pa_taille-l","22":"pa_taille-m","23":"pa_taille-s","24":"pa_taille-xl","25":"pa_taille-xs","26":"pa_tissu-nylon","28":"first","29":"instock","30":"taxable","31":"shipping-taxable","32":"purchasable","33":"product-type-variable"},"yoast_head":"<!-- This site is optimized with the Yoast SEO Premium plugin v20.9 (Yoast SEO v26.3) - https:\/\/yoast.com\/wordpress\/plugins\/seo\/ -->\n<title>Reset Puffer | Printwave FR<\/title>\n<meta name=\"robots\" content=\"index, follow, max-snippet:-1, max-image-preview:large, max-video-preview:-1\" \/>\n<link rel=\"canonical\" href=\"https:\/\/printwave.pl\/fr\/produkt\/reset-puffer\/\" \/>\n<meta property=\"og:locale\" content=\"fr_FR\" \/>\n<meta property=\"og:type\" content=\"article\" \/>\n<meta property=\"og:title\" content=\"Reset Puffer\" \/>\n<meta property=\"og:description\" content=\"\u00b7Ext\u00e9rieur : 100% nylon (certifi\u00e9 RCS), recycl\u00e9 \u00b7Rembourrage : 100% polyester imitation duvet (certifi\u00e9 RCS), recycl\u00e9 \u00b7Doublure : 100% nylon\" \/>\n<meta property=\"og:url\" content=\"https:\/\/printwave.pl\/fr\/produkt\/reset-puffer\/\" \/>\n<meta property=\"og:site_name\" content=\"Printwave FR\" \/>\n<meta property=\"article:modified_time\" content=\"2026-02-15T05:21:07+00:00\" \/>\n<meta property=\"og:image\" content=\"https:\/\/printwave.pl\/fr\/wp-content\/uploads\/sites\/4\/2025\/01\/429_42_300_m-2024_01.jpg\" \/>\n\t<meta property=\"og:image:width\" content=\"1024\" \/>\n\t<meta property=\"og:image:height\" content=\"1304\" \/>\n\t<meta property=\"og:image:type\" content=\"image\/jpeg\" \/>\n<meta name=\"twitter:card\" content=\"summary_large_image\" \/>\n<meta name=\"twitter:label1\" content=\"Dur\u00e9e de lecture estim\u00e9e\" \/>\n\t<meta name=\"twitter:data1\" content=\"1 minute\" \/>\n<script type=\"application\/ld+json\" class=\"yoast-schema-graph\">{\"@context\":\"https:\/\/schema.org\",\"@graph\":[{\"@type\":\"WebPage\",\"@id\":\"https:\/\/printwave.pl\/fr\/produkt\/reset-puffer\/\",\"url\":\"https:\/\/printwave.pl\/fr\/produkt\/reset-puffer\/\",\"name\":\"Reset Puffer | Printwave FR\",\"isPartOf\":{\"@id\":\"https:\/\/printwave.pl\/fr\/#website\"},\"primaryImageOfPage\":{\"@id\":\"https:\/\/printwave.pl\/fr\/produkt\/reset-puffer\/#primaryimage\"},\"image\":{\"@id\":\"https:\/\/printwave.pl\/fr\/produkt\/reset-puffer\/#primaryimage\"},\"thumbnailUrl\":\"https:\/\/printwave.pl\/fr\/wp-content\/uploads\/sites\/4\/2025\/01\/429_42_300_m-2024_01.jpg\",\"datePublished\":\"2025-01-25T11:10:45+00:00\",\"dateModified\":\"2026-02-15T05:21:07+00:00\",\"breadcrumb\":{\"@id\":\"https:\/\/printwave.pl\/fr\/produkt\/reset-puffer\/#breadcrumb\"},\"inLanguage\":\"fr-FR\",\"potentialAction\":[{\"@type\":\"ReadAction\",\"target\":[\"https:\/\/printwave.pl\/fr\/produkt\/reset-puffer\/\"]}]},{\"@type\":\"ImageObject\",\"inLanguage\":\"fr-FR\",\"@id\":\"https:\/\/printwave.pl\/fr\/produkt\/reset-puffer\/#primaryimage\",\"url\":\"https:\/\/printwave.pl\/fr\/wp-content\/uploads\/sites\/4\/2025\/01\/429_42_300_m-2024_01.jpg\",\"contentUrl\":\"https:\/\/printwave.pl\/fr\/wp-content\/uploads\/sites\/4\/2025\/01\/429_42_300_m-2024_01.jpg\",\"width\":1024,\"height\":1304},{\"@type\":\"BreadcrumbList\",\"@id\":\"https:\/\/printwave.pl\/fr\/produkt\/reset-puffer\/#breadcrumb\",\"itemListElement\":[{\"@type\":\"ListItem\",\"position\":1,\"name\":\"Accueil\",\"item\":\"https:\/\/printwave.pl\/fr\/\"},{\"@type\":\"ListItem\",\"position\":2,\"name\":\"Boutique\",\"item\":\"https:\/\/printwave.pl\/fr\/boutique\/\"},{\"@type\":\"ListItem\",\"position\":3,\"name\":\"Reset Puffer\"}]},{\"@type\":\"WebSite\",\"@id\":\"https:\/\/printwave.pl\/fr\/#website\",\"url\":\"https:\/\/printwave.pl\/fr\/\",\"name\":\"Printwave\",\"description\":\"Votre fournisseur de v\u00eatements promotionnels et d&#039;entreprise en Pologne\",\"potentialAction\":[{\"@type\":\"SearchAction\",\"target\":{\"@type\":\"EntryPoint\",\"urlTemplate\":\"https:\/\/printwave.pl\/fr\/?s={search_term_string}\"},\"query-input\":{\"@type\":\"PropertyValueSpecification\",\"valueRequired\":true,\"valueName\":\"search_term_string\"}}],\"inLanguage\":\"fr-FR\"}]}<\/script>\n<!-- \/ Yoast SEO Premium plugin. -->","yoast_head_json":{"title":"Reset Puffer | Printwave FR","robots":{"index":"index","follow":"follow","max-snippet":"max-snippet:-1","max-image-preview":"max-image-preview:large","max-video-preview":"max-video-preview:-1"},"canonical":"https:\/\/printwave.pl\/fr\/produkt\/reset-puffer\/","og_locale":"fr_FR","og_type":"article","og_title":"Reset Puffer","og_description":"\u00b7Ext\u00e9rieur : 100% nylon (certifi\u00e9 RCS), recycl\u00e9 \u00b7Rembourrage : 100% polyester imitation duvet (certifi\u00e9 RCS), recycl\u00e9 \u00b7Doublure : 100% nylon","og_url":"https:\/\/printwave.pl\/fr\/produkt\/reset-puffer\/","og_site_name":"Printwave FR","article_modified_time":"2026-02-15T05:21:07+00:00","og_image":[{"width":1024,"height":1304,"url":"https:\/\/printwave.pl\/fr\/wp-content\/uploads\/sites\/4\/2025\/01\/429_42_300_m-2024_01.jpg","type":"image\/jpeg"}],"twitter_card":"summary_large_image","twitter_misc":{"Dur\u00e9e de lecture estim\u00e9e":"1 minute"},"schema":{"@context":"https:\/\/schema.org","@graph":[{"@type":"WebPage","@id":"https:\/\/printwave.pl\/fr\/produkt\/reset-puffer\/","url":"https:\/\/printwave.pl\/fr\/produkt\/reset-puffer\/","name":"Reset Puffer | Printwave FR","isPartOf":{"@id":"https:\/\/printwave.pl\/fr\/#website"},"primaryImageOfPage":{"@id":"https:\/\/printwave.pl\/fr\/produkt\/reset-puffer\/#primaryimage"},"image":{"@id":"https:\/\/printwave.pl\/fr\/produkt\/reset-puffer\/#primaryimage"},"thumbnailUrl":"https:\/\/printwave.pl\/fr\/wp-content\/uploads\/sites\/4\/2025\/01\/429_42_300_m-2024_01.jpg","datePublished":"2025-01-25T11:10:45+00:00","dateModified":"2026-02-15T05:21:07+00:00","breadcrumb":{"@id":"https:\/\/printwave.pl\/fr\/produkt\/reset-puffer\/#breadcrumb"},"inLanguage":"fr-FR","potentialAction":[{"@type":"ReadAction","target":["https:\/\/printwave.pl\/fr\/produkt\/reset-puffer\/"]}]},{"@type":"ImageObject","inLanguage":"fr-FR","@id":"https:\/\/printwave.pl\/fr\/produkt\/reset-puffer\/#primaryimage","url":"https:\/\/printwave.pl\/fr\/wp-content\/uploads\/sites\/4\/2025\/01\/429_42_300_m-2024_01.jpg","contentUrl":"https:\/\/printwave.pl\/fr\/wp-content\/uploads\/sites\/4\/2025\/01\/429_42_300_m-2024_01.jpg","width":1024,"height":1304},{"@type":"BreadcrumbList","@id":"https:\/\/printwave.pl\/fr\/produkt\/reset-puffer\/#breadcrumb","itemListElement":[{"@type":"ListItem","position":1,"name":"Accueil","item":"https:\/\/printwave.pl\/fr\/"},{"@type":"ListItem","position":2,"name":"Boutique","item":"https:\/\/printwave.pl\/fr\/boutique\/"},{"@type":"ListItem","position":3,"name":"Reset Puffer"}]},{"@type":"WebSite","@id":"https:\/\/printwave.pl\/fr\/#website","url":"https:\/\/printwave.pl\/fr\/","name":"Printwave","description":"Votre fournisseur de v\u00eatements promotionnels et d&#039;entreprise en Pologne","potentialAction":[{"@type":"SearchAction","target":{"@type":"EntryPoint","urlTemplate":"https:\/\/printwave.pl\/fr\/?s={search_term_string}"},"query-input":{"@type":"PropertyValueSpecification","valueRequired":true,"valueName":"search_term_string"}}],"inLanguage":"fr-FR"}]}},"_links":{"self":[{"href":"https:\/\/printwave.pl\/fr\/wp-json\/wp\/v2\/product\/493053","targetHints":{"allow":["GET"]}}],"collection":[{"href":"https:\/\/printwave.pl\/fr\/wp-json\/wp\/v2\/product"}],"about":[{"href":"https:\/\/printwave.pl\/fr\/wp-json\/wp\/v2\/types\/product"}],"replies":[{"embeddable":true,"href":"https:\/\/printwave.pl\/fr\/wp-json\/wp\/v2\/comments?post=493053"}],"wp:featuredmedia":[{"embeddable":true,"href":"https:\/\/printwave.pl\/fr\/wp-json\/wp\/v2\/media\/493047"}],"wp:attachment":[{"href":"https:\/\/printwave.pl\/fr\/wp-json\/wp\/v2\/media?parent=493053"}],"wp:term":[{"taxonomy":"product_brand","embeddable":true,"href":"https:\/\/printwave.pl\/fr\/wp-json\/wp\/v2\/product_brand?post=493053"},{"taxonomy":"product_cat","embeddable":true,"href":"https:\/\/printwave.pl\/fr\/wp-json\/wp\/v2\/product_cat?post=493053"},{"taxonomy":"product_tag","embeddable":true,"href":"https:\/\/printwave.pl\/fr\/wp-json\/wp\/v2\/product_tag?post=493053"}],"curies":[{"name":"wp","href":"https:\/\/api.w.org\/{rel}","templated":true}]}}