{"id":492532,"date":"2025-01-25T11:55:23","date_gmt":"2025-01-25T10:55:23","guid":{"rendered":"https:\/\/printwave.pl\/fr\/produkt\/fluo-2-band-brace-waistcoat\/"},"modified":"2026-02-15T06:20:06","modified_gmt":"2026-02-15T05:20:06","slug":"fluo-2-band-brace-waistcoat","status":"publish","type":"product","link":"https:\/\/printwave.pl\/fr\/produkt\/fluo-2-band-brace-waistcoat\/","title":{"rendered":"Fluo 2 Band + Brace Waistcoat"},"content":{"rendered":"<p>\u00b7120 g\/m\u00b2<br \/>\n\u00b7100% polyester<br \/>\n\u00b7veste de s\u00e9curit\u00e9 avec bandes r\u00e9fl\u00e9chissantes verticales et horizontales\u00e0 l&rsquo;avant et au dos<br \/>\n\u00b7fermeture pratique \u00e0 l\u2019avant.<br \/>\n\u00b7EN ISO 20471 : 2013, classe 2 pour le Fluo Yellow, Fluo Orange, Fluo Yellow\/Fluo Orange<br \/>\n\u00b7EN ISO 20471 : 2013, classe 1 pour toutes les combinaisons de couleurs avec du Fluo.<\/p>\n","protected":false},"excerpt":{"rendered":"<p>\u00b7120 g\/m\u00b2 \u00b7100% polyester \u00b7veste de s\u00e9curit\u00e9 avec bandes r\u00e9fl\u00e9chissantes verticales et horizontales\u00e0 l&rsquo;avant et au dos \u00b7fermeture pratique \u00e0<\/p>\n","protected":false},"featured_media":492531,"comment_status":"open","ping_status":"closed","template":"","meta":[],"product_brand":[],"product_cat":[128,43,282],"product_tag":[460,465,82,87,514,700,861,860,509,625,131,86,212,627,215],"class_list":{"0":"post-492532","1":"product","2":"type-product","3":"status-publish","4":"has-post-thumbnail","6":"product_cat-meilleures-ventes","7":"product_cat-vetements-de-travail","8":"product_cat-vetements-haute-visibilite","9":"product_tag-2-couleurs","10":"product_tag-2-tons","11":"product_tag-3m","12":"product_tag-biais-reflechissants","13":"product_tag-col-en-v","14":"product_tag-gilets","15":"product_tag-gilets-de-securite","16":"product_tag-gilets-fluorescents","17":"product_tag-sans-manche","18":"product_tag-textiles-fluorescents","19":"product_tag-unisexe","20":"product_tag-vetements-dexterieur","21":"product_tag-vetements-de-travail","22":"product_tag-vetements-fluorescents","23":"product_tag-workwear","24":"pa_couleur-fluo-orange","25":"pa_couleur-fluo-yellow","26":"pa_couleur-fluo-yellow-navy","27":"pa_couleur-fluo-yellow-paramedic-green","28":"pa_couleur-fluo-yellow-royal-blue","29":"pa_groupe-de-produits-bodywarmers","30":"pa_groupe-de-produits-safety-vest","31":"pa_groupe-de-produits-vestes-de-securite","32":"pa_groupe-de-produits-vetements-de-travail","33":"pa_groupe-de-produits-vetements-fluorescents","34":"pa_manche-sans-manche","35":"pa_marque-yoko","36":"pa_numero-de-style-3991","37":"pa_sexe-hommes","38":"pa_taille-2xl","39":"pa_taille-3xl","40":"pa_taille-4xl","41":"pa_taille-5xl","42":"pa_taille-l","43":"pa_taille-m","44":"pa_taille-s","45":"pa_taille-xl","46":"pa_tissu-polyester","48":"first","49":"instock","50":"taxable","51":"shipping-taxable","52":"purchasable","53":"product-type-variable"},"yoast_head":"<!-- This site is optimized with the Yoast SEO Premium plugin v20.9 (Yoast SEO v26.3) - https:\/\/yoast.com\/wordpress\/plugins\/seo\/ -->\n<title>Fluo 2 Band + Brace Waistcoat | Printwave FR<\/title>\n<meta name=\"robots\" content=\"index, follow, max-snippet:-1, max-image-preview:large, max-video-preview:-1\" \/>\n<link rel=\"canonical\" href=\"https:\/\/printwave.pl\/fr\/produkt\/fluo-2-band-brace-waistcoat\/\" \/>\n<meta property=\"og:locale\" content=\"fr_FR\" \/>\n<meta property=\"og:type\" content=\"article\" \/>\n<meta property=\"og:title\" content=\"Fluo 2 Band + Brace Waistcoat\" \/>\n<meta property=\"og:description\" content=\"\u00b7120 g\/m\u00b2 \u00b7100% polyester \u00b7veste de s\u00e9curit\u00e9 avec bandes r\u00e9fl\u00e9chissantes verticales et horizontales\u00e0 l&rsquo;avant et au dos \u00b7fermeture pratique \u00e0\" \/>\n<meta property=\"og:url\" content=\"https:\/\/printwave.pl\/fr\/produkt\/fluo-2-band-brace-waistcoat\/\" \/>\n<meta property=\"og:site_name\" content=\"Printwave FR\" \/>\n<meta property=\"article:modified_time\" content=\"2026-02-15T05:20:06+00:00\" \/>\n<meta property=\"og:image\" content=\"https:\/\/printwave.pl\/fr\/wp-content\/uploads\/sites\/4\/2025\/01\/433_77_666_m-2016_01.jpg\" \/>\n\t<meta property=\"og:image:width\" content=\"1024\" \/>\n\t<meta property=\"og:image:height\" content=\"1304\" \/>\n\t<meta property=\"og:image:type\" content=\"image\/jpeg\" \/>\n<meta name=\"twitter:card\" content=\"summary_large_image\" \/>\n<script type=\"application\/ld+json\" class=\"yoast-schema-graph\">{\"@context\":\"https:\/\/schema.org\",\"@graph\":[{\"@type\":\"WebPage\",\"@id\":\"https:\/\/printwave.pl\/fr\/produkt\/fluo-2-band-brace-waistcoat\/\",\"url\":\"https:\/\/printwave.pl\/fr\/produkt\/fluo-2-band-brace-waistcoat\/\",\"name\":\"Fluo 2 Band + Brace Waistcoat | Printwave FR\",\"isPartOf\":{\"@id\":\"https:\/\/printwave.pl\/fr\/#website\"},\"primaryImageOfPage\":{\"@id\":\"https:\/\/printwave.pl\/fr\/produkt\/fluo-2-band-brace-waistcoat\/#primaryimage\"},\"image\":{\"@id\":\"https:\/\/printwave.pl\/fr\/produkt\/fluo-2-band-brace-waistcoat\/#primaryimage\"},\"thumbnailUrl\":\"https:\/\/printwave.pl\/fr\/wp-content\/uploads\/sites\/4\/2025\/01\/433_77_666_m-2016_01.jpg\",\"datePublished\":\"2025-01-25T10:55:23+00:00\",\"dateModified\":\"2026-02-15T05:20:06+00:00\",\"breadcrumb\":{\"@id\":\"https:\/\/printwave.pl\/fr\/produkt\/fluo-2-band-brace-waistcoat\/#breadcrumb\"},\"inLanguage\":\"fr-FR\",\"potentialAction\":[{\"@type\":\"ReadAction\",\"target\":[\"https:\/\/printwave.pl\/fr\/produkt\/fluo-2-band-brace-waistcoat\/\"]}]},{\"@type\":\"ImageObject\",\"inLanguage\":\"fr-FR\",\"@id\":\"https:\/\/printwave.pl\/fr\/produkt\/fluo-2-band-brace-waistcoat\/#primaryimage\",\"url\":\"https:\/\/printwave.pl\/fr\/wp-content\/uploads\/sites\/4\/2025\/01\/433_77_666_m-2016_01.jpg\",\"contentUrl\":\"https:\/\/printwave.pl\/fr\/wp-content\/uploads\/sites\/4\/2025\/01\/433_77_666_m-2016_01.jpg\",\"width\":1024,\"height\":1304},{\"@type\":\"BreadcrumbList\",\"@id\":\"https:\/\/printwave.pl\/fr\/produkt\/fluo-2-band-brace-waistcoat\/#breadcrumb\",\"itemListElement\":[{\"@type\":\"ListItem\",\"position\":1,\"name\":\"Accueil\",\"item\":\"https:\/\/printwave.pl\/fr\/\"},{\"@type\":\"ListItem\",\"position\":2,\"name\":\"Boutique\",\"item\":\"https:\/\/printwave.pl\/fr\/boutique\/\"},{\"@type\":\"ListItem\",\"position\":3,\"name\":\"Fluo 2 Band + Brace Waistcoat\"}]},{\"@type\":\"WebSite\",\"@id\":\"https:\/\/printwave.pl\/fr\/#website\",\"url\":\"https:\/\/printwave.pl\/fr\/\",\"name\":\"Printwave\",\"description\":\"Votre fournisseur de v\u00eatements promotionnels et d&#039;entreprise en Pologne\",\"potentialAction\":[{\"@type\":\"SearchAction\",\"target\":{\"@type\":\"EntryPoint\",\"urlTemplate\":\"https:\/\/printwave.pl\/fr\/?s={search_term_string}\"},\"query-input\":{\"@type\":\"PropertyValueSpecification\",\"valueRequired\":true,\"valueName\":\"search_term_string\"}}],\"inLanguage\":\"fr-FR\"}]}<\/script>\n<!-- \/ Yoast SEO Premium plugin. -->","yoast_head_json":{"title":"Fluo 2 Band + Brace Waistcoat | Printwave FR","robots":{"index":"index","follow":"follow","max-snippet":"max-snippet:-1","max-image-preview":"max-image-preview:large","max-video-preview":"max-video-preview:-1"},"canonical":"https:\/\/printwave.pl\/fr\/produkt\/fluo-2-band-brace-waistcoat\/","og_locale":"fr_FR","og_type":"article","og_title":"Fluo 2 Band + Brace Waistcoat","og_description":"\u00b7120 g\/m\u00b2 \u00b7100% polyester \u00b7veste de s\u00e9curit\u00e9 avec bandes r\u00e9fl\u00e9chissantes verticales et horizontales\u00e0 l&rsquo;avant et au dos \u00b7fermeture pratique \u00e0","og_url":"https:\/\/printwave.pl\/fr\/produkt\/fluo-2-band-brace-waistcoat\/","og_site_name":"Printwave FR","article_modified_time":"2026-02-15T05:20:06+00:00","og_image":[{"width":1024,"height":1304,"url":"https:\/\/printwave.pl\/fr\/wp-content\/uploads\/sites\/4\/2025\/01\/433_77_666_m-2016_01.jpg","type":"image\/jpeg"}],"twitter_card":"summary_large_image","schema":{"@context":"https:\/\/schema.org","@graph":[{"@type":"WebPage","@id":"https:\/\/printwave.pl\/fr\/produkt\/fluo-2-band-brace-waistcoat\/","url":"https:\/\/printwave.pl\/fr\/produkt\/fluo-2-band-brace-waistcoat\/","name":"Fluo 2 Band + Brace Waistcoat | Printwave FR","isPartOf":{"@id":"https:\/\/printwave.pl\/fr\/#website"},"primaryImageOfPage":{"@id":"https:\/\/printwave.pl\/fr\/produkt\/fluo-2-band-brace-waistcoat\/#primaryimage"},"image":{"@id":"https:\/\/printwave.pl\/fr\/produkt\/fluo-2-band-brace-waistcoat\/#primaryimage"},"thumbnailUrl":"https:\/\/printwave.pl\/fr\/wp-content\/uploads\/sites\/4\/2025\/01\/433_77_666_m-2016_01.jpg","datePublished":"2025-01-25T10:55:23+00:00","dateModified":"2026-02-15T05:20:06+00:00","breadcrumb":{"@id":"https:\/\/printwave.pl\/fr\/produkt\/fluo-2-band-brace-waistcoat\/#breadcrumb"},"inLanguage":"fr-FR","potentialAction":[{"@type":"ReadAction","target":["https:\/\/printwave.pl\/fr\/produkt\/fluo-2-band-brace-waistcoat\/"]}]},{"@type":"ImageObject","inLanguage":"fr-FR","@id":"https:\/\/printwave.pl\/fr\/produkt\/fluo-2-band-brace-waistcoat\/#primaryimage","url":"https:\/\/printwave.pl\/fr\/wp-content\/uploads\/sites\/4\/2025\/01\/433_77_666_m-2016_01.jpg","contentUrl":"https:\/\/printwave.pl\/fr\/wp-content\/uploads\/sites\/4\/2025\/01\/433_77_666_m-2016_01.jpg","width":1024,"height":1304},{"@type":"BreadcrumbList","@id":"https:\/\/printwave.pl\/fr\/produkt\/fluo-2-band-brace-waistcoat\/#breadcrumb","itemListElement":[{"@type":"ListItem","position":1,"name":"Accueil","item":"https:\/\/printwave.pl\/fr\/"},{"@type":"ListItem","position":2,"name":"Boutique","item":"https:\/\/printwave.pl\/fr\/boutique\/"},{"@type":"ListItem","position":3,"name":"Fluo 2 Band + Brace Waistcoat"}]},{"@type":"WebSite","@id":"https:\/\/printwave.pl\/fr\/#website","url":"https:\/\/printwave.pl\/fr\/","name":"Printwave","description":"Votre fournisseur de v\u00eatements promotionnels et d&#039;entreprise en Pologne","potentialAction":[{"@type":"SearchAction","target":{"@type":"EntryPoint","urlTemplate":"https:\/\/printwave.pl\/fr\/?s={search_term_string}"},"query-input":{"@type":"PropertyValueSpecification","valueRequired":true,"valueName":"search_term_string"}}],"inLanguage":"fr-FR"}]}},"_links":{"self":[{"href":"https:\/\/printwave.pl\/fr\/wp-json\/wp\/v2\/product\/492532","targetHints":{"allow":["GET"]}}],"collection":[{"href":"https:\/\/printwave.pl\/fr\/wp-json\/wp\/v2\/product"}],"about":[{"href":"https:\/\/printwave.pl\/fr\/wp-json\/wp\/v2\/types\/product"}],"replies":[{"embeddable":true,"href":"https:\/\/printwave.pl\/fr\/wp-json\/wp\/v2\/comments?post=492532"}],"wp:featuredmedia":[{"embeddable":true,"href":"https:\/\/printwave.pl\/fr\/wp-json\/wp\/v2\/media\/492531"}],"wp:attachment":[{"href":"https:\/\/printwave.pl\/fr\/wp-json\/wp\/v2\/media?parent=492532"}],"wp:term":[{"taxonomy":"product_brand","embeddable":true,"href":"https:\/\/printwave.pl\/fr\/wp-json\/wp\/v2\/product_brand?post=492532"},{"taxonomy":"product_cat","embeddable":true,"href":"https:\/\/printwave.pl\/fr\/wp-json\/wp\/v2\/product_cat?post=492532"},{"taxonomy":"product_tag","embeddable":true,"href":"https:\/\/printwave.pl\/fr\/wp-json\/wp\/v2\/product_tag?post=492532"}],"curies":[{"name":"wp","href":"https:\/\/api.w.org\/{rel}","templated":true}]}}