{"id":492457,"date":"2025-01-25T11:52:47","date_gmt":"2025-01-25T10:52:47","guid":{"rendered":"https:\/\/printwave.pl\/fr\/produkt\/crew-bomber-men-jacket\/"},"modified":"2026-02-15T06:19:54","modified_gmt":"2026-02-15T05:19:54","slug":"crew-bomber-men-jacket","status":"publish","type":"product","link":"https:\/\/printwave.pl\/fr\/produkt\/crew-bomber-men-jacket\/","title":{"rendered":"Crew Bomber\/men Jacket"},"content":{"rendered":"<p>\u00b7Ext\u00e9rieur: 100% polyester (pong\u00e9)<br \/>\n\u00b7Doublure: 100% polyester (taffetas matelass\u00e9)<br \/>\n\u00b7R\u00e9siste au vent et waterproof (5000 mm)<br \/>\n\u00b7Int\u00e9rieur de couleur contrast\u00e9e<br \/>\n\u00b7Capuche r\u00e9glable dissimul\u00e9e dans le col avec cordon \u00e9lastique et stoppeurs<br \/>\n\u00b7Couture d\u00e9cal\u00e9e sur l \u00e9paule<br \/>\n\u00b7Fermeture \u00e0 glissi\u00e8re ton sur ton avec rabat temp\u00eate<br \/>\n\u00b72 poches avec fermeture \u00e0 glissi\u00e8re avec rabat<br \/>\n\u00b7Bord c\u00f4te aux poignets et \u00e0 la base avec \u00e9lasthanne<br \/>\n\u00b7Surpiq\u00fbre deux aiguilles<br \/>\n\u00b7Acc\u00e8s D\u00e9coration: fermeture \u00e0 glissi\u00e8re au bas du dos.<\/p>\n","protected":false},"excerpt":{"rendered":"<p>\u00b7Ext\u00e9rieur: 100% polyester (pong\u00e9) \u00b7Doublure: 100% polyester (taffetas matelass\u00e9) \u00b7R\u00e9siste au vent et waterproof (5000 mm) \u00b7Int\u00e9rieur de couleur contrast\u00e9e<\/p>\n","protected":false},"featured_media":492456,"comment_status":"open","ping_status":"closed","template":"","meta":[],"product_brand":[],"product_cat":[81],"product_tag":[85,95,94,84,737,86,93],"class_list":{"0":"post-492457","1":"product","2":"type-product","3":"status-publish","4":"has-post-thumbnail","6":"product_cat-vestes","7":"product_tag-a-longue-manche","8":"product_tag-coupe-vent","9":"product_tag-impermeable","10":"product_tag-longue-manche","11":"product_tag-vestes-entre-saisons","12":"product_tag-vetements-dexterieur","13":"product_tag-waterresistant","14":"pa_couleur-black-warm-grey","15":"pa_couleur-dark-grey-warm-grey","16":"pa_couleur-navy-warm-grey","17":"pa_couleur-red-warm-grey","18":"pa_details-poches-de-cote-avec-fermeture-a-glissiere","19":"pa_details-vestes-protegeant-du-vent-pluie","20":"pa_groupe-de-produits-avec-capuche","21":"pa_groupe-de-produits-full-zip","22":"pa_groupe-de-produits-vestes","23":"pa_manche-manches-longues","24":"pa_marque-bc-outerwear","25":"pa_numero-de-style-3988","26":"pa_sexe-produits-correspondants","27":"pa_taille-2xl","28":"pa_taille-3xl","29":"pa_taille-l","30":"pa_taille-m","31":"pa_taille-s","32":"pa_taille-xl","33":"pa_tissu-polyester","35":"first","36":"instock","37":"taxable","38":"shipping-taxable","39":"purchasable","40":"product-type-variable"},"yoast_head":"<!-- This site is optimized with the Yoast SEO Premium plugin v20.9 (Yoast SEO v26.3) - https:\/\/yoast.com\/wordpress\/plugins\/seo\/ -->\n<title>Crew Bomber\/men Jacket | Printwave FR<\/title>\n<meta name=\"robots\" content=\"index, follow, max-snippet:-1, max-image-preview:large, max-video-preview:-1\" \/>\n<link rel=\"canonical\" href=\"https:\/\/printwave.pl\/fr\/produkt\/crew-bomber-men-jacket\/\" \/>\n<meta property=\"og:locale\" content=\"fr_FR\" \/>\n<meta property=\"og:type\" content=\"article\" \/>\n<meta property=\"og:title\" content=\"Crew Bomber\/men Jacket\" \/>\n<meta property=\"og:description\" content=\"\u00b7Ext\u00e9rieur: 100% polyester (pong\u00e9) \u00b7Doublure: 100% polyester (taffetas matelass\u00e9) \u00b7R\u00e9siste au vent et waterproof (5000 mm) \u00b7Int\u00e9rieur de couleur contrast\u00e9e\" \/>\n<meta property=\"og:url\" content=\"https:\/\/printwave.pl\/fr\/produkt\/crew-bomber-men-jacket\/\" \/>\n<meta property=\"og:site_name\" content=\"Printwave FR\" \/>\n<meta property=\"article:modified_time\" content=\"2026-02-15T05:19:54+00:00\" \/>\n<meta property=\"og:image\" content=\"https:\/\/printwave.pl\/fr\/wp-content\/uploads\/sites\/4\/2021\/07\/Print-Wave-logo-2025.png\" \/>\n\t<meta property=\"og:image:width\" content=\"1645\" \/>\n\t<meta property=\"og:image:height\" content=\"297\" \/>\n\t<meta property=\"og:image:type\" content=\"image\/png\" \/>\n<meta name=\"twitter:card\" content=\"summary_large_image\" \/>\n<script type=\"application\/ld+json\" class=\"yoast-schema-graph\">{\"@context\":\"https:\/\/schema.org\",\"@graph\":[{\"@type\":\"WebPage\",\"@id\":\"https:\/\/printwave.pl\/fr\/produkt\/crew-bomber-men-jacket\/\",\"url\":\"https:\/\/printwave.pl\/fr\/produkt\/crew-bomber-men-jacket\/\",\"name\":\"Crew Bomber\/men Jacket | Printwave FR\",\"isPartOf\":{\"@id\":\"https:\/\/printwave.pl\/fr\/#website\"},\"primaryImageOfPage\":{\"@id\":\"https:\/\/printwave.pl\/fr\/produkt\/crew-bomber-men-jacket\/#primaryimage\"},\"image\":{\"@id\":\"https:\/\/printwave.pl\/fr\/produkt\/crew-bomber-men-jacket\/#primaryimage\"},\"thumbnailUrl\":\"https:\/\/printwave.pl\/fr\/wp-content\/uploads\/sites\/4\/2025\/01\/434_42_255_m-2023_01.jpg\",\"datePublished\":\"2025-01-25T10:52:47+00:00\",\"dateModified\":\"2026-02-15T05:19:54+00:00\",\"breadcrumb\":{\"@id\":\"https:\/\/printwave.pl\/fr\/produkt\/crew-bomber-men-jacket\/#breadcrumb\"},\"inLanguage\":\"fr-FR\",\"potentialAction\":[{\"@type\":\"ReadAction\",\"target\":[\"https:\/\/printwave.pl\/fr\/produkt\/crew-bomber-men-jacket\/\"]}]},{\"@type\":\"ImageObject\",\"inLanguage\":\"fr-FR\",\"@id\":\"https:\/\/printwave.pl\/fr\/produkt\/crew-bomber-men-jacket\/#primaryimage\",\"url\":\"https:\/\/printwave.pl\/fr\/wp-content\/uploads\/sites\/4\/2025\/01\/434_42_255_m-2023_01.jpg\",\"contentUrl\":\"https:\/\/printwave.pl\/fr\/wp-content\/uploads\/sites\/4\/2025\/01\/434_42_255_m-2023_01.jpg\",\"width\":1024,\"height\":1304},{\"@type\":\"BreadcrumbList\",\"@id\":\"https:\/\/printwave.pl\/fr\/produkt\/crew-bomber-men-jacket\/#breadcrumb\",\"itemListElement\":[{\"@type\":\"ListItem\",\"position\":1,\"name\":\"Accueil\",\"item\":\"https:\/\/printwave.pl\/fr\/\"},{\"@type\":\"ListItem\",\"position\":2,\"name\":\"Boutique\",\"item\":\"https:\/\/printwave.pl\/fr\/boutique\/\"},{\"@type\":\"ListItem\",\"position\":3,\"name\":\"Crew Bomber\/men Jacket\"}]},{\"@type\":\"WebSite\",\"@id\":\"https:\/\/printwave.pl\/fr\/#website\",\"url\":\"https:\/\/printwave.pl\/fr\/\",\"name\":\"Printwave\",\"description\":\"Votre fournisseur de v\u00eatements promotionnels et d&#039;entreprise en Pologne\",\"potentialAction\":[{\"@type\":\"SearchAction\",\"target\":{\"@type\":\"EntryPoint\",\"urlTemplate\":\"https:\/\/printwave.pl\/fr\/?s={search_term_string}\"},\"query-input\":{\"@type\":\"PropertyValueSpecification\",\"valueRequired\":true,\"valueName\":\"search_term_string\"}}],\"inLanguage\":\"fr-FR\"}]}<\/script>\n<!-- \/ Yoast SEO Premium plugin. -->","yoast_head_json":{"title":"Crew Bomber\/men Jacket | Printwave FR","robots":{"index":"index","follow":"follow","max-snippet":"max-snippet:-1","max-image-preview":"max-image-preview:large","max-video-preview":"max-video-preview:-1"},"canonical":"https:\/\/printwave.pl\/fr\/produkt\/crew-bomber-men-jacket\/","og_locale":"fr_FR","og_type":"article","og_title":"Crew Bomber\/men Jacket","og_description":"\u00b7Ext\u00e9rieur: 100% polyester (pong\u00e9) \u00b7Doublure: 100% polyester (taffetas matelass\u00e9) \u00b7R\u00e9siste au vent et waterproof (5000 mm) \u00b7Int\u00e9rieur de couleur contrast\u00e9e","og_url":"https:\/\/printwave.pl\/fr\/produkt\/crew-bomber-men-jacket\/","og_site_name":"Printwave FR","article_modified_time":"2026-02-15T05:19:54+00:00","og_image":[{"width":1645,"height":297,"url":"https:\/\/printwave.pl\/fr\/wp-content\/uploads\/sites\/4\/2021\/07\/Print-Wave-logo-2025.png","type":"image\/png"}],"twitter_card":"summary_large_image","schema":{"@context":"https:\/\/schema.org","@graph":[{"@type":"WebPage","@id":"https:\/\/printwave.pl\/fr\/produkt\/crew-bomber-men-jacket\/","url":"https:\/\/printwave.pl\/fr\/produkt\/crew-bomber-men-jacket\/","name":"Crew Bomber\/men Jacket | Printwave FR","isPartOf":{"@id":"https:\/\/printwave.pl\/fr\/#website"},"primaryImageOfPage":{"@id":"https:\/\/printwave.pl\/fr\/produkt\/crew-bomber-men-jacket\/#primaryimage"},"image":{"@id":"https:\/\/printwave.pl\/fr\/produkt\/crew-bomber-men-jacket\/#primaryimage"},"thumbnailUrl":"https:\/\/printwave.pl\/fr\/wp-content\/uploads\/sites\/4\/2025\/01\/434_42_255_m-2023_01.jpg","datePublished":"2025-01-25T10:52:47+00:00","dateModified":"2026-02-15T05:19:54+00:00","breadcrumb":{"@id":"https:\/\/printwave.pl\/fr\/produkt\/crew-bomber-men-jacket\/#breadcrumb"},"inLanguage":"fr-FR","potentialAction":[{"@type":"ReadAction","target":["https:\/\/printwave.pl\/fr\/produkt\/crew-bomber-men-jacket\/"]}]},{"@type":"ImageObject","inLanguage":"fr-FR","@id":"https:\/\/printwave.pl\/fr\/produkt\/crew-bomber-men-jacket\/#primaryimage","url":"https:\/\/printwave.pl\/fr\/wp-content\/uploads\/sites\/4\/2025\/01\/434_42_255_m-2023_01.jpg","contentUrl":"https:\/\/printwave.pl\/fr\/wp-content\/uploads\/sites\/4\/2025\/01\/434_42_255_m-2023_01.jpg","width":1024,"height":1304},{"@type":"BreadcrumbList","@id":"https:\/\/printwave.pl\/fr\/produkt\/crew-bomber-men-jacket\/#breadcrumb","itemListElement":[{"@type":"ListItem","position":1,"name":"Accueil","item":"https:\/\/printwave.pl\/fr\/"},{"@type":"ListItem","position":2,"name":"Boutique","item":"https:\/\/printwave.pl\/fr\/boutique\/"},{"@type":"ListItem","position":3,"name":"Crew Bomber\/men Jacket"}]},{"@type":"WebSite","@id":"https:\/\/printwave.pl\/fr\/#website","url":"https:\/\/printwave.pl\/fr\/","name":"Printwave","description":"Votre fournisseur de v\u00eatements promotionnels et d&#039;entreprise en Pologne","potentialAction":[{"@type":"SearchAction","target":{"@type":"EntryPoint","urlTemplate":"https:\/\/printwave.pl\/fr\/?s={search_term_string}"},"query-input":{"@type":"PropertyValueSpecification","valueRequired":true,"valueName":"search_term_string"}}],"inLanguage":"fr-FR"}]}},"_links":{"self":[{"href":"https:\/\/printwave.pl\/fr\/wp-json\/wp\/v2\/product\/492457","targetHints":{"allow":["GET"]}}],"collection":[{"href":"https:\/\/printwave.pl\/fr\/wp-json\/wp\/v2\/product"}],"about":[{"href":"https:\/\/printwave.pl\/fr\/wp-json\/wp\/v2\/types\/product"}],"replies":[{"embeddable":true,"href":"https:\/\/printwave.pl\/fr\/wp-json\/wp\/v2\/comments?post=492457"}],"wp:featuredmedia":[{"embeddable":true,"href":"https:\/\/printwave.pl\/fr\/wp-json\/wp\/v2\/media\/492456"}],"wp:attachment":[{"href":"https:\/\/printwave.pl\/fr\/wp-json\/wp\/v2\/media?parent=492457"}],"wp:term":[{"taxonomy":"product_brand","embeddable":true,"href":"https:\/\/printwave.pl\/fr\/wp-json\/wp\/v2\/product_brand?post=492457"},{"taxonomy":"product_cat","embeddable":true,"href":"https:\/\/printwave.pl\/fr\/wp-json\/wp\/v2\/product_cat?post=492457"},{"taxonomy":"product_tag","embeddable":true,"href":"https:\/\/printwave.pl\/fr\/wp-json\/wp\/v2\/product_tag?post=492457"}],"curies":[{"name":"wp","href":"https:\/\/api.w.org\/{rel}","templated":true}]}}