{"id":491828,"date":"2025-01-25T11:32:44","date_gmt":"2025-01-25T10:32:44","guid":{"rendered":"https:\/\/printwave.pl\/fr\/produkt\/superhood-women-jacket\/"},"modified":"2026-02-15T06:18:25","modified_gmt":"2026-02-15T05:18:25","slug":"superhood-women-jacket","status":"publish","type":"product","link":"https:\/\/printwave.pl\/fr\/produkt\/superhood-women-jacket\/","title":{"rendered":"Superhood\/women Jacket"},"content":{"rendered":"<p>\u00b7Ext\u00e9rieur: 100% polyester (300T taffetas), rev\u00eatement AC<br \/>\n\u00b7Doublure: 100% polyester (taffetas avec rembourrage sensation plume)<br \/>\n\u00b7Int\u00e9rieur de couleur contrast\u00e9e<br \/>\n\u00b7Coupe-vent et water repellent<br \/>\n\u00b7Capuche amovible r\u00e9glable<br \/>\n\u00b7Fermeture \u00e0 glissi\u00e8re ton sur ton pleine longueur avec rabat temp\u00eate<br \/>\n\u00b72 poches avec fermeture \u00e0 glissi\u00e8re<br \/>\n\u00b7Bord c\u00f4te aux poignets et \u00e0 la taille avec \u00e9lasthanne<br \/>\n\u00b7Coupe f\u00e9minine<br \/>\n\u00b7Acc\u00e8s D\u00e9coration: fermeture \u00e0 glissi\u00e8re sur la poitrine gauche et au dos.<\/p>\n","protected":false},"excerpt":{"rendered":"<p>\u00b7Ext\u00e9rieur: 100% polyester (300T taffetas), rev\u00eatement AC \u00b7Doublure: 100% polyester (taffetas avec rembourrage sensation plume) \u00b7Int\u00e9rieur de couleur contrast\u00e9e \u00b7Coupe-vent<\/p>\n","protected":false},"featured_media":491827,"comment_status":"open","ping_status":"closed","template":"","meta":[],"product_brand":[],"product_cat":[81],"product_tag":[85,95,94,84,737,93],"class_list":{"0":"post-491828","1":"product","2":"type-product","3":"status-publish","4":"has-post-thumbnail","6":"product_cat-vestes","7":"product_tag-a-longue-manche","8":"product_tag-coupe-vent","9":"product_tag-impermeable","10":"product_tag-longue-manche","11":"product_tag-vestes-entre-saisons","12":"product_tag-waterresistant","13":"pa_couleur-black-cobalt-blue","14":"pa_couleur-dark-grey-neon-orange","15":"pa_couleur-navy-neon-green","16":"pa_couleur-royal-neon-orange","17":"pa_couleur-white-warm-grey","18":"pa_details-xs","19":"pa_details-fermeture-a-glissiere-complete","20":"pa_details-poches-de-cote-avec-fermeture-a-glissiere","21":"pa_details-vestes-protegeant-du-vent-pluie","22":"pa_groupe-de-produits-avec-capuche","23":"pa_groupe-de-produits-full-zip","24":"pa_groupe-de-produits-vestes","25":"pa_manche-manches-longues","26":"pa_marque-bc-outerwear","27":"pa_numero-de-style-3968","28":"pa_sexe-femmes","29":"pa_taille-2xl","30":"pa_taille-l","31":"pa_taille-m","32":"pa_taille-s","33":"pa_taille-xl","34":"pa_taille-xs","35":"pa_tissu-polyester","37":"first","38":"instock","39":"taxable","40":"shipping-taxable","41":"purchasable","42":"product-type-variable"},"yoast_head":"<!-- This site is optimized with the Yoast SEO Premium plugin v20.9 (Yoast SEO v26.3) - https:\/\/yoast.com\/wordpress\/plugins\/seo\/ -->\n<title>Superhood\/women Jacket | Printwave FR<\/title>\n<meta name=\"robots\" content=\"index, follow, max-snippet:-1, max-image-preview:large, max-video-preview:-1\" \/>\n<link rel=\"canonical\" href=\"https:\/\/printwave.pl\/fr\/produkt\/superhood-women-jacket\/\" \/>\n<meta property=\"og:locale\" content=\"fr_FR\" \/>\n<meta property=\"og:type\" content=\"article\" \/>\n<meta property=\"og:title\" content=\"Superhood\/women Jacket\" \/>\n<meta property=\"og:description\" content=\"\u00b7Ext\u00e9rieur: 100% polyester (300T taffetas), rev\u00eatement AC \u00b7Doublure: 100% polyester (taffetas avec rembourrage sensation plume) \u00b7Int\u00e9rieur de couleur contrast\u00e9e \u00b7Coupe-vent\" \/>\n<meta property=\"og:url\" content=\"https:\/\/printwave.pl\/fr\/produkt\/superhood-women-jacket\/\" \/>\n<meta property=\"og:site_name\" content=\"Printwave FR\" \/>\n<meta property=\"article:modified_time\" content=\"2026-02-15T05:18:25+00:00\" \/>\n<meta property=\"og:image\" content=\"https:\/\/printwave.pl\/fr\/wp-content\/uploads\/sites\/4\/2021\/07\/Print-Wave-logo-2025.png\" \/>\n\t<meta property=\"og:image:width\" content=\"1645\" \/>\n\t<meta property=\"og:image:height\" content=\"297\" \/>\n\t<meta property=\"og:image:type\" content=\"image\/png\" \/>\n<meta name=\"twitter:card\" content=\"summary_large_image\" \/>\n<script type=\"application\/ld+json\" class=\"yoast-schema-graph\">{\"@context\":\"https:\/\/schema.org\",\"@graph\":[{\"@type\":\"WebPage\",\"@id\":\"https:\/\/printwave.pl\/fr\/produkt\/superhood-women-jacket\/\",\"url\":\"https:\/\/printwave.pl\/fr\/produkt\/superhood-women-jacket\/\",\"name\":\"Superhood\/women Jacket | Printwave FR\",\"isPartOf\":{\"@id\":\"https:\/\/printwave.pl\/fr\/#website\"},\"primaryImageOfPage\":{\"@id\":\"https:\/\/printwave.pl\/fr\/produkt\/superhood-women-jacket\/#primaryimage\"},\"image\":{\"@id\":\"https:\/\/printwave.pl\/fr\/produkt\/superhood-women-jacket\/#primaryimage\"},\"thumbnailUrl\":\"https:\/\/printwave.pl\/fr\/wp-content\/uploads\/sites\/4\/2025\/01\/439_42_270_m-2023_01.jpg\",\"datePublished\":\"2025-01-25T10:32:44+00:00\",\"dateModified\":\"2026-02-15T05:18:25+00:00\",\"breadcrumb\":{\"@id\":\"https:\/\/printwave.pl\/fr\/produkt\/superhood-women-jacket\/#breadcrumb\"},\"inLanguage\":\"fr-FR\",\"potentialAction\":[{\"@type\":\"ReadAction\",\"target\":[\"https:\/\/printwave.pl\/fr\/produkt\/superhood-women-jacket\/\"]}]},{\"@type\":\"ImageObject\",\"inLanguage\":\"fr-FR\",\"@id\":\"https:\/\/printwave.pl\/fr\/produkt\/superhood-women-jacket\/#primaryimage\",\"url\":\"https:\/\/printwave.pl\/fr\/wp-content\/uploads\/sites\/4\/2025\/01\/439_42_270_m-2023_01.jpg\",\"contentUrl\":\"https:\/\/printwave.pl\/fr\/wp-content\/uploads\/sites\/4\/2025\/01\/439_42_270_m-2023_01.jpg\",\"width\":1024,\"height\":1304},{\"@type\":\"BreadcrumbList\",\"@id\":\"https:\/\/printwave.pl\/fr\/produkt\/superhood-women-jacket\/#breadcrumb\",\"itemListElement\":[{\"@type\":\"ListItem\",\"position\":1,\"name\":\"Accueil\",\"item\":\"https:\/\/printwave.pl\/fr\/\"},{\"@type\":\"ListItem\",\"position\":2,\"name\":\"Boutique\",\"item\":\"https:\/\/printwave.pl\/fr\/boutique\/\"},{\"@type\":\"ListItem\",\"position\":3,\"name\":\"Superhood\/women Jacket\"}]},{\"@type\":\"WebSite\",\"@id\":\"https:\/\/printwave.pl\/fr\/#website\",\"url\":\"https:\/\/printwave.pl\/fr\/\",\"name\":\"Printwave\",\"description\":\"Votre fournisseur de v\u00eatements promotionnels et d&#039;entreprise en Pologne\",\"potentialAction\":[{\"@type\":\"SearchAction\",\"target\":{\"@type\":\"EntryPoint\",\"urlTemplate\":\"https:\/\/printwave.pl\/fr\/?s={search_term_string}\"},\"query-input\":{\"@type\":\"PropertyValueSpecification\",\"valueRequired\":true,\"valueName\":\"search_term_string\"}}],\"inLanguage\":\"fr-FR\"}]}<\/script>\n<!-- \/ Yoast SEO Premium plugin. -->","yoast_head_json":{"title":"Superhood\/women Jacket | Printwave FR","robots":{"index":"index","follow":"follow","max-snippet":"max-snippet:-1","max-image-preview":"max-image-preview:large","max-video-preview":"max-video-preview:-1"},"canonical":"https:\/\/printwave.pl\/fr\/produkt\/superhood-women-jacket\/","og_locale":"fr_FR","og_type":"article","og_title":"Superhood\/women Jacket","og_description":"\u00b7Ext\u00e9rieur: 100% polyester (300T taffetas), rev\u00eatement AC \u00b7Doublure: 100% polyester (taffetas avec rembourrage sensation plume) \u00b7Int\u00e9rieur de couleur contrast\u00e9e \u00b7Coupe-vent","og_url":"https:\/\/printwave.pl\/fr\/produkt\/superhood-women-jacket\/","og_site_name":"Printwave FR","article_modified_time":"2026-02-15T05:18:25+00:00","og_image":[{"width":1645,"height":297,"url":"https:\/\/printwave.pl\/fr\/wp-content\/uploads\/sites\/4\/2021\/07\/Print-Wave-logo-2025.png","type":"image\/png"}],"twitter_card":"summary_large_image","schema":{"@context":"https:\/\/schema.org","@graph":[{"@type":"WebPage","@id":"https:\/\/printwave.pl\/fr\/produkt\/superhood-women-jacket\/","url":"https:\/\/printwave.pl\/fr\/produkt\/superhood-women-jacket\/","name":"Superhood\/women Jacket | Printwave FR","isPartOf":{"@id":"https:\/\/printwave.pl\/fr\/#website"},"primaryImageOfPage":{"@id":"https:\/\/printwave.pl\/fr\/produkt\/superhood-women-jacket\/#primaryimage"},"image":{"@id":"https:\/\/printwave.pl\/fr\/produkt\/superhood-women-jacket\/#primaryimage"},"thumbnailUrl":"https:\/\/printwave.pl\/fr\/wp-content\/uploads\/sites\/4\/2025\/01\/439_42_270_m-2023_01.jpg","datePublished":"2025-01-25T10:32:44+00:00","dateModified":"2026-02-15T05:18:25+00:00","breadcrumb":{"@id":"https:\/\/printwave.pl\/fr\/produkt\/superhood-women-jacket\/#breadcrumb"},"inLanguage":"fr-FR","potentialAction":[{"@type":"ReadAction","target":["https:\/\/printwave.pl\/fr\/produkt\/superhood-women-jacket\/"]}]},{"@type":"ImageObject","inLanguage":"fr-FR","@id":"https:\/\/printwave.pl\/fr\/produkt\/superhood-women-jacket\/#primaryimage","url":"https:\/\/printwave.pl\/fr\/wp-content\/uploads\/sites\/4\/2025\/01\/439_42_270_m-2023_01.jpg","contentUrl":"https:\/\/printwave.pl\/fr\/wp-content\/uploads\/sites\/4\/2025\/01\/439_42_270_m-2023_01.jpg","width":1024,"height":1304},{"@type":"BreadcrumbList","@id":"https:\/\/printwave.pl\/fr\/produkt\/superhood-women-jacket\/#breadcrumb","itemListElement":[{"@type":"ListItem","position":1,"name":"Accueil","item":"https:\/\/printwave.pl\/fr\/"},{"@type":"ListItem","position":2,"name":"Boutique","item":"https:\/\/printwave.pl\/fr\/boutique\/"},{"@type":"ListItem","position":3,"name":"Superhood\/women Jacket"}]},{"@type":"WebSite","@id":"https:\/\/printwave.pl\/fr\/#website","url":"https:\/\/printwave.pl\/fr\/","name":"Printwave","description":"Votre fournisseur de v\u00eatements promotionnels et d&#039;entreprise en Pologne","potentialAction":[{"@type":"SearchAction","target":{"@type":"EntryPoint","urlTemplate":"https:\/\/printwave.pl\/fr\/?s={search_term_string}"},"query-input":{"@type":"PropertyValueSpecification","valueRequired":true,"valueName":"search_term_string"}}],"inLanguage":"fr-FR"}]}},"_links":{"self":[{"href":"https:\/\/printwave.pl\/fr\/wp-json\/wp\/v2\/product\/491828","targetHints":{"allow":["GET"]}}],"collection":[{"href":"https:\/\/printwave.pl\/fr\/wp-json\/wp\/v2\/product"}],"about":[{"href":"https:\/\/printwave.pl\/fr\/wp-json\/wp\/v2\/types\/product"}],"replies":[{"embeddable":true,"href":"https:\/\/printwave.pl\/fr\/wp-json\/wp\/v2\/comments?post=491828"}],"wp:featuredmedia":[{"embeddable":true,"href":"https:\/\/printwave.pl\/fr\/wp-json\/wp\/v2\/media\/491827"}],"wp:attachment":[{"href":"https:\/\/printwave.pl\/fr\/wp-json\/wp\/v2\/media?parent=491828"}],"wp:term":[{"taxonomy":"product_brand","embeddable":true,"href":"https:\/\/printwave.pl\/fr\/wp-json\/wp\/v2\/product_brand?post=491828"},{"taxonomy":"product_cat","embeddable":true,"href":"https:\/\/printwave.pl\/fr\/wp-json\/wp\/v2\/product_cat?post=491828"},{"taxonomy":"product_tag","embeddable":true,"href":"https:\/\/printwave.pl\/fr\/wp-json\/wp\/v2\/product_tag?post=491828"}],"curies":[{"name":"wp","href":"https:\/\/api.w.org\/{rel}","templated":true}]}}