{"id":491798,"date":"2025-01-25T11:31:40","date_gmt":"2025-01-25T10:31:40","guid":{"rendered":"https:\/\/printwave.pl\/fr\/produkt\/promo-bodywarmer\/"},"modified":"2026-02-15T06:18:09","modified_gmt":"2026-02-15T05:18:09","slug":"promo-bodywarmer","status":"publish","type":"product","link":"https:\/\/printwave.pl\/fr\/produkt\/promo-bodywarmer\/","title":{"rendered":"Promo Bodywarmer"},"content":{"rendered":"<p>\u00b7Ext: 100% polyester (micro-polyester doux)<br \/>\n\u00b7Ouatinage: 200 g\/m\u00b2, 100 % polyester<br \/>\n\u00b7Doublure: 100% polyester<br \/>\n\u00b7Fermeture \u00e0 glissi\u00e8re avec rabat temp\u00eate<br \/>\n\u00b7Llarges emmanchures<br \/>\n\u00b7Poche pour t\u00e9l\u00e9phone, 2 poches repose-mains, poche int\u00e9rieure<br \/>\n\u00b7Dos plus long<br \/>\n\u00b7Acc\u00e8s sur le coeur pour la personnalisation<br \/>\n\u00b7Convient \u00e0 la broderie et au transfert<br \/>\n\u00b7COULEURS NON SUIVIES: 2 couleurs sont retir\u00e9es de la collection Falk&amp;Ross (elles sont toujours suivies par la marque).<\/p>\n","protected":false},"excerpt":{"rendered":"<p>\u00b7Ext: 100% polyester (micro-polyester doux) \u00b7Ouatinage: 200 g\/m\u00b2, 100 % polyester \u00b7Doublure: 100% polyester \u00b7Fermeture \u00e0 glissi\u00e8re avec rabat temp\u00eate<\/p>\n","protected":false},"featured_media":491795,"comment_status":"open","ping_status":"closed","template":"","meta":[],"product_brand":[],"product_cat":[113,81],"product_tag":[92,95,700,780,815,577,509,131,86,93],"class_list":{"0":"post-491798","1":"product","2":"type-product","3":"status-publish","4":"has-post-thumbnail","6":"product_cat-bodywarmers","7":"product_cat-vestes","8":"product_tag-col-montant","9":"product_tag-coupe-vent","10":"product_tag-gilets","11":"product_tag-gilets-capitonnees","12":"product_tag-gilets-en-duvet","13":"product_tag-poche-poitrine","14":"product_tag-sans-manche","15":"product_tag-unisexe","16":"product_tag-vetements-dexterieur","17":"product_tag-waterresistant","18":"pa_couleur-black","19":"pa_couleur-navy","20":"pa_details-fermeture-a-glissiere-complete","21":"pa_details-poches-de-cote","22":"pa_groupe-de-produits-4xl-et-plus","23":"pa_groupe-de-produits-acces-pour-la-decoration","24":"pa_groupe-de-produits-bodywarmers","25":"pa_groupe-de-produits-coupe-vent","26":"pa_groupe-de-produits-deperlant","27":"pa_groupe-de-produits-full-zip","28":"pa_manche-sans-manche","29":"pa_marque-result","30":"pa_numero-de-style-3967","31":"pa_poids-200-219-g-m","32":"pa_sexe-hommes","33":"pa_taille-2xl","34":"pa_taille-3xl","35":"pa_taille-4xl","36":"pa_taille-l","37":"pa_taille-m","38":"pa_taille-s","39":"pa_taille-xl","40":"pa_tissu-melange-de-tissu","42":"first","43":"instock","44":"taxable","45":"shipping-taxable","46":"purchasable","47":"product-type-variable"},"yoast_head":"<!-- This site is optimized with the Yoast SEO Premium plugin v20.9 (Yoast SEO v26.3) - https:\/\/yoast.com\/wordpress\/plugins\/seo\/ -->\n<title>Promo Bodywarmer | Printwave FR<\/title>\n<meta name=\"robots\" content=\"index, follow, max-snippet:-1, max-image-preview:large, max-video-preview:-1\" \/>\n<link rel=\"canonical\" href=\"https:\/\/printwave.pl\/fr\/produkt\/promo-bodywarmer\/\" \/>\n<meta property=\"og:locale\" content=\"fr_FR\" \/>\n<meta property=\"og:type\" content=\"article\" \/>\n<meta property=\"og:title\" content=\"Promo Bodywarmer\" \/>\n<meta property=\"og:description\" content=\"\u00b7Ext: 100% polyester (micro-polyester doux) \u00b7Ouatinage: 200 g\/m\u00b2, 100 % polyester \u00b7Doublure: 100% polyester \u00b7Fermeture \u00e0 glissi\u00e8re avec rabat temp\u00eate\" \/>\n<meta property=\"og:url\" content=\"https:\/\/printwave.pl\/fr\/produkt\/promo-bodywarmer\/\" \/>\n<meta property=\"og:site_name\" content=\"Printwave FR\" \/>\n<meta property=\"article:modified_time\" content=\"2026-02-15T05:18:09+00:00\" \/>\n<meta property=\"og:image\" content=\"https:\/\/printwave.pl\/fr\/wp-content\/uploads\/sites\/4\/2021\/07\/Print-Wave-logo-2025.png\" \/>\n\t<meta property=\"og:image:width\" content=\"1645\" \/>\n\t<meta property=\"og:image:height\" content=\"297\" \/>\n\t<meta property=\"og:image:type\" content=\"image\/png\" \/>\n<meta name=\"twitter:card\" content=\"summary_large_image\" \/>\n<script type=\"application\/ld+json\" class=\"yoast-schema-graph\">{\"@context\":\"https:\/\/schema.org\",\"@graph\":[{\"@type\":\"WebPage\",\"@id\":\"https:\/\/printwave.pl\/fr\/produkt\/promo-bodywarmer\/\",\"url\":\"https:\/\/printwave.pl\/fr\/produkt\/promo-bodywarmer\/\",\"name\":\"Promo Bodywarmer | Printwave FR\",\"isPartOf\":{\"@id\":\"https:\/\/printwave.pl\/fr\/#website\"},\"primaryImageOfPage\":{\"@id\":\"https:\/\/printwave.pl\/fr\/produkt\/promo-bodywarmer\/#primaryimage\"},\"image\":{\"@id\":\"https:\/\/printwave.pl\/fr\/produkt\/promo-bodywarmer\/#primaryimage\"},\"thumbnailUrl\":\"https:\/\/printwave.pl\/fr\/wp-content\/uploads\/sites\/4\/2025\/01\/440_33_101_m-2009_01.jpg\",\"datePublished\":\"2025-01-25T10:31:40+00:00\",\"dateModified\":\"2026-02-15T05:18:09+00:00\",\"breadcrumb\":{\"@id\":\"https:\/\/printwave.pl\/fr\/produkt\/promo-bodywarmer\/#breadcrumb\"},\"inLanguage\":\"fr-FR\",\"potentialAction\":[{\"@type\":\"ReadAction\",\"target\":[\"https:\/\/printwave.pl\/fr\/produkt\/promo-bodywarmer\/\"]}]},{\"@type\":\"ImageObject\",\"inLanguage\":\"fr-FR\",\"@id\":\"https:\/\/printwave.pl\/fr\/produkt\/promo-bodywarmer\/#primaryimage\",\"url\":\"https:\/\/printwave.pl\/fr\/wp-content\/uploads\/sites\/4\/2025\/01\/440_33_101_m-2009_01.jpg\",\"contentUrl\":\"https:\/\/printwave.pl\/fr\/wp-content\/uploads\/sites\/4\/2025\/01\/440_33_101_m-2009_01.jpg\",\"width\":1024,\"height\":1304},{\"@type\":\"BreadcrumbList\",\"@id\":\"https:\/\/printwave.pl\/fr\/produkt\/promo-bodywarmer\/#breadcrumb\",\"itemListElement\":[{\"@type\":\"ListItem\",\"position\":1,\"name\":\"Accueil\",\"item\":\"https:\/\/printwave.pl\/fr\/\"},{\"@type\":\"ListItem\",\"position\":2,\"name\":\"Boutique\",\"item\":\"https:\/\/printwave.pl\/fr\/boutique\/\"},{\"@type\":\"ListItem\",\"position\":3,\"name\":\"Promo Bodywarmer\"}]},{\"@type\":\"WebSite\",\"@id\":\"https:\/\/printwave.pl\/fr\/#website\",\"url\":\"https:\/\/printwave.pl\/fr\/\",\"name\":\"Printwave\",\"description\":\"Votre fournisseur de v\u00eatements promotionnels et d&#039;entreprise en Pologne\",\"potentialAction\":[{\"@type\":\"SearchAction\",\"target\":{\"@type\":\"EntryPoint\",\"urlTemplate\":\"https:\/\/printwave.pl\/fr\/?s={search_term_string}\"},\"query-input\":{\"@type\":\"PropertyValueSpecification\",\"valueRequired\":true,\"valueName\":\"search_term_string\"}}],\"inLanguage\":\"fr-FR\"}]}<\/script>\n<!-- \/ Yoast SEO Premium plugin. -->","yoast_head_json":{"title":"Promo Bodywarmer | Printwave FR","robots":{"index":"index","follow":"follow","max-snippet":"max-snippet:-1","max-image-preview":"max-image-preview:large","max-video-preview":"max-video-preview:-1"},"canonical":"https:\/\/printwave.pl\/fr\/produkt\/promo-bodywarmer\/","og_locale":"fr_FR","og_type":"article","og_title":"Promo Bodywarmer","og_description":"\u00b7Ext: 100% polyester (micro-polyester doux) \u00b7Ouatinage: 200 g\/m\u00b2, 100 % polyester \u00b7Doublure: 100% polyester \u00b7Fermeture \u00e0 glissi\u00e8re avec rabat temp\u00eate","og_url":"https:\/\/printwave.pl\/fr\/produkt\/promo-bodywarmer\/","og_site_name":"Printwave FR","article_modified_time":"2026-02-15T05:18:09+00:00","og_image":[{"width":1645,"height":297,"url":"https:\/\/printwave.pl\/fr\/wp-content\/uploads\/sites\/4\/2021\/07\/Print-Wave-logo-2025.png","type":"image\/png"}],"twitter_card":"summary_large_image","schema":{"@context":"https:\/\/schema.org","@graph":[{"@type":"WebPage","@id":"https:\/\/printwave.pl\/fr\/produkt\/promo-bodywarmer\/","url":"https:\/\/printwave.pl\/fr\/produkt\/promo-bodywarmer\/","name":"Promo Bodywarmer | Printwave FR","isPartOf":{"@id":"https:\/\/printwave.pl\/fr\/#website"},"primaryImageOfPage":{"@id":"https:\/\/printwave.pl\/fr\/produkt\/promo-bodywarmer\/#primaryimage"},"image":{"@id":"https:\/\/printwave.pl\/fr\/produkt\/promo-bodywarmer\/#primaryimage"},"thumbnailUrl":"https:\/\/printwave.pl\/fr\/wp-content\/uploads\/sites\/4\/2025\/01\/440_33_101_m-2009_01.jpg","datePublished":"2025-01-25T10:31:40+00:00","dateModified":"2026-02-15T05:18:09+00:00","breadcrumb":{"@id":"https:\/\/printwave.pl\/fr\/produkt\/promo-bodywarmer\/#breadcrumb"},"inLanguage":"fr-FR","potentialAction":[{"@type":"ReadAction","target":["https:\/\/printwave.pl\/fr\/produkt\/promo-bodywarmer\/"]}]},{"@type":"ImageObject","inLanguage":"fr-FR","@id":"https:\/\/printwave.pl\/fr\/produkt\/promo-bodywarmer\/#primaryimage","url":"https:\/\/printwave.pl\/fr\/wp-content\/uploads\/sites\/4\/2025\/01\/440_33_101_m-2009_01.jpg","contentUrl":"https:\/\/printwave.pl\/fr\/wp-content\/uploads\/sites\/4\/2025\/01\/440_33_101_m-2009_01.jpg","width":1024,"height":1304},{"@type":"BreadcrumbList","@id":"https:\/\/printwave.pl\/fr\/produkt\/promo-bodywarmer\/#breadcrumb","itemListElement":[{"@type":"ListItem","position":1,"name":"Accueil","item":"https:\/\/printwave.pl\/fr\/"},{"@type":"ListItem","position":2,"name":"Boutique","item":"https:\/\/printwave.pl\/fr\/boutique\/"},{"@type":"ListItem","position":3,"name":"Promo Bodywarmer"}]},{"@type":"WebSite","@id":"https:\/\/printwave.pl\/fr\/#website","url":"https:\/\/printwave.pl\/fr\/","name":"Printwave","description":"Votre fournisseur de v\u00eatements promotionnels et d&#039;entreprise en Pologne","potentialAction":[{"@type":"SearchAction","target":{"@type":"EntryPoint","urlTemplate":"https:\/\/printwave.pl\/fr\/?s={search_term_string}"},"query-input":{"@type":"PropertyValueSpecification","valueRequired":true,"valueName":"search_term_string"}}],"inLanguage":"fr-FR"}]}},"_links":{"self":[{"href":"https:\/\/printwave.pl\/fr\/wp-json\/wp\/v2\/product\/491798","targetHints":{"allow":["GET"]}}],"collection":[{"href":"https:\/\/printwave.pl\/fr\/wp-json\/wp\/v2\/product"}],"about":[{"href":"https:\/\/printwave.pl\/fr\/wp-json\/wp\/v2\/types\/product"}],"replies":[{"embeddable":true,"href":"https:\/\/printwave.pl\/fr\/wp-json\/wp\/v2\/comments?post=491798"}],"wp:featuredmedia":[{"embeddable":true,"href":"https:\/\/printwave.pl\/fr\/wp-json\/wp\/v2\/media\/491795"}],"wp:attachment":[{"href":"https:\/\/printwave.pl\/fr\/wp-json\/wp\/v2\/media?parent=491798"}],"wp:term":[{"taxonomy":"product_brand","embeddable":true,"href":"https:\/\/printwave.pl\/fr\/wp-json\/wp\/v2\/product_brand?post=491798"},{"taxonomy":"product_cat","embeddable":true,"href":"https:\/\/printwave.pl\/fr\/wp-json\/wp\/v2\/product_cat?post=491798"},{"taxonomy":"product_tag","embeddable":true,"href":"https:\/\/printwave.pl\/fr\/wp-json\/wp\/v2\/product_tag?post=491798"}],"curies":[{"name":"wp","href":"https:\/\/api.w.org\/{rel}","templated":true}]}}