{"id":490928,"date":"2025-01-25T11:02:30","date_gmt":"2025-01-25T10:02:30","guid":{"rendered":"https:\/\/printwave.pl\/fr\/produkt\/seneca-hi-activity-jacket\/"},"modified":"2026-02-15T06:15:49","modified_gmt":"2026-02-15T05:15:49","slug":"seneca-hi-activity-jacket","status":"publish","type":"product","link":"https:\/\/printwave.pl\/fr\/produkt\/seneca-hi-activity-jacket\/","title":{"rendered":"Seneca Hi-Activity Jacket"},"content":{"rendered":"<p>\u00b7Ext: 100% polyester (stromDri 4000) avec rev\u00eatement PVC<br \/>\n\u00b7rembourrage: 100% polyester<br \/>\n\u00b7doublure: dessus du corps: 100% polyester (Active Fleece de Result\u00ae), dessous du corps: 100% polyester (190T, Taffeta\u00ae)<br \/>\n\u00b7coutures soud\u00e9es<br \/>\n\u00b7r\u00e9siste au vent et waterproof (4.000 mm)<br \/>\n\u00b7capuche dans le col avec protection du menton par fermeture auto-agrippante<br \/>\n\u00b7fermeture \u00e0 glissi\u00e8re prot\u00e9g\u00e9e par rabat et boutons-pression<br \/>\n\u00b7oeillets d\u2019a\u00e9ration sous les bras<br \/>\n\u00b7poignets \u00e9lastiques avec patte r\u00e9glable par auto-agrippant<br \/>\n\u00b72 poches poitrine et 2 poches de c\u00f4t\u00e9 avec fermeture \u00e0 glissi\u00e8re, poches int\u00e9rieures<br \/>\n\u00b7passants, porte carte d identit\u00e9<br \/>\n\u00b7ceinture et taille r\u00e9glables par cordon \u00e9lastique et stoppeurs<br \/>\n\u00b7panneau r\u00e9fl\u00e9chissant dans le bas du dos<br \/>\n\u00b7acc\u00e8s dos pour la personnalisation<br \/>\n\u00b7convient pour la broderie et le transfert<\/p>\n","protected":false},"excerpt":{"rendered":"<p>\u00b7Ext: 100% polyester (stromDri 4000) avec rev\u00eatement PVC \u00b7rembourrage: 100% polyester \u00b7doublure: dessus du corps: 100% polyester (Active Fleece de<\/p>\n","protected":false},"featured_media":490923,"comment_status":"open","ping_status":"closed","template":"","meta":[],"product_brand":[],"product_cat":[81],"product_tag":[460,465,85,83,92,95,94,84,131,737,86,93],"class_list":{"0":"post-490928","1":"product","2":"type-product","3":"status-publish","4":"has-post-thumbnail","6":"product_cat-vestes","7":"product_tag-2-couleurs","8":"product_tag-2-tons","9":"product_tag-a-longue-manche","10":"product_tag-chapeau","11":"product_tag-col-montant","12":"product_tag-coupe-vent","13":"product_tag-impermeable","14":"product_tag-longue-manche","15":"product_tag-unisexe","16":"product_tag-vestes-entre-saisons","17":"product_tag-vetements-dexterieur","18":"product_tag-waterresistant","19":"pa_couleur-anthracite-black","20":"pa_couleur-navy","21":"pa_couleur-navy-red","22":"pa_couleur-red-anthracite","23":"pa_details-poches-de-cote","24":"pa_details-vestes-chaudes","25":"pa_groupe-de-produits-acces-pour-la-decoration","26":"pa_groupe-de-produits-compatibilite-multimedia","27":"pa_groupe-de-produits-full-zip","28":"pa_groupe-de-produits-vestes","29":"pa_marque-result","30":"pa_numero-de-style-3949","31":"pa_poids-140-169-g-m","32":"pa_sexe-hommes","33":"pa_taille-2xl","34":"pa_taille-3xl","35":"pa_taille-l","36":"pa_taille-m","37":"pa_taille-s","38":"pa_taille-xl","39":"pa_tissu-melange-de-tissu","41":"first","42":"instock","43":"taxable","44":"shipping-taxable","45":"purchasable","46":"product-type-variable"},"yoast_head":"<!-- This site is optimized with the Yoast SEO Premium plugin v20.9 (Yoast SEO v26.3) - https:\/\/yoast.com\/wordpress\/plugins\/seo\/ -->\n<title>Seneca Hi-Activity Jacket | Printwave FR<\/title>\n<meta name=\"robots\" content=\"index, follow, max-snippet:-1, max-image-preview:large, max-video-preview:-1\" \/>\n<link rel=\"canonical\" href=\"https:\/\/printwave.pl\/fr\/produkt\/seneca-hi-activity-jacket\/\" \/>\n<meta property=\"og:locale\" content=\"fr_FR\" \/>\n<meta property=\"og:type\" content=\"article\" \/>\n<meta property=\"og:title\" content=\"Seneca Hi-Activity Jacket\" \/>\n<meta property=\"og:description\" content=\"\u00b7Ext: 100% polyester (stromDri 4000) avec rev\u00eatement PVC \u00b7rembourrage: 100% polyester \u00b7doublure: dessus du corps: 100% polyester (Active Fleece de\" \/>\n<meta property=\"og:url\" content=\"https:\/\/printwave.pl\/fr\/produkt\/seneca-hi-activity-jacket\/\" \/>\n<meta property=\"og:site_name\" content=\"Printwave FR\" \/>\n<meta property=\"article:modified_time\" content=\"2026-02-15T05:15:49+00:00\" \/>\n<meta property=\"og:image\" content=\"https:\/\/printwave.pl\/fr\/wp-content\/uploads\/sites\/4\/2021\/07\/Print-Wave-logo-2025.png\" \/>\n\t<meta property=\"og:image:width\" content=\"1645\" \/>\n\t<meta property=\"og:image:height\" content=\"297\" \/>\n\t<meta property=\"og:image:type\" content=\"image\/png\" \/>\n<meta name=\"twitter:card\" content=\"summary_large_image\" \/>\n<meta name=\"twitter:label1\" content=\"Dur\u00e9e de lecture estim\u00e9e\" \/>\n\t<meta name=\"twitter:data1\" content=\"1 minute\" \/>\n<script type=\"application\/ld+json\" class=\"yoast-schema-graph\">{\"@context\":\"https:\/\/schema.org\",\"@graph\":[{\"@type\":\"WebPage\",\"@id\":\"https:\/\/printwave.pl\/fr\/produkt\/seneca-hi-activity-jacket\/\",\"url\":\"https:\/\/printwave.pl\/fr\/produkt\/seneca-hi-activity-jacket\/\",\"name\":\"Seneca Hi-Activity Jacket | Printwave FR\",\"isPartOf\":{\"@id\":\"https:\/\/printwave.pl\/fr\/#website\"},\"primaryImageOfPage\":{\"@id\":\"https:\/\/printwave.pl\/fr\/produkt\/seneca-hi-activity-jacket\/#primaryimage\"},\"image\":{\"@id\":\"https:\/\/printwave.pl\/fr\/produkt\/seneca-hi-activity-jacket\/#primaryimage\"},\"thumbnailUrl\":\"https:\/\/printwave.pl\/fr\/wp-content\/uploads\/sites\/4\/2025\/01\/450_33_146_m-2023_01.jpg\",\"datePublished\":\"2025-01-25T10:02:30+00:00\",\"dateModified\":\"2026-02-15T05:15:49+00:00\",\"breadcrumb\":{\"@id\":\"https:\/\/printwave.pl\/fr\/produkt\/seneca-hi-activity-jacket\/#breadcrumb\"},\"inLanguage\":\"fr-FR\",\"potentialAction\":[{\"@type\":\"ReadAction\",\"target\":[\"https:\/\/printwave.pl\/fr\/produkt\/seneca-hi-activity-jacket\/\"]}]},{\"@type\":\"ImageObject\",\"inLanguage\":\"fr-FR\",\"@id\":\"https:\/\/printwave.pl\/fr\/produkt\/seneca-hi-activity-jacket\/#primaryimage\",\"url\":\"https:\/\/printwave.pl\/fr\/wp-content\/uploads\/sites\/4\/2025\/01\/450_33_146_m-2023_01.jpg\",\"contentUrl\":\"https:\/\/printwave.pl\/fr\/wp-content\/uploads\/sites\/4\/2025\/01\/450_33_146_m-2023_01.jpg\",\"width\":1024,\"height\":1304},{\"@type\":\"BreadcrumbList\",\"@id\":\"https:\/\/printwave.pl\/fr\/produkt\/seneca-hi-activity-jacket\/#breadcrumb\",\"itemListElement\":[{\"@type\":\"ListItem\",\"position\":1,\"name\":\"Accueil\",\"item\":\"https:\/\/printwave.pl\/fr\/\"},{\"@type\":\"ListItem\",\"position\":2,\"name\":\"Boutique\",\"item\":\"https:\/\/printwave.pl\/fr\/boutique\/\"},{\"@type\":\"ListItem\",\"position\":3,\"name\":\"Seneca Hi-Activity Jacket\"}]},{\"@type\":\"WebSite\",\"@id\":\"https:\/\/printwave.pl\/fr\/#website\",\"url\":\"https:\/\/printwave.pl\/fr\/\",\"name\":\"Printwave\",\"description\":\"Votre fournisseur de v\u00eatements promotionnels et d&#039;entreprise en Pologne\",\"potentialAction\":[{\"@type\":\"SearchAction\",\"target\":{\"@type\":\"EntryPoint\",\"urlTemplate\":\"https:\/\/printwave.pl\/fr\/?s={search_term_string}\"},\"query-input\":{\"@type\":\"PropertyValueSpecification\",\"valueRequired\":true,\"valueName\":\"search_term_string\"}}],\"inLanguage\":\"fr-FR\"}]}<\/script>\n<!-- \/ Yoast SEO Premium plugin. -->","yoast_head_json":{"title":"Seneca Hi-Activity Jacket | Printwave FR","robots":{"index":"index","follow":"follow","max-snippet":"max-snippet:-1","max-image-preview":"max-image-preview:large","max-video-preview":"max-video-preview:-1"},"canonical":"https:\/\/printwave.pl\/fr\/produkt\/seneca-hi-activity-jacket\/","og_locale":"fr_FR","og_type":"article","og_title":"Seneca Hi-Activity Jacket","og_description":"\u00b7Ext: 100% polyester (stromDri 4000) avec rev\u00eatement PVC \u00b7rembourrage: 100% polyester \u00b7doublure: dessus du corps: 100% polyester (Active Fleece de","og_url":"https:\/\/printwave.pl\/fr\/produkt\/seneca-hi-activity-jacket\/","og_site_name":"Printwave FR","article_modified_time":"2026-02-15T05:15:49+00:00","og_image":[{"width":1645,"height":297,"url":"https:\/\/printwave.pl\/fr\/wp-content\/uploads\/sites\/4\/2021\/07\/Print-Wave-logo-2025.png","type":"image\/png"}],"twitter_card":"summary_large_image","twitter_misc":{"Dur\u00e9e de lecture estim\u00e9e":"1 minute"},"schema":{"@context":"https:\/\/schema.org","@graph":[{"@type":"WebPage","@id":"https:\/\/printwave.pl\/fr\/produkt\/seneca-hi-activity-jacket\/","url":"https:\/\/printwave.pl\/fr\/produkt\/seneca-hi-activity-jacket\/","name":"Seneca Hi-Activity Jacket | Printwave FR","isPartOf":{"@id":"https:\/\/printwave.pl\/fr\/#website"},"primaryImageOfPage":{"@id":"https:\/\/printwave.pl\/fr\/produkt\/seneca-hi-activity-jacket\/#primaryimage"},"image":{"@id":"https:\/\/printwave.pl\/fr\/produkt\/seneca-hi-activity-jacket\/#primaryimage"},"thumbnailUrl":"https:\/\/printwave.pl\/fr\/wp-content\/uploads\/sites\/4\/2025\/01\/450_33_146_m-2023_01.jpg","datePublished":"2025-01-25T10:02:30+00:00","dateModified":"2026-02-15T05:15:49+00:00","breadcrumb":{"@id":"https:\/\/printwave.pl\/fr\/produkt\/seneca-hi-activity-jacket\/#breadcrumb"},"inLanguage":"fr-FR","potentialAction":[{"@type":"ReadAction","target":["https:\/\/printwave.pl\/fr\/produkt\/seneca-hi-activity-jacket\/"]}]},{"@type":"ImageObject","inLanguage":"fr-FR","@id":"https:\/\/printwave.pl\/fr\/produkt\/seneca-hi-activity-jacket\/#primaryimage","url":"https:\/\/printwave.pl\/fr\/wp-content\/uploads\/sites\/4\/2025\/01\/450_33_146_m-2023_01.jpg","contentUrl":"https:\/\/printwave.pl\/fr\/wp-content\/uploads\/sites\/4\/2025\/01\/450_33_146_m-2023_01.jpg","width":1024,"height":1304},{"@type":"BreadcrumbList","@id":"https:\/\/printwave.pl\/fr\/produkt\/seneca-hi-activity-jacket\/#breadcrumb","itemListElement":[{"@type":"ListItem","position":1,"name":"Accueil","item":"https:\/\/printwave.pl\/fr\/"},{"@type":"ListItem","position":2,"name":"Boutique","item":"https:\/\/printwave.pl\/fr\/boutique\/"},{"@type":"ListItem","position":3,"name":"Seneca Hi-Activity Jacket"}]},{"@type":"WebSite","@id":"https:\/\/printwave.pl\/fr\/#website","url":"https:\/\/printwave.pl\/fr\/","name":"Printwave","description":"Votre fournisseur de v\u00eatements promotionnels et d&#039;entreprise en Pologne","potentialAction":[{"@type":"SearchAction","target":{"@type":"EntryPoint","urlTemplate":"https:\/\/printwave.pl\/fr\/?s={search_term_string}"},"query-input":{"@type":"PropertyValueSpecification","valueRequired":true,"valueName":"search_term_string"}}],"inLanguage":"fr-FR"}]}},"_links":{"self":[{"href":"https:\/\/printwave.pl\/fr\/wp-json\/wp\/v2\/product\/490928","targetHints":{"allow":["GET"]}}],"collection":[{"href":"https:\/\/printwave.pl\/fr\/wp-json\/wp\/v2\/product"}],"about":[{"href":"https:\/\/printwave.pl\/fr\/wp-json\/wp\/v2\/types\/product"}],"replies":[{"embeddable":true,"href":"https:\/\/printwave.pl\/fr\/wp-json\/wp\/v2\/comments?post=490928"}],"wp:featuredmedia":[{"embeddable":true,"href":"https:\/\/printwave.pl\/fr\/wp-json\/wp\/v2\/media\/490923"}],"wp:attachment":[{"href":"https:\/\/printwave.pl\/fr\/wp-json\/wp\/v2\/media?parent=490928"}],"wp:term":[{"taxonomy":"product_brand","embeddable":true,"href":"https:\/\/printwave.pl\/fr\/wp-json\/wp\/v2\/product_brand?post=490928"},{"taxonomy":"product_cat","embeddable":true,"href":"https:\/\/printwave.pl\/fr\/wp-json\/wp\/v2\/product_cat?post=490928"},{"taxonomy":"product_tag","embeddable":true,"href":"https:\/\/printwave.pl\/fr\/wp-json\/wp\/v2\/product_tag?post=490928"}],"curies":[{"name":"wp","href":"https:\/\/api.w.org\/{rel}","templated":true}]}}