{"id":490021,"date":"2025-01-25T10:29:59","date_gmt":"2025-01-25T09:29:59","guid":{"rendered":"https:\/\/printwave.pl\/fr\/produkt\/reset-3lr-softshell\/"},"modified":"2026-02-15T06:12:57","modified_gmt":"2026-02-15T05:12:57","slug":"reset-3lr-softshell","status":"publish","type":"product","link":"https:\/\/printwave.pl\/fr\/produkt\/reset-3lr-softshell\/","title":{"rendered":"Reset 3Lr Softshell"},"content":{"rendered":"<p>\u00b7300 g\/m\u00b2<br \/>\n\u00b7Mat\u00e9riau recycl\u00e9 \u00e0 3 couches :<br \/>\n\u00b7Ext\u00e9rieur : 94 % polyester (recycl\u00e9) (certifi\u00e9 RCS) \/ 6 % \u00e9lasthanne<br \/>\n\u00b7Milieu : membrane imperm\u00e9able et respirante 100% TPU (thermopolyur\u00e9thane) (recycl\u00e9) : imperm\u00e9able 10\u00a0000 mm, respirante 3\u00a0000 mvp, coupe-vent<br \/>\n\u00b7Int\u00e9rieur : Micropolaire anti-boulochage 100% polyester recycl\u00e9 &#8211; certifi\u00e9 RCS<br \/>\n\u00b7Rev\u00eatement d\u00e9perlant durable (DWR)<br \/>\n\u00b7Sans PFAS\/Fluor &#8211; conforme \u00e0 la norme OEKO-TEX\u00ae STANDARD 100 (janvier 2024)<br \/>\n\u00b7Indice d&rsquo;\u00e9tanch\u00e9it\u00e9 \u00e9lev\u00e9 : 10\u00a0000 mm<br \/>\n\u00b7Indice de respirabilit\u00e9 \u00e9lev\u00e9 : 3000 g\/m\u00b2\/24h<br \/>\n\u00b7Un style v\u00e9ritablement neutre non-genr\u00e9<br \/>\n\u00b7Int\u00e9rieur en micropolaire pour plus de confort et d&rsquo;isolation<br \/>\n\u00b7Col haut pour une meilleure protection contre le vent<br \/>\n\u00b7Dos rallong\u00e9, ourlet et poignets r\u00e9glables<br \/>\n\u00b72 poches zipp\u00e9es<br \/>\n\u00b7Test\u00e9 et approuv\u00e9 pour toutes les principales techniques de d\u00e9coration<br \/>\n\u00b7Solution \u00ab B&amp;C No Label \u00bb pour un rebranding facile.<\/p>\n","protected":false},"excerpt":{"rendered":"<p>\u00b7300 g\/m\u00b2 \u00b7Mat\u00e9riau recycl\u00e9 \u00e0 3 couches : \u00b7Ext\u00e9rieur : 94 % polyester (recycl\u00e9) (certifi\u00e9 RCS) \/ 6 % \u00e9lasthanne<\/p>\n","protected":false},"featured_media":490015,"comment_status":"open","ping_status":"closed","template":"","meta":[],"product_brand":[],"product_cat":[2597,114],"product_tag":[],"class_list":{"0":"post-490021","1":"product","2":"type-product","3":"status-publish","4":"has-post-thumbnail","6":"product_cat-nouveautes-2025","7":"product_cat-softshell","8":"pa_couleur-black","9":"pa_couleur-navy","10":"pa_couleur-red","11":"pa_eco-recycle","12":"pa_groupe-de-produits-vestes","13":"pa_manche-manches-longues","14":"pa_marque-bc","15":"pa_numero-de-style-3932","16":"pa_poids-a-partir-de-220-g-m","17":"pa_sexe-unisexe","18":"pa_taille-2xl","19":"pa_taille-3xl","20":"pa_taille-4xl","21":"pa_taille-l","22":"pa_taille-m","23":"pa_taille-s","24":"pa_taille-xl","25":"pa_taille-xs","26":"pa_tissu-recycles","28":"first","29":"instock","30":"taxable","31":"shipping-taxable","32":"purchasable","33":"product-type-variable"},"yoast_head":"<!-- This site is optimized with the Yoast SEO Premium plugin v20.9 (Yoast SEO v26.3) - https:\/\/yoast.com\/wordpress\/plugins\/seo\/ -->\n<title>Reset 3Lr Softshell | Printwave FR<\/title>\n<meta name=\"robots\" content=\"index, follow, max-snippet:-1, max-image-preview:large, max-video-preview:-1\" \/>\n<link rel=\"canonical\" href=\"https:\/\/printwave.pl\/fr\/produkt\/reset-3lr-softshell\/\" \/>\n<meta property=\"og:locale\" content=\"fr_FR\" \/>\n<meta property=\"og:type\" content=\"article\" \/>\n<meta property=\"og:title\" content=\"Reset 3Lr Softshell\" \/>\n<meta property=\"og:description\" content=\"\u00b7300 g\/m\u00b2 \u00b7Mat\u00e9riau recycl\u00e9 \u00e0 3 couches : \u00b7Ext\u00e9rieur : 94 % polyester (recycl\u00e9) (certifi\u00e9 RCS) \/ 6 % \u00e9lasthanne\" \/>\n<meta property=\"og:url\" content=\"https:\/\/printwave.pl\/fr\/produkt\/reset-3lr-softshell\/\" \/>\n<meta property=\"og:site_name\" content=\"Printwave FR\" \/>\n<meta property=\"article:modified_time\" content=\"2026-02-15T05:12:57+00:00\" \/>\n<meta property=\"og:image\" content=\"https:\/\/printwave.pl\/fr\/wp-content\/uploads\/sites\/4\/2025\/01\/459_42_101_m-2024_01.jpg\" \/>\n\t<meta property=\"og:image:width\" content=\"1024\" \/>\n\t<meta property=\"og:image:height\" content=\"1304\" \/>\n\t<meta property=\"og:image:type\" content=\"image\/jpeg\" \/>\n<meta name=\"twitter:card\" content=\"summary_large_image\" \/>\n<meta name=\"twitter:label1\" content=\"Dur\u00e9e de lecture estim\u00e9e\" \/>\n\t<meta name=\"twitter:data1\" content=\"1 minute\" \/>\n<script type=\"application\/ld+json\" class=\"yoast-schema-graph\">{\"@context\":\"https:\/\/schema.org\",\"@graph\":[{\"@type\":\"WebPage\",\"@id\":\"https:\/\/printwave.pl\/fr\/produkt\/reset-3lr-softshell\/\",\"url\":\"https:\/\/printwave.pl\/fr\/produkt\/reset-3lr-softshell\/\",\"name\":\"Reset 3Lr Softshell | Printwave FR\",\"isPartOf\":{\"@id\":\"https:\/\/printwave.pl\/fr\/#website\"},\"primaryImageOfPage\":{\"@id\":\"https:\/\/printwave.pl\/fr\/produkt\/reset-3lr-softshell\/#primaryimage\"},\"image\":{\"@id\":\"https:\/\/printwave.pl\/fr\/produkt\/reset-3lr-softshell\/#primaryimage\"},\"thumbnailUrl\":\"https:\/\/printwave.pl\/fr\/wp-content\/uploads\/sites\/4\/2025\/01\/459_42_101_m-2024_01.jpg\",\"datePublished\":\"2025-01-25T09:29:59+00:00\",\"dateModified\":\"2026-02-15T05:12:57+00:00\",\"breadcrumb\":{\"@id\":\"https:\/\/printwave.pl\/fr\/produkt\/reset-3lr-softshell\/#breadcrumb\"},\"inLanguage\":\"fr-FR\",\"potentialAction\":[{\"@type\":\"ReadAction\",\"target\":[\"https:\/\/printwave.pl\/fr\/produkt\/reset-3lr-softshell\/\"]}]},{\"@type\":\"ImageObject\",\"inLanguage\":\"fr-FR\",\"@id\":\"https:\/\/printwave.pl\/fr\/produkt\/reset-3lr-softshell\/#primaryimage\",\"url\":\"https:\/\/printwave.pl\/fr\/wp-content\/uploads\/sites\/4\/2025\/01\/459_42_101_m-2024_01.jpg\",\"contentUrl\":\"https:\/\/printwave.pl\/fr\/wp-content\/uploads\/sites\/4\/2025\/01\/459_42_101_m-2024_01.jpg\",\"width\":1024,\"height\":1304},{\"@type\":\"BreadcrumbList\",\"@id\":\"https:\/\/printwave.pl\/fr\/produkt\/reset-3lr-softshell\/#breadcrumb\",\"itemListElement\":[{\"@type\":\"ListItem\",\"position\":1,\"name\":\"Accueil\",\"item\":\"https:\/\/printwave.pl\/fr\/\"},{\"@type\":\"ListItem\",\"position\":2,\"name\":\"Boutique\",\"item\":\"https:\/\/printwave.pl\/fr\/boutique\/\"},{\"@type\":\"ListItem\",\"position\":3,\"name\":\"Reset 3Lr Softshell\"}]},{\"@type\":\"WebSite\",\"@id\":\"https:\/\/printwave.pl\/fr\/#website\",\"url\":\"https:\/\/printwave.pl\/fr\/\",\"name\":\"Printwave\",\"description\":\"Votre fournisseur de v\u00eatements promotionnels et d&#039;entreprise en Pologne\",\"potentialAction\":[{\"@type\":\"SearchAction\",\"target\":{\"@type\":\"EntryPoint\",\"urlTemplate\":\"https:\/\/printwave.pl\/fr\/?s={search_term_string}\"},\"query-input\":{\"@type\":\"PropertyValueSpecification\",\"valueRequired\":true,\"valueName\":\"search_term_string\"}}],\"inLanguage\":\"fr-FR\"}]}<\/script>\n<!-- \/ Yoast SEO Premium plugin. -->","yoast_head_json":{"title":"Reset 3Lr Softshell | Printwave FR","robots":{"index":"index","follow":"follow","max-snippet":"max-snippet:-1","max-image-preview":"max-image-preview:large","max-video-preview":"max-video-preview:-1"},"canonical":"https:\/\/printwave.pl\/fr\/produkt\/reset-3lr-softshell\/","og_locale":"fr_FR","og_type":"article","og_title":"Reset 3Lr Softshell","og_description":"\u00b7300 g\/m\u00b2 \u00b7Mat\u00e9riau recycl\u00e9 \u00e0 3 couches : \u00b7Ext\u00e9rieur : 94 % polyester (recycl\u00e9) (certifi\u00e9 RCS) \/ 6 % \u00e9lasthanne","og_url":"https:\/\/printwave.pl\/fr\/produkt\/reset-3lr-softshell\/","og_site_name":"Printwave FR","article_modified_time":"2026-02-15T05:12:57+00:00","og_image":[{"width":1024,"height":1304,"url":"https:\/\/printwave.pl\/fr\/wp-content\/uploads\/sites\/4\/2025\/01\/459_42_101_m-2024_01.jpg","type":"image\/jpeg"}],"twitter_card":"summary_large_image","twitter_misc":{"Dur\u00e9e de lecture estim\u00e9e":"1 minute"},"schema":{"@context":"https:\/\/schema.org","@graph":[{"@type":"WebPage","@id":"https:\/\/printwave.pl\/fr\/produkt\/reset-3lr-softshell\/","url":"https:\/\/printwave.pl\/fr\/produkt\/reset-3lr-softshell\/","name":"Reset 3Lr Softshell | Printwave FR","isPartOf":{"@id":"https:\/\/printwave.pl\/fr\/#website"},"primaryImageOfPage":{"@id":"https:\/\/printwave.pl\/fr\/produkt\/reset-3lr-softshell\/#primaryimage"},"image":{"@id":"https:\/\/printwave.pl\/fr\/produkt\/reset-3lr-softshell\/#primaryimage"},"thumbnailUrl":"https:\/\/printwave.pl\/fr\/wp-content\/uploads\/sites\/4\/2025\/01\/459_42_101_m-2024_01.jpg","datePublished":"2025-01-25T09:29:59+00:00","dateModified":"2026-02-15T05:12:57+00:00","breadcrumb":{"@id":"https:\/\/printwave.pl\/fr\/produkt\/reset-3lr-softshell\/#breadcrumb"},"inLanguage":"fr-FR","potentialAction":[{"@type":"ReadAction","target":["https:\/\/printwave.pl\/fr\/produkt\/reset-3lr-softshell\/"]}]},{"@type":"ImageObject","inLanguage":"fr-FR","@id":"https:\/\/printwave.pl\/fr\/produkt\/reset-3lr-softshell\/#primaryimage","url":"https:\/\/printwave.pl\/fr\/wp-content\/uploads\/sites\/4\/2025\/01\/459_42_101_m-2024_01.jpg","contentUrl":"https:\/\/printwave.pl\/fr\/wp-content\/uploads\/sites\/4\/2025\/01\/459_42_101_m-2024_01.jpg","width":1024,"height":1304},{"@type":"BreadcrumbList","@id":"https:\/\/printwave.pl\/fr\/produkt\/reset-3lr-softshell\/#breadcrumb","itemListElement":[{"@type":"ListItem","position":1,"name":"Accueil","item":"https:\/\/printwave.pl\/fr\/"},{"@type":"ListItem","position":2,"name":"Boutique","item":"https:\/\/printwave.pl\/fr\/boutique\/"},{"@type":"ListItem","position":3,"name":"Reset 3Lr Softshell"}]},{"@type":"WebSite","@id":"https:\/\/printwave.pl\/fr\/#website","url":"https:\/\/printwave.pl\/fr\/","name":"Printwave","description":"Votre fournisseur de v\u00eatements promotionnels et d&#039;entreprise en Pologne","potentialAction":[{"@type":"SearchAction","target":{"@type":"EntryPoint","urlTemplate":"https:\/\/printwave.pl\/fr\/?s={search_term_string}"},"query-input":{"@type":"PropertyValueSpecification","valueRequired":true,"valueName":"search_term_string"}}],"inLanguage":"fr-FR"}]}},"_links":{"self":[{"href":"https:\/\/printwave.pl\/fr\/wp-json\/wp\/v2\/product\/490021","targetHints":{"allow":["GET"]}}],"collection":[{"href":"https:\/\/printwave.pl\/fr\/wp-json\/wp\/v2\/product"}],"about":[{"href":"https:\/\/printwave.pl\/fr\/wp-json\/wp\/v2\/types\/product"}],"replies":[{"embeddable":true,"href":"https:\/\/printwave.pl\/fr\/wp-json\/wp\/v2\/comments?post=490021"}],"wp:featuredmedia":[{"embeddable":true,"href":"https:\/\/printwave.pl\/fr\/wp-json\/wp\/v2\/media\/490015"}],"wp:attachment":[{"href":"https:\/\/printwave.pl\/fr\/wp-json\/wp\/v2\/media?parent=490021"}],"wp:term":[{"taxonomy":"product_brand","embeddable":true,"href":"https:\/\/printwave.pl\/fr\/wp-json\/wp\/v2\/product_brand?post=490021"},{"taxonomy":"product_cat","embeddable":true,"href":"https:\/\/printwave.pl\/fr\/wp-json\/wp\/v2\/product_cat?post=490021"},{"taxonomy":"product_tag","embeddable":true,"href":"https:\/\/printwave.pl\/fr\/wp-json\/wp\/v2\/product_tag?post=490021"}],"curies":[{"name":"wp","href":"https:\/\/api.w.org\/{rel}","templated":true}]}}