{"id":488774,"date":"2025-01-25T09:45:33","date_gmt":"2025-01-25T08:45:33","guid":{"rendered":"https:\/\/printwave.pl\/fr\/produkt\/zepelin-jacket\/"},"modified":"2026-02-15T06:09:24","modified_gmt":"2026-02-15T05:09:24","slug":"zepelin-jacket","status":"publish","type":"product","link":"https:\/\/printwave.pl\/fr\/produkt\/zepelin-jacket\/","title":{"rendered":"Zepelin Jacket"},"content":{"rendered":"<p>\u00b765 g\/m\u00b2<br \/>\n\u00b7Ext: 100% polyester (300T, recycl\u00e9)<br \/>\n\u00b7doublure: 100% polyester<br \/>\n\u00b7r\u00e9siste au vent<br \/>\n\u00b7water repellent<br \/>\n\u00b7fermeture \u00e0 glissi\u00e8re pleine longueur avec rabat temp\u00eate<br \/>\n\u00b7poche int\u00e9rieure<br \/>\n\u00b7poches sur le c\u00f4t\u00e9 avec fermeture \u00e0 glissi\u00e8re<br \/>\n\u00b7acc\u00e8s ais\u00e9 pour la d\u00e9coration gr\u00e2ce \u00e0 une fermeture \u00e0 glissi\u00e8re \u00e0 l int\u00e9rieur<br \/>\n\u00b7coupe ajust\u00e9e.<\/p>\n","protected":false},"excerpt":{"rendered":"<p>\u00b765 g\/m\u00b2 \u00b7Ext: 100% polyester (300T, recycl\u00e9) \u00b7doublure: 100% polyester \u00b7r\u00e9siste au vent \u00b7water repellent \u00b7fermeture \u00e0 glissi\u00e8re pleine longueur<\/p>\n","protected":false},"featured_media":488767,"comment_status":"open","ping_status":"closed","template":"","meta":[],"product_brand":[],"product_cat":[128,81],"product_tag":[85,92,95,84,739,746,737,86,93],"class_list":{"0":"post-488774","1":"product","2":"type-product","3":"status-publish","4":"has-post-thumbnail","6":"product_cat-meilleures-ventes","7":"product_cat-vestes","8":"product_tag-a-longue-manche","9":"product_tag-col-montant","10":"product_tag-coupe-vent","11":"product_tag-longue-manche","12":"product_tag-vestes-capitonnees","13":"product_tag-vestes-en-duvet","14":"product_tag-vestes-entre-saisons","15":"product_tag-vetements-dexterieur","16":"product_tag-waterresistant","17":"pa_couleur-black","18":"pa_couleur-dark-olive","19":"pa_couleur-deep-navy","20":"pa_couleur-space-grey","21":"pa_details-fermeture-a-glissiere-complete","22":"pa_details-poches-de-cote-avec-fermeture-a-glissiere","23":"pa_details-set-in","24":"pa_groupe-de-produits-acces-pour-la-decoration","25":"pa_groupe-de-produits-full-zip","26":"pa_groupe-de-produits-vestes","27":"pa_manche-manches-longues","28":"pa_marque-tee-jays","29":"pa_numero-de-style-3906","30":"pa_sexe-hommes","31":"pa_taille-2xl","32":"pa_taille-3xl","33":"pa_taille-4xl","34":"pa_taille-5xl","35":"pa_taille-l","36":"pa_taille-m","37":"pa_taille-s","38":"pa_taille-xl","39":"pa_tissu-polyester","41":"first","42":"instock","43":"taxable","44":"shipping-taxable","45":"purchasable","46":"product-type-variable"},"yoast_head":"<!-- This site is optimized with the Yoast SEO Premium plugin v20.9 (Yoast SEO v26.3) - https:\/\/yoast.com\/wordpress\/plugins\/seo\/ -->\n<title>Zepelin Jacket | Printwave FR<\/title>\n<meta name=\"robots\" content=\"index, follow, max-snippet:-1, max-image-preview:large, max-video-preview:-1\" \/>\n<link rel=\"canonical\" href=\"https:\/\/printwave.pl\/fr\/produkt\/zepelin-jacket\/\" \/>\n<meta property=\"og:locale\" content=\"fr_FR\" \/>\n<meta property=\"og:type\" content=\"article\" \/>\n<meta property=\"og:title\" content=\"Zepelin Jacket\" \/>\n<meta property=\"og:description\" content=\"\u00b765 g\/m\u00b2 \u00b7Ext: 100% polyester (300T, recycl\u00e9) \u00b7doublure: 100% polyester \u00b7r\u00e9siste au vent \u00b7water repellent \u00b7fermeture \u00e0 glissi\u00e8re pleine longueur\" \/>\n<meta property=\"og:url\" content=\"https:\/\/printwave.pl\/fr\/produkt\/zepelin-jacket\/\" \/>\n<meta property=\"og:site_name\" content=\"Printwave FR\" \/>\n<meta property=\"article:modified_time\" content=\"2026-02-15T05:09:24+00:00\" \/>\n<meta property=\"og:image\" content=\"https:\/\/printwave.pl\/fr\/wp-content\/uploads\/sites\/4\/2025\/01\/481_54_101_m-2025_01.jpg\" \/>\n\t<meta property=\"og:image:width\" content=\"1024\" \/>\n\t<meta property=\"og:image:height\" content=\"1304\" \/>\n\t<meta property=\"og:image:type\" content=\"image\/jpeg\" \/>\n<meta name=\"twitter:card\" content=\"summary_large_image\" \/>\n<script type=\"application\/ld+json\" class=\"yoast-schema-graph\">{\"@context\":\"https:\/\/schema.org\",\"@graph\":[{\"@type\":\"WebPage\",\"@id\":\"https:\/\/printwave.pl\/fr\/produkt\/zepelin-jacket\/\",\"url\":\"https:\/\/printwave.pl\/fr\/produkt\/zepelin-jacket\/\",\"name\":\"Zepelin Jacket | Printwave FR\",\"isPartOf\":{\"@id\":\"https:\/\/printwave.pl\/fr\/#website\"},\"primaryImageOfPage\":{\"@id\":\"https:\/\/printwave.pl\/fr\/produkt\/zepelin-jacket\/#primaryimage\"},\"image\":{\"@id\":\"https:\/\/printwave.pl\/fr\/produkt\/zepelin-jacket\/#primaryimage\"},\"thumbnailUrl\":\"https:\/\/printwave.pl\/fr\/wp-content\/uploads\/sites\/4\/2025\/01\/481_54_101_m-2025_01.jpg\",\"datePublished\":\"2025-01-25T08:45:33+00:00\",\"dateModified\":\"2026-02-15T05:09:24+00:00\",\"breadcrumb\":{\"@id\":\"https:\/\/printwave.pl\/fr\/produkt\/zepelin-jacket\/#breadcrumb\"},\"inLanguage\":\"fr-FR\",\"potentialAction\":[{\"@type\":\"ReadAction\",\"target\":[\"https:\/\/printwave.pl\/fr\/produkt\/zepelin-jacket\/\"]}]},{\"@type\":\"ImageObject\",\"inLanguage\":\"fr-FR\",\"@id\":\"https:\/\/printwave.pl\/fr\/produkt\/zepelin-jacket\/#primaryimage\",\"url\":\"https:\/\/printwave.pl\/fr\/wp-content\/uploads\/sites\/4\/2025\/01\/481_54_101_m-2025_01.jpg\",\"contentUrl\":\"https:\/\/printwave.pl\/fr\/wp-content\/uploads\/sites\/4\/2025\/01\/481_54_101_m-2025_01.jpg\",\"width\":1024,\"height\":1304},{\"@type\":\"BreadcrumbList\",\"@id\":\"https:\/\/printwave.pl\/fr\/produkt\/zepelin-jacket\/#breadcrumb\",\"itemListElement\":[{\"@type\":\"ListItem\",\"position\":1,\"name\":\"Accueil\",\"item\":\"https:\/\/printwave.pl\/fr\/\"},{\"@type\":\"ListItem\",\"position\":2,\"name\":\"Boutique\",\"item\":\"https:\/\/printwave.pl\/fr\/boutique\/\"},{\"@type\":\"ListItem\",\"position\":3,\"name\":\"Zepelin Jacket\"}]},{\"@type\":\"WebSite\",\"@id\":\"https:\/\/printwave.pl\/fr\/#website\",\"url\":\"https:\/\/printwave.pl\/fr\/\",\"name\":\"Printwave\",\"description\":\"Votre fournisseur de v\u00eatements promotionnels et d&#039;entreprise en Pologne\",\"potentialAction\":[{\"@type\":\"SearchAction\",\"target\":{\"@type\":\"EntryPoint\",\"urlTemplate\":\"https:\/\/printwave.pl\/fr\/?s={search_term_string}\"},\"query-input\":{\"@type\":\"PropertyValueSpecification\",\"valueRequired\":true,\"valueName\":\"search_term_string\"}}],\"inLanguage\":\"fr-FR\"}]}<\/script>\n<!-- \/ Yoast SEO Premium plugin. -->","yoast_head_json":{"title":"Zepelin Jacket | Printwave FR","robots":{"index":"index","follow":"follow","max-snippet":"max-snippet:-1","max-image-preview":"max-image-preview:large","max-video-preview":"max-video-preview:-1"},"canonical":"https:\/\/printwave.pl\/fr\/produkt\/zepelin-jacket\/","og_locale":"fr_FR","og_type":"article","og_title":"Zepelin Jacket","og_description":"\u00b765 g\/m\u00b2 \u00b7Ext: 100% polyester (300T, recycl\u00e9) \u00b7doublure: 100% polyester \u00b7r\u00e9siste au vent \u00b7water repellent \u00b7fermeture \u00e0 glissi\u00e8re pleine longueur","og_url":"https:\/\/printwave.pl\/fr\/produkt\/zepelin-jacket\/","og_site_name":"Printwave FR","article_modified_time":"2026-02-15T05:09:24+00:00","og_image":[{"width":1024,"height":1304,"url":"https:\/\/printwave.pl\/fr\/wp-content\/uploads\/sites\/4\/2025\/01\/481_54_101_m-2025_01.jpg","type":"image\/jpeg"}],"twitter_card":"summary_large_image","schema":{"@context":"https:\/\/schema.org","@graph":[{"@type":"WebPage","@id":"https:\/\/printwave.pl\/fr\/produkt\/zepelin-jacket\/","url":"https:\/\/printwave.pl\/fr\/produkt\/zepelin-jacket\/","name":"Zepelin Jacket | Printwave FR","isPartOf":{"@id":"https:\/\/printwave.pl\/fr\/#website"},"primaryImageOfPage":{"@id":"https:\/\/printwave.pl\/fr\/produkt\/zepelin-jacket\/#primaryimage"},"image":{"@id":"https:\/\/printwave.pl\/fr\/produkt\/zepelin-jacket\/#primaryimage"},"thumbnailUrl":"https:\/\/printwave.pl\/fr\/wp-content\/uploads\/sites\/4\/2025\/01\/481_54_101_m-2025_01.jpg","datePublished":"2025-01-25T08:45:33+00:00","dateModified":"2026-02-15T05:09:24+00:00","breadcrumb":{"@id":"https:\/\/printwave.pl\/fr\/produkt\/zepelin-jacket\/#breadcrumb"},"inLanguage":"fr-FR","potentialAction":[{"@type":"ReadAction","target":["https:\/\/printwave.pl\/fr\/produkt\/zepelin-jacket\/"]}]},{"@type":"ImageObject","inLanguage":"fr-FR","@id":"https:\/\/printwave.pl\/fr\/produkt\/zepelin-jacket\/#primaryimage","url":"https:\/\/printwave.pl\/fr\/wp-content\/uploads\/sites\/4\/2025\/01\/481_54_101_m-2025_01.jpg","contentUrl":"https:\/\/printwave.pl\/fr\/wp-content\/uploads\/sites\/4\/2025\/01\/481_54_101_m-2025_01.jpg","width":1024,"height":1304},{"@type":"BreadcrumbList","@id":"https:\/\/printwave.pl\/fr\/produkt\/zepelin-jacket\/#breadcrumb","itemListElement":[{"@type":"ListItem","position":1,"name":"Accueil","item":"https:\/\/printwave.pl\/fr\/"},{"@type":"ListItem","position":2,"name":"Boutique","item":"https:\/\/printwave.pl\/fr\/boutique\/"},{"@type":"ListItem","position":3,"name":"Zepelin Jacket"}]},{"@type":"WebSite","@id":"https:\/\/printwave.pl\/fr\/#website","url":"https:\/\/printwave.pl\/fr\/","name":"Printwave","description":"Votre fournisseur de v\u00eatements promotionnels et d&#039;entreprise en Pologne","potentialAction":[{"@type":"SearchAction","target":{"@type":"EntryPoint","urlTemplate":"https:\/\/printwave.pl\/fr\/?s={search_term_string}"},"query-input":{"@type":"PropertyValueSpecification","valueRequired":true,"valueName":"search_term_string"}}],"inLanguage":"fr-FR"}]}},"_links":{"self":[{"href":"https:\/\/printwave.pl\/fr\/wp-json\/wp\/v2\/product\/488774","targetHints":{"allow":["GET"]}}],"collection":[{"href":"https:\/\/printwave.pl\/fr\/wp-json\/wp\/v2\/product"}],"about":[{"href":"https:\/\/printwave.pl\/fr\/wp-json\/wp\/v2\/types\/product"}],"replies":[{"embeddable":true,"href":"https:\/\/printwave.pl\/fr\/wp-json\/wp\/v2\/comments?post=488774"}],"wp:featuredmedia":[{"embeddable":true,"href":"https:\/\/printwave.pl\/fr\/wp-json\/wp\/v2\/media\/488767"}],"wp:attachment":[{"href":"https:\/\/printwave.pl\/fr\/wp-json\/wp\/v2\/media?parent=488774"}],"wp:term":[{"taxonomy":"product_brand","embeddable":true,"href":"https:\/\/printwave.pl\/fr\/wp-json\/wp\/v2\/product_brand?post=488774"},{"taxonomy":"product_cat","embeddable":true,"href":"https:\/\/printwave.pl\/fr\/wp-json\/wp\/v2\/product_cat?post=488774"},{"taxonomy":"product_tag","embeddable":true,"href":"https:\/\/printwave.pl\/fr\/wp-json\/wp\/v2\/product_tag?post=488774"}],"curies":[{"name":"wp","href":"https:\/\/api.w.org\/{rel}","templated":true}]}}