{"id":488341,"date":"2025-01-25T09:28:11","date_gmt":"2025-01-25T08:28:11","guid":{"rendered":"https:\/\/printwave.pl\/fr\/produkt\/mens-matrix-system-jacket\/"},"modified":"2026-02-15T06:07:29","modified_gmt":"2026-02-15T05:07:29","slug":"mens-matrix-system-jacket","status":"publish","type":"product","link":"https:\/\/printwave.pl\/fr\/produkt\/mens-matrix-system-jacket\/","title":{"rendered":"Men&rsquo;s Matrix System Jacket"},"content":{"rendered":"<p>\u00b7240 g\/m\u00b2<br \/>\n\u00b7100% Polyester<br \/>\n\u00b7Veste 3-en-1 imperm\u00e9able (10,000 mm) et respirante (3,000 g \/ m\u00b2)<br \/>\n\u00b7Capuche temp\u00eate amovible<br \/>\n\u00b7Fermeture \u00e9clair avec rabat temp\u00eate int\u00e9rieur<br \/>\n\u00b7Poches de poitrine et de c\u00f4t\u00e9 avec fermeture \u00e9clair imperm\u00e9able<br \/>\n\u00b7Poignets et ourlet ajustables<br \/>\n\u00b7Coutures enti\u00e8rement herm\u00e9tiques<br \/>\n\u00b7Veste int\u00e9rieure matelass\u00e9e amovible<br \/>\n\u00b7Convient aux froids extr\u00eames (0\u00b0 \u00e0 -20\u00b0C)<br \/>\n\u00b7Ce produit b\u00e9n\u00e9ficie d&rsquo;une garantie de 5 ans.<\/p>\n","protected":false},"excerpt":{"rendered":"<p>\u00b7240 g\/m\u00b2 \u00b7100% Polyester \u00b7Veste 3-en-1 imperm\u00e9able (10,000 mm) et respirante (3,000 g \/ m\u00b2) \u00b7Capuche temp\u00eate amovible \u00b7Fermeture \u00e9clair<\/p>\n","protected":false},"featured_media":488336,"comment_status":"open","ping_status":"closed","template":"","meta":[],"product_brand":[],"product_cat":[128,114,81],"product_tag":[],"class_list":{"0":"post-488341","1":"product","2":"type-product","3":"status-publish","4":"has-post-thumbnail","6":"product_cat-meilleures-ventes","7":"product_cat-softshell","8":"product_cat-vestes","9":"pa_couleur-black-bright-red","10":"pa_couleur-black-carbon","11":"pa_couleur-black-electric-blue","12":"pa_couleur-navy-navy","13":"pa_details-vestes-chaudes","14":"pa_details-vestes-protegeant-du-vent-pluie","15":"pa_groupe-de-produits-avec-capuche","16":"pa_groupe-de-produits-full-zip","17":"pa_groupe-de-produits-impermeable","18":"pa_groupe-de-produits-respirant","19":"pa_groupe-de-produits-vestes","20":"pa_manche-manches-longues","21":"pa_marque-stormtech","22":"pa_numero-de-style-3894","23":"pa_poids-a-partir-de-220-g-m","24":"pa_sexe-hommes","25":"pa_taille-2xl","26":"pa_taille-3xl","27":"pa_taille-4xl","28":"pa_taille-5xl","29":"pa_taille-l","30":"pa_taille-m","31":"pa_taille-s","32":"pa_taille-xl","33":"pa_tissu-polyester","35":"first","36":"instock","37":"taxable","38":"shipping-taxable","39":"purchasable","40":"product-type-variable"},"yoast_head":"<!-- This site is optimized with the Yoast SEO Premium plugin v20.9 (Yoast SEO v26.3) - https:\/\/yoast.com\/wordpress\/plugins\/seo\/ -->\n<title>Men&#039;s Matrix System Jacket | Printwave FR<\/title>\n<meta name=\"robots\" content=\"index, follow, max-snippet:-1, max-image-preview:large, max-video-preview:-1\" \/>\n<link rel=\"canonical\" href=\"https:\/\/printwave.pl\/fr\/produkt\/mens-matrix-system-jacket\/\" \/>\n<meta property=\"og:locale\" content=\"fr_FR\" \/>\n<meta property=\"og:type\" content=\"article\" \/>\n<meta property=\"og:title\" content=\"Men&#039;s Matrix System Jacket\" \/>\n<meta property=\"og:description\" content=\"\u00b7240 g\/m\u00b2 \u00b7100% Polyester \u00b7Veste 3-en-1 imperm\u00e9able (10,000 mm) et respirante (3,000 g \/ m\u00b2) \u00b7Capuche temp\u00eate amovible \u00b7Fermeture \u00e9clair\" \/>\n<meta property=\"og:url\" content=\"https:\/\/printwave.pl\/fr\/produkt\/mens-matrix-system-jacket\/\" \/>\n<meta property=\"og:site_name\" content=\"Printwave FR\" \/>\n<meta property=\"article:modified_time\" content=\"2026-02-15T05:07:29+00:00\" \/>\n<meta property=\"og:image\" content=\"https:\/\/printwave.pl\/fr\/wp-content\/uploads\/sites\/4\/2025\/01\/489_18__m-2024_01.jpg\" \/>\n\t<meta property=\"og:image:width\" content=\"1024\" \/>\n\t<meta property=\"og:image:height\" content=\"1304\" \/>\n\t<meta property=\"og:image:type\" content=\"image\/jpeg\" \/>\n<meta name=\"twitter:card\" content=\"summary_large_image\" \/>\n<script type=\"application\/ld+json\" class=\"yoast-schema-graph\">{\"@context\":\"https:\/\/schema.org\",\"@graph\":[{\"@type\":\"WebPage\",\"@id\":\"https:\/\/printwave.pl\/fr\/produkt\/mens-matrix-system-jacket\/\",\"url\":\"https:\/\/printwave.pl\/fr\/produkt\/mens-matrix-system-jacket\/\",\"name\":\"Men's Matrix System Jacket | Printwave FR\",\"isPartOf\":{\"@id\":\"https:\/\/printwave.pl\/fr\/#website\"},\"primaryImageOfPage\":{\"@id\":\"https:\/\/printwave.pl\/fr\/produkt\/mens-matrix-system-jacket\/#primaryimage\"},\"image\":{\"@id\":\"https:\/\/printwave.pl\/fr\/produkt\/mens-matrix-system-jacket\/#primaryimage\"},\"thumbnailUrl\":\"https:\/\/printwave.pl\/fr\/wp-content\/uploads\/sites\/4\/2025\/01\/489_18__m-2024_01.jpg\",\"datePublished\":\"2025-01-25T08:28:11+00:00\",\"dateModified\":\"2026-02-15T05:07:29+00:00\",\"breadcrumb\":{\"@id\":\"https:\/\/printwave.pl\/fr\/produkt\/mens-matrix-system-jacket\/#breadcrumb\"},\"inLanguage\":\"fr-FR\",\"potentialAction\":[{\"@type\":\"ReadAction\",\"target\":[\"https:\/\/printwave.pl\/fr\/produkt\/mens-matrix-system-jacket\/\"]}]},{\"@type\":\"ImageObject\",\"inLanguage\":\"fr-FR\",\"@id\":\"https:\/\/printwave.pl\/fr\/produkt\/mens-matrix-system-jacket\/#primaryimage\",\"url\":\"https:\/\/printwave.pl\/fr\/wp-content\/uploads\/sites\/4\/2025\/01\/489_18__m-2024_01.jpg\",\"contentUrl\":\"https:\/\/printwave.pl\/fr\/wp-content\/uploads\/sites\/4\/2025\/01\/489_18__m-2024_01.jpg\",\"width\":1024,\"height\":1304},{\"@type\":\"BreadcrumbList\",\"@id\":\"https:\/\/printwave.pl\/fr\/produkt\/mens-matrix-system-jacket\/#breadcrumb\",\"itemListElement\":[{\"@type\":\"ListItem\",\"position\":1,\"name\":\"Accueil\",\"item\":\"https:\/\/printwave.pl\/fr\/\"},{\"@type\":\"ListItem\",\"position\":2,\"name\":\"Boutique\",\"item\":\"https:\/\/printwave.pl\/fr\/boutique\/\"},{\"@type\":\"ListItem\",\"position\":3,\"name\":\"Men&rsquo;s Matrix System Jacket\"}]},{\"@type\":\"WebSite\",\"@id\":\"https:\/\/printwave.pl\/fr\/#website\",\"url\":\"https:\/\/printwave.pl\/fr\/\",\"name\":\"Printwave\",\"description\":\"Votre fournisseur de v\u00eatements promotionnels et d&#039;entreprise en Pologne\",\"potentialAction\":[{\"@type\":\"SearchAction\",\"target\":{\"@type\":\"EntryPoint\",\"urlTemplate\":\"https:\/\/printwave.pl\/fr\/?s={search_term_string}\"},\"query-input\":{\"@type\":\"PropertyValueSpecification\",\"valueRequired\":true,\"valueName\":\"search_term_string\"}}],\"inLanguage\":\"fr-FR\"}]}<\/script>\n<!-- \/ Yoast SEO Premium plugin. -->","yoast_head_json":{"title":"Men's Matrix System Jacket | Printwave FR","robots":{"index":"index","follow":"follow","max-snippet":"max-snippet:-1","max-image-preview":"max-image-preview:large","max-video-preview":"max-video-preview:-1"},"canonical":"https:\/\/printwave.pl\/fr\/produkt\/mens-matrix-system-jacket\/","og_locale":"fr_FR","og_type":"article","og_title":"Men's Matrix System Jacket","og_description":"\u00b7240 g\/m\u00b2 \u00b7100% Polyester \u00b7Veste 3-en-1 imperm\u00e9able (10,000 mm) et respirante (3,000 g \/ m\u00b2) \u00b7Capuche temp\u00eate amovible \u00b7Fermeture \u00e9clair","og_url":"https:\/\/printwave.pl\/fr\/produkt\/mens-matrix-system-jacket\/","og_site_name":"Printwave FR","article_modified_time":"2026-02-15T05:07:29+00:00","og_image":[{"width":1024,"height":1304,"url":"https:\/\/printwave.pl\/fr\/wp-content\/uploads\/sites\/4\/2025\/01\/489_18__m-2024_01.jpg","type":"image\/jpeg"}],"twitter_card":"summary_large_image","schema":{"@context":"https:\/\/schema.org","@graph":[{"@type":"WebPage","@id":"https:\/\/printwave.pl\/fr\/produkt\/mens-matrix-system-jacket\/","url":"https:\/\/printwave.pl\/fr\/produkt\/mens-matrix-system-jacket\/","name":"Men's Matrix System Jacket | Printwave FR","isPartOf":{"@id":"https:\/\/printwave.pl\/fr\/#website"},"primaryImageOfPage":{"@id":"https:\/\/printwave.pl\/fr\/produkt\/mens-matrix-system-jacket\/#primaryimage"},"image":{"@id":"https:\/\/printwave.pl\/fr\/produkt\/mens-matrix-system-jacket\/#primaryimage"},"thumbnailUrl":"https:\/\/printwave.pl\/fr\/wp-content\/uploads\/sites\/4\/2025\/01\/489_18__m-2024_01.jpg","datePublished":"2025-01-25T08:28:11+00:00","dateModified":"2026-02-15T05:07:29+00:00","breadcrumb":{"@id":"https:\/\/printwave.pl\/fr\/produkt\/mens-matrix-system-jacket\/#breadcrumb"},"inLanguage":"fr-FR","potentialAction":[{"@type":"ReadAction","target":["https:\/\/printwave.pl\/fr\/produkt\/mens-matrix-system-jacket\/"]}]},{"@type":"ImageObject","inLanguage":"fr-FR","@id":"https:\/\/printwave.pl\/fr\/produkt\/mens-matrix-system-jacket\/#primaryimage","url":"https:\/\/printwave.pl\/fr\/wp-content\/uploads\/sites\/4\/2025\/01\/489_18__m-2024_01.jpg","contentUrl":"https:\/\/printwave.pl\/fr\/wp-content\/uploads\/sites\/4\/2025\/01\/489_18__m-2024_01.jpg","width":1024,"height":1304},{"@type":"BreadcrumbList","@id":"https:\/\/printwave.pl\/fr\/produkt\/mens-matrix-system-jacket\/#breadcrumb","itemListElement":[{"@type":"ListItem","position":1,"name":"Accueil","item":"https:\/\/printwave.pl\/fr\/"},{"@type":"ListItem","position":2,"name":"Boutique","item":"https:\/\/printwave.pl\/fr\/boutique\/"},{"@type":"ListItem","position":3,"name":"Men&rsquo;s Matrix System Jacket"}]},{"@type":"WebSite","@id":"https:\/\/printwave.pl\/fr\/#website","url":"https:\/\/printwave.pl\/fr\/","name":"Printwave","description":"Votre fournisseur de v\u00eatements promotionnels et d&#039;entreprise en Pologne","potentialAction":[{"@type":"SearchAction","target":{"@type":"EntryPoint","urlTemplate":"https:\/\/printwave.pl\/fr\/?s={search_term_string}"},"query-input":{"@type":"PropertyValueSpecification","valueRequired":true,"valueName":"search_term_string"}}],"inLanguage":"fr-FR"}]}},"_links":{"self":[{"href":"https:\/\/printwave.pl\/fr\/wp-json\/wp\/v2\/product\/488341","targetHints":{"allow":["GET"]}}],"collection":[{"href":"https:\/\/printwave.pl\/fr\/wp-json\/wp\/v2\/product"}],"about":[{"href":"https:\/\/printwave.pl\/fr\/wp-json\/wp\/v2\/types\/product"}],"replies":[{"embeddable":true,"href":"https:\/\/printwave.pl\/fr\/wp-json\/wp\/v2\/comments?post=488341"}],"wp:featuredmedia":[{"embeddable":true,"href":"https:\/\/printwave.pl\/fr\/wp-json\/wp\/v2\/media\/488336"}],"wp:attachment":[{"href":"https:\/\/printwave.pl\/fr\/wp-json\/wp\/v2\/media?parent=488341"}],"wp:term":[{"taxonomy":"product_brand","embeddable":true,"href":"https:\/\/printwave.pl\/fr\/wp-json\/wp\/v2\/product_brand?post=488341"},{"taxonomy":"product_cat","embeddable":true,"href":"https:\/\/printwave.pl\/fr\/wp-json\/wp\/v2\/product_cat?post=488341"},{"taxonomy":"product_tag","embeddable":true,"href":"https:\/\/printwave.pl\/fr\/wp-json\/wp\/v2\/product_tag?post=488341"}],"curies":[{"name":"wp","href":"https:\/\/api.w.org\/{rel}","templated":true}]}}