{"id":486511,"date":"2025-01-25T08:28:33","date_gmt":"2025-01-25T07:28:33","guid":{"rendered":"https:\/\/printwave.pl\/fr\/produkt\/authentic-eco-polo\/"},"modified":"2026-02-15T06:05:06","modified_gmt":"2026-02-15T05:05:06","slug":"authentic-eco-polo","status":"publish","type":"product","link":"https:\/\/printwave.pl\/fr\/produkt\/authentic-eco-polo\/","title":{"rendered":"Authentic Eco Polo"},"content":{"rendered":"<p>\u00b7180 g\/m\u00b2<br \/>\n\u00b7White: 170 g\/m\u00b2<br \/>\n\u00b765% polyester (recycl\u00e9), 35% coton, ringspun<br \/>\n\u00b7Col et poignets en tricot c\u00f4tel\u00e9<br \/>\n\u00b7Patte de boutonnage \u00e0 2 boutons assortis<br \/>\n\u00b7Coutures d&rsquo;\u00e9paules renforc\u00e9es avec bande de propret\u00e9 au niveau du cou<br \/>\n\u00b7Lavable jusqu&rsquo;\u00e0 60\u00b0C<br \/>\n\u00b7\u00c9tiquette d\u00e9tachable<br \/>\n\u00b7Coupe classique.<\/p>\n","protected":false},"excerpt":{"rendered":"<p>\u00b7180 g\/m\u00b2 \u00b7White: 170 g\/m\u00b2 \u00b765% polyester (recycl\u00e9), 35% coton, ringspun \u00b7Col et poignets en tricot c\u00f4tel\u00e9 \u00b7Patte de boutonnage<\/p>\n","protected":false},"featured_media":486510,"comment_status":"open","ping_status":"closed","template":"","meta":[],"product_brand":[],"product_cat":[154,594,60],"product_tag":[],"class_list":{"0":"post-486511","1":"product","2":"type-product","3":"status-publish","4":"has-post-thumbnail","6":"product_cat-all-eco","7":"product_cat-polos","8":"product_cat-recycled","9":"pa_couleur-black","10":"pa_couleur-bottle-green","11":"pa_couleur-bright-royal","12":"pa_couleur-classic-red","13":"pa_couleur-convoy-grey","14":"pa_couleur-french-navy","15":"pa_couleur-petrol-blue","16":"pa_couleur-sky","17":"pa_couleur-white","18":"pa_eco-recycle","19":"pa_groupe-de-produits-lavable-jusqua-60","20":"pa_groupe-de-produits-polos","21":"pa_manche-manches-courtes","22":"pa_marque-russell","23":"pa_numero-de-style-3875","24":"pa_poids-170-199-g-m","25":"pa_sexe-unisexe","26":"pa_taille-2xl","27":"pa_taille-3xl","28":"pa_taille-l","29":"pa_taille-m","30":"pa_taille-s","31":"pa_taille-xl","32":"pa_taille-xs","33":"pa_tissu-melange-de-tissu","35":"first","36":"instock","37":"taxable","38":"shipping-taxable","39":"purchasable","40":"product-type-variable"},"yoast_head":"<!-- This site is optimized with the Yoast SEO Premium plugin v20.9 (Yoast SEO v26.3) - https:\/\/yoast.com\/wordpress\/plugins\/seo\/ -->\n<title>Authentic Eco Polo | Printwave FR<\/title>\n<meta name=\"robots\" content=\"index, follow, max-snippet:-1, max-image-preview:large, max-video-preview:-1\" \/>\n<link rel=\"canonical\" href=\"https:\/\/printwave.pl\/fr\/produkt\/authentic-eco-polo\/\" \/>\n<meta property=\"og:locale\" content=\"fr_FR\" \/>\n<meta property=\"og:type\" content=\"article\" \/>\n<meta property=\"og:title\" content=\"Authentic Eco Polo\" \/>\n<meta property=\"og:description\" content=\"\u00b7180 g\/m\u00b2 \u00b7White: 170 g\/m\u00b2 \u00b765% polyester (recycl\u00e9), 35% coton, ringspun \u00b7Col et poignets en tricot c\u00f4tel\u00e9 \u00b7Patte de boutonnage\" \/>\n<meta property=\"og:url\" content=\"https:\/\/printwave.pl\/fr\/produkt\/authentic-eco-polo\/\" \/>\n<meta property=\"og:site_name\" content=\"Printwave FR\" \/>\n<meta property=\"article:modified_time\" content=\"2026-02-15T05:05:06+00:00\" \/>\n<meta property=\"og:image\" content=\"https:\/\/printwave.pl\/fr\/wp-content\/uploads\/sites\/4\/2025\/01\/501_00_209_m-2024_01.jpg\" \/>\n\t<meta property=\"og:image:width\" content=\"1024\" \/>\n\t<meta property=\"og:image:height\" content=\"1304\" \/>\n\t<meta property=\"og:image:type\" content=\"image\/jpeg\" \/>\n<meta name=\"twitter:card\" content=\"summary_large_image\" \/>\n<script type=\"application\/ld+json\" class=\"yoast-schema-graph\">{\"@context\":\"https:\/\/schema.org\",\"@graph\":[{\"@type\":\"WebPage\",\"@id\":\"https:\/\/printwave.pl\/fr\/produkt\/authentic-eco-polo\/\",\"url\":\"https:\/\/printwave.pl\/fr\/produkt\/authentic-eco-polo\/\",\"name\":\"Authentic Eco Polo | Printwave FR\",\"isPartOf\":{\"@id\":\"https:\/\/printwave.pl\/fr\/#website\"},\"primaryImageOfPage\":{\"@id\":\"https:\/\/printwave.pl\/fr\/produkt\/authentic-eco-polo\/#primaryimage\"},\"image\":{\"@id\":\"https:\/\/printwave.pl\/fr\/produkt\/authentic-eco-polo\/#primaryimage\"},\"thumbnailUrl\":\"https:\/\/printwave.pl\/fr\/wp-content\/uploads\/sites\/4\/2025\/01\/501_00_209_m-2024_01.jpg\",\"datePublished\":\"2025-01-25T07:28:33+00:00\",\"dateModified\":\"2026-02-15T05:05:06+00:00\",\"breadcrumb\":{\"@id\":\"https:\/\/printwave.pl\/fr\/produkt\/authentic-eco-polo\/#breadcrumb\"},\"inLanguage\":\"fr-FR\",\"potentialAction\":[{\"@type\":\"ReadAction\",\"target\":[\"https:\/\/printwave.pl\/fr\/produkt\/authentic-eco-polo\/\"]}]},{\"@type\":\"ImageObject\",\"inLanguage\":\"fr-FR\",\"@id\":\"https:\/\/printwave.pl\/fr\/produkt\/authentic-eco-polo\/#primaryimage\",\"url\":\"https:\/\/printwave.pl\/fr\/wp-content\/uploads\/sites\/4\/2025\/01\/501_00_209_m-2024_01.jpg\",\"contentUrl\":\"https:\/\/printwave.pl\/fr\/wp-content\/uploads\/sites\/4\/2025\/01\/501_00_209_m-2024_01.jpg\",\"width\":1024,\"height\":1304},{\"@type\":\"BreadcrumbList\",\"@id\":\"https:\/\/printwave.pl\/fr\/produkt\/authentic-eco-polo\/#breadcrumb\",\"itemListElement\":[{\"@type\":\"ListItem\",\"position\":1,\"name\":\"Accueil\",\"item\":\"https:\/\/printwave.pl\/fr\/\"},{\"@type\":\"ListItem\",\"position\":2,\"name\":\"Boutique\",\"item\":\"https:\/\/printwave.pl\/fr\/boutique\/\"},{\"@type\":\"ListItem\",\"position\":3,\"name\":\"Authentic Eco Polo\"}]},{\"@type\":\"WebSite\",\"@id\":\"https:\/\/printwave.pl\/fr\/#website\",\"url\":\"https:\/\/printwave.pl\/fr\/\",\"name\":\"Printwave\",\"description\":\"Votre fournisseur de v\u00eatements promotionnels et d&#039;entreprise en Pologne\",\"potentialAction\":[{\"@type\":\"SearchAction\",\"target\":{\"@type\":\"EntryPoint\",\"urlTemplate\":\"https:\/\/printwave.pl\/fr\/?s={search_term_string}\"},\"query-input\":{\"@type\":\"PropertyValueSpecification\",\"valueRequired\":true,\"valueName\":\"search_term_string\"}}],\"inLanguage\":\"fr-FR\"}]}<\/script>\n<!-- \/ Yoast SEO Premium plugin. -->","yoast_head_json":{"title":"Authentic Eco Polo | Printwave FR","robots":{"index":"index","follow":"follow","max-snippet":"max-snippet:-1","max-image-preview":"max-image-preview:large","max-video-preview":"max-video-preview:-1"},"canonical":"https:\/\/printwave.pl\/fr\/produkt\/authentic-eco-polo\/","og_locale":"fr_FR","og_type":"article","og_title":"Authentic Eco Polo","og_description":"\u00b7180 g\/m\u00b2 \u00b7White: 170 g\/m\u00b2 \u00b765% polyester (recycl\u00e9), 35% coton, ringspun \u00b7Col et poignets en tricot c\u00f4tel\u00e9 \u00b7Patte de boutonnage","og_url":"https:\/\/printwave.pl\/fr\/produkt\/authentic-eco-polo\/","og_site_name":"Printwave FR","article_modified_time":"2026-02-15T05:05:06+00:00","og_image":[{"width":1024,"height":1304,"url":"https:\/\/printwave.pl\/fr\/wp-content\/uploads\/sites\/4\/2025\/01\/501_00_209_m-2024_01.jpg","type":"image\/jpeg"}],"twitter_card":"summary_large_image","schema":{"@context":"https:\/\/schema.org","@graph":[{"@type":"WebPage","@id":"https:\/\/printwave.pl\/fr\/produkt\/authentic-eco-polo\/","url":"https:\/\/printwave.pl\/fr\/produkt\/authentic-eco-polo\/","name":"Authentic Eco Polo | Printwave FR","isPartOf":{"@id":"https:\/\/printwave.pl\/fr\/#website"},"primaryImageOfPage":{"@id":"https:\/\/printwave.pl\/fr\/produkt\/authentic-eco-polo\/#primaryimage"},"image":{"@id":"https:\/\/printwave.pl\/fr\/produkt\/authentic-eco-polo\/#primaryimage"},"thumbnailUrl":"https:\/\/printwave.pl\/fr\/wp-content\/uploads\/sites\/4\/2025\/01\/501_00_209_m-2024_01.jpg","datePublished":"2025-01-25T07:28:33+00:00","dateModified":"2026-02-15T05:05:06+00:00","breadcrumb":{"@id":"https:\/\/printwave.pl\/fr\/produkt\/authentic-eco-polo\/#breadcrumb"},"inLanguage":"fr-FR","potentialAction":[{"@type":"ReadAction","target":["https:\/\/printwave.pl\/fr\/produkt\/authentic-eco-polo\/"]}]},{"@type":"ImageObject","inLanguage":"fr-FR","@id":"https:\/\/printwave.pl\/fr\/produkt\/authentic-eco-polo\/#primaryimage","url":"https:\/\/printwave.pl\/fr\/wp-content\/uploads\/sites\/4\/2025\/01\/501_00_209_m-2024_01.jpg","contentUrl":"https:\/\/printwave.pl\/fr\/wp-content\/uploads\/sites\/4\/2025\/01\/501_00_209_m-2024_01.jpg","width":1024,"height":1304},{"@type":"BreadcrumbList","@id":"https:\/\/printwave.pl\/fr\/produkt\/authentic-eco-polo\/#breadcrumb","itemListElement":[{"@type":"ListItem","position":1,"name":"Accueil","item":"https:\/\/printwave.pl\/fr\/"},{"@type":"ListItem","position":2,"name":"Boutique","item":"https:\/\/printwave.pl\/fr\/boutique\/"},{"@type":"ListItem","position":3,"name":"Authentic Eco Polo"}]},{"@type":"WebSite","@id":"https:\/\/printwave.pl\/fr\/#website","url":"https:\/\/printwave.pl\/fr\/","name":"Printwave","description":"Votre fournisseur de v\u00eatements promotionnels et d&#039;entreprise en Pologne","potentialAction":[{"@type":"SearchAction","target":{"@type":"EntryPoint","urlTemplate":"https:\/\/printwave.pl\/fr\/?s={search_term_string}"},"query-input":{"@type":"PropertyValueSpecification","valueRequired":true,"valueName":"search_term_string"}}],"inLanguage":"fr-FR"}]}},"_links":{"self":[{"href":"https:\/\/printwave.pl\/fr\/wp-json\/wp\/v2\/product\/486511","targetHints":{"allow":["GET"]}}],"collection":[{"href":"https:\/\/printwave.pl\/fr\/wp-json\/wp\/v2\/product"}],"about":[{"href":"https:\/\/printwave.pl\/fr\/wp-json\/wp\/v2\/types\/product"}],"replies":[{"embeddable":true,"href":"https:\/\/printwave.pl\/fr\/wp-json\/wp\/v2\/comments?post=486511"}],"wp:featuredmedia":[{"embeddable":true,"href":"https:\/\/printwave.pl\/fr\/wp-json\/wp\/v2\/media\/486510"}],"wp:attachment":[{"href":"https:\/\/printwave.pl\/fr\/wp-json\/wp\/v2\/media?parent=486511"}],"wp:term":[{"taxonomy":"product_brand","embeddable":true,"href":"https:\/\/printwave.pl\/fr\/wp-json\/wp\/v2\/product_brand?post=486511"},{"taxonomy":"product_cat","embeddable":true,"href":"https:\/\/printwave.pl\/fr\/wp-json\/wp\/v2\/product_cat?post=486511"},{"taxonomy":"product_tag","embeddable":true,"href":"https:\/\/printwave.pl\/fr\/wp-json\/wp\/v2\/product_tag?post=486511"}],"curies":[{"name":"wp","href":"https:\/\/api.w.org\/{rel}","templated":true}]}}