{"id":484274,"date":"2025-01-25T07:25:29","date_gmt":"2025-01-25T06:25:29","guid":{"rendered":"https:\/\/printwave.pl\/fr\/produkt\/mens-pure-organic-polo\/"},"modified":"2026-02-15T06:02:26","modified_gmt":"2026-02-15T05:02:26","slug":"mens-pure-organic-polo","status":"publish","type":"product","link":"https:\/\/printwave.pl\/fr\/produkt\/mens-pure-organic-polo\/","title":{"rendered":"Men&rsquo;s Pure Organic Polo"},"content":{"rendered":"<p>\u00b7215 g\/m\u00b2<br \/>\n\u00b7100% coton peign\u00e9 et ring-spun (biologique)<br \/>\n\u00b7Piqu\u00e9<br \/>\n\u00b7Surface lisse et uniforme pour de meilleurs r\u00e9sultats d&rsquo;impression<br \/>\n\u00b7Bande de propret\u00e9 \u00e0 chevron<br \/>\n\u00b7Col d\u00e9chir\u00e9 avec patte de boutonnage \u00e0 3 boutons<br \/>\n\u00b7Boutons assortis<br \/>\n\u00b7Poignets d\u00e9chir\u00e9s<br \/>\n\u00b7Coutures lat\u00e9rales<br \/>\n\u00b7Sans \u00e9tiquette<br \/>\n\u00b7Coupe contemporaine<\/p>\n","protected":false},"excerpt":{"rendered":"<p>\u00b7215 g\/m\u00b2 \u00b7100% coton peign\u00e9 et ring-spun (biologique) \u00b7Piqu\u00e9 \u00b7Surface lisse et uniforme pour de meilleurs r\u00e9sultats d&rsquo;impression \u00b7Bande de<\/p>\n","protected":false},"featured_media":484268,"comment_status":"open","ping_status":"closed","template":"","meta":[],"product_brand":[],"product_cat":[154,354,162,594],"product_tag":[],"class_list":{"0":"post-484274","1":"product","2":"type-product","3":"status-publish","4":"has-post-thumbnail","6":"product_cat-all-eco","7":"product_cat-eco-responsable","8":"product_cat-organic","9":"product_cat-polos","10":"pa_couleur-aqua","11":"pa_couleur-black","12":"pa_couleur-burgundy","13":"pa_couleur-dark-olive","14":"pa_couleur-french-navy","15":"pa_couleur-natural","16":"pa_couleur-stone","17":"pa_couleur-white","18":"pa_eco-organique","19":"pa_groupe-de-produits-polos","20":"pa_manche-manches-courtes","21":"pa_marque-russell-pure-organic","22":"pa_numero-de-style-3853","23":"pa_poids-200-219-g-m","24":"pa_sexe-hommes","25":"pa_taille-2xl","26":"pa_taille-3xl","27":"pa_taille-l","28":"pa_taille-m","29":"pa_taille-s","30":"pa_taille-xl","31":"pa_tissu-organiques","33":"first","34":"instock","35":"taxable","36":"shipping-taxable","37":"purchasable","38":"product-type-variable"},"yoast_head":"<!-- This site is optimized with the Yoast SEO Premium plugin v20.9 (Yoast SEO v26.3) - https:\/\/yoast.com\/wordpress\/plugins\/seo\/ -->\n<title>Men&#039;s Pure Organic Polo | Printwave FR<\/title>\n<meta name=\"robots\" content=\"index, follow, max-snippet:-1, max-image-preview:large, max-video-preview:-1\" \/>\n<link rel=\"canonical\" href=\"https:\/\/printwave.pl\/fr\/produkt\/mens-pure-organic-polo\/\" \/>\n<meta property=\"og:locale\" content=\"fr_FR\" \/>\n<meta property=\"og:type\" content=\"article\" \/>\n<meta property=\"og:title\" content=\"Men&#039;s Pure Organic Polo\" \/>\n<meta property=\"og:description\" content=\"\u00b7215 g\/m\u00b2 \u00b7100% coton peign\u00e9 et ring-spun (biologique) \u00b7Piqu\u00e9 \u00b7Surface lisse et uniforme pour de meilleurs r\u00e9sultats d&rsquo;impression \u00b7Bande de\" \/>\n<meta property=\"og:url\" content=\"https:\/\/printwave.pl\/fr\/produkt\/mens-pure-organic-polo\/\" \/>\n<meta property=\"og:site_name\" content=\"Printwave FR\" \/>\n<meta property=\"article:modified_time\" content=\"2026-02-15T05:02:26+00:00\" \/>\n<meta property=\"og:image\" content=\"https:\/\/printwave.pl\/fr\/wp-content\/uploads\/sites\/4\/2025\/01\/505_00_448_m-2023_01.jpg\" \/>\n\t<meta property=\"og:image:width\" content=\"1024\" \/>\n\t<meta property=\"og:image:height\" content=\"1304\" \/>\n\t<meta property=\"og:image:type\" content=\"image\/jpeg\" \/>\n<meta name=\"twitter:card\" content=\"summary_large_image\" \/>\n<script type=\"application\/ld+json\" class=\"yoast-schema-graph\">{\"@context\":\"https:\/\/schema.org\",\"@graph\":[{\"@type\":\"WebPage\",\"@id\":\"https:\/\/printwave.pl\/fr\/produkt\/mens-pure-organic-polo\/\",\"url\":\"https:\/\/printwave.pl\/fr\/produkt\/mens-pure-organic-polo\/\",\"name\":\"Men's Pure Organic Polo | Printwave FR\",\"isPartOf\":{\"@id\":\"https:\/\/printwave.pl\/fr\/#website\"},\"primaryImageOfPage\":{\"@id\":\"https:\/\/printwave.pl\/fr\/produkt\/mens-pure-organic-polo\/#primaryimage\"},\"image\":{\"@id\":\"https:\/\/printwave.pl\/fr\/produkt\/mens-pure-organic-polo\/#primaryimage\"},\"thumbnailUrl\":\"https:\/\/printwave.pl\/fr\/wp-content\/uploads\/sites\/4\/2025\/01\/505_00_448_m-2023_01.jpg\",\"datePublished\":\"2025-01-25T06:25:29+00:00\",\"dateModified\":\"2026-02-15T05:02:26+00:00\",\"breadcrumb\":{\"@id\":\"https:\/\/printwave.pl\/fr\/produkt\/mens-pure-organic-polo\/#breadcrumb\"},\"inLanguage\":\"fr-FR\",\"potentialAction\":[{\"@type\":\"ReadAction\",\"target\":[\"https:\/\/printwave.pl\/fr\/produkt\/mens-pure-organic-polo\/\"]}]},{\"@type\":\"ImageObject\",\"inLanguage\":\"fr-FR\",\"@id\":\"https:\/\/printwave.pl\/fr\/produkt\/mens-pure-organic-polo\/#primaryimage\",\"url\":\"https:\/\/printwave.pl\/fr\/wp-content\/uploads\/sites\/4\/2025\/01\/505_00_448_m-2023_01.jpg\",\"contentUrl\":\"https:\/\/printwave.pl\/fr\/wp-content\/uploads\/sites\/4\/2025\/01\/505_00_448_m-2023_01.jpg\",\"width\":1024,\"height\":1304},{\"@type\":\"BreadcrumbList\",\"@id\":\"https:\/\/printwave.pl\/fr\/produkt\/mens-pure-organic-polo\/#breadcrumb\",\"itemListElement\":[{\"@type\":\"ListItem\",\"position\":1,\"name\":\"Accueil\",\"item\":\"https:\/\/printwave.pl\/fr\/\"},{\"@type\":\"ListItem\",\"position\":2,\"name\":\"Boutique\",\"item\":\"https:\/\/printwave.pl\/fr\/boutique\/\"},{\"@type\":\"ListItem\",\"position\":3,\"name\":\"Men&rsquo;s Pure Organic Polo\"}]},{\"@type\":\"WebSite\",\"@id\":\"https:\/\/printwave.pl\/fr\/#website\",\"url\":\"https:\/\/printwave.pl\/fr\/\",\"name\":\"Printwave\",\"description\":\"Votre fournisseur de v\u00eatements promotionnels et d&#039;entreprise en Pologne\",\"potentialAction\":[{\"@type\":\"SearchAction\",\"target\":{\"@type\":\"EntryPoint\",\"urlTemplate\":\"https:\/\/printwave.pl\/fr\/?s={search_term_string}\"},\"query-input\":{\"@type\":\"PropertyValueSpecification\",\"valueRequired\":true,\"valueName\":\"search_term_string\"}}],\"inLanguage\":\"fr-FR\"}]}<\/script>\n<!-- \/ Yoast SEO Premium plugin. -->","yoast_head_json":{"title":"Men's Pure Organic Polo | Printwave FR","robots":{"index":"index","follow":"follow","max-snippet":"max-snippet:-1","max-image-preview":"max-image-preview:large","max-video-preview":"max-video-preview:-1"},"canonical":"https:\/\/printwave.pl\/fr\/produkt\/mens-pure-organic-polo\/","og_locale":"fr_FR","og_type":"article","og_title":"Men's Pure Organic Polo","og_description":"\u00b7215 g\/m\u00b2 \u00b7100% coton peign\u00e9 et ring-spun (biologique) \u00b7Piqu\u00e9 \u00b7Surface lisse et uniforme pour de meilleurs r\u00e9sultats d&rsquo;impression \u00b7Bande de","og_url":"https:\/\/printwave.pl\/fr\/produkt\/mens-pure-organic-polo\/","og_site_name":"Printwave FR","article_modified_time":"2026-02-15T05:02:26+00:00","og_image":[{"width":1024,"height":1304,"url":"https:\/\/printwave.pl\/fr\/wp-content\/uploads\/sites\/4\/2025\/01\/505_00_448_m-2023_01.jpg","type":"image\/jpeg"}],"twitter_card":"summary_large_image","schema":{"@context":"https:\/\/schema.org","@graph":[{"@type":"WebPage","@id":"https:\/\/printwave.pl\/fr\/produkt\/mens-pure-organic-polo\/","url":"https:\/\/printwave.pl\/fr\/produkt\/mens-pure-organic-polo\/","name":"Men's Pure Organic Polo | Printwave FR","isPartOf":{"@id":"https:\/\/printwave.pl\/fr\/#website"},"primaryImageOfPage":{"@id":"https:\/\/printwave.pl\/fr\/produkt\/mens-pure-organic-polo\/#primaryimage"},"image":{"@id":"https:\/\/printwave.pl\/fr\/produkt\/mens-pure-organic-polo\/#primaryimage"},"thumbnailUrl":"https:\/\/printwave.pl\/fr\/wp-content\/uploads\/sites\/4\/2025\/01\/505_00_448_m-2023_01.jpg","datePublished":"2025-01-25T06:25:29+00:00","dateModified":"2026-02-15T05:02:26+00:00","breadcrumb":{"@id":"https:\/\/printwave.pl\/fr\/produkt\/mens-pure-organic-polo\/#breadcrumb"},"inLanguage":"fr-FR","potentialAction":[{"@type":"ReadAction","target":["https:\/\/printwave.pl\/fr\/produkt\/mens-pure-organic-polo\/"]}]},{"@type":"ImageObject","inLanguage":"fr-FR","@id":"https:\/\/printwave.pl\/fr\/produkt\/mens-pure-organic-polo\/#primaryimage","url":"https:\/\/printwave.pl\/fr\/wp-content\/uploads\/sites\/4\/2025\/01\/505_00_448_m-2023_01.jpg","contentUrl":"https:\/\/printwave.pl\/fr\/wp-content\/uploads\/sites\/4\/2025\/01\/505_00_448_m-2023_01.jpg","width":1024,"height":1304},{"@type":"BreadcrumbList","@id":"https:\/\/printwave.pl\/fr\/produkt\/mens-pure-organic-polo\/#breadcrumb","itemListElement":[{"@type":"ListItem","position":1,"name":"Accueil","item":"https:\/\/printwave.pl\/fr\/"},{"@type":"ListItem","position":2,"name":"Boutique","item":"https:\/\/printwave.pl\/fr\/boutique\/"},{"@type":"ListItem","position":3,"name":"Men&rsquo;s Pure Organic Polo"}]},{"@type":"WebSite","@id":"https:\/\/printwave.pl\/fr\/#website","url":"https:\/\/printwave.pl\/fr\/","name":"Printwave","description":"Votre fournisseur de v\u00eatements promotionnels et d&#039;entreprise en Pologne","potentialAction":[{"@type":"SearchAction","target":{"@type":"EntryPoint","urlTemplate":"https:\/\/printwave.pl\/fr\/?s={search_term_string}"},"query-input":{"@type":"PropertyValueSpecification","valueRequired":true,"valueName":"search_term_string"}}],"inLanguage":"fr-FR"}]}},"_links":{"self":[{"href":"https:\/\/printwave.pl\/fr\/wp-json\/wp\/v2\/product\/484274","targetHints":{"allow":["GET"]}}],"collection":[{"href":"https:\/\/printwave.pl\/fr\/wp-json\/wp\/v2\/product"}],"about":[{"href":"https:\/\/printwave.pl\/fr\/wp-json\/wp\/v2\/types\/product"}],"replies":[{"embeddable":true,"href":"https:\/\/printwave.pl\/fr\/wp-json\/wp\/v2\/comments?post=484274"}],"wp:featuredmedia":[{"embeddable":true,"href":"https:\/\/printwave.pl\/fr\/wp-json\/wp\/v2\/media\/484268"}],"wp:attachment":[{"href":"https:\/\/printwave.pl\/fr\/wp-json\/wp\/v2\/media?parent=484274"}],"wp:term":[{"taxonomy":"product_brand","embeddable":true,"href":"https:\/\/printwave.pl\/fr\/wp-json\/wp\/v2\/product_brand?post=484274"},{"taxonomy":"product_cat","embeddable":true,"href":"https:\/\/printwave.pl\/fr\/wp-json\/wp\/v2\/product_cat?post=484274"},{"taxonomy":"product_tag","embeddable":true,"href":"https:\/\/printwave.pl\/fr\/wp-json\/wp\/v2\/product_tag?post=484274"}],"curies":[{"name":"wp","href":"https:\/\/api.w.org\/{rel}","templated":true}]}}