{"id":482738,"date":"2025-01-25T06:43:34","date_gmt":"2025-01-25T05:43:34","guid":{"rendered":"https:\/\/printwave.pl\/fr\/produkt\/classic-fit-cooltex-contrast-polo-shirt\/"},"modified":"2026-02-15T06:00:54","modified_gmt":"2026-02-15T05:00:54","slug":"classic-fit-cooltex-contrast-polo-shirt","status":"publish","type":"product","link":"https:\/\/printwave.pl\/fr\/produkt\/classic-fit-cooltex-contrast-polo-shirt\/","title":{"rendered":"Classic Fit Cooltex\u00ae Contrast Polo Shirt"},"content":{"rendered":"<p>\u00b7140 g\/m\u00b2<br \/>\n\u00b7100% polyester<br \/>\n\u00b7respirant<br \/>\n\u00b7bord c\u00f4te 1&#215;1 plat<br \/>\n\u00b7patte de boutonnage 3 boutons<br \/>\n\u00b7\u00e9tiquette Gamegear\u00ae\/Cooltex\u00ae imprim\u00e9e \u00e0 l int\u00e9rieur de l encolure dos<br \/>\n\u00b7biais blanc contrast\u00e9 au centre de la manche, sous-bras et c\u00f4t\u00e9<br \/>\n\u00b7\u00e9tiquette Cooltex\u00ae tiss\u00e9e sur la couture ext\u00e9rieure.<\/p>\n","protected":false},"excerpt":{"rendered":"<p>\u00b7140 g\/m\u00b2 \u00b7100% polyester \u00b7respirant \u00b7bord c\u00f4te 1&#215;1 plat \u00b7patte de boutonnage 3 boutons \u00b7\u00e9tiquette Gamegear\u00ae\/Cooltex\u00ae imprim\u00e9e \u00e0 l int\u00e9rieur<\/p>\n","protected":false},"featured_media":482737,"comment_status":"open","ping_status":"closed","template":"","meta":[],"product_brand":[],"product_cat":[594,293],"product_tag":[460,144,1348,579,1316,1373,960,1346,959,86,1437,294,295,1347],"class_list":{"0":"post-482738","1":"product","2":"type-product","3":"status-publish","4":"has-post-thumbnail","6":"product_cat-polos","7":"product_cat-sports-et-loisirs","8":"product_tag-2-couleurs","9":"product_tag-a-manche-courte","10":"product_tag-chemises-fonctionnelles","11":"product_tag-manche-courte","12":"product_tag-polos-respirants","13":"product_tag-sans-etiquette","14":"product_tag-textiles-dequipe","15":"product_tag-textiles-fonctionnels","16":"product_tag-vetements-dequipe","17":"product_tag-vetements-dexterieur","18":"product_tag-vetements-de-sp","19":"product_tag-vetements-de-sport","20":"product_tag-vetements-de-sports","21":"product_tag-vetements-fonctionnels","22":"pa_certificats-oeko-tex-standard-100","23":"pa_certificats-wrap","24":"pa_couleur-black-grey","25":"pa_couleur-black-orange","26":"pa_groupe-de-produits-polos","27":"pa_groupe-de-produits-sport-fitness","28":"pa_manche-manches-courtes","29":"pa_marque-gamegear","30":"pa_numero-de-style-3834","31":"pa_poids-140-169-g-m","32":"pa_sexe-hommes","33":"pa_taille-m","34":"pa_taille-s","35":"pa_tissu-polyester","37":"first","38":"instock","39":"taxable","40":"shipping-taxable","41":"purchasable","42":"product-type-variable"},"yoast_head":"<!-- This site is optimized with the Yoast SEO Premium plugin v20.9 (Yoast SEO v26.3) - https:\/\/yoast.com\/wordpress\/plugins\/seo\/ -->\n<title>Classic Fit Cooltex\u00ae Contrast Polo Shirt | Printwave FR<\/title>\n<meta name=\"robots\" content=\"index, follow, max-snippet:-1, max-image-preview:large, max-video-preview:-1\" \/>\n<link rel=\"canonical\" href=\"https:\/\/printwave.pl\/fr\/produkt\/classic-fit-cooltex-contrast-polo-shirt\/\" \/>\n<meta property=\"og:locale\" content=\"fr_FR\" \/>\n<meta property=\"og:type\" content=\"article\" \/>\n<meta property=\"og:title\" content=\"Classic Fit Cooltex\u00ae Contrast Polo Shirt\" \/>\n<meta property=\"og:description\" content=\"\u00b7140 g\/m\u00b2 \u00b7100% polyester \u00b7respirant \u00b7bord c\u00f4te 1&#215;1 plat \u00b7patte de boutonnage 3 boutons \u00b7\u00e9tiquette Gamegear\u00ae\/Cooltex\u00ae imprim\u00e9e \u00e0 l int\u00e9rieur\" \/>\n<meta property=\"og:url\" content=\"https:\/\/printwave.pl\/fr\/produkt\/classic-fit-cooltex-contrast-polo-shirt\/\" \/>\n<meta property=\"og:site_name\" content=\"Printwave FR\" \/>\n<meta property=\"article:modified_time\" content=\"2026-02-15T05:00:54+00:00\" \/>\n<meta property=\"og:image\" content=\"https:\/\/printwave.pl\/fr\/wp-content\/uploads\/sites\/4\/2021\/07\/Print-Wave-logo-2025.png\" \/>\n\t<meta property=\"og:image:width\" content=\"1645\" \/>\n\t<meta property=\"og:image:height\" content=\"297\" \/>\n\t<meta property=\"og:image:type\" content=\"image\/png\" \/>\n<meta name=\"twitter:card\" content=\"summary_large_image\" \/>\n<script type=\"application\/ld+json\" class=\"yoast-schema-graph\">{\"@context\":\"https:\/\/schema.org\",\"@graph\":[{\"@type\":\"WebPage\",\"@id\":\"https:\/\/printwave.pl\/fr\/produkt\/classic-fit-cooltex-contrast-polo-shirt\/\",\"url\":\"https:\/\/printwave.pl\/fr\/produkt\/classic-fit-cooltex-contrast-polo-shirt\/\",\"name\":\"Classic Fit Cooltex\u00ae Contrast Polo Shirt | Printwave FR\",\"isPartOf\":{\"@id\":\"https:\/\/printwave.pl\/fr\/#website\"},\"primaryImageOfPage\":{\"@id\":\"https:\/\/printwave.pl\/fr\/produkt\/classic-fit-cooltex-contrast-polo-shirt\/#primaryimage\"},\"image\":{\"@id\":\"https:\/\/printwave.pl\/fr\/produkt\/classic-fit-cooltex-contrast-polo-shirt\/#primaryimage\"},\"thumbnailUrl\":\"https:\/\/printwave.pl\/fr\/wp-content\/uploads\/sites\/4\/2025\/01\/512_11_166_f-2017_01.jpg\",\"datePublished\":\"2025-01-25T05:43:34+00:00\",\"dateModified\":\"2026-02-15T05:00:54+00:00\",\"breadcrumb\":{\"@id\":\"https:\/\/printwave.pl\/fr\/produkt\/classic-fit-cooltex-contrast-polo-shirt\/#breadcrumb\"},\"inLanguage\":\"fr-FR\",\"potentialAction\":[{\"@type\":\"ReadAction\",\"target\":[\"https:\/\/printwave.pl\/fr\/produkt\/classic-fit-cooltex-contrast-polo-shirt\/\"]}]},{\"@type\":\"ImageObject\",\"inLanguage\":\"fr-FR\",\"@id\":\"https:\/\/printwave.pl\/fr\/produkt\/classic-fit-cooltex-contrast-polo-shirt\/#primaryimage\",\"url\":\"https:\/\/printwave.pl\/fr\/wp-content\/uploads\/sites\/4\/2025\/01\/512_11_166_f-2017_01.jpg\",\"contentUrl\":\"https:\/\/printwave.pl\/fr\/wp-content\/uploads\/sites\/4\/2025\/01\/512_11_166_f-2017_01.jpg\",\"width\":1024,\"height\":1233},{\"@type\":\"BreadcrumbList\",\"@id\":\"https:\/\/printwave.pl\/fr\/produkt\/classic-fit-cooltex-contrast-polo-shirt\/#breadcrumb\",\"itemListElement\":[{\"@type\":\"ListItem\",\"position\":1,\"name\":\"Accueil\",\"item\":\"https:\/\/printwave.pl\/fr\/\"},{\"@type\":\"ListItem\",\"position\":2,\"name\":\"Boutique\",\"item\":\"https:\/\/printwave.pl\/fr\/boutique\/\"},{\"@type\":\"ListItem\",\"position\":3,\"name\":\"Classic Fit Cooltex\u00ae Contrast Polo Shirt\"}]},{\"@type\":\"WebSite\",\"@id\":\"https:\/\/printwave.pl\/fr\/#website\",\"url\":\"https:\/\/printwave.pl\/fr\/\",\"name\":\"Printwave\",\"description\":\"Votre fournisseur de v\u00eatements promotionnels et d&#039;entreprise en Pologne\",\"potentialAction\":[{\"@type\":\"SearchAction\",\"target\":{\"@type\":\"EntryPoint\",\"urlTemplate\":\"https:\/\/printwave.pl\/fr\/?s={search_term_string}\"},\"query-input\":{\"@type\":\"PropertyValueSpecification\",\"valueRequired\":true,\"valueName\":\"search_term_string\"}}],\"inLanguage\":\"fr-FR\"}]}<\/script>\n<!-- \/ Yoast SEO Premium plugin. -->","yoast_head_json":{"title":"Classic Fit Cooltex\u00ae Contrast Polo Shirt | Printwave FR","robots":{"index":"index","follow":"follow","max-snippet":"max-snippet:-1","max-image-preview":"max-image-preview:large","max-video-preview":"max-video-preview:-1"},"canonical":"https:\/\/printwave.pl\/fr\/produkt\/classic-fit-cooltex-contrast-polo-shirt\/","og_locale":"fr_FR","og_type":"article","og_title":"Classic Fit Cooltex\u00ae Contrast Polo Shirt","og_description":"\u00b7140 g\/m\u00b2 \u00b7100% polyester \u00b7respirant \u00b7bord c\u00f4te 1&#215;1 plat \u00b7patte de boutonnage 3 boutons \u00b7\u00e9tiquette Gamegear\u00ae\/Cooltex\u00ae imprim\u00e9e \u00e0 l int\u00e9rieur","og_url":"https:\/\/printwave.pl\/fr\/produkt\/classic-fit-cooltex-contrast-polo-shirt\/","og_site_name":"Printwave FR","article_modified_time":"2026-02-15T05:00:54+00:00","og_image":[{"width":1645,"height":297,"url":"https:\/\/printwave.pl\/fr\/wp-content\/uploads\/sites\/4\/2021\/07\/Print-Wave-logo-2025.png","type":"image\/png"}],"twitter_card":"summary_large_image","schema":{"@context":"https:\/\/schema.org","@graph":[{"@type":"WebPage","@id":"https:\/\/printwave.pl\/fr\/produkt\/classic-fit-cooltex-contrast-polo-shirt\/","url":"https:\/\/printwave.pl\/fr\/produkt\/classic-fit-cooltex-contrast-polo-shirt\/","name":"Classic Fit Cooltex\u00ae Contrast Polo Shirt | Printwave FR","isPartOf":{"@id":"https:\/\/printwave.pl\/fr\/#website"},"primaryImageOfPage":{"@id":"https:\/\/printwave.pl\/fr\/produkt\/classic-fit-cooltex-contrast-polo-shirt\/#primaryimage"},"image":{"@id":"https:\/\/printwave.pl\/fr\/produkt\/classic-fit-cooltex-contrast-polo-shirt\/#primaryimage"},"thumbnailUrl":"https:\/\/printwave.pl\/fr\/wp-content\/uploads\/sites\/4\/2025\/01\/512_11_166_f-2017_01.jpg","datePublished":"2025-01-25T05:43:34+00:00","dateModified":"2026-02-15T05:00:54+00:00","breadcrumb":{"@id":"https:\/\/printwave.pl\/fr\/produkt\/classic-fit-cooltex-contrast-polo-shirt\/#breadcrumb"},"inLanguage":"fr-FR","potentialAction":[{"@type":"ReadAction","target":["https:\/\/printwave.pl\/fr\/produkt\/classic-fit-cooltex-contrast-polo-shirt\/"]}]},{"@type":"ImageObject","inLanguage":"fr-FR","@id":"https:\/\/printwave.pl\/fr\/produkt\/classic-fit-cooltex-contrast-polo-shirt\/#primaryimage","url":"https:\/\/printwave.pl\/fr\/wp-content\/uploads\/sites\/4\/2025\/01\/512_11_166_f-2017_01.jpg","contentUrl":"https:\/\/printwave.pl\/fr\/wp-content\/uploads\/sites\/4\/2025\/01\/512_11_166_f-2017_01.jpg","width":1024,"height":1233},{"@type":"BreadcrumbList","@id":"https:\/\/printwave.pl\/fr\/produkt\/classic-fit-cooltex-contrast-polo-shirt\/#breadcrumb","itemListElement":[{"@type":"ListItem","position":1,"name":"Accueil","item":"https:\/\/printwave.pl\/fr\/"},{"@type":"ListItem","position":2,"name":"Boutique","item":"https:\/\/printwave.pl\/fr\/boutique\/"},{"@type":"ListItem","position":3,"name":"Classic Fit Cooltex\u00ae Contrast Polo Shirt"}]},{"@type":"WebSite","@id":"https:\/\/printwave.pl\/fr\/#website","url":"https:\/\/printwave.pl\/fr\/","name":"Printwave","description":"Votre fournisseur de v\u00eatements promotionnels et d&#039;entreprise en Pologne","potentialAction":[{"@type":"SearchAction","target":{"@type":"EntryPoint","urlTemplate":"https:\/\/printwave.pl\/fr\/?s={search_term_string}"},"query-input":{"@type":"PropertyValueSpecification","valueRequired":true,"valueName":"search_term_string"}}],"inLanguage":"fr-FR"}]}},"_links":{"self":[{"href":"https:\/\/printwave.pl\/fr\/wp-json\/wp\/v2\/product\/482738","targetHints":{"allow":["GET"]}}],"collection":[{"href":"https:\/\/printwave.pl\/fr\/wp-json\/wp\/v2\/product"}],"about":[{"href":"https:\/\/printwave.pl\/fr\/wp-json\/wp\/v2\/types\/product"}],"replies":[{"embeddable":true,"href":"https:\/\/printwave.pl\/fr\/wp-json\/wp\/v2\/comments?post=482738"}],"wp:featuredmedia":[{"embeddable":true,"href":"https:\/\/printwave.pl\/fr\/wp-json\/wp\/v2\/media\/482737"}],"wp:attachment":[{"href":"https:\/\/printwave.pl\/fr\/wp-json\/wp\/v2\/media?parent=482738"}],"wp:term":[{"taxonomy":"product_brand","embeddable":true,"href":"https:\/\/printwave.pl\/fr\/wp-json\/wp\/v2\/product_brand?post=482738"},{"taxonomy":"product_cat","embeddable":true,"href":"https:\/\/printwave.pl\/fr\/wp-json\/wp\/v2\/product_cat?post=482738"},{"taxonomy":"product_tag","embeddable":true,"href":"https:\/\/printwave.pl\/fr\/wp-json\/wp\/v2\/product_tag?post=482738"}],"curies":[{"name":"wp","href":"https:\/\/api.w.org\/{rel}","templated":true}]}}