{"id":482035,"date":"2025-01-25T06:23:15","date_gmt":"2025-01-25T05:23:15","guid":{"rendered":"https:\/\/printwave.pl\/fr\/produkt\/womens-club-polo\/"},"modified":"2026-02-15T05:59:45","modified_gmt":"2026-02-15T04:59:45","slug":"womens-club-polo","status":"publish","type":"product","link":"https:\/\/printwave.pl\/fr\/produkt\/womens-club-polo\/","title":{"rendered":"Womens Club Polo"},"content":{"rendered":"<p>\u00b7187 g\/m\u00b2<br \/>\n\u00b795% polyester (recycl\u00e9), 5% \u00e9lasthanne<br \/>\n\u00b7Tissu de haute qualit\u00e9 avec un design \u00e9pur\u00e9 et sportif<br \/>\n\u00b7Evacuation de l&rsquo;humidit\u00e9 et s\u00e9chage rapide<br \/>\n\u00b7Patte aux finitions soign\u00e9es (3 boutons ton sur ton)<br \/>\n\u00b7Entretien facile<br \/>\n\u00b7Coupe ajust\u00e9e.<\/p>\n","protected":false},"excerpt":{"rendered":"<p>\u00b7187 g\/m\u00b2 \u00b795% polyester (recycl\u00e9), 5% \u00e9lasthanne \u00b7Tissu de haute qualit\u00e9 avec un design \u00e9pur\u00e9 et sportif \u00b7Evacuation de l&rsquo;humidit\u00e9<\/p>\n","protected":false},"featured_media":482033,"comment_status":"open","ping_status":"closed","template":"","meta":[],"product_brand":[],"product_cat":[354,594,60],"product_tag":[],"class_list":{"0":"post-482035","1":"product","2":"type-product","3":"status-publish","4":"has-post-thumbnail","6":"product_cat-eco-responsable","7":"product_cat-polos","8":"product_cat-recycled","9":"pa_couleur-black","10":"pa_couleur-navy","11":"pa_couleur-white","12":"pa_details-cintre","13":"pa_details-coutures-laterales","14":"pa_details-set-in","15":"pa_eco-recycle","16":"pa_groupe-de-produits-polos","17":"pa_manche-manches-courtes","18":"pa_marque-tee-jays","19":"pa_numero-de-style-3825","20":"pa_poids-170-199-g-m","21":"pa_sexe-femmes","22":"pa_taille-2xl","23":"pa_taille-l","24":"pa_taille-m","25":"pa_taille-s","26":"pa_taille-xl","27":"pa_tissu-melange-de-tissu","29":"first","30":"instock","31":"taxable","32":"shipping-taxable","33":"purchasable","34":"product-type-variable"},"yoast_head":"<!-- This site is optimized with the Yoast SEO Premium plugin v20.9 (Yoast SEO v26.3) - https:\/\/yoast.com\/wordpress\/plugins\/seo\/ -->\n<title>Womens Club Polo | Printwave FR<\/title>\n<meta name=\"robots\" content=\"index, follow, max-snippet:-1, max-image-preview:large, max-video-preview:-1\" \/>\n<link rel=\"canonical\" href=\"https:\/\/printwave.pl\/fr\/produkt\/womens-club-polo\/\" \/>\n<meta property=\"og:locale\" content=\"fr_FR\" \/>\n<meta property=\"og:type\" content=\"article\" \/>\n<meta property=\"og:title\" content=\"Womens Club Polo\" \/>\n<meta property=\"og:description\" content=\"\u00b7187 g\/m\u00b2 \u00b795% polyester (recycl\u00e9), 5% \u00e9lasthanne \u00b7Tissu de haute qualit\u00e9 avec un design \u00e9pur\u00e9 et sportif \u00b7Evacuation de l&rsquo;humidit\u00e9\" \/>\n<meta property=\"og:url\" content=\"https:\/\/printwave.pl\/fr\/produkt\/womens-club-polo\/\" \/>\n<meta property=\"og:site_name\" content=\"Printwave FR\" \/>\n<meta property=\"article:modified_time\" content=\"2026-02-15T04:59:45+00:00\" \/>\n<meta property=\"og:image\" content=\"https:\/\/printwave.pl\/fr\/wp-content\/uploads\/sites\/4\/2025\/01\/515_54_000_m-2025_01.jpg\" \/>\n\t<meta property=\"og:image:width\" content=\"1024\" \/>\n\t<meta property=\"og:image:height\" content=\"1304\" \/>\n\t<meta property=\"og:image:type\" content=\"image\/jpeg\" \/>\n<meta name=\"twitter:card\" content=\"summary_large_image\" \/>\n<script type=\"application\/ld+json\" class=\"yoast-schema-graph\">{\"@context\":\"https:\/\/schema.org\",\"@graph\":[{\"@type\":\"WebPage\",\"@id\":\"https:\/\/printwave.pl\/fr\/produkt\/womens-club-polo\/\",\"url\":\"https:\/\/printwave.pl\/fr\/produkt\/womens-club-polo\/\",\"name\":\"Womens Club Polo | Printwave FR\",\"isPartOf\":{\"@id\":\"https:\/\/printwave.pl\/fr\/#website\"},\"primaryImageOfPage\":{\"@id\":\"https:\/\/printwave.pl\/fr\/produkt\/womens-club-polo\/#primaryimage\"},\"image\":{\"@id\":\"https:\/\/printwave.pl\/fr\/produkt\/womens-club-polo\/#primaryimage\"},\"thumbnailUrl\":\"https:\/\/printwave.pl\/fr\/wp-content\/uploads\/sites\/4\/2025\/01\/515_54_000_m-2025_01.jpg\",\"datePublished\":\"2025-01-25T05:23:15+00:00\",\"dateModified\":\"2026-02-15T04:59:45+00:00\",\"breadcrumb\":{\"@id\":\"https:\/\/printwave.pl\/fr\/produkt\/womens-club-polo\/#breadcrumb\"},\"inLanguage\":\"fr-FR\",\"potentialAction\":[{\"@type\":\"ReadAction\",\"target\":[\"https:\/\/printwave.pl\/fr\/produkt\/womens-club-polo\/\"]}]},{\"@type\":\"ImageObject\",\"inLanguage\":\"fr-FR\",\"@id\":\"https:\/\/printwave.pl\/fr\/produkt\/womens-club-polo\/#primaryimage\",\"url\":\"https:\/\/printwave.pl\/fr\/wp-content\/uploads\/sites\/4\/2025\/01\/515_54_000_m-2025_01.jpg\",\"contentUrl\":\"https:\/\/printwave.pl\/fr\/wp-content\/uploads\/sites\/4\/2025\/01\/515_54_000_m-2025_01.jpg\",\"width\":1024,\"height\":1304},{\"@type\":\"BreadcrumbList\",\"@id\":\"https:\/\/printwave.pl\/fr\/produkt\/womens-club-polo\/#breadcrumb\",\"itemListElement\":[{\"@type\":\"ListItem\",\"position\":1,\"name\":\"Accueil\",\"item\":\"https:\/\/printwave.pl\/fr\/\"},{\"@type\":\"ListItem\",\"position\":2,\"name\":\"Boutique\",\"item\":\"https:\/\/printwave.pl\/fr\/boutique\/\"},{\"@type\":\"ListItem\",\"position\":3,\"name\":\"Womens Club Polo\"}]},{\"@type\":\"WebSite\",\"@id\":\"https:\/\/printwave.pl\/fr\/#website\",\"url\":\"https:\/\/printwave.pl\/fr\/\",\"name\":\"Printwave\",\"description\":\"Votre fournisseur de v\u00eatements promotionnels et d&#039;entreprise en Pologne\",\"potentialAction\":[{\"@type\":\"SearchAction\",\"target\":{\"@type\":\"EntryPoint\",\"urlTemplate\":\"https:\/\/printwave.pl\/fr\/?s={search_term_string}\"},\"query-input\":{\"@type\":\"PropertyValueSpecification\",\"valueRequired\":true,\"valueName\":\"search_term_string\"}}],\"inLanguage\":\"fr-FR\"}]}<\/script>\n<!-- \/ Yoast SEO Premium plugin. -->","yoast_head_json":{"title":"Womens Club Polo | Printwave FR","robots":{"index":"index","follow":"follow","max-snippet":"max-snippet:-1","max-image-preview":"max-image-preview:large","max-video-preview":"max-video-preview:-1"},"canonical":"https:\/\/printwave.pl\/fr\/produkt\/womens-club-polo\/","og_locale":"fr_FR","og_type":"article","og_title":"Womens Club Polo","og_description":"\u00b7187 g\/m\u00b2 \u00b795% polyester (recycl\u00e9), 5% \u00e9lasthanne \u00b7Tissu de haute qualit\u00e9 avec un design \u00e9pur\u00e9 et sportif \u00b7Evacuation de l&rsquo;humidit\u00e9","og_url":"https:\/\/printwave.pl\/fr\/produkt\/womens-club-polo\/","og_site_name":"Printwave FR","article_modified_time":"2026-02-15T04:59:45+00:00","og_image":[{"width":1024,"height":1304,"url":"https:\/\/printwave.pl\/fr\/wp-content\/uploads\/sites\/4\/2025\/01\/515_54_000_m-2025_01.jpg","type":"image\/jpeg"}],"twitter_card":"summary_large_image","schema":{"@context":"https:\/\/schema.org","@graph":[{"@type":"WebPage","@id":"https:\/\/printwave.pl\/fr\/produkt\/womens-club-polo\/","url":"https:\/\/printwave.pl\/fr\/produkt\/womens-club-polo\/","name":"Womens Club Polo | Printwave FR","isPartOf":{"@id":"https:\/\/printwave.pl\/fr\/#website"},"primaryImageOfPage":{"@id":"https:\/\/printwave.pl\/fr\/produkt\/womens-club-polo\/#primaryimage"},"image":{"@id":"https:\/\/printwave.pl\/fr\/produkt\/womens-club-polo\/#primaryimage"},"thumbnailUrl":"https:\/\/printwave.pl\/fr\/wp-content\/uploads\/sites\/4\/2025\/01\/515_54_000_m-2025_01.jpg","datePublished":"2025-01-25T05:23:15+00:00","dateModified":"2026-02-15T04:59:45+00:00","breadcrumb":{"@id":"https:\/\/printwave.pl\/fr\/produkt\/womens-club-polo\/#breadcrumb"},"inLanguage":"fr-FR","potentialAction":[{"@type":"ReadAction","target":["https:\/\/printwave.pl\/fr\/produkt\/womens-club-polo\/"]}]},{"@type":"ImageObject","inLanguage":"fr-FR","@id":"https:\/\/printwave.pl\/fr\/produkt\/womens-club-polo\/#primaryimage","url":"https:\/\/printwave.pl\/fr\/wp-content\/uploads\/sites\/4\/2025\/01\/515_54_000_m-2025_01.jpg","contentUrl":"https:\/\/printwave.pl\/fr\/wp-content\/uploads\/sites\/4\/2025\/01\/515_54_000_m-2025_01.jpg","width":1024,"height":1304},{"@type":"BreadcrumbList","@id":"https:\/\/printwave.pl\/fr\/produkt\/womens-club-polo\/#breadcrumb","itemListElement":[{"@type":"ListItem","position":1,"name":"Accueil","item":"https:\/\/printwave.pl\/fr\/"},{"@type":"ListItem","position":2,"name":"Boutique","item":"https:\/\/printwave.pl\/fr\/boutique\/"},{"@type":"ListItem","position":3,"name":"Womens Club Polo"}]},{"@type":"WebSite","@id":"https:\/\/printwave.pl\/fr\/#website","url":"https:\/\/printwave.pl\/fr\/","name":"Printwave","description":"Votre fournisseur de v\u00eatements promotionnels et d&#039;entreprise en Pologne","potentialAction":[{"@type":"SearchAction","target":{"@type":"EntryPoint","urlTemplate":"https:\/\/printwave.pl\/fr\/?s={search_term_string}"},"query-input":{"@type":"PropertyValueSpecification","valueRequired":true,"valueName":"search_term_string"}}],"inLanguage":"fr-FR"}]}},"_links":{"self":[{"href":"https:\/\/printwave.pl\/fr\/wp-json\/wp\/v2\/product\/482035","targetHints":{"allow":["GET"]}}],"collection":[{"href":"https:\/\/printwave.pl\/fr\/wp-json\/wp\/v2\/product"}],"about":[{"href":"https:\/\/printwave.pl\/fr\/wp-json\/wp\/v2\/types\/product"}],"replies":[{"embeddable":true,"href":"https:\/\/printwave.pl\/fr\/wp-json\/wp\/v2\/comments?post=482035"}],"wp:featuredmedia":[{"embeddable":true,"href":"https:\/\/printwave.pl\/fr\/wp-json\/wp\/v2\/media\/482033"}],"wp:attachment":[{"href":"https:\/\/printwave.pl\/fr\/wp-json\/wp\/v2\/media?parent=482035"}],"wp:term":[{"taxonomy":"product_brand","embeddable":true,"href":"https:\/\/printwave.pl\/fr\/wp-json\/wp\/v2\/product_brand?post=482035"},{"taxonomy":"product_cat","embeddable":true,"href":"https:\/\/printwave.pl\/fr\/wp-json\/wp\/v2\/product_cat?post=482035"},{"taxonomy":"product_tag","embeddable":true,"href":"https:\/\/printwave.pl\/fr\/wp-json\/wp\/v2\/product_tag?post=482035"}],"curies":[{"name":"wp","href":"https:\/\/api.w.org\/{rel}","templated":true}]}}