{"id":481703,"date":"2025-01-25T06:13:47","date_gmt":"2025-01-25T05:13:47","guid":{"rendered":"https:\/\/printwave.pl\/fr\/produkt\/unisex-polo\/"},"modified":"2026-02-15T05:59:13","modified_gmt":"2026-02-15T04:59:13","slug":"unisex-polo","status":"publish","type":"product","link":"https:\/\/printwave.pl\/fr\/produkt\/unisex-polo\/","title":{"rendered":"Unisex Polo"},"content":{"rendered":"<p>\u00b7180 g\/m\u00b2<br \/>\n\u00b750% coton, 50% polyester<br \/>\n\u00b7Heather Grey: 95% coton, 5% polyester<br \/>\n\u00b7Col c\u00f4tel\u00e9<br \/>\n\u00b7Bande de propret\u00e9 dans le cou dans le m\u00eame mat\u00e9riau<br \/>\n\u00b73 boutons ton sur ton<br \/>\n\u00b7Couture \u00e0 deux t\u00eates d\u00a0\u00bbaiguille<br \/>\n\u00b7Ourlet inf\u00e9rieur et poignets avec finition dans le m\u00eame mat\u00e9riau<br \/>\n\u00b7Coutures lat\u00e9rales<br \/>\n\u00b7Style sans \u00e9tiquette, \u00e9tiquette de taille d\u00e9centr\u00e9e dans le cou<br \/>\n\u00b7Lavable \u00e0 60\u00b0C<br \/>\n\u00b7La couleur CHARCOAL est renomm\u00e9e DARK GREY, la couleur NAVY est renomm\u00e9e DARK NAVY (seuls les noms changent, les nuances de couleurs restent les m\u00eames).<\/p>\n","protected":false},"excerpt":{"rendered":"<p>\u00b7180 g\/m\u00b2 \u00b750% coton, 50% polyester \u00b7Heather Grey: 95% coton, 5% polyester \u00b7Col c\u00f4tel\u00e9 \u00b7Bande de propret\u00e9 dans le cou<\/p>\n","protected":false},"featured_media":481695,"comment_status":"open","ping_status":"closed","template":"","meta":[],"product_brand":[],"product_cat":[41,128,594,112,43],"product_tag":[],"class_list":{"0":"post-481703","1":"product","2":"type-product","3":"status-publish","4":"has-post-thumbnail","6":"product_cat-lavable-jusqua-60c","7":"product_cat-meilleures-ventes","8":"product_cat-polos","9":"product_cat-sans-etiquette","10":"product_cat-vetements-de-travail","11":"pa_certificats-oeko-tex-standard-100","12":"pa_certificats-sedex","13":"pa_certificats-wrap","14":"pa_couleur-black","15":"pa_couleur-dark-grey","16":"pa_couleur-dark-navy","17":"pa_couleur-heather-grey","18":"pa_couleur-red","19":"pa_couleur-royal","20":"pa_couleur-white","21":"pa_details-coutures-laterales","22":"pa_groupe-de-produits-4xl-et-plus","23":"pa_groupe-de-produits-lavable-jusqua-60","24":"pa_groupe-de-produits-polos","25":"pa_manche-manches-courtes","26":"pa_marque-sg-essentials","27":"pa_numero-de-style-3821","28":"pa_poids-170-199-g-m","29":"pa_sexe-femmes","30":"pa_taille-2xl","31":"pa_taille-3xl","32":"pa_taille-4xl","33":"pa_taille-5xl","34":"pa_taille-l","35":"pa_taille-m","36":"pa_taille-s","37":"pa_taille-xl","38":"pa_taille-xs","39":"pa_tissu-melange-de-tissu","41":"first","42":"instock","43":"taxable","44":"shipping-taxable","45":"purchasable","46":"product-type-variable"},"yoast_head":"<!-- This site is optimized with the Yoast SEO Premium plugin v20.9 (Yoast SEO v26.3) - https:\/\/yoast.com\/wordpress\/plugins\/seo\/ -->\n<title>Unisex Polo | Printwave FR<\/title>\n<meta name=\"robots\" content=\"index, follow, max-snippet:-1, max-image-preview:large, max-video-preview:-1\" \/>\n<link rel=\"canonical\" href=\"https:\/\/printwave.pl\/fr\/produkt\/unisex-polo\/\" \/>\n<meta property=\"og:locale\" content=\"fr_FR\" \/>\n<meta property=\"og:type\" content=\"article\" \/>\n<meta property=\"og:title\" content=\"Unisex Polo\" \/>\n<meta property=\"og:description\" content=\"\u00b7180 g\/m\u00b2 \u00b750% coton, 50% polyester \u00b7Heather Grey: 95% coton, 5% polyester \u00b7Col c\u00f4tel\u00e9 \u00b7Bande de propret\u00e9 dans le cou\" \/>\n<meta property=\"og:url\" content=\"https:\/\/printwave.pl\/fr\/produkt\/unisex-polo\/\" \/>\n<meta property=\"og:site_name\" content=\"Printwave FR\" \/>\n<meta property=\"article:modified_time\" content=\"2026-02-15T04:59:13+00:00\" \/>\n<meta property=\"og:image\" content=\"https:\/\/printwave.pl\/fr\/wp-content\/uploads\/sites\/4\/2025\/01\/520_52_m-2023_02.jpg\" \/>\n\t<meta property=\"og:image:width\" content=\"1024\" \/>\n\t<meta property=\"og:image:height\" content=\"1304\" \/>\n\t<meta property=\"og:image:type\" content=\"image\/jpeg\" \/>\n<meta name=\"twitter:card\" content=\"summary_large_image\" \/>\n<script type=\"application\/ld+json\" class=\"yoast-schema-graph\">{\"@context\":\"https:\/\/schema.org\",\"@graph\":[{\"@type\":\"WebPage\",\"@id\":\"https:\/\/printwave.pl\/fr\/produkt\/unisex-polo\/\",\"url\":\"https:\/\/printwave.pl\/fr\/produkt\/unisex-polo\/\",\"name\":\"Unisex Polo | Printwave FR\",\"isPartOf\":{\"@id\":\"https:\/\/printwave.pl\/fr\/#website\"},\"primaryImageOfPage\":{\"@id\":\"https:\/\/printwave.pl\/fr\/produkt\/unisex-polo\/#primaryimage\"},\"image\":{\"@id\":\"https:\/\/printwave.pl\/fr\/produkt\/unisex-polo\/#primaryimage\"},\"thumbnailUrl\":\"https:\/\/printwave.pl\/fr\/wp-content\/uploads\/sites\/4\/2025\/01\/520_52_m-2023_02.jpg\",\"datePublished\":\"2025-01-25T05:13:47+00:00\",\"dateModified\":\"2026-02-15T04:59:13+00:00\",\"breadcrumb\":{\"@id\":\"https:\/\/printwave.pl\/fr\/produkt\/unisex-polo\/#breadcrumb\"},\"inLanguage\":\"fr-FR\",\"potentialAction\":[{\"@type\":\"ReadAction\",\"target\":[\"https:\/\/printwave.pl\/fr\/produkt\/unisex-polo\/\"]}]},{\"@type\":\"ImageObject\",\"inLanguage\":\"fr-FR\",\"@id\":\"https:\/\/printwave.pl\/fr\/produkt\/unisex-polo\/#primaryimage\",\"url\":\"https:\/\/printwave.pl\/fr\/wp-content\/uploads\/sites\/4\/2025\/01\/520_52_m-2023_02.jpg\",\"contentUrl\":\"https:\/\/printwave.pl\/fr\/wp-content\/uploads\/sites\/4\/2025\/01\/520_52_m-2023_02.jpg\",\"width\":1024,\"height\":1304},{\"@type\":\"BreadcrumbList\",\"@id\":\"https:\/\/printwave.pl\/fr\/produkt\/unisex-polo\/#breadcrumb\",\"itemListElement\":[{\"@type\":\"ListItem\",\"position\":1,\"name\":\"Accueil\",\"item\":\"https:\/\/printwave.pl\/fr\/\"},{\"@type\":\"ListItem\",\"position\":2,\"name\":\"Boutique\",\"item\":\"https:\/\/printwave.pl\/fr\/boutique\/\"},{\"@type\":\"ListItem\",\"position\":3,\"name\":\"Unisex Polo\"}]},{\"@type\":\"WebSite\",\"@id\":\"https:\/\/printwave.pl\/fr\/#website\",\"url\":\"https:\/\/printwave.pl\/fr\/\",\"name\":\"Printwave\",\"description\":\"Votre fournisseur de v\u00eatements promotionnels et d&#039;entreprise en Pologne\",\"potentialAction\":[{\"@type\":\"SearchAction\",\"target\":{\"@type\":\"EntryPoint\",\"urlTemplate\":\"https:\/\/printwave.pl\/fr\/?s={search_term_string}\"},\"query-input\":{\"@type\":\"PropertyValueSpecification\",\"valueRequired\":true,\"valueName\":\"search_term_string\"}}],\"inLanguage\":\"fr-FR\"}]}<\/script>\n<!-- \/ Yoast SEO Premium plugin. -->","yoast_head_json":{"title":"Unisex Polo | Printwave FR","robots":{"index":"index","follow":"follow","max-snippet":"max-snippet:-1","max-image-preview":"max-image-preview:large","max-video-preview":"max-video-preview:-1"},"canonical":"https:\/\/printwave.pl\/fr\/produkt\/unisex-polo\/","og_locale":"fr_FR","og_type":"article","og_title":"Unisex Polo","og_description":"\u00b7180 g\/m\u00b2 \u00b750% coton, 50% polyester \u00b7Heather Grey: 95% coton, 5% polyester \u00b7Col c\u00f4tel\u00e9 \u00b7Bande de propret\u00e9 dans le cou","og_url":"https:\/\/printwave.pl\/fr\/produkt\/unisex-polo\/","og_site_name":"Printwave FR","article_modified_time":"2026-02-15T04:59:13+00:00","og_image":[{"width":1024,"height":1304,"url":"https:\/\/printwave.pl\/fr\/wp-content\/uploads\/sites\/4\/2025\/01\/520_52_m-2023_02.jpg","type":"image\/jpeg"}],"twitter_card":"summary_large_image","schema":{"@context":"https:\/\/schema.org","@graph":[{"@type":"WebPage","@id":"https:\/\/printwave.pl\/fr\/produkt\/unisex-polo\/","url":"https:\/\/printwave.pl\/fr\/produkt\/unisex-polo\/","name":"Unisex Polo | Printwave FR","isPartOf":{"@id":"https:\/\/printwave.pl\/fr\/#website"},"primaryImageOfPage":{"@id":"https:\/\/printwave.pl\/fr\/produkt\/unisex-polo\/#primaryimage"},"image":{"@id":"https:\/\/printwave.pl\/fr\/produkt\/unisex-polo\/#primaryimage"},"thumbnailUrl":"https:\/\/printwave.pl\/fr\/wp-content\/uploads\/sites\/4\/2025\/01\/520_52_m-2023_02.jpg","datePublished":"2025-01-25T05:13:47+00:00","dateModified":"2026-02-15T04:59:13+00:00","breadcrumb":{"@id":"https:\/\/printwave.pl\/fr\/produkt\/unisex-polo\/#breadcrumb"},"inLanguage":"fr-FR","potentialAction":[{"@type":"ReadAction","target":["https:\/\/printwave.pl\/fr\/produkt\/unisex-polo\/"]}]},{"@type":"ImageObject","inLanguage":"fr-FR","@id":"https:\/\/printwave.pl\/fr\/produkt\/unisex-polo\/#primaryimage","url":"https:\/\/printwave.pl\/fr\/wp-content\/uploads\/sites\/4\/2025\/01\/520_52_m-2023_02.jpg","contentUrl":"https:\/\/printwave.pl\/fr\/wp-content\/uploads\/sites\/4\/2025\/01\/520_52_m-2023_02.jpg","width":1024,"height":1304},{"@type":"BreadcrumbList","@id":"https:\/\/printwave.pl\/fr\/produkt\/unisex-polo\/#breadcrumb","itemListElement":[{"@type":"ListItem","position":1,"name":"Accueil","item":"https:\/\/printwave.pl\/fr\/"},{"@type":"ListItem","position":2,"name":"Boutique","item":"https:\/\/printwave.pl\/fr\/boutique\/"},{"@type":"ListItem","position":3,"name":"Unisex Polo"}]},{"@type":"WebSite","@id":"https:\/\/printwave.pl\/fr\/#website","url":"https:\/\/printwave.pl\/fr\/","name":"Printwave","description":"Votre fournisseur de v\u00eatements promotionnels et d&#039;entreprise en Pologne","potentialAction":[{"@type":"SearchAction","target":{"@type":"EntryPoint","urlTemplate":"https:\/\/printwave.pl\/fr\/?s={search_term_string}"},"query-input":{"@type":"PropertyValueSpecification","valueRequired":true,"valueName":"search_term_string"}}],"inLanguage":"fr-FR"}]}},"_links":{"self":[{"href":"https:\/\/printwave.pl\/fr\/wp-json\/wp\/v2\/product\/481703","targetHints":{"allow":["GET"]}}],"collection":[{"href":"https:\/\/printwave.pl\/fr\/wp-json\/wp\/v2\/product"}],"about":[{"href":"https:\/\/printwave.pl\/fr\/wp-json\/wp\/v2\/types\/product"}],"replies":[{"embeddable":true,"href":"https:\/\/printwave.pl\/fr\/wp-json\/wp\/v2\/comments?post=481703"}],"wp:featuredmedia":[{"embeddable":true,"href":"https:\/\/printwave.pl\/fr\/wp-json\/wp\/v2\/media\/481695"}],"wp:attachment":[{"href":"https:\/\/printwave.pl\/fr\/wp-json\/wp\/v2\/media?parent=481703"}],"wp:term":[{"taxonomy":"product_brand","embeddable":true,"href":"https:\/\/printwave.pl\/fr\/wp-json\/wp\/v2\/product_brand?post=481703"},{"taxonomy":"product_cat","embeddable":true,"href":"https:\/\/printwave.pl\/fr\/wp-json\/wp\/v2\/product_cat?post=481703"},{"taxonomy":"product_tag","embeddable":true,"href":"https:\/\/printwave.pl\/fr\/wp-json\/wp\/v2\/product_tag?post=481703"}],"curies":[{"name":"wp","href":"https:\/\/api.w.org\/{rel}","templated":true}]}}