{"id":480168,"date":"2025-01-25T05:30:29","date_gmt":"2025-01-25T04:30:29","guid":{"rendered":"https:\/\/printwave.pl\/fr\/produkt\/my-polo-180-lsl\/"},"modified":"2026-02-15T05:57:27","modified_gmt":"2026-02-15T04:57:27","slug":"my-polo-180-lsl","status":"publish","type":"product","link":"https:\/\/printwave.pl\/fr\/produkt\/my-polo-180-lsl\/","title":{"rendered":"My Polo 180 LSL"},"content":{"rendered":"<p>\u00b7180 g\/m\u00b2<br \/>\n\u00b7100% coton (Optimium\u2122), pr\u00e9-r\u00e9tr\u00e9ci et ringspun (piqu\u00e9 fin)<br \/>\n\u00b7Sport Grey : 90% coton, 10% viscose<br \/>\n\u00b7Toucher doux<br \/>\n\u00b7Bande de propret\u00e9 d&rsquo;\u00e9paule \u00e0 \u00e9paule<br \/>\n\u00b7Manches longues<br \/>\n\u00b7Col et poignets en tricot c\u00f4tel\u00e9<br \/>\n\u00b7Patte \u00e0 2 boutons<br \/>\n\u00b7Boutons ton sur ton<br \/>\n\u00b7Coutures lat\u00e9rales<br \/>\n\u00b7Surface uniforme pour des r\u00e9sultats d&rsquo;impression brillants et nets<\/p>\n","protected":false},"excerpt":{"rendered":"<p>\u00b7180 g\/m\u00b2 \u00b7100% coton (Optimium\u2122), pr\u00e9-r\u00e9tr\u00e9ci et ringspun (piqu\u00e9 fin) \u00b7Sport Grey : 90% coton, 10% viscose \u00b7Toucher doux \u00b7Bande<\/p>\n","protected":false},"featured_media":480166,"comment_status":"open","ping_status":"closed","template":"","meta":[],"product_brand":[],"product_cat":[594],"product_tag":[],"class_list":{"0":"post-480168","1":"product","2":"type-product","3":"status-publish","4":"has-post-thumbnail","6":"product_cat-polos","7":"pa_couleur-black","8":"pa_couleur-blush-blue","9":"pa_couleur-burgundy","10":"pa_couleur-camo-green","11":"pa_couleur-dark-forest","12":"pa_couleur-dark-grey","13":"pa_couleur-mastic","14":"pa_couleur-meta-lilac","15":"pa_couleur-navy","16":"pa_couleur-off-white","17":"pa_couleur-red","18":"pa_couleur-roasted-coffee","19":"pa_couleur-royal-blue","20":"pa_couleur-sport-grey","21":"pa_couleur-white","22":"pa_details-coutures-laterales","23":"pa_details-set-in","24":"pa_groupe-de-produits-4xl-et-plus","25":"pa_groupe-de-produits-polos","26":"pa_manche-manches-longues","27":"pa_marque-bc","28":"pa_numero-de-style-3809","29":"pa_poids-170-199-g-m","30":"pa_sexe-hommes","31":"pa_taille-2xl","32":"pa_taille-3xl","33":"pa_taille-4xl","34":"pa_taille-5xl","35":"pa_taille-l","36":"pa_taille-m","37":"pa_taille-s","38":"pa_taille-xl","39":"pa_tissu-coton","41":"first","42":"instock","43":"taxable","44":"shipping-taxable","45":"purchasable","46":"product-type-variable"},"yoast_head":"<!-- This site is optimized with the Yoast SEO Premium plugin v20.9 (Yoast SEO v26.3) - https:\/\/yoast.com\/wordpress\/plugins\/seo\/ -->\n<title>My Polo 180 LSL | Printwave FR<\/title>\n<meta name=\"robots\" content=\"index, follow, max-snippet:-1, max-image-preview:large, max-video-preview:-1\" \/>\n<link rel=\"canonical\" href=\"https:\/\/printwave.pl\/fr\/produkt\/my-polo-180-lsl\/\" \/>\n<meta property=\"og:locale\" content=\"fr_FR\" \/>\n<meta property=\"og:type\" content=\"article\" \/>\n<meta property=\"og:title\" content=\"My Polo 180 LSL\" \/>\n<meta property=\"og:description\" content=\"\u00b7180 g\/m\u00b2 \u00b7100% coton (Optimium\u2122), pr\u00e9-r\u00e9tr\u00e9ci et ringspun (piqu\u00e9 fin) \u00b7Sport Grey : 90% coton, 10% viscose \u00b7Toucher doux \u00b7Bande\" \/>\n<meta property=\"og:url\" content=\"https:\/\/printwave.pl\/fr\/produkt\/my-polo-180-lsl\/\" \/>\n<meta property=\"og:site_name\" content=\"Printwave FR\" \/>\n<meta property=\"article:modified_time\" content=\"2026-02-15T04:57:27+00:00\" \/>\n<meta property=\"og:image\" content=\"https:\/\/printwave.pl\/fr\/wp-content\/uploads\/sites\/4\/2025\/01\/528_42_529_m-2025_01.jpg\" \/>\n\t<meta property=\"og:image:width\" content=\"1024\" \/>\n\t<meta property=\"og:image:height\" content=\"1304\" \/>\n\t<meta property=\"og:image:type\" content=\"image\/jpeg\" \/>\n<meta name=\"twitter:card\" content=\"summary_large_image\" \/>\n<script type=\"application\/ld+json\" class=\"yoast-schema-graph\">{\"@context\":\"https:\/\/schema.org\",\"@graph\":[{\"@type\":\"WebPage\",\"@id\":\"https:\/\/printwave.pl\/fr\/produkt\/my-polo-180-lsl\/\",\"url\":\"https:\/\/printwave.pl\/fr\/produkt\/my-polo-180-lsl\/\",\"name\":\"My Polo 180 LSL | Printwave FR\",\"isPartOf\":{\"@id\":\"https:\/\/printwave.pl\/fr\/#website\"},\"primaryImageOfPage\":{\"@id\":\"https:\/\/printwave.pl\/fr\/produkt\/my-polo-180-lsl\/#primaryimage\"},\"image\":{\"@id\":\"https:\/\/printwave.pl\/fr\/produkt\/my-polo-180-lsl\/#primaryimage\"},\"thumbnailUrl\":\"https:\/\/printwave.pl\/fr\/wp-content\/uploads\/sites\/4\/2025\/01\/528_42_529_m-2025_01.jpg\",\"datePublished\":\"2025-01-25T04:30:29+00:00\",\"dateModified\":\"2026-02-15T04:57:27+00:00\",\"breadcrumb\":{\"@id\":\"https:\/\/printwave.pl\/fr\/produkt\/my-polo-180-lsl\/#breadcrumb\"},\"inLanguage\":\"fr-FR\",\"potentialAction\":[{\"@type\":\"ReadAction\",\"target\":[\"https:\/\/printwave.pl\/fr\/produkt\/my-polo-180-lsl\/\"]}]},{\"@type\":\"ImageObject\",\"inLanguage\":\"fr-FR\",\"@id\":\"https:\/\/printwave.pl\/fr\/produkt\/my-polo-180-lsl\/#primaryimage\",\"url\":\"https:\/\/printwave.pl\/fr\/wp-content\/uploads\/sites\/4\/2025\/01\/528_42_529_m-2025_01.jpg\",\"contentUrl\":\"https:\/\/printwave.pl\/fr\/wp-content\/uploads\/sites\/4\/2025\/01\/528_42_529_m-2025_01.jpg\",\"width\":1024,\"height\":1304},{\"@type\":\"BreadcrumbList\",\"@id\":\"https:\/\/printwave.pl\/fr\/produkt\/my-polo-180-lsl\/#breadcrumb\",\"itemListElement\":[{\"@type\":\"ListItem\",\"position\":1,\"name\":\"Accueil\",\"item\":\"https:\/\/printwave.pl\/fr\/\"},{\"@type\":\"ListItem\",\"position\":2,\"name\":\"Boutique\",\"item\":\"https:\/\/printwave.pl\/fr\/boutique\/\"},{\"@type\":\"ListItem\",\"position\":3,\"name\":\"My Polo 180 LSL\"}]},{\"@type\":\"WebSite\",\"@id\":\"https:\/\/printwave.pl\/fr\/#website\",\"url\":\"https:\/\/printwave.pl\/fr\/\",\"name\":\"Printwave\",\"description\":\"Votre fournisseur de v\u00eatements promotionnels et d&#039;entreprise en Pologne\",\"potentialAction\":[{\"@type\":\"SearchAction\",\"target\":{\"@type\":\"EntryPoint\",\"urlTemplate\":\"https:\/\/printwave.pl\/fr\/?s={search_term_string}\"},\"query-input\":{\"@type\":\"PropertyValueSpecification\",\"valueRequired\":true,\"valueName\":\"search_term_string\"}}],\"inLanguage\":\"fr-FR\"}]}<\/script>\n<!-- \/ Yoast SEO Premium plugin. -->","yoast_head_json":{"title":"My Polo 180 LSL | Printwave FR","robots":{"index":"index","follow":"follow","max-snippet":"max-snippet:-1","max-image-preview":"max-image-preview:large","max-video-preview":"max-video-preview:-1"},"canonical":"https:\/\/printwave.pl\/fr\/produkt\/my-polo-180-lsl\/","og_locale":"fr_FR","og_type":"article","og_title":"My Polo 180 LSL","og_description":"\u00b7180 g\/m\u00b2 \u00b7100% coton (Optimium\u2122), pr\u00e9-r\u00e9tr\u00e9ci et ringspun (piqu\u00e9 fin) \u00b7Sport Grey : 90% coton, 10% viscose \u00b7Toucher doux \u00b7Bande","og_url":"https:\/\/printwave.pl\/fr\/produkt\/my-polo-180-lsl\/","og_site_name":"Printwave FR","article_modified_time":"2026-02-15T04:57:27+00:00","og_image":[{"width":1024,"height":1304,"url":"https:\/\/printwave.pl\/fr\/wp-content\/uploads\/sites\/4\/2025\/01\/528_42_529_m-2025_01.jpg","type":"image\/jpeg"}],"twitter_card":"summary_large_image","schema":{"@context":"https:\/\/schema.org","@graph":[{"@type":"WebPage","@id":"https:\/\/printwave.pl\/fr\/produkt\/my-polo-180-lsl\/","url":"https:\/\/printwave.pl\/fr\/produkt\/my-polo-180-lsl\/","name":"My Polo 180 LSL | Printwave FR","isPartOf":{"@id":"https:\/\/printwave.pl\/fr\/#website"},"primaryImageOfPage":{"@id":"https:\/\/printwave.pl\/fr\/produkt\/my-polo-180-lsl\/#primaryimage"},"image":{"@id":"https:\/\/printwave.pl\/fr\/produkt\/my-polo-180-lsl\/#primaryimage"},"thumbnailUrl":"https:\/\/printwave.pl\/fr\/wp-content\/uploads\/sites\/4\/2025\/01\/528_42_529_m-2025_01.jpg","datePublished":"2025-01-25T04:30:29+00:00","dateModified":"2026-02-15T04:57:27+00:00","breadcrumb":{"@id":"https:\/\/printwave.pl\/fr\/produkt\/my-polo-180-lsl\/#breadcrumb"},"inLanguage":"fr-FR","potentialAction":[{"@type":"ReadAction","target":["https:\/\/printwave.pl\/fr\/produkt\/my-polo-180-lsl\/"]}]},{"@type":"ImageObject","inLanguage":"fr-FR","@id":"https:\/\/printwave.pl\/fr\/produkt\/my-polo-180-lsl\/#primaryimage","url":"https:\/\/printwave.pl\/fr\/wp-content\/uploads\/sites\/4\/2025\/01\/528_42_529_m-2025_01.jpg","contentUrl":"https:\/\/printwave.pl\/fr\/wp-content\/uploads\/sites\/4\/2025\/01\/528_42_529_m-2025_01.jpg","width":1024,"height":1304},{"@type":"BreadcrumbList","@id":"https:\/\/printwave.pl\/fr\/produkt\/my-polo-180-lsl\/#breadcrumb","itemListElement":[{"@type":"ListItem","position":1,"name":"Accueil","item":"https:\/\/printwave.pl\/fr\/"},{"@type":"ListItem","position":2,"name":"Boutique","item":"https:\/\/printwave.pl\/fr\/boutique\/"},{"@type":"ListItem","position":3,"name":"My Polo 180 LSL"}]},{"@type":"WebSite","@id":"https:\/\/printwave.pl\/fr\/#website","url":"https:\/\/printwave.pl\/fr\/","name":"Printwave","description":"Votre fournisseur de v\u00eatements promotionnels et d&#039;entreprise en Pologne","potentialAction":[{"@type":"SearchAction","target":{"@type":"EntryPoint","urlTemplate":"https:\/\/printwave.pl\/fr\/?s={search_term_string}"},"query-input":{"@type":"PropertyValueSpecification","valueRequired":true,"valueName":"search_term_string"}}],"inLanguage":"fr-FR"}]}},"_links":{"self":[{"href":"https:\/\/printwave.pl\/fr\/wp-json\/wp\/v2\/product\/480168","targetHints":{"allow":["GET"]}}],"collection":[{"href":"https:\/\/printwave.pl\/fr\/wp-json\/wp\/v2\/product"}],"about":[{"href":"https:\/\/printwave.pl\/fr\/wp-json\/wp\/v2\/types\/product"}],"replies":[{"embeddable":true,"href":"https:\/\/printwave.pl\/fr\/wp-json\/wp\/v2\/comments?post=480168"}],"wp:featuredmedia":[{"embeddable":true,"href":"https:\/\/printwave.pl\/fr\/wp-json\/wp\/v2\/media\/480166"}],"wp:attachment":[{"href":"https:\/\/printwave.pl\/fr\/wp-json\/wp\/v2\/media?parent=480168"}],"wp:term":[{"taxonomy":"product_brand","embeddable":true,"href":"https:\/\/printwave.pl\/fr\/wp-json\/wp\/v2\/product_brand?post=480168"},{"taxonomy":"product_cat","embeddable":true,"href":"https:\/\/printwave.pl\/fr\/wp-json\/wp\/v2\/product_cat?post=480168"},{"taxonomy":"product_tag","embeddable":true,"href":"https:\/\/printwave.pl\/fr\/wp-json\/wp\/v2\/product_tag?post=480168"}],"curies":[{"name":"wp","href":"https:\/\/api.w.org\/{rel}","templated":true}]}}