{"id":478363,"date":"2025-01-25T04:40:56","date_gmt":"2025-01-25T03:40:56","guid":{"rendered":"https:\/\/printwave.pl\/fr\/produkt\/my-polo-210-women\/"},"modified":"2026-02-15T05:56:29","modified_gmt":"2026-02-15T04:56:29","slug":"my-polo-210-women","status":"publish","type":"product","link":"https:\/\/printwave.pl\/fr\/produkt\/my-polo-210-women\/","title":{"rendered":"My Polo 210 \/Women"},"content":{"rendered":"<p>\u00b7210 g\/m\u00b2<br \/>\n\u00b7100% coton (Optimium\u2122), pr\u00e9-r\u00e9tr\u00e9ci et ringspun<br \/>\n\u00b7Piqu\u00e9 fin haute densit\u00e9<br \/>\n\u00b7Sport Grey : 90% coton, 10% viscose ; Heather Burgundy, Heather Grey Fog, Heather Blue : 80% coton, 20% polyester ; Heather Tarmac : 60% coton, 40% polyester<br \/>\n\u00b7Toucher doux<br \/>\n\u00b7Bande \u00e0 chevrons de qualit\u00e9 sup\u00e9rieure dans le cou et les fentes lat\u00e9rales<br \/>\n\u00b7Col et poignets en tricot c\u00f4tel\u00e9<br \/>\n\u00b7Patte \u00e0 2 boutons<br \/>\n\u00b7Boutons ton sur ton<br \/>\n\u00b7Coutures lat\u00e9rales<br \/>\n\u00b7Surface uniforme pour des r\u00e9sultats d&rsquo;impression brillants et nets<br \/>\n\u00b7Ajust\u00e9<\/p>\n","protected":false},"excerpt":{"rendered":"<p>\u00b7210 g\/m\u00b2 \u00b7100% coton (Optimium\u2122), pr\u00e9-r\u00e9tr\u00e9ci et ringspun \u00b7Piqu\u00e9 fin haute densit\u00e9 \u00b7Sport Grey : 90% coton, 10% viscose ;<\/p>\n","protected":false},"featured_media":478358,"comment_status":"open","ping_status":"closed","template":"","meta":[],"product_brand":[],"product_cat":[594],"product_tag":[],"class_list":{"0":"post-478363","1":"product","2":"type-product","3":"status-publish","4":"has-post-thumbnail","6":"product_cat-polos","7":"pa_couleur-amalfi-blue","8":"pa_couleur-amalfi-coral","9":"pa_couleur-amalfi-green","10":"pa_couleur-amalfi-grey","11":"pa_couleur-amalfi-teal","12":"pa_couleur-amalfi-yellow","13":"pa_couleur-black","14":"pa_couleur-blush-pink","15":"pa_couleur-camo-green","16":"pa_couleur-dark-forest","17":"pa_couleur-dark-grey","18":"pa_couleur-heather-blue","19":"pa_couleur-heather-burgundy","20":"pa_couleur-heather-grey-fog","21":"pa_couleur-heather-tarmac","22":"pa_couleur-ivy-green","23":"pa_couleur-lake-blue","24":"pa_couleur-mastic","25":"pa_couleur-mellow-yellow","26":"pa_couleur-navy","27":"pa_couleur-navy-pure","28":"pa_couleur-nude","29":"pa_couleur-off-white","30":"pa_couleur-pure-orange","31":"pa_couleur-red","32":"pa_couleur-roasted-coffee","33":"pa_couleur-royal-blue","34":"pa_couleur-sport-grey","35":"pa_couleur-tahiti-coral","36":"pa_couleur-white","37":"pa_details-coutures-laterales","38":"pa_details-set-in","39":"pa_groupe-de-produits-polos","40":"pa_manche-manches-courtes","41":"pa_marque-bc","42":"pa_numero-de-style-3803","43":"pa_poids-200-219-g-m","44":"pa_sexe-femmes","45":"pa_taille-2xl","46":"pa_taille-3xl","47":"pa_taille-l","48":"pa_taille-m","49":"pa_taille-s","50":"pa_taille-xl","51":"pa_taille-xs","52":"pa_tissu-coton","54":"first","55":"instock","56":"taxable","57":"shipping-taxable","58":"purchasable","59":"product-type-variable"},"yoast_head":"<!-- This site is optimized with the Yoast SEO Premium plugin v20.9 (Yoast SEO v26.3) - https:\/\/yoast.com\/wordpress\/plugins\/seo\/ -->\n<title>My Polo 210 \/Women | Printwave FR<\/title>\n<meta name=\"robots\" content=\"index, follow, max-snippet:-1, max-image-preview:large, max-video-preview:-1\" \/>\n<link rel=\"canonical\" href=\"https:\/\/printwave.pl\/fr\/produkt\/my-polo-210-women\/\" \/>\n<meta property=\"og:locale\" content=\"fr_FR\" \/>\n<meta property=\"og:type\" content=\"article\" \/>\n<meta property=\"og:title\" content=\"My Polo 210 \/Women\" \/>\n<meta property=\"og:description\" content=\"\u00b7210 g\/m\u00b2 \u00b7100% coton (Optimium\u2122), pr\u00e9-r\u00e9tr\u00e9ci et ringspun \u00b7Piqu\u00e9 fin haute densit\u00e9 \u00b7Sport Grey : 90% coton, 10% viscose ;\" \/>\n<meta property=\"og:url\" content=\"https:\/\/printwave.pl\/fr\/produkt\/my-polo-210-women\/\" \/>\n<meta property=\"og:site_name\" content=\"Printwave FR\" \/>\n<meta property=\"article:modified_time\" content=\"2026-02-15T04:56:29+00:00\" \/>\n<meta property=\"og:image\" content=\"https:\/\/printwave.pl\/fr\/wp-content\/uploads\/sites\/4\/2025\/01\/534_42_716_m-2025_01.jpg\" \/>\n\t<meta property=\"og:image:width\" content=\"1024\" \/>\n\t<meta property=\"og:image:height\" content=\"1304\" \/>\n\t<meta property=\"og:image:type\" content=\"image\/jpeg\" \/>\n<meta name=\"twitter:card\" content=\"summary_large_image\" \/>\n<script type=\"application\/ld+json\" class=\"yoast-schema-graph\">{\"@context\":\"https:\/\/schema.org\",\"@graph\":[{\"@type\":\"WebPage\",\"@id\":\"https:\/\/printwave.pl\/fr\/produkt\/my-polo-210-women\/\",\"url\":\"https:\/\/printwave.pl\/fr\/produkt\/my-polo-210-women\/\",\"name\":\"My Polo 210 \/Women | Printwave FR\",\"isPartOf\":{\"@id\":\"https:\/\/printwave.pl\/fr\/#website\"},\"primaryImageOfPage\":{\"@id\":\"https:\/\/printwave.pl\/fr\/produkt\/my-polo-210-women\/#primaryimage\"},\"image\":{\"@id\":\"https:\/\/printwave.pl\/fr\/produkt\/my-polo-210-women\/#primaryimage\"},\"thumbnailUrl\":\"https:\/\/printwave.pl\/fr\/wp-content\/uploads\/sites\/4\/2025\/01\/534_42_716_m-2025_01.jpg\",\"datePublished\":\"2025-01-25T03:40:56+00:00\",\"dateModified\":\"2026-02-15T04:56:29+00:00\",\"breadcrumb\":{\"@id\":\"https:\/\/printwave.pl\/fr\/produkt\/my-polo-210-women\/#breadcrumb\"},\"inLanguage\":\"fr-FR\",\"potentialAction\":[{\"@type\":\"ReadAction\",\"target\":[\"https:\/\/printwave.pl\/fr\/produkt\/my-polo-210-women\/\"]}]},{\"@type\":\"ImageObject\",\"inLanguage\":\"fr-FR\",\"@id\":\"https:\/\/printwave.pl\/fr\/produkt\/my-polo-210-women\/#primaryimage\",\"url\":\"https:\/\/printwave.pl\/fr\/wp-content\/uploads\/sites\/4\/2025\/01\/534_42_716_m-2025_01.jpg\",\"contentUrl\":\"https:\/\/printwave.pl\/fr\/wp-content\/uploads\/sites\/4\/2025\/01\/534_42_716_m-2025_01.jpg\",\"width\":1024,\"height\":1304},{\"@type\":\"BreadcrumbList\",\"@id\":\"https:\/\/printwave.pl\/fr\/produkt\/my-polo-210-women\/#breadcrumb\",\"itemListElement\":[{\"@type\":\"ListItem\",\"position\":1,\"name\":\"Accueil\",\"item\":\"https:\/\/printwave.pl\/fr\/\"},{\"@type\":\"ListItem\",\"position\":2,\"name\":\"Boutique\",\"item\":\"https:\/\/printwave.pl\/fr\/boutique\/\"},{\"@type\":\"ListItem\",\"position\":3,\"name\":\"My Polo 210 \/Women\"}]},{\"@type\":\"WebSite\",\"@id\":\"https:\/\/printwave.pl\/fr\/#website\",\"url\":\"https:\/\/printwave.pl\/fr\/\",\"name\":\"Printwave\",\"description\":\"Votre fournisseur de v\u00eatements promotionnels et d&#039;entreprise en Pologne\",\"potentialAction\":[{\"@type\":\"SearchAction\",\"target\":{\"@type\":\"EntryPoint\",\"urlTemplate\":\"https:\/\/printwave.pl\/fr\/?s={search_term_string}\"},\"query-input\":{\"@type\":\"PropertyValueSpecification\",\"valueRequired\":true,\"valueName\":\"search_term_string\"}}],\"inLanguage\":\"fr-FR\"}]}<\/script>\n<!-- \/ Yoast SEO Premium plugin. -->","yoast_head_json":{"title":"My Polo 210 \/Women | Printwave FR","robots":{"index":"index","follow":"follow","max-snippet":"max-snippet:-1","max-image-preview":"max-image-preview:large","max-video-preview":"max-video-preview:-1"},"canonical":"https:\/\/printwave.pl\/fr\/produkt\/my-polo-210-women\/","og_locale":"fr_FR","og_type":"article","og_title":"My Polo 210 \/Women","og_description":"\u00b7210 g\/m\u00b2 \u00b7100% coton (Optimium\u2122), pr\u00e9-r\u00e9tr\u00e9ci et ringspun \u00b7Piqu\u00e9 fin haute densit\u00e9 \u00b7Sport Grey : 90% coton, 10% viscose ;","og_url":"https:\/\/printwave.pl\/fr\/produkt\/my-polo-210-women\/","og_site_name":"Printwave FR","article_modified_time":"2026-02-15T04:56:29+00:00","og_image":[{"width":1024,"height":1304,"url":"https:\/\/printwave.pl\/fr\/wp-content\/uploads\/sites\/4\/2025\/01\/534_42_716_m-2025_01.jpg","type":"image\/jpeg"}],"twitter_card":"summary_large_image","schema":{"@context":"https:\/\/schema.org","@graph":[{"@type":"WebPage","@id":"https:\/\/printwave.pl\/fr\/produkt\/my-polo-210-women\/","url":"https:\/\/printwave.pl\/fr\/produkt\/my-polo-210-women\/","name":"My Polo 210 \/Women | Printwave FR","isPartOf":{"@id":"https:\/\/printwave.pl\/fr\/#website"},"primaryImageOfPage":{"@id":"https:\/\/printwave.pl\/fr\/produkt\/my-polo-210-women\/#primaryimage"},"image":{"@id":"https:\/\/printwave.pl\/fr\/produkt\/my-polo-210-women\/#primaryimage"},"thumbnailUrl":"https:\/\/printwave.pl\/fr\/wp-content\/uploads\/sites\/4\/2025\/01\/534_42_716_m-2025_01.jpg","datePublished":"2025-01-25T03:40:56+00:00","dateModified":"2026-02-15T04:56:29+00:00","breadcrumb":{"@id":"https:\/\/printwave.pl\/fr\/produkt\/my-polo-210-women\/#breadcrumb"},"inLanguage":"fr-FR","potentialAction":[{"@type":"ReadAction","target":["https:\/\/printwave.pl\/fr\/produkt\/my-polo-210-women\/"]}]},{"@type":"ImageObject","inLanguage":"fr-FR","@id":"https:\/\/printwave.pl\/fr\/produkt\/my-polo-210-women\/#primaryimage","url":"https:\/\/printwave.pl\/fr\/wp-content\/uploads\/sites\/4\/2025\/01\/534_42_716_m-2025_01.jpg","contentUrl":"https:\/\/printwave.pl\/fr\/wp-content\/uploads\/sites\/4\/2025\/01\/534_42_716_m-2025_01.jpg","width":1024,"height":1304},{"@type":"BreadcrumbList","@id":"https:\/\/printwave.pl\/fr\/produkt\/my-polo-210-women\/#breadcrumb","itemListElement":[{"@type":"ListItem","position":1,"name":"Accueil","item":"https:\/\/printwave.pl\/fr\/"},{"@type":"ListItem","position":2,"name":"Boutique","item":"https:\/\/printwave.pl\/fr\/boutique\/"},{"@type":"ListItem","position":3,"name":"My Polo 210 \/Women"}]},{"@type":"WebSite","@id":"https:\/\/printwave.pl\/fr\/#website","url":"https:\/\/printwave.pl\/fr\/","name":"Printwave","description":"Votre fournisseur de v\u00eatements promotionnels et d&#039;entreprise en Pologne","potentialAction":[{"@type":"SearchAction","target":{"@type":"EntryPoint","urlTemplate":"https:\/\/printwave.pl\/fr\/?s={search_term_string}"},"query-input":{"@type":"PropertyValueSpecification","valueRequired":true,"valueName":"search_term_string"}}],"inLanguage":"fr-FR"}]}},"_links":{"self":[{"href":"https:\/\/printwave.pl\/fr\/wp-json\/wp\/v2\/product\/478363","targetHints":{"allow":["GET"]}}],"collection":[{"href":"https:\/\/printwave.pl\/fr\/wp-json\/wp\/v2\/product"}],"about":[{"href":"https:\/\/printwave.pl\/fr\/wp-json\/wp\/v2\/types\/product"}],"replies":[{"embeddable":true,"href":"https:\/\/printwave.pl\/fr\/wp-json\/wp\/v2\/comments?post=478363"}],"wp:featuredmedia":[{"embeddable":true,"href":"https:\/\/printwave.pl\/fr\/wp-json\/wp\/v2\/media\/478358"}],"wp:attachment":[{"href":"https:\/\/printwave.pl\/fr\/wp-json\/wp\/v2\/media?parent=478363"}],"wp:term":[{"taxonomy":"product_brand","embeddable":true,"href":"https:\/\/printwave.pl\/fr\/wp-json\/wp\/v2\/product_brand?post=478363"},{"taxonomy":"product_cat","embeddable":true,"href":"https:\/\/printwave.pl\/fr\/wp-json\/wp\/v2\/product_cat?post=478363"},{"taxonomy":"product_tag","embeddable":true,"href":"https:\/\/printwave.pl\/fr\/wp-json\/wp\/v2\/product_tag?post=478363"}],"curies":[{"name":"wp","href":"https:\/\/api.w.org\/{rel}","templated":true}]}}