{"id":473141,"date":"2025-01-25T02:18:26","date_gmt":"2025-01-25T01:18:26","guid":{"rendered":"https:\/\/printwave.pl\/fr\/produkt\/northdale-insulated-jacket\/"},"modified":"2026-02-15T05:49:38","modified_gmt":"2026-02-15T04:49:38","slug":"northdale-insulated-jacket","status":"publish","type":"product","link":"https:\/\/printwave.pl\/fr\/produkt\/northdale-insulated-jacket\/","title":{"rendered":"Northdale Insulated Jacket"},"content":{"rendered":"<p>\u00b7Ext\u00e9rieur : 100% polyester (300D)<br \/>\n\u00b7Isolation en duvet Warmloft synth\u00e9tique recycl\u00e9<br \/>\n\u00b7Doublure : 100% polyester (taffetas, pied-de-poule)<br \/>\n\u00b7Finition hydrofuge durable<br \/>\n\u00b7Capuche amovible avec ajusteurs<br \/>\n\u00b7Col et poignets c\u00f4tel\u00e9s<br \/>\n\u00b7Fermeture \u00e0 glissi\u00e8re int\u00e9grale avec prot\u00e8ge-zip int\u00e9rieur et rabat anti-temp\u00eate<br \/>\n\u00b72 poches basses zipp\u00e9es<br \/>\n\u00b7Poche de s\u00e9curit\u00e9 int\u00e9rieure<br \/>\n\u00b7Ourlet ajustable avec cordon de serrage<br \/>\n\u00b7Poche rembourr\u00e9e pour ordinateurs portables et tablettes jusqu&rsquo;\u00e0 12&Prime;<br \/>\n\u00b7Ouverture zipp\u00e9e dissimul\u00e9e dans la doublure pour l&rsquo;acc\u00e8s \u00e0 la broderie.<\/p>\n","protected":false},"excerpt":{"rendered":"<p>\u00b7Ext\u00e9rieur : 100% polyester (300D) \u00b7Isolation en duvet Warmloft synth\u00e9tique recycl\u00e9 \u00b7Doublure : 100% polyester (taffetas, pied-de-poule) \u00b7Finition hydrofuge durable<\/p>\n","protected":false},"featured_media":473139,"comment_status":"open","ping_status":"closed","template":"","meta":[],"product_brand":[],"product_cat":[81],"product_tag":[],"class_list":{"0":"post-473141","1":"product","2":"type-product","3":"status-publish","4":"has-post-thumbnail","6":"product_cat-vestes","7":"pa_couleur-black","8":"pa_couleur-navy","9":"pa_details-avec-capuche","10":"pa_details-coutures-laterales","11":"pa_details-fermeture-a-glissiere-complete","12":"pa_details-poches-de-cote-avec-fermeture-a-glissiere","13":"pa_details-set-in","14":"pa_details-vestes-chaudes","15":"pa_eco-recycle","16":"pa_groupe-de-produits-full-zip","17":"pa_groupe-de-produits-vestes","18":"pa_manche-manches-longues","19":"pa_marque-regatta-professional","20":"pa_numero-de-style-3739","21":"pa_sexe-hommes","22":"pa_taille-2xl","23":"pa_taille-3xl","24":"pa_taille-l","25":"pa_taille-m","26":"pa_taille-s","27":"pa_taille-xl","28":"pa_tissu-polyester","30":"first","31":"instock","32":"taxable","33":"shipping-taxable","34":"purchasable","35":"product-type-variable"},"yoast_head":"<!-- This site is optimized with the Yoast SEO Premium plugin v20.9 (Yoast SEO v26.3) - https:\/\/yoast.com\/wordpress\/plugins\/seo\/ -->\n<title>Northdale Insulated Jacket | Printwave FR<\/title>\n<meta name=\"robots\" content=\"index, follow, max-snippet:-1, max-image-preview:large, max-video-preview:-1\" \/>\n<link rel=\"canonical\" href=\"https:\/\/printwave.pl\/fr\/produkt\/northdale-insulated-jacket\/\" \/>\n<meta property=\"og:locale\" content=\"fr_FR\" \/>\n<meta property=\"og:type\" content=\"article\" \/>\n<meta property=\"og:title\" content=\"Northdale Insulated Jacket\" \/>\n<meta property=\"og:description\" content=\"\u00b7Ext\u00e9rieur : 100% polyester (300D) \u00b7Isolation en duvet Warmloft synth\u00e9tique recycl\u00e9 \u00b7Doublure : 100% polyester (taffetas, pied-de-poule) \u00b7Finition hydrofuge durable\" \/>\n<meta property=\"og:url\" content=\"https:\/\/printwave.pl\/fr\/produkt\/northdale-insulated-jacket\/\" \/>\n<meta property=\"og:site_name\" content=\"Printwave FR\" \/>\n<meta property=\"article:modified_time\" content=\"2026-02-15T04:49:38+00:00\" \/>\n<meta property=\"og:image\" content=\"https:\/\/printwave.pl\/fr\/wp-content\/uploads\/sites\/4\/2025\/01\/600_17_200_m-2024_07.jpg\" \/>\n\t<meta property=\"og:image:width\" content=\"1024\" \/>\n\t<meta property=\"og:image:height\" content=\"1304\" \/>\n\t<meta property=\"og:image:type\" content=\"image\/jpeg\" \/>\n<meta name=\"twitter:card\" content=\"summary_large_image\" \/>\n<script type=\"application\/ld+json\" class=\"yoast-schema-graph\">{\"@context\":\"https:\/\/schema.org\",\"@graph\":[{\"@type\":\"WebPage\",\"@id\":\"https:\/\/printwave.pl\/fr\/produkt\/northdale-insulated-jacket\/\",\"url\":\"https:\/\/printwave.pl\/fr\/produkt\/northdale-insulated-jacket\/\",\"name\":\"Northdale Insulated Jacket | Printwave FR\",\"isPartOf\":{\"@id\":\"https:\/\/printwave.pl\/fr\/#website\"},\"primaryImageOfPage\":{\"@id\":\"https:\/\/printwave.pl\/fr\/produkt\/northdale-insulated-jacket\/#primaryimage\"},\"image\":{\"@id\":\"https:\/\/printwave.pl\/fr\/produkt\/northdale-insulated-jacket\/#primaryimage\"},\"thumbnailUrl\":\"https:\/\/printwave.pl\/fr\/wp-content\/uploads\/sites\/4\/2025\/01\/600_17_200_m-2024_07.jpg\",\"datePublished\":\"2025-01-25T01:18:26+00:00\",\"dateModified\":\"2026-02-15T04:49:38+00:00\",\"breadcrumb\":{\"@id\":\"https:\/\/printwave.pl\/fr\/produkt\/northdale-insulated-jacket\/#breadcrumb\"},\"inLanguage\":\"fr-FR\",\"potentialAction\":[{\"@type\":\"ReadAction\",\"target\":[\"https:\/\/printwave.pl\/fr\/produkt\/northdale-insulated-jacket\/\"]}]},{\"@type\":\"ImageObject\",\"inLanguage\":\"fr-FR\",\"@id\":\"https:\/\/printwave.pl\/fr\/produkt\/northdale-insulated-jacket\/#primaryimage\",\"url\":\"https:\/\/printwave.pl\/fr\/wp-content\/uploads\/sites\/4\/2025\/01\/600_17_200_m-2024_07.jpg\",\"contentUrl\":\"https:\/\/printwave.pl\/fr\/wp-content\/uploads\/sites\/4\/2025\/01\/600_17_200_m-2024_07.jpg\",\"width\":1024,\"height\":1304},{\"@type\":\"BreadcrumbList\",\"@id\":\"https:\/\/printwave.pl\/fr\/produkt\/northdale-insulated-jacket\/#breadcrumb\",\"itemListElement\":[{\"@type\":\"ListItem\",\"position\":1,\"name\":\"Accueil\",\"item\":\"https:\/\/printwave.pl\/fr\/\"},{\"@type\":\"ListItem\",\"position\":2,\"name\":\"Boutique\",\"item\":\"https:\/\/printwave.pl\/fr\/boutique\/\"},{\"@type\":\"ListItem\",\"position\":3,\"name\":\"Northdale Insulated Jacket\"}]},{\"@type\":\"WebSite\",\"@id\":\"https:\/\/printwave.pl\/fr\/#website\",\"url\":\"https:\/\/printwave.pl\/fr\/\",\"name\":\"Printwave\",\"description\":\"Votre fournisseur de v\u00eatements promotionnels et d&#039;entreprise en Pologne\",\"potentialAction\":[{\"@type\":\"SearchAction\",\"target\":{\"@type\":\"EntryPoint\",\"urlTemplate\":\"https:\/\/printwave.pl\/fr\/?s={search_term_string}\"},\"query-input\":{\"@type\":\"PropertyValueSpecification\",\"valueRequired\":true,\"valueName\":\"search_term_string\"}}],\"inLanguage\":\"fr-FR\"}]}<\/script>\n<!-- \/ Yoast SEO Premium plugin. -->","yoast_head_json":{"title":"Northdale Insulated Jacket | Printwave FR","robots":{"index":"index","follow":"follow","max-snippet":"max-snippet:-1","max-image-preview":"max-image-preview:large","max-video-preview":"max-video-preview:-1"},"canonical":"https:\/\/printwave.pl\/fr\/produkt\/northdale-insulated-jacket\/","og_locale":"fr_FR","og_type":"article","og_title":"Northdale Insulated Jacket","og_description":"\u00b7Ext\u00e9rieur : 100% polyester (300D) \u00b7Isolation en duvet Warmloft synth\u00e9tique recycl\u00e9 \u00b7Doublure : 100% polyester (taffetas, pied-de-poule) \u00b7Finition hydrofuge durable","og_url":"https:\/\/printwave.pl\/fr\/produkt\/northdale-insulated-jacket\/","og_site_name":"Printwave FR","article_modified_time":"2026-02-15T04:49:38+00:00","og_image":[{"width":1024,"height":1304,"url":"https:\/\/printwave.pl\/fr\/wp-content\/uploads\/sites\/4\/2025\/01\/600_17_200_m-2024_07.jpg","type":"image\/jpeg"}],"twitter_card":"summary_large_image","schema":{"@context":"https:\/\/schema.org","@graph":[{"@type":"WebPage","@id":"https:\/\/printwave.pl\/fr\/produkt\/northdale-insulated-jacket\/","url":"https:\/\/printwave.pl\/fr\/produkt\/northdale-insulated-jacket\/","name":"Northdale Insulated Jacket | Printwave FR","isPartOf":{"@id":"https:\/\/printwave.pl\/fr\/#website"},"primaryImageOfPage":{"@id":"https:\/\/printwave.pl\/fr\/produkt\/northdale-insulated-jacket\/#primaryimage"},"image":{"@id":"https:\/\/printwave.pl\/fr\/produkt\/northdale-insulated-jacket\/#primaryimage"},"thumbnailUrl":"https:\/\/printwave.pl\/fr\/wp-content\/uploads\/sites\/4\/2025\/01\/600_17_200_m-2024_07.jpg","datePublished":"2025-01-25T01:18:26+00:00","dateModified":"2026-02-15T04:49:38+00:00","breadcrumb":{"@id":"https:\/\/printwave.pl\/fr\/produkt\/northdale-insulated-jacket\/#breadcrumb"},"inLanguage":"fr-FR","potentialAction":[{"@type":"ReadAction","target":["https:\/\/printwave.pl\/fr\/produkt\/northdale-insulated-jacket\/"]}]},{"@type":"ImageObject","inLanguage":"fr-FR","@id":"https:\/\/printwave.pl\/fr\/produkt\/northdale-insulated-jacket\/#primaryimage","url":"https:\/\/printwave.pl\/fr\/wp-content\/uploads\/sites\/4\/2025\/01\/600_17_200_m-2024_07.jpg","contentUrl":"https:\/\/printwave.pl\/fr\/wp-content\/uploads\/sites\/4\/2025\/01\/600_17_200_m-2024_07.jpg","width":1024,"height":1304},{"@type":"BreadcrumbList","@id":"https:\/\/printwave.pl\/fr\/produkt\/northdale-insulated-jacket\/#breadcrumb","itemListElement":[{"@type":"ListItem","position":1,"name":"Accueil","item":"https:\/\/printwave.pl\/fr\/"},{"@type":"ListItem","position":2,"name":"Boutique","item":"https:\/\/printwave.pl\/fr\/boutique\/"},{"@type":"ListItem","position":3,"name":"Northdale Insulated Jacket"}]},{"@type":"WebSite","@id":"https:\/\/printwave.pl\/fr\/#website","url":"https:\/\/printwave.pl\/fr\/","name":"Printwave","description":"Votre fournisseur de v\u00eatements promotionnels et d&#039;entreprise en Pologne","potentialAction":[{"@type":"SearchAction","target":{"@type":"EntryPoint","urlTemplate":"https:\/\/printwave.pl\/fr\/?s={search_term_string}"},"query-input":{"@type":"PropertyValueSpecification","valueRequired":true,"valueName":"search_term_string"}}],"inLanguage":"fr-FR"}]}},"_links":{"self":[{"href":"https:\/\/printwave.pl\/fr\/wp-json\/wp\/v2\/product\/473141","targetHints":{"allow":["GET"]}}],"collection":[{"href":"https:\/\/printwave.pl\/fr\/wp-json\/wp\/v2\/product"}],"about":[{"href":"https:\/\/printwave.pl\/fr\/wp-json\/wp\/v2\/types\/product"}],"replies":[{"embeddable":true,"href":"https:\/\/printwave.pl\/fr\/wp-json\/wp\/v2\/comments?post=473141"}],"wp:featuredmedia":[{"embeddable":true,"href":"https:\/\/printwave.pl\/fr\/wp-json\/wp\/v2\/media\/473139"}],"wp:attachment":[{"href":"https:\/\/printwave.pl\/fr\/wp-json\/wp\/v2\/media?parent=473141"}],"wp:term":[{"taxonomy":"product_brand","embeddable":true,"href":"https:\/\/printwave.pl\/fr\/wp-json\/wp\/v2\/product_brand?post=473141"},{"taxonomy":"product_cat","embeddable":true,"href":"https:\/\/printwave.pl\/fr\/wp-json\/wp\/v2\/product_cat?post=473141"},{"taxonomy":"product_tag","embeddable":true,"href":"https:\/\/printwave.pl\/fr\/wp-json\/wp\/v2\/product_tag?post=473141"}],"curies":[{"name":"wp","href":"https:\/\/api.w.org\/{rel}","templated":true}]}}