{"id":472733,"date":"2025-01-25T02:06:01","date_gmt":"2025-01-25T01:06:01","guid":{"rendered":"https:\/\/printwave.pl\/fr\/produkt\/cotton-bag-lh\/"},"modified":"2026-02-15T05:48:35","modified_gmt":"2026-02-15T04:48:35","slug":"cotton-bag-lh","status":"publish","type":"product","link":"https:\/\/printwave.pl\/fr\/produkt\/cotton-bag-lh\/","title":{"rendered":"Cotton Bag LH"},"content":{"rendered":"<p>\u00b7140 g\/m\u00b2<br \/>\n\u00b7100% coton<br \/>\n\u00b7Lavage \u00e0 la main \u00e0 l&rsquo;eau ti\u00e8de uniquement<br \/>\n\u00b7poign\u00e9e longue (70 cm)<br \/>\n\u00b7point croix \u00e0 la poign\u00e9e pour plus de maintien<br \/>\n\u00b7coutures repli\u00e9es pour pr\u00e9venir du r\u00e9tr\u00e9cissement<br \/>\n\u00b7dimensions: 38 x 42 cm<br \/>\n\u00b7convient \u00e0 la broderie, la s\u00e9rigraphie et au transfert (sac repass\u00e9)<br \/>\n\u00b7surface d impression: 30 x 30 cm<\/p>\n","protected":false},"excerpt":{"rendered":"<p>\u00b7140 g\/m\u00b2 \u00b7100% coton \u00b7Lavage \u00e0 la main \u00e0 l&rsquo;eau ti\u00e8de uniquement \u00b7poign\u00e9e longue (70 cm) \u00b7point croix \u00e0 la<\/p>\n","protected":false},"featured_media":472729,"comment_status":"open","ping_status":"closed","template":"","meta":[],"product_brand":[],"product_cat":[61,128,112],"product_tag":[1115,1159],"class_list":{"0":"post-472733","1":"product","2":"type-product","3":"status-publish","4":"has-post-thumbnail","6":"product_cat-bagagerie-accessoires","7":"product_cat-meilleures-ventes","8":"product_cat-sans-etiquette","9":"product_tag-sacs-a-provision","10":"product_tag-sacs-pour-foires","11":"pa_certificats-oeko-tex-step","12":"pa_couleur-apricot-brandy","13":"pa_couleur-bark","14":"pa_couleur-black","15":"pa_couleur-bottle-green","16":"pa_couleur-brown","17":"pa_couleur-burgundy","18":"pa_couleur-buttercup","19":"pa_couleur-cantaloupe","20":"pa_couleur-charcoal","21":"pa_couleur-claret","22":"pa_couleur-dark-blue","23":"pa_couleur-dark-green","24":"pa_couleur-dark-grey","25":"pa_couleur-dubarry-pink","26":"pa_couleur-eucalyptus","27":"pa_couleur-french-navy","28":"pa_couleur-iced-coffee","29":"pa_couleur-indigo-blue","30":"pa_couleur-lavender","31":"pa_couleur-light-green","32":"pa_couleur-light-grey","33":"pa_couleur-light-petrol","34":"pa_couleur-lilac","35":"pa_couleur-lime","36":"pa_couleur-limeade","37":"pa_couleur-limpet-shell","38":"pa_couleur-magenta","39":"pa_couleur-medal-bronze","40":"pa_couleur-melon","41":"pa_couleur-mercury-grey","42":"pa_couleur-mid-blue","43":"pa_couleur-military-green","44":"pa_couleur-mint","45":"pa_couleur-mystic-blue","46":"pa_couleur-natural","47":"pa_couleur-neo-mint","48":"pa_couleur-orange-rust","49":"pa_couleur-peach-echo","50":"pa_couleur-peagreen","51":"pa_couleur-petrol","52":"pa_couleur-pink","53":"pa_couleur-purple","54":"pa_couleur-red","55":"pa_couleur-rose","56":"pa_couleur-rose-quartz","57":"pa_couleur-rouge-red","58":"pa_couleur-royal","59":"pa_couleur-sky","60":"pa_couleur-snowwhite","61":"pa_couleur-sunflower","62":"pa_couleur-tangerine","63":"pa_couleur-turquoise","64":"pa_couleur-vanilla-custard","65":"pa_couleur-winter-wheat","66":"pa_couleur-yellow","67":"pa_groupe-de-produits-cabas","68":"pa_marque-sg-accessories-bags-ex-jassz-bags","69":"pa_numero-de-style-3722","70":"pa_poids-140-169-g-m","71":"pa_taille-one-size","72":"pa_tissu-coton","74":"first","75":"instock","76":"taxable","77":"shipping-taxable","78":"purchasable","79":"product-type-variable"},"yoast_head":"<!-- This site is optimized with the Yoast SEO Premium plugin v20.9 (Yoast SEO v26.3) - https:\/\/yoast.com\/wordpress\/plugins\/seo\/ -->\n<title>Cotton Bag LH | Printwave FR<\/title>\n<meta name=\"robots\" content=\"index, follow, max-snippet:-1, max-image-preview:large, max-video-preview:-1\" \/>\n<link rel=\"canonical\" href=\"https:\/\/printwave.pl\/fr\/produkt\/cotton-bag-lh\/\" \/>\n<meta property=\"og:locale\" content=\"fr_FR\" \/>\n<meta property=\"og:type\" content=\"article\" \/>\n<meta property=\"og:title\" content=\"Cotton Bag LH\" \/>\n<meta property=\"og:description\" content=\"\u00b7140 g\/m\u00b2 \u00b7100% coton \u00b7Lavage \u00e0 la main \u00e0 l&rsquo;eau ti\u00e8de uniquement \u00b7poign\u00e9e longue (70 cm) \u00b7point croix \u00e0 la\" \/>\n<meta property=\"og:url\" content=\"https:\/\/printwave.pl\/fr\/produkt\/cotton-bag-lh\/\" \/>\n<meta property=\"og:site_name\" content=\"Printwave FR\" \/>\n<meta property=\"article:modified_time\" content=\"2026-02-15T04:48:35+00:00\" \/>\n<meta property=\"og:image\" content=\"https:\/\/printwave.pl\/fr\/wp-content\/uploads\/sites\/4\/2025\/01\/601_57_506_m-2023_01.jpg\" \/>\n\t<meta property=\"og:image:width\" content=\"1024\" \/>\n\t<meta property=\"og:image:height\" content=\"1304\" \/>\n\t<meta property=\"og:image:type\" content=\"image\/jpeg\" \/>\n<meta name=\"twitter:card\" content=\"summary_large_image\" \/>\n<script type=\"application\/ld+json\" class=\"yoast-schema-graph\">{\"@context\":\"https:\/\/schema.org\",\"@graph\":[{\"@type\":\"WebPage\",\"@id\":\"https:\/\/printwave.pl\/fr\/produkt\/cotton-bag-lh\/\",\"url\":\"https:\/\/printwave.pl\/fr\/produkt\/cotton-bag-lh\/\",\"name\":\"Cotton Bag LH | Printwave FR\",\"isPartOf\":{\"@id\":\"https:\/\/printwave.pl\/fr\/#website\"},\"primaryImageOfPage\":{\"@id\":\"https:\/\/printwave.pl\/fr\/produkt\/cotton-bag-lh\/#primaryimage\"},\"image\":{\"@id\":\"https:\/\/printwave.pl\/fr\/produkt\/cotton-bag-lh\/#primaryimage\"},\"thumbnailUrl\":\"https:\/\/printwave.pl\/fr\/wp-content\/uploads\/sites\/4\/2025\/01\/601_57_506_m-2023_01.jpg\",\"datePublished\":\"2025-01-25T01:06:01+00:00\",\"dateModified\":\"2026-02-15T04:48:35+00:00\",\"breadcrumb\":{\"@id\":\"https:\/\/printwave.pl\/fr\/produkt\/cotton-bag-lh\/#breadcrumb\"},\"inLanguage\":\"fr-FR\",\"potentialAction\":[{\"@type\":\"ReadAction\",\"target\":[\"https:\/\/printwave.pl\/fr\/produkt\/cotton-bag-lh\/\"]}]},{\"@type\":\"ImageObject\",\"inLanguage\":\"fr-FR\",\"@id\":\"https:\/\/printwave.pl\/fr\/produkt\/cotton-bag-lh\/#primaryimage\",\"url\":\"https:\/\/printwave.pl\/fr\/wp-content\/uploads\/sites\/4\/2025\/01\/601_57_506_m-2023_01.jpg\",\"contentUrl\":\"https:\/\/printwave.pl\/fr\/wp-content\/uploads\/sites\/4\/2025\/01\/601_57_506_m-2023_01.jpg\",\"width\":1024,\"height\":1304},{\"@type\":\"BreadcrumbList\",\"@id\":\"https:\/\/printwave.pl\/fr\/produkt\/cotton-bag-lh\/#breadcrumb\",\"itemListElement\":[{\"@type\":\"ListItem\",\"position\":1,\"name\":\"Accueil\",\"item\":\"https:\/\/printwave.pl\/fr\/\"},{\"@type\":\"ListItem\",\"position\":2,\"name\":\"Boutique\",\"item\":\"https:\/\/printwave.pl\/fr\/boutique\/\"},{\"@type\":\"ListItem\",\"position\":3,\"name\":\"Cotton Bag LH\"}]},{\"@type\":\"WebSite\",\"@id\":\"https:\/\/printwave.pl\/fr\/#website\",\"url\":\"https:\/\/printwave.pl\/fr\/\",\"name\":\"Printwave\",\"description\":\"Votre fournisseur de v\u00eatements promotionnels et d&#039;entreprise en Pologne\",\"potentialAction\":[{\"@type\":\"SearchAction\",\"target\":{\"@type\":\"EntryPoint\",\"urlTemplate\":\"https:\/\/printwave.pl\/fr\/?s={search_term_string}\"},\"query-input\":{\"@type\":\"PropertyValueSpecification\",\"valueRequired\":true,\"valueName\":\"search_term_string\"}}],\"inLanguage\":\"fr-FR\"}]}<\/script>\n<!-- \/ Yoast SEO Premium plugin. -->","yoast_head_json":{"title":"Cotton Bag LH | Printwave FR","robots":{"index":"index","follow":"follow","max-snippet":"max-snippet:-1","max-image-preview":"max-image-preview:large","max-video-preview":"max-video-preview:-1"},"canonical":"https:\/\/printwave.pl\/fr\/produkt\/cotton-bag-lh\/","og_locale":"fr_FR","og_type":"article","og_title":"Cotton Bag LH","og_description":"\u00b7140 g\/m\u00b2 \u00b7100% coton \u00b7Lavage \u00e0 la main \u00e0 l&rsquo;eau ti\u00e8de uniquement \u00b7poign\u00e9e longue (70 cm) \u00b7point croix \u00e0 la","og_url":"https:\/\/printwave.pl\/fr\/produkt\/cotton-bag-lh\/","og_site_name":"Printwave FR","article_modified_time":"2026-02-15T04:48:35+00:00","og_image":[{"width":1024,"height":1304,"url":"https:\/\/printwave.pl\/fr\/wp-content\/uploads\/sites\/4\/2025\/01\/601_57_506_m-2023_01.jpg","type":"image\/jpeg"}],"twitter_card":"summary_large_image","schema":{"@context":"https:\/\/schema.org","@graph":[{"@type":"WebPage","@id":"https:\/\/printwave.pl\/fr\/produkt\/cotton-bag-lh\/","url":"https:\/\/printwave.pl\/fr\/produkt\/cotton-bag-lh\/","name":"Cotton Bag LH | Printwave FR","isPartOf":{"@id":"https:\/\/printwave.pl\/fr\/#website"},"primaryImageOfPage":{"@id":"https:\/\/printwave.pl\/fr\/produkt\/cotton-bag-lh\/#primaryimage"},"image":{"@id":"https:\/\/printwave.pl\/fr\/produkt\/cotton-bag-lh\/#primaryimage"},"thumbnailUrl":"https:\/\/printwave.pl\/fr\/wp-content\/uploads\/sites\/4\/2025\/01\/601_57_506_m-2023_01.jpg","datePublished":"2025-01-25T01:06:01+00:00","dateModified":"2026-02-15T04:48:35+00:00","breadcrumb":{"@id":"https:\/\/printwave.pl\/fr\/produkt\/cotton-bag-lh\/#breadcrumb"},"inLanguage":"fr-FR","potentialAction":[{"@type":"ReadAction","target":["https:\/\/printwave.pl\/fr\/produkt\/cotton-bag-lh\/"]}]},{"@type":"ImageObject","inLanguage":"fr-FR","@id":"https:\/\/printwave.pl\/fr\/produkt\/cotton-bag-lh\/#primaryimage","url":"https:\/\/printwave.pl\/fr\/wp-content\/uploads\/sites\/4\/2025\/01\/601_57_506_m-2023_01.jpg","contentUrl":"https:\/\/printwave.pl\/fr\/wp-content\/uploads\/sites\/4\/2025\/01\/601_57_506_m-2023_01.jpg","width":1024,"height":1304},{"@type":"BreadcrumbList","@id":"https:\/\/printwave.pl\/fr\/produkt\/cotton-bag-lh\/#breadcrumb","itemListElement":[{"@type":"ListItem","position":1,"name":"Accueil","item":"https:\/\/printwave.pl\/fr\/"},{"@type":"ListItem","position":2,"name":"Boutique","item":"https:\/\/printwave.pl\/fr\/boutique\/"},{"@type":"ListItem","position":3,"name":"Cotton Bag LH"}]},{"@type":"WebSite","@id":"https:\/\/printwave.pl\/fr\/#website","url":"https:\/\/printwave.pl\/fr\/","name":"Printwave","description":"Votre fournisseur de v\u00eatements promotionnels et d&#039;entreprise en Pologne","potentialAction":[{"@type":"SearchAction","target":{"@type":"EntryPoint","urlTemplate":"https:\/\/printwave.pl\/fr\/?s={search_term_string}"},"query-input":{"@type":"PropertyValueSpecification","valueRequired":true,"valueName":"search_term_string"}}],"inLanguage":"fr-FR"}]}},"_links":{"self":[{"href":"https:\/\/printwave.pl\/fr\/wp-json\/wp\/v2\/product\/472733","targetHints":{"allow":["GET"]}}],"collection":[{"href":"https:\/\/printwave.pl\/fr\/wp-json\/wp\/v2\/product"}],"about":[{"href":"https:\/\/printwave.pl\/fr\/wp-json\/wp\/v2\/types\/product"}],"replies":[{"embeddable":true,"href":"https:\/\/printwave.pl\/fr\/wp-json\/wp\/v2\/comments?post=472733"}],"wp:featuredmedia":[{"embeddable":true,"href":"https:\/\/printwave.pl\/fr\/wp-json\/wp\/v2\/media\/472729"}],"wp:attachment":[{"href":"https:\/\/printwave.pl\/fr\/wp-json\/wp\/v2\/media?parent=472733"}],"wp:term":[{"taxonomy":"product_brand","embeddable":true,"href":"https:\/\/printwave.pl\/fr\/wp-json\/wp\/v2\/product_brand?post=472733"},{"taxonomy":"product_cat","embeddable":true,"href":"https:\/\/printwave.pl\/fr\/wp-json\/wp\/v2\/product_cat?post=472733"},{"taxonomy":"product_tag","embeddable":true,"href":"https:\/\/printwave.pl\/fr\/wp-json\/wp\/v2\/product_tag?post=472733"}],"curies":[{"name":"wp","href":"https:\/\/api.w.org\/{rel}","templated":true}]}}