{"id":472421,"date":"2025-01-25T01:56:17","date_gmt":"2025-01-25T00:56:17","guid":{"rendered":"https:\/\/printwave.pl\/fr\/produkt\/earthaware-organic-bag-for-life\/"},"modified":"2026-02-15T05:47:19","modified_gmt":"2026-02-15T04:47:19","slug":"earthaware-organic-bag-for-life","status":"publish","type":"product","link":"https:\/\/printwave.pl\/fr\/produkt\/earthaware-organic-bag-for-life\/","title":{"rendered":"EarthAware\u2122 Organic Bag for Life"},"content":{"rendered":"<p>\u00b7340 g\/m\u00b2<br \/>\n\u00b7100% coton (canvas organique)<br \/>\n\u00b7tissu de qualit\u00e9<br \/>\n\u00b7anses (longueur 67 cm)<br \/>\n\u00b7peut \u00eatre port\u00e9 \u00e0 la main ou sur l \u00e9paule<br \/>\n\u00b7capacit\u00e9: 10 litres<br \/>\n\u00b7dimensions: 38 x 42 cm<br \/>\n\u00b7surface broderie: anneau tubulaire de 18<br \/>\n\u00b7surface impression: 33 x 36 cm<\/p>\n","protected":false},"excerpt":{"rendered":"<p>\u00b7340 g\/m\u00b2 \u00b7100% coton (canvas organique) \u00b7tissu de qualit\u00e9 \u00b7anses (longueur 67 cm) \u00b7peut \u00eatre port\u00e9 \u00e0 la main ou<\/p>\n","protected":false},"featured_media":472415,"comment_status":"open","ping_status":"closed","template":"","meta":[],"product_brand":[],"product_cat":[154,61,354,128,162],"product_tag":[],"class_list":{"0":"post-472421","1":"product","2":"type-product","3":"status-publish","4":"has-post-thumbnail","6":"product_cat-all-eco","7":"product_cat-bagagerie-accessoires","8":"product_cat-eco-responsable","9":"product_cat-meilleures-ventes","10":"product_cat-organic","11":"pa_certificats-ocs-100-organic","12":"pa_couleur-airforce-blue","13":"pa_couleur-amber","14":"pa_couleur-black","15":"pa_couleur-classic-red","16":"pa_couleur-french-navy","17":"pa_couleur-graphite-grey","18":"pa_couleur-light-grey","19":"pa_couleur-natural","20":"pa_couleur-olive-green","21":"pa_couleur-orange-rust","22":"pa_couleur-sage-green","23":"pa_couleur-white","24":"pa_details-organique","25":"pa_eco-organique","26":"pa_groupe-de-produits-cabas","27":"pa_groupe-de-produits-sac-specifiques","28":"pa_marque-westford-mill","29":"pa_numero-de-style-3704","30":"pa_sexe-unisexe","31":"pa_taille-one-size","32":"pa_tissu-organiques","34":"first","35":"instock","36":"taxable","37":"shipping-taxable","38":"purchasable","39":"product-type-variable"},"yoast_head":"<!-- This site is optimized with the Yoast SEO Premium plugin v20.9 (Yoast SEO v26.3) - https:\/\/yoast.com\/wordpress\/plugins\/seo\/ -->\n<title>EarthAware\u2122 Organic Bag for Life | Printwave FR<\/title>\n<meta name=\"robots\" content=\"index, follow, max-snippet:-1, max-image-preview:large, max-video-preview:-1\" \/>\n<link rel=\"canonical\" href=\"https:\/\/printwave.pl\/fr\/produkt\/earthaware-organic-bag-for-life\/\" \/>\n<meta property=\"og:locale\" content=\"fr_FR\" \/>\n<meta property=\"og:type\" content=\"article\" \/>\n<meta property=\"og:title\" content=\"EarthAware\u2122 Organic Bag for Life\" \/>\n<meta property=\"og:description\" content=\"\u00b7340 g\/m\u00b2 \u00b7100% coton (canvas organique) \u00b7tissu de qualit\u00e9 \u00b7anses (longueur 67 cm) \u00b7peut \u00eatre port\u00e9 \u00e0 la main ou\" \/>\n<meta property=\"og:url\" content=\"https:\/\/printwave.pl\/fr\/produkt\/earthaware-organic-bag-for-life\/\" \/>\n<meta property=\"og:site_name\" content=\"Printwave FR\" \/>\n<meta property=\"article:modified_time\" content=\"2026-02-15T04:47:19+00:00\" \/>\n<meta property=\"og:image\" content=\"https:\/\/printwave.pl\/fr\/wp-content\/uploads\/sites\/4\/2021\/07\/Print-Wave-logo-2025.png\" \/>\n\t<meta property=\"og:image:width\" content=\"1645\" \/>\n\t<meta property=\"og:image:height\" content=\"297\" \/>\n\t<meta property=\"og:image:type\" content=\"image\/png\" \/>\n<meta name=\"twitter:card\" content=\"summary_large_image\" \/>\n<script type=\"application\/ld+json\" class=\"yoast-schema-graph\">{\"@context\":\"https:\/\/schema.org\",\"@graph\":[{\"@type\":\"WebPage\",\"@id\":\"https:\/\/printwave.pl\/fr\/produkt\/earthaware-organic-bag-for-life\/\",\"url\":\"https:\/\/printwave.pl\/fr\/produkt\/earthaware-organic-bag-for-life\/\",\"name\":\"EarthAware\u2122 Organic Bag for Life | Printwave FR\",\"isPartOf\":{\"@id\":\"https:\/\/printwave.pl\/fr\/#website\"},\"primaryImageOfPage\":{\"@id\":\"https:\/\/printwave.pl\/fr\/produkt\/earthaware-organic-bag-for-life\/#primaryimage\"},\"image\":{\"@id\":\"https:\/\/printwave.pl\/fr\/produkt\/earthaware-organic-bag-for-life\/#primaryimage\"},\"thumbnailUrl\":\"https:\/\/printwave.pl\/fr\/wp-content\/uploads\/sites\/4\/2025\/01\/604_28_530_m-2023_02.jpg\",\"datePublished\":\"2025-01-25T00:56:17+00:00\",\"dateModified\":\"2026-02-15T04:47:19+00:00\",\"breadcrumb\":{\"@id\":\"https:\/\/printwave.pl\/fr\/produkt\/earthaware-organic-bag-for-life\/#breadcrumb\"},\"inLanguage\":\"fr-FR\",\"potentialAction\":[{\"@type\":\"ReadAction\",\"target\":[\"https:\/\/printwave.pl\/fr\/produkt\/earthaware-organic-bag-for-life\/\"]}]},{\"@type\":\"ImageObject\",\"inLanguage\":\"fr-FR\",\"@id\":\"https:\/\/printwave.pl\/fr\/produkt\/earthaware-organic-bag-for-life\/#primaryimage\",\"url\":\"https:\/\/printwave.pl\/fr\/wp-content\/uploads\/sites\/4\/2025\/01\/604_28_530_m-2023_02.jpg\",\"contentUrl\":\"https:\/\/printwave.pl\/fr\/wp-content\/uploads\/sites\/4\/2025\/01\/604_28_530_m-2023_02.jpg\",\"width\":1024,\"height\":1304},{\"@type\":\"BreadcrumbList\",\"@id\":\"https:\/\/printwave.pl\/fr\/produkt\/earthaware-organic-bag-for-life\/#breadcrumb\",\"itemListElement\":[{\"@type\":\"ListItem\",\"position\":1,\"name\":\"Accueil\",\"item\":\"https:\/\/printwave.pl\/fr\/\"},{\"@type\":\"ListItem\",\"position\":2,\"name\":\"Boutique\",\"item\":\"https:\/\/printwave.pl\/fr\/boutique\/\"},{\"@type\":\"ListItem\",\"position\":3,\"name\":\"EarthAware\u2122 Organic Bag for Life\"}]},{\"@type\":\"WebSite\",\"@id\":\"https:\/\/printwave.pl\/fr\/#website\",\"url\":\"https:\/\/printwave.pl\/fr\/\",\"name\":\"Printwave\",\"description\":\"Votre fournisseur de v\u00eatements promotionnels et d&#039;entreprise en Pologne\",\"potentialAction\":[{\"@type\":\"SearchAction\",\"target\":{\"@type\":\"EntryPoint\",\"urlTemplate\":\"https:\/\/printwave.pl\/fr\/?s={search_term_string}\"},\"query-input\":{\"@type\":\"PropertyValueSpecification\",\"valueRequired\":true,\"valueName\":\"search_term_string\"}}],\"inLanguage\":\"fr-FR\"}]}<\/script>\n<!-- \/ Yoast SEO Premium plugin. -->","yoast_head_json":{"title":"EarthAware\u2122 Organic Bag for Life | Printwave FR","robots":{"index":"index","follow":"follow","max-snippet":"max-snippet:-1","max-image-preview":"max-image-preview:large","max-video-preview":"max-video-preview:-1"},"canonical":"https:\/\/printwave.pl\/fr\/produkt\/earthaware-organic-bag-for-life\/","og_locale":"fr_FR","og_type":"article","og_title":"EarthAware\u2122 Organic Bag for Life","og_description":"\u00b7340 g\/m\u00b2 \u00b7100% coton (canvas organique) \u00b7tissu de qualit\u00e9 \u00b7anses (longueur 67 cm) \u00b7peut \u00eatre port\u00e9 \u00e0 la main ou","og_url":"https:\/\/printwave.pl\/fr\/produkt\/earthaware-organic-bag-for-life\/","og_site_name":"Printwave FR","article_modified_time":"2026-02-15T04:47:19+00:00","og_image":[{"width":1645,"height":297,"url":"https:\/\/printwave.pl\/fr\/wp-content\/uploads\/sites\/4\/2021\/07\/Print-Wave-logo-2025.png","type":"image\/png"}],"twitter_card":"summary_large_image","schema":{"@context":"https:\/\/schema.org","@graph":[{"@type":"WebPage","@id":"https:\/\/printwave.pl\/fr\/produkt\/earthaware-organic-bag-for-life\/","url":"https:\/\/printwave.pl\/fr\/produkt\/earthaware-organic-bag-for-life\/","name":"EarthAware\u2122 Organic Bag for Life | Printwave FR","isPartOf":{"@id":"https:\/\/printwave.pl\/fr\/#website"},"primaryImageOfPage":{"@id":"https:\/\/printwave.pl\/fr\/produkt\/earthaware-organic-bag-for-life\/#primaryimage"},"image":{"@id":"https:\/\/printwave.pl\/fr\/produkt\/earthaware-organic-bag-for-life\/#primaryimage"},"thumbnailUrl":"https:\/\/printwave.pl\/fr\/wp-content\/uploads\/sites\/4\/2025\/01\/604_28_530_m-2023_02.jpg","datePublished":"2025-01-25T00:56:17+00:00","dateModified":"2026-02-15T04:47:19+00:00","breadcrumb":{"@id":"https:\/\/printwave.pl\/fr\/produkt\/earthaware-organic-bag-for-life\/#breadcrumb"},"inLanguage":"fr-FR","potentialAction":[{"@type":"ReadAction","target":["https:\/\/printwave.pl\/fr\/produkt\/earthaware-organic-bag-for-life\/"]}]},{"@type":"ImageObject","inLanguage":"fr-FR","@id":"https:\/\/printwave.pl\/fr\/produkt\/earthaware-organic-bag-for-life\/#primaryimage","url":"https:\/\/printwave.pl\/fr\/wp-content\/uploads\/sites\/4\/2025\/01\/604_28_530_m-2023_02.jpg","contentUrl":"https:\/\/printwave.pl\/fr\/wp-content\/uploads\/sites\/4\/2025\/01\/604_28_530_m-2023_02.jpg","width":1024,"height":1304},{"@type":"BreadcrumbList","@id":"https:\/\/printwave.pl\/fr\/produkt\/earthaware-organic-bag-for-life\/#breadcrumb","itemListElement":[{"@type":"ListItem","position":1,"name":"Accueil","item":"https:\/\/printwave.pl\/fr\/"},{"@type":"ListItem","position":2,"name":"Boutique","item":"https:\/\/printwave.pl\/fr\/boutique\/"},{"@type":"ListItem","position":3,"name":"EarthAware\u2122 Organic Bag for Life"}]},{"@type":"WebSite","@id":"https:\/\/printwave.pl\/fr\/#website","url":"https:\/\/printwave.pl\/fr\/","name":"Printwave","description":"Votre fournisseur de v\u00eatements promotionnels et d&#039;entreprise en Pologne","potentialAction":[{"@type":"SearchAction","target":{"@type":"EntryPoint","urlTemplate":"https:\/\/printwave.pl\/fr\/?s={search_term_string}"},"query-input":{"@type":"PropertyValueSpecification","valueRequired":true,"valueName":"search_term_string"}}],"inLanguage":"fr-FR"}]}},"_links":{"self":[{"href":"https:\/\/printwave.pl\/fr\/wp-json\/wp\/v2\/product\/472421","targetHints":{"allow":["GET"]}}],"collection":[{"href":"https:\/\/printwave.pl\/fr\/wp-json\/wp\/v2\/product"}],"about":[{"href":"https:\/\/printwave.pl\/fr\/wp-json\/wp\/v2\/types\/product"}],"replies":[{"embeddable":true,"href":"https:\/\/printwave.pl\/fr\/wp-json\/wp\/v2\/comments?post=472421"}],"wp:featuredmedia":[{"embeddable":true,"href":"https:\/\/printwave.pl\/fr\/wp-json\/wp\/v2\/media\/472415"}],"wp:attachment":[{"href":"https:\/\/printwave.pl\/fr\/wp-json\/wp\/v2\/media?parent=472421"}],"wp:term":[{"taxonomy":"product_brand","embeddable":true,"href":"https:\/\/printwave.pl\/fr\/wp-json\/wp\/v2\/product_brand?post=472421"},{"taxonomy":"product_cat","embeddable":true,"href":"https:\/\/printwave.pl\/fr\/wp-json\/wp\/v2\/product_cat?post=472421"},{"taxonomy":"product_tag","embeddable":true,"href":"https:\/\/printwave.pl\/fr\/wp-json\/wp\/v2\/product_tag?post=472421"}],"curies":[{"name":"wp","href":"https:\/\/api.w.org\/{rel}","templated":true}]}}