{"id":471967,"date":"2025-01-25T01:40:41","date_gmt":"2025-01-25T00:40:41","guid":{"rendered":"https:\/\/printwave.pl\/fr\/produkt\/ibiza-toiletry-bag\/"},"modified":"2026-02-15T05:44:59","modified_gmt":"2026-02-15T04:44:59","slug":"ibiza-toiletry-bag","status":"publish","type":"product","link":"https:\/\/printwave.pl\/fr\/produkt\/ibiza-toiletry-bag\/","title":{"rendered":"Ibiza Toiletry Bag"},"content":{"rendered":"<p>\u00b7100% polyester (420D ripstop)<br \/>\n\u00b7simple n\u00e9cessaire de toilette avec fermeture \u00e0 glissi\u00e8re et poign\u00e9e<br \/>\n\u00b72 poches avec fermeture \u00e0 glissi\u00e8re sur les c\u00f4t\u00e9s<br \/>\n\u00b7Black\/Black: attache de la fermeture \u00e0 glissi\u00e8re en Black<br \/>\n\u00b7capacit\u00e9: 4 litres<br \/>\n\u00b7dimensions: 26 x 11 x 15 cm<br \/>\n\u00b7surface de broderie: anneau tubulaire de 5<br \/>\n\u00b7zone d\u2019impression: 20 x 5 cm<br \/>\n\u00b7convient pour l\u2019impression, le transfert et la broderie<\/p>\n","protected":false},"excerpt":{"rendered":"<p>\u00b7100% polyester (420D ripstop) \u00b7simple n\u00e9cessaire de toilette avec fermeture \u00e0 glissi\u00e8re et poign\u00e9e \u00b72 poches avec fermeture \u00e0 glissi\u00e8re<\/p>\n","protected":false},"featured_media":471966,"comment_status":"open","ping_status":"closed","template":"","meta":[],"product_brand":[],"product_cat":[61],"product_tag":[460,465,1189,1141,1142],"class_list":{"0":"post-471967","1":"product","2":"type-product","3":"status-publish","4":"has-post-thumbnail","6":"product_cat-bagagerie-accessoires","7":"product_tag-2-couleurs","8":"product_tag-2-tons","9":"product_tag-sacs-a-linge","10":"product_tag-trousses-de-maquillage","11":"product_tag-trousses-de-toilette","12":"pa_couleur-black-black","13":"pa_details-sac-a-linge","14":"pa_groupe-de-produits-sac-specifiques","15":"pa_marque-shugon","16":"pa_numero-de-style-3674","17":"pa_sexe-unisexe","18":"pa_taille-one-size","19":"pa_tissu-polyester","21":"first","22":"outofstock","23":"taxable","24":"shipping-taxable","25":"purchasable","26":"product-type-variable"},"yoast_head":"<!-- This site is optimized with the Yoast SEO Premium plugin v20.9 (Yoast SEO v26.3) - https:\/\/yoast.com\/wordpress\/plugins\/seo\/ -->\n<title>Ibiza Toiletry Bag | Printwave FR<\/title>\n<meta name=\"robots\" content=\"index, follow, max-snippet:-1, max-image-preview:large, max-video-preview:-1\" \/>\n<link rel=\"canonical\" href=\"https:\/\/printwave.pl\/fr\/produkt\/ibiza-toiletry-bag\/\" \/>\n<meta property=\"og:locale\" content=\"fr_FR\" \/>\n<meta property=\"og:type\" content=\"article\" \/>\n<meta property=\"og:title\" content=\"Ibiza Toiletry Bag\" \/>\n<meta property=\"og:description\" content=\"\u00b7100% polyester (420D ripstop) \u00b7simple n\u00e9cessaire de toilette avec fermeture \u00e0 glissi\u00e8re et poign\u00e9e \u00b72 poches avec fermeture \u00e0 glissi\u00e8re\" \/>\n<meta property=\"og:url\" content=\"https:\/\/printwave.pl\/fr\/produkt\/ibiza-toiletry-bag\/\" \/>\n<meta property=\"og:site_name\" content=\"Printwave FR\" \/>\n<meta property=\"article:modified_time\" content=\"2026-02-15T04:44:59+00:00\" \/>\n<meta property=\"og:image\" content=\"https:\/\/printwave.pl\/fr\/wp-content\/uploads\/sites\/4\/2021\/07\/Print-Wave-logo-2025.png\" \/>\n\t<meta property=\"og:image:width\" content=\"1645\" \/>\n\t<meta property=\"og:image:height\" content=\"297\" \/>\n\t<meta property=\"og:image:type\" content=\"image\/png\" \/>\n<meta name=\"twitter:card\" content=\"summary_large_image\" \/>\n<script type=\"application\/ld+json\" class=\"yoast-schema-graph\">{\"@context\":\"https:\/\/schema.org\",\"@graph\":[{\"@type\":\"WebPage\",\"@id\":\"https:\/\/printwave.pl\/fr\/produkt\/ibiza-toiletry-bag\/\",\"url\":\"https:\/\/printwave.pl\/fr\/produkt\/ibiza-toiletry-bag\/\",\"name\":\"Ibiza Toiletry Bag | Printwave FR\",\"isPartOf\":{\"@id\":\"https:\/\/printwave.pl\/fr\/#website\"},\"primaryImageOfPage\":{\"@id\":\"https:\/\/printwave.pl\/fr\/produkt\/ibiza-toiletry-bag\/#primaryimage\"},\"image\":{\"@id\":\"https:\/\/printwave.pl\/fr\/produkt\/ibiza-toiletry-bag\/#primaryimage\"},\"thumbnailUrl\":\"https:\/\/printwave.pl\/fr\/wp-content\/uploads\/sites\/4\/2025\/01\/609_38_152_m-2020_01.jpg\",\"datePublished\":\"2025-01-25T00:40:41+00:00\",\"dateModified\":\"2026-02-15T04:44:59+00:00\",\"breadcrumb\":{\"@id\":\"https:\/\/printwave.pl\/fr\/produkt\/ibiza-toiletry-bag\/#breadcrumb\"},\"inLanguage\":\"fr-FR\",\"potentialAction\":[{\"@type\":\"ReadAction\",\"target\":[\"https:\/\/printwave.pl\/fr\/produkt\/ibiza-toiletry-bag\/\"]}]},{\"@type\":\"ImageObject\",\"inLanguage\":\"fr-FR\",\"@id\":\"https:\/\/printwave.pl\/fr\/produkt\/ibiza-toiletry-bag\/#primaryimage\",\"url\":\"https:\/\/printwave.pl\/fr\/wp-content\/uploads\/sites\/4\/2025\/01\/609_38_152_m-2020_01.jpg\",\"contentUrl\":\"https:\/\/printwave.pl\/fr\/wp-content\/uploads\/sites\/4\/2025\/01\/609_38_152_m-2020_01.jpg\",\"width\":1024,\"height\":1304},{\"@type\":\"BreadcrumbList\",\"@id\":\"https:\/\/printwave.pl\/fr\/produkt\/ibiza-toiletry-bag\/#breadcrumb\",\"itemListElement\":[{\"@type\":\"ListItem\",\"position\":1,\"name\":\"Accueil\",\"item\":\"https:\/\/printwave.pl\/fr\/\"},{\"@type\":\"ListItem\",\"position\":2,\"name\":\"Boutique\",\"item\":\"https:\/\/printwave.pl\/fr\/boutique\/\"},{\"@type\":\"ListItem\",\"position\":3,\"name\":\"Ibiza Toiletry Bag\"}]},{\"@type\":\"WebSite\",\"@id\":\"https:\/\/printwave.pl\/fr\/#website\",\"url\":\"https:\/\/printwave.pl\/fr\/\",\"name\":\"Printwave\",\"description\":\"Votre fournisseur de v\u00eatements promotionnels et d&#039;entreprise en Pologne\",\"potentialAction\":[{\"@type\":\"SearchAction\",\"target\":{\"@type\":\"EntryPoint\",\"urlTemplate\":\"https:\/\/printwave.pl\/fr\/?s={search_term_string}\"},\"query-input\":{\"@type\":\"PropertyValueSpecification\",\"valueRequired\":true,\"valueName\":\"search_term_string\"}}],\"inLanguage\":\"fr-FR\"}]}<\/script>\n<!-- \/ Yoast SEO Premium plugin. -->","yoast_head_json":{"title":"Ibiza Toiletry Bag | Printwave FR","robots":{"index":"index","follow":"follow","max-snippet":"max-snippet:-1","max-image-preview":"max-image-preview:large","max-video-preview":"max-video-preview:-1"},"canonical":"https:\/\/printwave.pl\/fr\/produkt\/ibiza-toiletry-bag\/","og_locale":"fr_FR","og_type":"article","og_title":"Ibiza Toiletry Bag","og_description":"\u00b7100% polyester (420D ripstop) \u00b7simple n\u00e9cessaire de toilette avec fermeture \u00e0 glissi\u00e8re et poign\u00e9e \u00b72 poches avec fermeture \u00e0 glissi\u00e8re","og_url":"https:\/\/printwave.pl\/fr\/produkt\/ibiza-toiletry-bag\/","og_site_name":"Printwave FR","article_modified_time":"2026-02-15T04:44:59+00:00","og_image":[{"width":1645,"height":297,"url":"https:\/\/printwave.pl\/fr\/wp-content\/uploads\/sites\/4\/2021\/07\/Print-Wave-logo-2025.png","type":"image\/png"}],"twitter_card":"summary_large_image","schema":{"@context":"https:\/\/schema.org","@graph":[{"@type":"WebPage","@id":"https:\/\/printwave.pl\/fr\/produkt\/ibiza-toiletry-bag\/","url":"https:\/\/printwave.pl\/fr\/produkt\/ibiza-toiletry-bag\/","name":"Ibiza Toiletry Bag | Printwave FR","isPartOf":{"@id":"https:\/\/printwave.pl\/fr\/#website"},"primaryImageOfPage":{"@id":"https:\/\/printwave.pl\/fr\/produkt\/ibiza-toiletry-bag\/#primaryimage"},"image":{"@id":"https:\/\/printwave.pl\/fr\/produkt\/ibiza-toiletry-bag\/#primaryimage"},"thumbnailUrl":"https:\/\/printwave.pl\/fr\/wp-content\/uploads\/sites\/4\/2025\/01\/609_38_152_m-2020_01.jpg","datePublished":"2025-01-25T00:40:41+00:00","dateModified":"2026-02-15T04:44:59+00:00","breadcrumb":{"@id":"https:\/\/printwave.pl\/fr\/produkt\/ibiza-toiletry-bag\/#breadcrumb"},"inLanguage":"fr-FR","potentialAction":[{"@type":"ReadAction","target":["https:\/\/printwave.pl\/fr\/produkt\/ibiza-toiletry-bag\/"]}]},{"@type":"ImageObject","inLanguage":"fr-FR","@id":"https:\/\/printwave.pl\/fr\/produkt\/ibiza-toiletry-bag\/#primaryimage","url":"https:\/\/printwave.pl\/fr\/wp-content\/uploads\/sites\/4\/2025\/01\/609_38_152_m-2020_01.jpg","contentUrl":"https:\/\/printwave.pl\/fr\/wp-content\/uploads\/sites\/4\/2025\/01\/609_38_152_m-2020_01.jpg","width":1024,"height":1304},{"@type":"BreadcrumbList","@id":"https:\/\/printwave.pl\/fr\/produkt\/ibiza-toiletry-bag\/#breadcrumb","itemListElement":[{"@type":"ListItem","position":1,"name":"Accueil","item":"https:\/\/printwave.pl\/fr\/"},{"@type":"ListItem","position":2,"name":"Boutique","item":"https:\/\/printwave.pl\/fr\/boutique\/"},{"@type":"ListItem","position":3,"name":"Ibiza Toiletry Bag"}]},{"@type":"WebSite","@id":"https:\/\/printwave.pl\/fr\/#website","url":"https:\/\/printwave.pl\/fr\/","name":"Printwave","description":"Votre fournisseur de v\u00eatements promotionnels et d&#039;entreprise en Pologne","potentialAction":[{"@type":"SearchAction","target":{"@type":"EntryPoint","urlTemplate":"https:\/\/printwave.pl\/fr\/?s={search_term_string}"},"query-input":{"@type":"PropertyValueSpecification","valueRequired":true,"valueName":"search_term_string"}}],"inLanguage":"fr-FR"}]}},"_links":{"self":[{"href":"https:\/\/printwave.pl\/fr\/wp-json\/wp\/v2\/product\/471967","targetHints":{"allow":["GET"]}}],"collection":[{"href":"https:\/\/printwave.pl\/fr\/wp-json\/wp\/v2\/product"}],"about":[{"href":"https:\/\/printwave.pl\/fr\/wp-json\/wp\/v2\/types\/product"}],"replies":[{"embeddable":true,"href":"https:\/\/printwave.pl\/fr\/wp-json\/wp\/v2\/comments?post=471967"}],"wp:featuredmedia":[{"embeddable":true,"href":"https:\/\/printwave.pl\/fr\/wp-json\/wp\/v2\/media\/471966"}],"wp:attachment":[{"href":"https:\/\/printwave.pl\/fr\/wp-json\/wp\/v2\/media?parent=471967"}],"wp:term":[{"taxonomy":"product_brand","embeddable":true,"href":"https:\/\/printwave.pl\/fr\/wp-json\/wp\/v2\/product_brand?post=471967"},{"taxonomy":"product_cat","embeddable":true,"href":"https:\/\/printwave.pl\/fr\/wp-json\/wp\/v2\/product_cat?post=471967"},{"taxonomy":"product_tag","embeddable":true,"href":"https:\/\/printwave.pl\/fr\/wp-json\/wp\/v2\/product_tag?post=471967"}],"curies":[{"name":"wp","href":"https:\/\/api.w.org\/{rel}","templated":true}]}}