{"id":471432,"date":"2025-01-25T01:25:07","date_gmt":"2025-01-25T00:25:07","guid":{"rendered":"https:\/\/printwave.pl\/fr\/produkt\/canvas-accessory-pouch-2\/"},"modified":"2026-02-15T05:42:47","modified_gmt":"2026-02-15T04:42:47","slug":"canvas-accessory-pouch-2","status":"publish","type":"product","link":"https:\/\/printwave.pl\/fr\/produkt\/canvas-accessory-pouch-2\/","title":{"rendered":"Canvas Accessory Pouch"},"content":{"rendered":"<p>\u00b7407 g\/m\u00b2<br \/>\n\u00b7100 % Coton (Toile bross\u00e9e)<br \/>\n\u00b7fermeture \u00e0 glissi\u00e8re en m\u00e9tal style vintage<br \/>\n\u00b7capacit\u00e9 en Litres : XS: 0.25, S: 0.5, M: 1, L: 2<br \/>\n\u00b7dimensions en cm : XS: 12&#215;8.5, S: 20&#215;11.5, M: 22.5&#215;16, L: 28&#215;20<br \/>\n\u00b7surface de broderie avec anneau tubulaire : S: 6, M: 12, L: 18<br \/>\n\u00b7surface d&rsquo;impression en cm : XS: 6.5&#215;9.5, S: 9&#215;18, M: 14&#215;20, L: 18&#215;26.<\/p>\n","protected":false},"excerpt":{"rendered":"<p>\u00b7407 g\/m\u00b2 \u00b7100 % Coton (Toile bross\u00e9e) \u00b7fermeture \u00e0 glissi\u00e8re en m\u00e9tal style vintage \u00b7capacit\u00e9 en Litres : XS: 0.25,<\/p>\n","protected":false},"featured_media":471430,"comment_status":"open","ping_status":"closed","template":"","meta":[],"product_brand":[],"product_cat":[61],"product_tag":[],"class_list":{"0":"post-471432","1":"product","2":"type-product","3":"status-publish","4":"has-post-thumbnail","6":"product_cat-bagagerie-accessoires","7":"pa_couleur-black","8":"pa_couleur-light-grey","9":"pa_couleur-natural","10":"pa_couleur-navy","11":"pa_couleur-off-white","12":"pa_details-sac-a-linge","13":"pa_groupe-de-produits-sac-specifiques","14":"pa_marque-westford-mill","15":"pa_numero-de-style-3649","16":"pa_poids-a-partir-de-350-g-m","17":"pa_sexe-unisexe","18":"pa_taille-l","19":"pa_taille-m","20":"pa_taille-s","21":"pa_taille-xs","22":"pa_tissu-coton","24":"first","25":"instock","26":"taxable","27":"shipping-taxable","28":"purchasable","29":"product-type-variable"},"yoast_head":"<!-- This site is optimized with the Yoast SEO Premium plugin v20.9 (Yoast SEO v26.3) - https:\/\/yoast.com\/wordpress\/plugins\/seo\/ -->\n<title>Canvas Accessory Pouch | Printwave FR<\/title>\n<meta name=\"robots\" content=\"index, follow, max-snippet:-1, max-image-preview:large, max-video-preview:-1\" \/>\n<link rel=\"canonical\" href=\"https:\/\/printwave.pl\/fr\/produkt\/canvas-accessory-pouch-2\/\" \/>\n<meta property=\"og:locale\" content=\"fr_FR\" \/>\n<meta property=\"og:type\" content=\"article\" \/>\n<meta property=\"og:title\" content=\"Canvas Accessory Pouch\" \/>\n<meta property=\"og:description\" content=\"\u00b7407 g\/m\u00b2 \u00b7100 % Coton (Toile bross\u00e9e) \u00b7fermeture \u00e0 glissi\u00e8re en m\u00e9tal style vintage \u00b7capacit\u00e9 en Litres : XS: 0.25,\" \/>\n<meta property=\"og:url\" content=\"https:\/\/printwave.pl\/fr\/produkt\/canvas-accessory-pouch-2\/\" \/>\n<meta property=\"og:site_name\" content=\"Printwave FR\" \/>\n<meta property=\"article:modified_time\" content=\"2026-02-15T04:42:47+00:00\" \/>\n<meta property=\"og:image\" content=\"https:\/\/printwave.pl\/fr\/wp-content\/uploads\/sites\/4\/2025\/01\/615_28_002_m-2023_02.jpg\" \/>\n\t<meta property=\"og:image:width\" content=\"1024\" \/>\n\t<meta property=\"og:image:height\" content=\"1304\" \/>\n\t<meta property=\"og:image:type\" content=\"image\/jpeg\" \/>\n<meta name=\"twitter:card\" content=\"summary_large_image\" \/>\n<script type=\"application\/ld+json\" class=\"yoast-schema-graph\">{\"@context\":\"https:\/\/schema.org\",\"@graph\":[{\"@type\":\"WebPage\",\"@id\":\"https:\/\/printwave.pl\/fr\/produkt\/canvas-accessory-pouch-2\/\",\"url\":\"https:\/\/printwave.pl\/fr\/produkt\/canvas-accessory-pouch-2\/\",\"name\":\"Canvas Accessory Pouch | Printwave FR\",\"isPartOf\":{\"@id\":\"https:\/\/printwave.pl\/fr\/#website\"},\"primaryImageOfPage\":{\"@id\":\"https:\/\/printwave.pl\/fr\/produkt\/canvas-accessory-pouch-2\/#primaryimage\"},\"image\":{\"@id\":\"https:\/\/printwave.pl\/fr\/produkt\/canvas-accessory-pouch-2\/#primaryimage\"},\"thumbnailUrl\":\"https:\/\/printwave.pl\/fr\/wp-content\/uploads\/sites\/4\/2025\/01\/615_28_002_m-2023_02.jpg\",\"datePublished\":\"2025-01-25T00:25:07+00:00\",\"dateModified\":\"2026-02-15T04:42:47+00:00\",\"breadcrumb\":{\"@id\":\"https:\/\/printwave.pl\/fr\/produkt\/canvas-accessory-pouch-2\/#breadcrumb\"},\"inLanguage\":\"fr-FR\",\"potentialAction\":[{\"@type\":\"ReadAction\",\"target\":[\"https:\/\/printwave.pl\/fr\/produkt\/canvas-accessory-pouch-2\/\"]}]},{\"@type\":\"ImageObject\",\"inLanguage\":\"fr-FR\",\"@id\":\"https:\/\/printwave.pl\/fr\/produkt\/canvas-accessory-pouch-2\/#primaryimage\",\"url\":\"https:\/\/printwave.pl\/fr\/wp-content\/uploads\/sites\/4\/2025\/01\/615_28_002_m-2023_02.jpg\",\"contentUrl\":\"https:\/\/printwave.pl\/fr\/wp-content\/uploads\/sites\/4\/2025\/01\/615_28_002_m-2023_02.jpg\",\"width\":1024,\"height\":1304},{\"@type\":\"BreadcrumbList\",\"@id\":\"https:\/\/printwave.pl\/fr\/produkt\/canvas-accessory-pouch-2\/#breadcrumb\",\"itemListElement\":[{\"@type\":\"ListItem\",\"position\":1,\"name\":\"Accueil\",\"item\":\"https:\/\/printwave.pl\/fr\/\"},{\"@type\":\"ListItem\",\"position\":2,\"name\":\"Boutique\",\"item\":\"https:\/\/printwave.pl\/fr\/boutique\/\"},{\"@type\":\"ListItem\",\"position\":3,\"name\":\"Canvas Accessory Pouch\"}]},{\"@type\":\"WebSite\",\"@id\":\"https:\/\/printwave.pl\/fr\/#website\",\"url\":\"https:\/\/printwave.pl\/fr\/\",\"name\":\"Printwave\",\"description\":\"Votre fournisseur de v\u00eatements promotionnels et d&#039;entreprise en Pologne\",\"potentialAction\":[{\"@type\":\"SearchAction\",\"target\":{\"@type\":\"EntryPoint\",\"urlTemplate\":\"https:\/\/printwave.pl\/fr\/?s={search_term_string}\"},\"query-input\":{\"@type\":\"PropertyValueSpecification\",\"valueRequired\":true,\"valueName\":\"search_term_string\"}}],\"inLanguage\":\"fr-FR\"}]}<\/script>\n<!-- \/ Yoast SEO Premium plugin. -->","yoast_head_json":{"title":"Canvas Accessory Pouch | Printwave FR","robots":{"index":"index","follow":"follow","max-snippet":"max-snippet:-1","max-image-preview":"max-image-preview:large","max-video-preview":"max-video-preview:-1"},"canonical":"https:\/\/printwave.pl\/fr\/produkt\/canvas-accessory-pouch-2\/","og_locale":"fr_FR","og_type":"article","og_title":"Canvas Accessory Pouch","og_description":"\u00b7407 g\/m\u00b2 \u00b7100 % Coton (Toile bross\u00e9e) \u00b7fermeture \u00e0 glissi\u00e8re en m\u00e9tal style vintage \u00b7capacit\u00e9 en Litres : XS: 0.25,","og_url":"https:\/\/printwave.pl\/fr\/produkt\/canvas-accessory-pouch-2\/","og_site_name":"Printwave FR","article_modified_time":"2026-02-15T04:42:47+00:00","og_image":[{"width":1024,"height":1304,"url":"https:\/\/printwave.pl\/fr\/wp-content\/uploads\/sites\/4\/2025\/01\/615_28_002_m-2023_02.jpg","type":"image\/jpeg"}],"twitter_card":"summary_large_image","schema":{"@context":"https:\/\/schema.org","@graph":[{"@type":"WebPage","@id":"https:\/\/printwave.pl\/fr\/produkt\/canvas-accessory-pouch-2\/","url":"https:\/\/printwave.pl\/fr\/produkt\/canvas-accessory-pouch-2\/","name":"Canvas Accessory Pouch | Printwave FR","isPartOf":{"@id":"https:\/\/printwave.pl\/fr\/#website"},"primaryImageOfPage":{"@id":"https:\/\/printwave.pl\/fr\/produkt\/canvas-accessory-pouch-2\/#primaryimage"},"image":{"@id":"https:\/\/printwave.pl\/fr\/produkt\/canvas-accessory-pouch-2\/#primaryimage"},"thumbnailUrl":"https:\/\/printwave.pl\/fr\/wp-content\/uploads\/sites\/4\/2025\/01\/615_28_002_m-2023_02.jpg","datePublished":"2025-01-25T00:25:07+00:00","dateModified":"2026-02-15T04:42:47+00:00","breadcrumb":{"@id":"https:\/\/printwave.pl\/fr\/produkt\/canvas-accessory-pouch-2\/#breadcrumb"},"inLanguage":"fr-FR","potentialAction":[{"@type":"ReadAction","target":["https:\/\/printwave.pl\/fr\/produkt\/canvas-accessory-pouch-2\/"]}]},{"@type":"ImageObject","inLanguage":"fr-FR","@id":"https:\/\/printwave.pl\/fr\/produkt\/canvas-accessory-pouch-2\/#primaryimage","url":"https:\/\/printwave.pl\/fr\/wp-content\/uploads\/sites\/4\/2025\/01\/615_28_002_m-2023_02.jpg","contentUrl":"https:\/\/printwave.pl\/fr\/wp-content\/uploads\/sites\/4\/2025\/01\/615_28_002_m-2023_02.jpg","width":1024,"height":1304},{"@type":"BreadcrumbList","@id":"https:\/\/printwave.pl\/fr\/produkt\/canvas-accessory-pouch-2\/#breadcrumb","itemListElement":[{"@type":"ListItem","position":1,"name":"Accueil","item":"https:\/\/printwave.pl\/fr\/"},{"@type":"ListItem","position":2,"name":"Boutique","item":"https:\/\/printwave.pl\/fr\/boutique\/"},{"@type":"ListItem","position":3,"name":"Canvas Accessory Pouch"}]},{"@type":"WebSite","@id":"https:\/\/printwave.pl\/fr\/#website","url":"https:\/\/printwave.pl\/fr\/","name":"Printwave","description":"Votre fournisseur de v\u00eatements promotionnels et d&#039;entreprise en Pologne","potentialAction":[{"@type":"SearchAction","target":{"@type":"EntryPoint","urlTemplate":"https:\/\/printwave.pl\/fr\/?s={search_term_string}"},"query-input":{"@type":"PropertyValueSpecification","valueRequired":true,"valueName":"search_term_string"}}],"inLanguage":"fr-FR"}]}},"_links":{"self":[{"href":"https:\/\/printwave.pl\/fr\/wp-json\/wp\/v2\/product\/471432","targetHints":{"allow":["GET"]}}],"collection":[{"href":"https:\/\/printwave.pl\/fr\/wp-json\/wp\/v2\/product"}],"about":[{"href":"https:\/\/printwave.pl\/fr\/wp-json\/wp\/v2\/types\/product"}],"replies":[{"embeddable":true,"href":"https:\/\/printwave.pl\/fr\/wp-json\/wp\/v2\/comments?post=471432"}],"wp:featuredmedia":[{"embeddable":true,"href":"https:\/\/printwave.pl\/fr\/wp-json\/wp\/v2\/media\/471430"}],"wp:attachment":[{"href":"https:\/\/printwave.pl\/fr\/wp-json\/wp\/v2\/media?parent=471432"}],"wp:term":[{"taxonomy":"product_brand","embeddable":true,"href":"https:\/\/printwave.pl\/fr\/wp-json\/wp\/v2\/product_brand?post=471432"},{"taxonomy":"product_cat","embeddable":true,"href":"https:\/\/printwave.pl\/fr\/wp-json\/wp\/v2\/product_cat?post=471432"},{"taxonomy":"product_tag","embeddable":true,"href":"https:\/\/printwave.pl\/fr\/wp-json\/wp\/v2\/product_tag?post=471432"}],"curies":[{"name":"wp","href":"https:\/\/api.w.org\/{rel}","templated":true}]}}