{"id":471344,"date":"2025-01-25T01:22:39","date_gmt":"2025-01-25T00:22:39","guid":{"rendered":"https:\/\/printwave.pl\/fr\/produkt\/canvas-accessory-bag\/"},"modified":"2026-02-15T05:42:19","modified_gmt":"2026-02-15T04:42:19","slug":"canvas-accessory-bag","status":"publish","type":"product","link":"https:\/\/printwave.pl\/fr\/produkt\/canvas-accessory-bag\/","title":{"rendered":"Canvas Accessory Bag"},"content":{"rendered":"<p>\u00b7407 g\/m\u00b2<br \/>\n\u00b7100 % Coton (Toile bross\u00e9e)<br \/>\n\u00b7fermeture \u00e0 glissi\u00e8re en m\u00e9tal style vintage<br \/>\n\u00b7capacit\u00e9 en Litres : S: 1, M: 3, L: 5<br \/>\n\u00b7dimensions en cm : S: 13.5&#215;12 x 6, M: 19x18x9, L: 23&#215;22.5&#215;11<br \/>\n\u00b7surface de broderie avec anneau tubulaire : S: 9, M: 15, L: 18<br \/>\n\u00b7surface d&rsquo;impression en cm : S: 17&#215;7, M: 26&#215;12, L: 31&#215;15.<\/p>\n","protected":false},"excerpt":{"rendered":"<p>\u00b7407 g\/m\u00b2 \u00b7100 % Coton (Toile bross\u00e9e) \u00b7fermeture \u00e0 glissi\u00e8re en m\u00e9tal style vintage \u00b7capacit\u00e9 en Litres : S: 1,<\/p>\n","protected":false},"featured_media":471340,"comment_status":"open","ping_status":"closed","template":"","meta":[],"product_brand":[],"product_cat":[61],"product_tag":[],"class_list":{"0":"post-471344","1":"product","2":"type-product","3":"status-publish","4":"has-post-thumbnail","6":"product_cat-bagagerie-accessoires","7":"pa_couleur-black","8":"pa_couleur-light-grey","9":"pa_couleur-natural","10":"pa_couleur-navy","11":"pa_couleur-off-white","12":"pa_details-sac-a-linge","13":"pa_groupe-de-produits-sac-specifiques","14":"pa_marque-westford-mill","15":"pa_numero-de-style-3645","16":"pa_poids-a-partir-de-350-g-m","17":"pa_sexe-unisexe","18":"pa_taille-l","19":"pa_taille-m","20":"pa_taille-s","21":"pa_tissu-coton","23":"first","24":"instock","25":"taxable","26":"shipping-taxable","27":"purchasable","28":"product-type-variable"},"yoast_head":"<!-- This site is optimized with the Yoast SEO Premium plugin v20.9 (Yoast SEO v26.3) - https:\/\/yoast.com\/wordpress\/plugins\/seo\/ -->\n<title>Canvas Accessory Bag | Printwave FR<\/title>\n<meta name=\"robots\" content=\"index, follow, max-snippet:-1, max-image-preview:large, max-video-preview:-1\" \/>\n<link rel=\"canonical\" href=\"https:\/\/printwave.pl\/fr\/produkt\/canvas-accessory-bag\/\" \/>\n<meta property=\"og:locale\" content=\"fr_FR\" \/>\n<meta property=\"og:type\" content=\"article\" \/>\n<meta property=\"og:title\" content=\"Canvas Accessory Bag\" \/>\n<meta property=\"og:description\" content=\"\u00b7407 g\/m\u00b2 \u00b7100 % Coton (Toile bross\u00e9e) \u00b7fermeture \u00e0 glissi\u00e8re en m\u00e9tal style vintage \u00b7capacit\u00e9 en Litres : S: 1,\" \/>\n<meta property=\"og:url\" content=\"https:\/\/printwave.pl\/fr\/produkt\/canvas-accessory-bag\/\" \/>\n<meta property=\"og:site_name\" content=\"Printwave FR\" \/>\n<meta property=\"article:modified_time\" content=\"2026-02-15T04:42:19+00:00\" \/>\n<meta property=\"og:image\" content=\"https:\/\/printwave.pl\/fr\/wp-content\/uploads\/sites\/4\/2025\/01\/616_28_138_m-2022_01.jpg\" \/>\n\t<meta property=\"og:image:width\" content=\"1024\" \/>\n\t<meta property=\"og:image:height\" content=\"1304\" \/>\n\t<meta property=\"og:image:type\" content=\"image\/jpeg\" \/>\n<meta name=\"twitter:card\" content=\"summary_large_image\" \/>\n<script type=\"application\/ld+json\" class=\"yoast-schema-graph\">{\"@context\":\"https:\/\/schema.org\",\"@graph\":[{\"@type\":\"WebPage\",\"@id\":\"https:\/\/printwave.pl\/fr\/produkt\/canvas-accessory-bag\/\",\"url\":\"https:\/\/printwave.pl\/fr\/produkt\/canvas-accessory-bag\/\",\"name\":\"Canvas Accessory Bag | Printwave FR\",\"isPartOf\":{\"@id\":\"https:\/\/printwave.pl\/fr\/#website\"},\"primaryImageOfPage\":{\"@id\":\"https:\/\/printwave.pl\/fr\/produkt\/canvas-accessory-bag\/#primaryimage\"},\"image\":{\"@id\":\"https:\/\/printwave.pl\/fr\/produkt\/canvas-accessory-bag\/#primaryimage\"},\"thumbnailUrl\":\"https:\/\/printwave.pl\/fr\/wp-content\/uploads\/sites\/4\/2025\/01\/616_28_138_m-2022_01.jpg\",\"datePublished\":\"2025-01-25T00:22:39+00:00\",\"dateModified\":\"2026-02-15T04:42:19+00:00\",\"breadcrumb\":{\"@id\":\"https:\/\/printwave.pl\/fr\/produkt\/canvas-accessory-bag\/#breadcrumb\"},\"inLanguage\":\"fr-FR\",\"potentialAction\":[{\"@type\":\"ReadAction\",\"target\":[\"https:\/\/printwave.pl\/fr\/produkt\/canvas-accessory-bag\/\"]}]},{\"@type\":\"ImageObject\",\"inLanguage\":\"fr-FR\",\"@id\":\"https:\/\/printwave.pl\/fr\/produkt\/canvas-accessory-bag\/#primaryimage\",\"url\":\"https:\/\/printwave.pl\/fr\/wp-content\/uploads\/sites\/4\/2025\/01\/616_28_138_m-2022_01.jpg\",\"contentUrl\":\"https:\/\/printwave.pl\/fr\/wp-content\/uploads\/sites\/4\/2025\/01\/616_28_138_m-2022_01.jpg\",\"width\":1024,\"height\":1304},{\"@type\":\"BreadcrumbList\",\"@id\":\"https:\/\/printwave.pl\/fr\/produkt\/canvas-accessory-bag\/#breadcrumb\",\"itemListElement\":[{\"@type\":\"ListItem\",\"position\":1,\"name\":\"Accueil\",\"item\":\"https:\/\/printwave.pl\/fr\/\"},{\"@type\":\"ListItem\",\"position\":2,\"name\":\"Boutique\",\"item\":\"https:\/\/printwave.pl\/fr\/boutique\/\"},{\"@type\":\"ListItem\",\"position\":3,\"name\":\"Canvas Accessory Bag\"}]},{\"@type\":\"WebSite\",\"@id\":\"https:\/\/printwave.pl\/fr\/#website\",\"url\":\"https:\/\/printwave.pl\/fr\/\",\"name\":\"Printwave\",\"description\":\"Votre fournisseur de v\u00eatements promotionnels et d&#039;entreprise en Pologne\",\"potentialAction\":[{\"@type\":\"SearchAction\",\"target\":{\"@type\":\"EntryPoint\",\"urlTemplate\":\"https:\/\/printwave.pl\/fr\/?s={search_term_string}\"},\"query-input\":{\"@type\":\"PropertyValueSpecification\",\"valueRequired\":true,\"valueName\":\"search_term_string\"}}],\"inLanguage\":\"fr-FR\"}]}<\/script>\n<!-- \/ Yoast SEO Premium plugin. -->","yoast_head_json":{"title":"Canvas Accessory Bag | Printwave FR","robots":{"index":"index","follow":"follow","max-snippet":"max-snippet:-1","max-image-preview":"max-image-preview:large","max-video-preview":"max-video-preview:-1"},"canonical":"https:\/\/printwave.pl\/fr\/produkt\/canvas-accessory-bag\/","og_locale":"fr_FR","og_type":"article","og_title":"Canvas Accessory Bag","og_description":"\u00b7407 g\/m\u00b2 \u00b7100 % Coton (Toile bross\u00e9e) \u00b7fermeture \u00e0 glissi\u00e8re en m\u00e9tal style vintage \u00b7capacit\u00e9 en Litres : S: 1,","og_url":"https:\/\/printwave.pl\/fr\/produkt\/canvas-accessory-bag\/","og_site_name":"Printwave FR","article_modified_time":"2026-02-15T04:42:19+00:00","og_image":[{"width":1024,"height":1304,"url":"https:\/\/printwave.pl\/fr\/wp-content\/uploads\/sites\/4\/2025\/01\/616_28_138_m-2022_01.jpg","type":"image\/jpeg"}],"twitter_card":"summary_large_image","schema":{"@context":"https:\/\/schema.org","@graph":[{"@type":"WebPage","@id":"https:\/\/printwave.pl\/fr\/produkt\/canvas-accessory-bag\/","url":"https:\/\/printwave.pl\/fr\/produkt\/canvas-accessory-bag\/","name":"Canvas Accessory Bag | Printwave FR","isPartOf":{"@id":"https:\/\/printwave.pl\/fr\/#website"},"primaryImageOfPage":{"@id":"https:\/\/printwave.pl\/fr\/produkt\/canvas-accessory-bag\/#primaryimage"},"image":{"@id":"https:\/\/printwave.pl\/fr\/produkt\/canvas-accessory-bag\/#primaryimage"},"thumbnailUrl":"https:\/\/printwave.pl\/fr\/wp-content\/uploads\/sites\/4\/2025\/01\/616_28_138_m-2022_01.jpg","datePublished":"2025-01-25T00:22:39+00:00","dateModified":"2026-02-15T04:42:19+00:00","breadcrumb":{"@id":"https:\/\/printwave.pl\/fr\/produkt\/canvas-accessory-bag\/#breadcrumb"},"inLanguage":"fr-FR","potentialAction":[{"@type":"ReadAction","target":["https:\/\/printwave.pl\/fr\/produkt\/canvas-accessory-bag\/"]}]},{"@type":"ImageObject","inLanguage":"fr-FR","@id":"https:\/\/printwave.pl\/fr\/produkt\/canvas-accessory-bag\/#primaryimage","url":"https:\/\/printwave.pl\/fr\/wp-content\/uploads\/sites\/4\/2025\/01\/616_28_138_m-2022_01.jpg","contentUrl":"https:\/\/printwave.pl\/fr\/wp-content\/uploads\/sites\/4\/2025\/01\/616_28_138_m-2022_01.jpg","width":1024,"height":1304},{"@type":"BreadcrumbList","@id":"https:\/\/printwave.pl\/fr\/produkt\/canvas-accessory-bag\/#breadcrumb","itemListElement":[{"@type":"ListItem","position":1,"name":"Accueil","item":"https:\/\/printwave.pl\/fr\/"},{"@type":"ListItem","position":2,"name":"Boutique","item":"https:\/\/printwave.pl\/fr\/boutique\/"},{"@type":"ListItem","position":3,"name":"Canvas Accessory Bag"}]},{"@type":"WebSite","@id":"https:\/\/printwave.pl\/fr\/#website","url":"https:\/\/printwave.pl\/fr\/","name":"Printwave","description":"Votre fournisseur de v\u00eatements promotionnels et d&#039;entreprise en Pologne","potentialAction":[{"@type":"SearchAction","target":{"@type":"EntryPoint","urlTemplate":"https:\/\/printwave.pl\/fr\/?s={search_term_string}"},"query-input":{"@type":"PropertyValueSpecification","valueRequired":true,"valueName":"search_term_string"}}],"inLanguage":"fr-FR"}]}},"_links":{"self":[{"href":"https:\/\/printwave.pl\/fr\/wp-json\/wp\/v2\/product\/471344","targetHints":{"allow":["GET"]}}],"collection":[{"href":"https:\/\/printwave.pl\/fr\/wp-json\/wp\/v2\/product"}],"about":[{"href":"https:\/\/printwave.pl\/fr\/wp-json\/wp\/v2\/types\/product"}],"replies":[{"embeddable":true,"href":"https:\/\/printwave.pl\/fr\/wp-json\/wp\/v2\/comments?post=471344"}],"wp:featuredmedia":[{"embeddable":true,"href":"https:\/\/printwave.pl\/fr\/wp-json\/wp\/v2\/media\/471340"}],"wp:attachment":[{"href":"https:\/\/printwave.pl\/fr\/wp-json\/wp\/v2\/media?parent=471344"}],"wp:term":[{"taxonomy":"product_brand","embeddable":true,"href":"https:\/\/printwave.pl\/fr\/wp-json\/wp\/v2\/product_brand?post=471344"},{"taxonomy":"product_cat","embeddable":true,"href":"https:\/\/printwave.pl\/fr\/wp-json\/wp\/v2\/product_cat?post=471344"},{"taxonomy":"product_tag","embeddable":true,"href":"https:\/\/printwave.pl\/fr\/wp-json\/wp\/v2\/product_tag?post=471344"}],"curies":[{"name":"wp","href":"https:\/\/api.w.org\/{rel}","templated":true}]}}