{"id":471004,"date":"2025-01-25T01:12:03","date_gmt":"2025-01-25T00:12:03","guid":{"rendered":"https:\/\/printwave.pl\/fr\/produkt\/monte-rosa-classic-travel-rucksack\/"},"modified":"2026-02-15T05:40:22","modified_gmt":"2026-02-15T04:40:22","slug":"monte-rosa-classic-travel-rucksack","status":"publish","type":"product","link":"https:\/\/printwave.pl\/fr\/produkt\/monte-rosa-classic-travel-rucksack\/","title":{"rendered":"Monte Rosa Classic Travel Rucksack"},"content":{"rendered":"<p>\u00b7100% polyester (600D\/600D Ripstop)<br \/>\n\u00b7sac \u00e0 dos pour voyages<br \/>\n\u00b7bretelles rembourr\u00e9es r\u00e9glables, poign\u00e9e de transport<br \/>\n\u00b7panneau dos renforc\u00e9<br \/>\n\u00b7compartiment principal avec fermeture \u00e0 glissi\u00e8re<br \/>\n\u00b7compartiment plus petit sur le devant avec fermeture \u00e0 glissi\u00e8re et cordon<br \/>\n\u00b72 poches lat\u00e9rales avec fermeture \u00e0 glissi\u00e8re<br \/>\n\u00b7sangle de poitrine<br \/>\n\u00b7capacit\u00e9: 45 litres<br \/>\n\u00b7dimensions: 34 x 55 x 21 cm<br \/>\n\u00b7convient \u00e0 l&rsquo;impression, au transfert et \u00e0 la broderie<br \/>\n\u00b7taille maximum broderie: anneau tubulaire de 9<br \/>\n\u00b7taille maximum d&rsquo;impression: 13 x 9 cm<\/p>\n","protected":false},"excerpt":{"rendered":"<p>\u00b7100% polyester (600D\/600D Ripstop) \u00b7sac \u00e0 dos pour voyages \u00b7bretelles rembourr\u00e9es r\u00e9glables, poign\u00e9e de transport \u00b7panneau dos renforc\u00e9 \u00b7compartiment principal<\/p>\n","protected":false},"featured_media":471001,"comment_status":"open","ping_status":"closed","template":"","meta":[],"product_brand":[],"product_cat":[61],"product_tag":[248,1104,1036,249],"class_list":{"0":"post-471004","1":"product","2":"type-product","3":"status-publish","4":"has-post-thumbnail","6":"product_cat-bagagerie-accessoires","7":"product_tag-3-couleurs","8":"product_tag-sacs-a-dos","9":"product_tag-sacs-de-voyge","10":"product_tag-tricolore","11":"pa_couleur-dark-grey-black-light-grey","12":"pa_couleur-dark-grey-black-petrol","13":"pa_groupe-de-produits-sac-a-dos","14":"pa_marque-shugon","15":"pa_numero-de-style-3622","16":"pa_sexe-unisexe","17":"pa_taille-one-size","18":"pa_tissu-polyester","20":"first","21":"instock","22":"taxable","23":"shipping-taxable","24":"purchasable","25":"product-type-variable"},"yoast_head":"<!-- This site is optimized with the Yoast SEO Premium plugin v20.9 (Yoast SEO v26.3) - https:\/\/yoast.com\/wordpress\/plugins\/seo\/ -->\n<title>Monte Rosa Classic Travel Rucksack | Printwave FR<\/title>\n<meta name=\"robots\" content=\"index, follow, max-snippet:-1, max-image-preview:large, max-video-preview:-1\" \/>\n<link rel=\"canonical\" href=\"https:\/\/printwave.pl\/fr\/produkt\/monte-rosa-classic-travel-rucksack\/\" \/>\n<meta property=\"og:locale\" content=\"fr_FR\" \/>\n<meta property=\"og:type\" content=\"article\" \/>\n<meta property=\"og:title\" content=\"Monte Rosa Classic Travel Rucksack\" \/>\n<meta property=\"og:description\" content=\"\u00b7100% polyester (600D\/600D Ripstop) \u00b7sac \u00e0 dos pour voyages \u00b7bretelles rembourr\u00e9es r\u00e9glables, poign\u00e9e de transport \u00b7panneau dos renforc\u00e9 \u00b7compartiment principal\" \/>\n<meta property=\"og:url\" content=\"https:\/\/printwave.pl\/fr\/produkt\/monte-rosa-classic-travel-rucksack\/\" \/>\n<meta property=\"og:site_name\" content=\"Printwave FR\" \/>\n<meta property=\"article:modified_time\" content=\"2026-02-15T04:40:22+00:00\" \/>\n<meta property=\"og:image\" content=\"https:\/\/printwave.pl\/fr\/wp-content\/uploads\/sites\/4\/2025\/01\/624_38_198_m-2018-nc_01.jpg\" \/>\n\t<meta property=\"og:image:width\" content=\"1024\" \/>\n\t<meta property=\"og:image:height\" content=\"1304\" \/>\n\t<meta property=\"og:image:type\" content=\"image\/jpeg\" \/>\n<meta name=\"twitter:card\" content=\"summary_large_image\" \/>\n<script type=\"application\/ld+json\" class=\"yoast-schema-graph\">{\"@context\":\"https:\/\/schema.org\",\"@graph\":[{\"@type\":\"WebPage\",\"@id\":\"https:\/\/printwave.pl\/fr\/produkt\/monte-rosa-classic-travel-rucksack\/\",\"url\":\"https:\/\/printwave.pl\/fr\/produkt\/monte-rosa-classic-travel-rucksack\/\",\"name\":\"Monte Rosa Classic Travel Rucksack | Printwave FR\",\"isPartOf\":{\"@id\":\"https:\/\/printwave.pl\/fr\/#website\"},\"primaryImageOfPage\":{\"@id\":\"https:\/\/printwave.pl\/fr\/produkt\/monte-rosa-classic-travel-rucksack\/#primaryimage\"},\"image\":{\"@id\":\"https:\/\/printwave.pl\/fr\/produkt\/monte-rosa-classic-travel-rucksack\/#primaryimage\"},\"thumbnailUrl\":\"https:\/\/printwave.pl\/fr\/wp-content\/uploads\/sites\/4\/2025\/01\/624_38_198_m-2018-nc_01.jpg\",\"datePublished\":\"2025-01-25T00:12:03+00:00\",\"dateModified\":\"2026-02-15T04:40:22+00:00\",\"breadcrumb\":{\"@id\":\"https:\/\/printwave.pl\/fr\/produkt\/monte-rosa-classic-travel-rucksack\/#breadcrumb\"},\"inLanguage\":\"fr-FR\",\"potentialAction\":[{\"@type\":\"ReadAction\",\"target\":[\"https:\/\/printwave.pl\/fr\/produkt\/monte-rosa-classic-travel-rucksack\/\"]}]},{\"@type\":\"ImageObject\",\"inLanguage\":\"fr-FR\",\"@id\":\"https:\/\/printwave.pl\/fr\/produkt\/monte-rosa-classic-travel-rucksack\/#primaryimage\",\"url\":\"https:\/\/printwave.pl\/fr\/wp-content\/uploads\/sites\/4\/2025\/01\/624_38_198_m-2018-nc_01.jpg\",\"contentUrl\":\"https:\/\/printwave.pl\/fr\/wp-content\/uploads\/sites\/4\/2025\/01\/624_38_198_m-2018-nc_01.jpg\",\"width\":1024,\"height\":1304},{\"@type\":\"BreadcrumbList\",\"@id\":\"https:\/\/printwave.pl\/fr\/produkt\/monte-rosa-classic-travel-rucksack\/#breadcrumb\",\"itemListElement\":[{\"@type\":\"ListItem\",\"position\":1,\"name\":\"Accueil\",\"item\":\"https:\/\/printwave.pl\/fr\/\"},{\"@type\":\"ListItem\",\"position\":2,\"name\":\"Boutique\",\"item\":\"https:\/\/printwave.pl\/fr\/boutique\/\"},{\"@type\":\"ListItem\",\"position\":3,\"name\":\"Monte Rosa Classic Travel Rucksack\"}]},{\"@type\":\"WebSite\",\"@id\":\"https:\/\/printwave.pl\/fr\/#website\",\"url\":\"https:\/\/printwave.pl\/fr\/\",\"name\":\"Printwave\",\"description\":\"Votre fournisseur de v\u00eatements promotionnels et d&#039;entreprise en Pologne\",\"potentialAction\":[{\"@type\":\"SearchAction\",\"target\":{\"@type\":\"EntryPoint\",\"urlTemplate\":\"https:\/\/printwave.pl\/fr\/?s={search_term_string}\"},\"query-input\":{\"@type\":\"PropertyValueSpecification\",\"valueRequired\":true,\"valueName\":\"search_term_string\"}}],\"inLanguage\":\"fr-FR\"}]}<\/script>\n<!-- \/ Yoast SEO Premium plugin. -->","yoast_head_json":{"title":"Monte Rosa Classic Travel Rucksack | Printwave FR","robots":{"index":"index","follow":"follow","max-snippet":"max-snippet:-1","max-image-preview":"max-image-preview:large","max-video-preview":"max-video-preview:-1"},"canonical":"https:\/\/printwave.pl\/fr\/produkt\/monte-rosa-classic-travel-rucksack\/","og_locale":"fr_FR","og_type":"article","og_title":"Monte Rosa Classic Travel Rucksack","og_description":"\u00b7100% polyester (600D\/600D Ripstop) \u00b7sac \u00e0 dos pour voyages \u00b7bretelles rembourr\u00e9es r\u00e9glables, poign\u00e9e de transport \u00b7panneau dos renforc\u00e9 \u00b7compartiment principal","og_url":"https:\/\/printwave.pl\/fr\/produkt\/monte-rosa-classic-travel-rucksack\/","og_site_name":"Printwave FR","article_modified_time":"2026-02-15T04:40:22+00:00","og_image":[{"width":1024,"height":1304,"url":"https:\/\/printwave.pl\/fr\/wp-content\/uploads\/sites\/4\/2025\/01\/624_38_198_m-2018-nc_01.jpg","type":"image\/jpeg"}],"twitter_card":"summary_large_image","schema":{"@context":"https:\/\/schema.org","@graph":[{"@type":"WebPage","@id":"https:\/\/printwave.pl\/fr\/produkt\/monte-rosa-classic-travel-rucksack\/","url":"https:\/\/printwave.pl\/fr\/produkt\/monte-rosa-classic-travel-rucksack\/","name":"Monte Rosa Classic Travel Rucksack | Printwave FR","isPartOf":{"@id":"https:\/\/printwave.pl\/fr\/#website"},"primaryImageOfPage":{"@id":"https:\/\/printwave.pl\/fr\/produkt\/monte-rosa-classic-travel-rucksack\/#primaryimage"},"image":{"@id":"https:\/\/printwave.pl\/fr\/produkt\/monte-rosa-classic-travel-rucksack\/#primaryimage"},"thumbnailUrl":"https:\/\/printwave.pl\/fr\/wp-content\/uploads\/sites\/4\/2025\/01\/624_38_198_m-2018-nc_01.jpg","datePublished":"2025-01-25T00:12:03+00:00","dateModified":"2026-02-15T04:40:22+00:00","breadcrumb":{"@id":"https:\/\/printwave.pl\/fr\/produkt\/monte-rosa-classic-travel-rucksack\/#breadcrumb"},"inLanguage":"fr-FR","potentialAction":[{"@type":"ReadAction","target":["https:\/\/printwave.pl\/fr\/produkt\/monte-rosa-classic-travel-rucksack\/"]}]},{"@type":"ImageObject","inLanguage":"fr-FR","@id":"https:\/\/printwave.pl\/fr\/produkt\/monte-rosa-classic-travel-rucksack\/#primaryimage","url":"https:\/\/printwave.pl\/fr\/wp-content\/uploads\/sites\/4\/2025\/01\/624_38_198_m-2018-nc_01.jpg","contentUrl":"https:\/\/printwave.pl\/fr\/wp-content\/uploads\/sites\/4\/2025\/01\/624_38_198_m-2018-nc_01.jpg","width":1024,"height":1304},{"@type":"BreadcrumbList","@id":"https:\/\/printwave.pl\/fr\/produkt\/monte-rosa-classic-travel-rucksack\/#breadcrumb","itemListElement":[{"@type":"ListItem","position":1,"name":"Accueil","item":"https:\/\/printwave.pl\/fr\/"},{"@type":"ListItem","position":2,"name":"Boutique","item":"https:\/\/printwave.pl\/fr\/boutique\/"},{"@type":"ListItem","position":3,"name":"Monte Rosa Classic Travel Rucksack"}]},{"@type":"WebSite","@id":"https:\/\/printwave.pl\/fr\/#website","url":"https:\/\/printwave.pl\/fr\/","name":"Printwave","description":"Votre fournisseur de v\u00eatements promotionnels et d&#039;entreprise en Pologne","potentialAction":[{"@type":"SearchAction","target":{"@type":"EntryPoint","urlTemplate":"https:\/\/printwave.pl\/fr\/?s={search_term_string}"},"query-input":{"@type":"PropertyValueSpecification","valueRequired":true,"valueName":"search_term_string"}}],"inLanguage":"fr-FR"}]}},"_links":{"self":[{"href":"https:\/\/printwave.pl\/fr\/wp-json\/wp\/v2\/product\/471004","targetHints":{"allow":["GET"]}}],"collection":[{"href":"https:\/\/printwave.pl\/fr\/wp-json\/wp\/v2\/product"}],"about":[{"href":"https:\/\/printwave.pl\/fr\/wp-json\/wp\/v2\/types\/product"}],"replies":[{"embeddable":true,"href":"https:\/\/printwave.pl\/fr\/wp-json\/wp\/v2\/comments?post=471004"}],"wp:featuredmedia":[{"embeddable":true,"href":"https:\/\/printwave.pl\/fr\/wp-json\/wp\/v2\/media\/471001"}],"wp:attachment":[{"href":"https:\/\/printwave.pl\/fr\/wp-json\/wp\/v2\/media?parent=471004"}],"wp:term":[{"taxonomy":"product_brand","embeddable":true,"href":"https:\/\/printwave.pl\/fr\/wp-json\/wp\/v2\/product_brand?post=471004"},{"taxonomy":"product_cat","embeddable":true,"href":"https:\/\/printwave.pl\/fr\/wp-json\/wp\/v2\/product_cat?post=471004"},{"taxonomy":"product_tag","embeddable":true,"href":"https:\/\/printwave.pl\/fr\/wp-json\/wp\/v2\/product_tag?post=471004"}],"curies":[{"name":"wp","href":"https:\/\/api.w.org\/{rel}","templated":true}]}}