{"id":470694,"date":"2025-01-25T01:02:18","date_gmt":"2025-01-25T00:02:18","guid":{"rendered":"https:\/\/printwave.pl\/fr\/produkt\/gran-paradiso-hiker-backpack\/"},"modified":"2026-02-15T05:39:07","modified_gmt":"2026-02-15T04:39:07","slug":"gran-paradiso-hiker-backpack","status":"publish","type":"product","link":"https:\/\/printwave.pl\/fr\/produkt\/gran-paradiso-hiker-backpack\/","title":{"rendered":"Gran Paradiso Hiker Backpack"},"content":{"rendered":"<p>\u00b7100% Polyester (600D\/600D Rip-Stop)<br \/>\n\u00b7bandouli\u00e8re ajustable rembourr\u00e9e et poign\u00e9e renforc\u00e9e<br \/>\n\u00b7ouverture style valise pour un acc\u00e8s ais\u00e9<br \/>\n\u00b7un compartiment principal et un second plus petit sur le devant<br \/>\n\u00b7deux larges poches lat\u00e9rales<br \/>\n\u00b7deux poign\u00e9es lat\u00e9rales ajustables<br \/>\n\u00b7bande de taille rembourr\u00e9e<br \/>\n\u00b7\u00e9l\u00e9ment rigide dans le panneau du dos pour renforcer la stabilisation<br \/>\n\u00b7convient pour l impression\/ l impression par transfert ou la broderie<br \/>\n\u00b7poids: 850 g<br \/>\n\u00b7capacit\u00e9: 35 litres<br \/>\n\u00b7dimensions: 30 x 54 x 22 cm<br \/>\n\u00b7surface pour la broderie: anneau tubulaire de 12<br \/>\n\u00b7surface de d\u00e9coration: avant: 13 x 10 cm, c\u00f4t\u00e9s: 10 x 15 cm<\/p>\n","protected":false},"excerpt":{"rendered":"<p>\u00b7100% Polyester (600D\/600D Rip-Stop) \u00b7bandouli\u00e8re ajustable rembourr\u00e9e et poign\u00e9e renforc\u00e9e \u00b7ouverture style valise pour un acc\u00e8s ais\u00e9 \u00b7un compartiment principal<\/p>\n","protected":false},"featured_media":470690,"comment_status":"open","ping_status":"closed","template":"","meta":[],"product_brand":[],"product_cat":[61],"product_tag":[1104,1036],"class_list":{"0":"post-470694","1":"product","2":"type-product","3":"status-publish","4":"has-post-thumbnail","6":"product_cat-bagagerie-accessoires","7":"product_tag-sacs-a-dos","8":"product_tag-sacs-de-voyge","9":"pa_couleur-black","10":"pa_couleur-black-red","11":"pa_details-sac-de-randonnee","12":"pa_groupe-de-produits-sac-a-dos","13":"pa_marque-shugon","14":"pa_numero-de-style-3604","15":"pa_sexe-unisexe","16":"pa_taille-one-size","17":"pa_tissu-polyester","19":"first","20":"instock","21":"taxable","22":"shipping-taxable","23":"purchasable","24":"product-type-variable"},"yoast_head":"<!-- This site is optimized with the Yoast SEO Premium plugin v20.9 (Yoast SEO v26.3) - https:\/\/yoast.com\/wordpress\/plugins\/seo\/ -->\n<title>Gran Paradiso Hiker Backpack | Printwave FR<\/title>\n<meta name=\"robots\" content=\"index, follow, max-snippet:-1, max-image-preview:large, max-video-preview:-1\" \/>\n<link rel=\"canonical\" href=\"https:\/\/printwave.pl\/fr\/produkt\/gran-paradiso-hiker-backpack\/\" \/>\n<meta property=\"og:locale\" content=\"fr_FR\" \/>\n<meta property=\"og:type\" content=\"article\" \/>\n<meta property=\"og:title\" content=\"Gran Paradiso Hiker Backpack\" \/>\n<meta property=\"og:description\" content=\"\u00b7100% Polyester (600D\/600D Rip-Stop) \u00b7bandouli\u00e8re ajustable rembourr\u00e9e et poign\u00e9e renforc\u00e9e \u00b7ouverture style valise pour un acc\u00e8s ais\u00e9 \u00b7un compartiment principal\" \/>\n<meta property=\"og:url\" content=\"https:\/\/printwave.pl\/fr\/produkt\/gran-paradiso-hiker-backpack\/\" \/>\n<meta property=\"og:site_name\" content=\"Printwave FR\" \/>\n<meta property=\"article:modified_time\" content=\"2026-02-15T04:39:07+00:00\" \/>\n<meta property=\"og:image\" content=\"https:\/\/printwave.pl\/fr\/wp-content\/uploads\/sites\/4\/2021\/07\/Print-Wave-logo-2025.png\" \/>\n\t<meta property=\"og:image:width\" content=\"1645\" \/>\n\t<meta property=\"og:image:height\" content=\"297\" \/>\n\t<meta property=\"og:image:type\" content=\"image\/png\" \/>\n<meta name=\"twitter:card\" content=\"summary_large_image\" \/>\n<script type=\"application\/ld+json\" class=\"yoast-schema-graph\">{\"@context\":\"https:\/\/schema.org\",\"@graph\":[{\"@type\":\"WebPage\",\"@id\":\"https:\/\/printwave.pl\/fr\/produkt\/gran-paradiso-hiker-backpack\/\",\"url\":\"https:\/\/printwave.pl\/fr\/produkt\/gran-paradiso-hiker-backpack\/\",\"name\":\"Gran Paradiso Hiker Backpack | Printwave FR\",\"isPartOf\":{\"@id\":\"https:\/\/printwave.pl\/fr\/#website\"},\"primaryImageOfPage\":{\"@id\":\"https:\/\/printwave.pl\/fr\/produkt\/gran-paradiso-hiker-backpack\/#primaryimage\"},\"image\":{\"@id\":\"https:\/\/printwave.pl\/fr\/produkt\/gran-paradiso-hiker-backpack\/#primaryimage\"},\"thumbnailUrl\":\"https:\/\/printwave.pl\/fr\/wp-content\/uploads\/sites\/4\/2025\/01\/628_38_101_m_2025_01.jpg\",\"datePublished\":\"2025-01-25T00:02:18+00:00\",\"dateModified\":\"2026-02-15T04:39:07+00:00\",\"breadcrumb\":{\"@id\":\"https:\/\/printwave.pl\/fr\/produkt\/gran-paradiso-hiker-backpack\/#breadcrumb\"},\"inLanguage\":\"fr-FR\",\"potentialAction\":[{\"@type\":\"ReadAction\",\"target\":[\"https:\/\/printwave.pl\/fr\/produkt\/gran-paradiso-hiker-backpack\/\"]}]},{\"@type\":\"ImageObject\",\"inLanguage\":\"fr-FR\",\"@id\":\"https:\/\/printwave.pl\/fr\/produkt\/gran-paradiso-hiker-backpack\/#primaryimage\",\"url\":\"https:\/\/printwave.pl\/fr\/wp-content\/uploads\/sites\/4\/2025\/01\/628_38_101_m_2025_01.jpg\",\"contentUrl\":\"https:\/\/printwave.pl\/fr\/wp-content\/uploads\/sites\/4\/2025\/01\/628_38_101_m_2025_01.jpg\",\"width\":1024,\"height\":1304},{\"@type\":\"BreadcrumbList\",\"@id\":\"https:\/\/printwave.pl\/fr\/produkt\/gran-paradiso-hiker-backpack\/#breadcrumb\",\"itemListElement\":[{\"@type\":\"ListItem\",\"position\":1,\"name\":\"Accueil\",\"item\":\"https:\/\/printwave.pl\/fr\/\"},{\"@type\":\"ListItem\",\"position\":2,\"name\":\"Boutique\",\"item\":\"https:\/\/printwave.pl\/fr\/boutique\/\"},{\"@type\":\"ListItem\",\"position\":3,\"name\":\"Gran Paradiso Hiker Backpack\"}]},{\"@type\":\"WebSite\",\"@id\":\"https:\/\/printwave.pl\/fr\/#website\",\"url\":\"https:\/\/printwave.pl\/fr\/\",\"name\":\"Printwave\",\"description\":\"Votre fournisseur de v\u00eatements promotionnels et d&#039;entreprise en Pologne\",\"potentialAction\":[{\"@type\":\"SearchAction\",\"target\":{\"@type\":\"EntryPoint\",\"urlTemplate\":\"https:\/\/printwave.pl\/fr\/?s={search_term_string}\"},\"query-input\":{\"@type\":\"PropertyValueSpecification\",\"valueRequired\":true,\"valueName\":\"search_term_string\"}}],\"inLanguage\":\"fr-FR\"}]}<\/script>\n<!-- \/ Yoast SEO Premium plugin. -->","yoast_head_json":{"title":"Gran Paradiso Hiker Backpack | Printwave FR","robots":{"index":"index","follow":"follow","max-snippet":"max-snippet:-1","max-image-preview":"max-image-preview:large","max-video-preview":"max-video-preview:-1"},"canonical":"https:\/\/printwave.pl\/fr\/produkt\/gran-paradiso-hiker-backpack\/","og_locale":"fr_FR","og_type":"article","og_title":"Gran Paradiso Hiker Backpack","og_description":"\u00b7100% Polyester (600D\/600D Rip-Stop) \u00b7bandouli\u00e8re ajustable rembourr\u00e9e et poign\u00e9e renforc\u00e9e \u00b7ouverture style valise pour un acc\u00e8s ais\u00e9 \u00b7un compartiment principal","og_url":"https:\/\/printwave.pl\/fr\/produkt\/gran-paradiso-hiker-backpack\/","og_site_name":"Printwave FR","article_modified_time":"2026-02-15T04:39:07+00:00","og_image":[{"width":1645,"height":297,"url":"https:\/\/printwave.pl\/fr\/wp-content\/uploads\/sites\/4\/2021\/07\/Print-Wave-logo-2025.png","type":"image\/png"}],"twitter_card":"summary_large_image","schema":{"@context":"https:\/\/schema.org","@graph":[{"@type":"WebPage","@id":"https:\/\/printwave.pl\/fr\/produkt\/gran-paradiso-hiker-backpack\/","url":"https:\/\/printwave.pl\/fr\/produkt\/gran-paradiso-hiker-backpack\/","name":"Gran Paradiso Hiker Backpack | Printwave FR","isPartOf":{"@id":"https:\/\/printwave.pl\/fr\/#website"},"primaryImageOfPage":{"@id":"https:\/\/printwave.pl\/fr\/produkt\/gran-paradiso-hiker-backpack\/#primaryimage"},"image":{"@id":"https:\/\/printwave.pl\/fr\/produkt\/gran-paradiso-hiker-backpack\/#primaryimage"},"thumbnailUrl":"https:\/\/printwave.pl\/fr\/wp-content\/uploads\/sites\/4\/2025\/01\/628_38_101_m_2025_01.jpg","datePublished":"2025-01-25T00:02:18+00:00","dateModified":"2026-02-15T04:39:07+00:00","breadcrumb":{"@id":"https:\/\/printwave.pl\/fr\/produkt\/gran-paradiso-hiker-backpack\/#breadcrumb"},"inLanguage":"fr-FR","potentialAction":[{"@type":"ReadAction","target":["https:\/\/printwave.pl\/fr\/produkt\/gran-paradiso-hiker-backpack\/"]}]},{"@type":"ImageObject","inLanguage":"fr-FR","@id":"https:\/\/printwave.pl\/fr\/produkt\/gran-paradiso-hiker-backpack\/#primaryimage","url":"https:\/\/printwave.pl\/fr\/wp-content\/uploads\/sites\/4\/2025\/01\/628_38_101_m_2025_01.jpg","contentUrl":"https:\/\/printwave.pl\/fr\/wp-content\/uploads\/sites\/4\/2025\/01\/628_38_101_m_2025_01.jpg","width":1024,"height":1304},{"@type":"BreadcrumbList","@id":"https:\/\/printwave.pl\/fr\/produkt\/gran-paradiso-hiker-backpack\/#breadcrumb","itemListElement":[{"@type":"ListItem","position":1,"name":"Accueil","item":"https:\/\/printwave.pl\/fr\/"},{"@type":"ListItem","position":2,"name":"Boutique","item":"https:\/\/printwave.pl\/fr\/boutique\/"},{"@type":"ListItem","position":3,"name":"Gran Paradiso Hiker Backpack"}]},{"@type":"WebSite","@id":"https:\/\/printwave.pl\/fr\/#website","url":"https:\/\/printwave.pl\/fr\/","name":"Printwave","description":"Votre fournisseur de v\u00eatements promotionnels et d&#039;entreprise en Pologne","potentialAction":[{"@type":"SearchAction","target":{"@type":"EntryPoint","urlTemplate":"https:\/\/printwave.pl\/fr\/?s={search_term_string}"},"query-input":{"@type":"PropertyValueSpecification","valueRequired":true,"valueName":"search_term_string"}}],"inLanguage":"fr-FR"}]}},"_links":{"self":[{"href":"https:\/\/printwave.pl\/fr\/wp-json\/wp\/v2\/product\/470694","targetHints":{"allow":["GET"]}}],"collection":[{"href":"https:\/\/printwave.pl\/fr\/wp-json\/wp\/v2\/product"}],"about":[{"href":"https:\/\/printwave.pl\/fr\/wp-json\/wp\/v2\/types\/product"}],"replies":[{"embeddable":true,"href":"https:\/\/printwave.pl\/fr\/wp-json\/wp\/v2\/comments?post=470694"}],"wp:featuredmedia":[{"embeddable":true,"href":"https:\/\/printwave.pl\/fr\/wp-json\/wp\/v2\/media\/470690"}],"wp:attachment":[{"href":"https:\/\/printwave.pl\/fr\/wp-json\/wp\/v2\/media?parent=470694"}],"wp:term":[{"taxonomy":"product_brand","embeddable":true,"href":"https:\/\/printwave.pl\/fr\/wp-json\/wp\/v2\/product_brand?post=470694"},{"taxonomy":"product_cat","embeddable":true,"href":"https:\/\/printwave.pl\/fr\/wp-json\/wp\/v2\/product_cat?post=470694"},{"taxonomy":"product_tag","embeddable":true,"href":"https:\/\/printwave.pl\/fr\/wp-json\/wp\/v2\/product_tag?post=470694"}],"curies":[{"name":"wp","href":"https:\/\/api.w.org\/{rel}","templated":true}]}}